{"id":898,"date":"2017-06-27T12:51:00","date_gmt":"2017-06-27T10:51:00","guid":{"rendered":"http:\/\/univet.hu\/egyetem\/kutatas\/kutatocsoportok\/biometeorologiai-kutatocsoport\/"},"modified":"2018-04-04T14:34:35","modified_gmt":"2018-04-04T12:34:35","slug":"biometeorologiai-kutatocsoport","status":"publish","type":"page","link":"https:\/\/univet.hu\/hu\/kutatas\/kutatocsoportok\/biometeorologiai-kutatocsoport\/","title":{"rendered":"Biometeorol\u00f3giai Kutat\u00f3csoport"},"content":{"rendered":"<p><strong>KUTAT\u00d3CSOPORT-VEZET\u0150:<\/strong> Dr. Solymosi Norbert<\/p> <p><strong>EL\u00c9RHET\u0150S\u00c9G:<\/strong> <a class=\"decrypt\" rel=\"tpmznptj\/opscfsuAvojwfu\/iv\" href=\"javascript:void(0);\">[Kattintson az emailc\u00edmhez]<\/a><\/p> <p>&nbsp;<\/p> <p><strong>A KUTAT\u00d3CSOPORT TAGJAI:<\/strong><\/p> <p>Egyetemi tan\u00e1r: Dr. Farkas R\u00f3bert<\/p> <p>Egyetemi docens: Dr. Barcza Zolt\u00e1n (ELTE, Meteorol\u00f3giai Tansz\u00e9k), Dr. K\u00f6nyves L\u00e1szl\u00f3, Dr. Solymosi Norbert<\/p> <p>K\u00fcls\u0151 munkat\u00e1rs: Dr. S\u00e1bitz Judit (Orsz\u00e1gos Meteorol\u00f3giai Szolg\u00e1lat)<\/p> <p><strong>KUTAT\u00c1SI TER\u00dcLETEK:<\/strong><\/p> <p>\u00c1llat-eg\u00e9szs\u00e9g\u00fcgyi \u00e9s hum\u00e1n-eg\u00e9szs\u00e9g\u00fcgyi k\u00e9rd\u00e9sek biometeorol\u00f3giai \u00f6sszef\u00fcgg\u00e9seinek vizsg\u00e1lata. A h\u0151stressz h\u00e1zi\u00e1llatok termel\u00e9s\u00e9re, eg\u00e9szs\u00e9gi \u00e1llapot\u00e1ra gyakorolt hat\u00e1s\u00e1nak modellez\u00e9se. Az id\u0151j\u00e1r\u00e1si frontok termel\u00e9si, szaporod\u00e1sbiol\u00f3giai mutat\u00f3kra gyakorolt hat\u00e1s\u00e1nak vizsg\u00e1lata. K\u00f3rokoz\u00f3k, illetve azok r\u00f6pk\u00e9pes \u00edzeltl\u00e1b\u00fa vektorainak leveg\u0151ben, nagy t\u00e1vols\u00e1gra t\u00f6rt\u00e9n\u0151 terjed\u00e9s\u00e9nek modellez\u00e9se. K\u00f3rokoz\u00f3k terjeszt\u00e9s\u00e9ben szerepet j\u00e1tsz\u00f3 poikilotherm \u00e1llatok f\u00f6ldrajzi elterjedts\u00e9g\u00e9nek modellez\u00e9se k\u00f6rnyezeti, k\u00f6zt\u00fck klimatikus param\u00e9terek alapj\u00e1n.<\/p> <p>&nbsp;<\/p> <p><strong>SZAKMAI SZERVEZETI TAGS\u00c1G:<\/strong><\/p> <p>International Society of Biometeorology<\/p> <p>Magyar Meteorol\u00f3giai T\u00e1rsas\u00e1g<\/p> <p>Magyar Parazitol\u00f3gusok T\u00e1rsas\u00e1ga<\/p> <p>Society for Veterinary Epidemiology and Preventive Medicine<\/p> <p>World\u2019s Poultry Science Association<\/p> <p>World Veterinary Poultry Association<\/p> <p>&nbsp;<\/p> <p><strong>HOSSZ\u00daT\u00c1V\u00da EGY\u00dcTTM\u0170K\u00d6D\u00c9SEK:<\/strong><\/p> <p>Istituto Zooprofilattico Sperimentale delle Venezie, Legnaro, Olaszorsz\u00e1g<\/p> <p>Meteorol\u00f3giai Tansz\u00e9k, E\u00f6tv\u00f6s Lor\u00e1nd Tudom\u00e1nyegyetem<\/p> <p>Universitat Aut\u00f3noma de Barcelona (Spanyolorsz\u00e1g)<\/p> <p>E\u00f6tv\u00f6s Lor\u00e1nd Tudom\u00e1nyegyetem, Term\u00e9szettudom\u00e1nyi Kar, F\u00f6ldrajz- \u00e9s F\u00f6ldtudom\u00e1nyi Int\u00e9zet, Meteorol\u00f3giai Tansz\u00e9k<\/p> <p>&nbsp;<\/p> <p><strong>IG\u00c9NYELHET\u0150 SZOLG\u00c1LTAT\u00c1SOK:<\/strong><\/p> <p>Id\u0151j\u00e1r\u00e1si, klimatikus adatokra alapozott biometeorol\u00f3giai elemz\u00e9sek<\/p> <p>Epidemiol\u00f3giai kock\u00e1zatelemz\u00e9s<\/p> <p>T\u00e9rbeli modellez\u00e9s<\/p> <p>K\u00f6rnyezet-eg\u00e9szs\u00e9gtani elemz\u00e9sek<\/p> <p>&nbsp;<\/p> <p><strong>KUTAT\u00c1SI SZOLG\u00c1LTAT\u00c1SI KIEG\u00c9SZ\u00cdT\u00c9S:<\/strong><\/p> <p>A kl\u00edmav\u00e1ltoz\u00e1s sz\u00e1mos olyan k\u00e9rd\u00e9sre ir\u00e1ny\u00edtotta r\u00e1 a tudom\u00e1nyos \u00e9rdekl\u0151d\u00e9st, amelyek kor\u00e1bban kev\u00e9sb\u00e9 voltak a kutat\u00e1sok el\u0151ter\u00e9ben. Az id\u0151j\u00e1r\u00e1s eg\u00e9szs\u00e9gre gyakorolt hat\u00e1s\u00e1nak vizsg\u00e1lata fontos ismeretekkel szolg\u00e1lhat az eg\u00e9szs\u00e9gk\u00e1rosod\u00e1s, termel\u00e9si vesztes\u00e9gek megel\u0151z\u00e9s\u00e9t c\u00e9lz\u00f3 strat\u00e9gi\u00e1k kialak\u00edt\u00e1s\u00e1ban, technol\u00f3gi\u00e1k fejleszt\u00e9s\u00e9ben.<\/p> <p>&nbsp;<\/p> <p><strong>A felsorolt szolg\u00e1ltat\u00e1sok r\u00e9szletesebb ismertet\u00e9se<\/strong><\/p> <p>A k\u00f6rnyezet-eg\u00e9szs\u00e9gtani kutat\u00e1sokban az epidemiol\u00f3gia eszk\u00f6zt\u00e1r\u00e1t haszn\u00e1ljuk. Mivel az id\u0151j\u00e1r\u00e1si adatok sz\u00fcks\u00e9gszer\u0171en t\u00e9rbeli vonatkoz\u00e1ssal b\u00edrnak, a t\u00e9rbeli epidemiol\u00f3gia m\u00f3dszereit alkalmazzuk. E ter\u00fcleten az ut\u00f3bbi \u00e9vtizedben jelent\u0151s teret nyert a Bayes-i modellez\u00e9s, amivel kapcsolatban nemzetk\u00f6zi egy\u00fcttm\u0171k\u00f6d\u00e9sekben vesz\u00fcnk r\u00e9szt. Meteorol\u00f3giai adatok kezel\u00e9se, alkalmaz\u00e1snak megfelel\u0151 el\u0151k\u00e9sz\u00edt\u00e9se.<\/p> <p><img decoding=\"async\" style=\"height: 445px; width: 600px;\" src=\"https:\/\/univet.hu\/files\/subpages\/331\/images\/biometeorology-1.png\" data-replaced=\"true\" alt=\"\" \/><\/p>","protected":false},"excerpt":{"rendered":"<p>KUTAT\u00d3CSOPORT-VEZET\u0150: Dr. Solymosi Norbert EL\u00c9RHET\u0150S\u00c9G: [Kattintson az emailc\u00edmhez] &nbsp; A KUTAT\u00d3CSOPORT TAGJAI: Egyetemi tan\u00e1r: Dr. Farkas R\u00f3bert Egyetemi docens: Dr. Barcza Zolt\u00e1n (ELTE, Meteorol\u00f3giai Tansz\u00e9k), Dr. K\u00f6nyves L\u00e1szl\u00f3, Dr. Solymosi Norbert K\u00fcls\u0151 munkat\u00e1rs: Dr. S\u00e1bitz Judit (Orsz\u00e1gos Meteorol\u00f3giai Szolg\u00e1lat) KUTAT\u00c1SI TER\u00dcLETEK: \u00c1llat-eg\u00e9szs\u00e9g\u00fcgyi \u00e9s hum\u00e1n-eg\u00e9szs\u00e9g\u00fcgyi k\u00e9rd\u00e9sek biometeorol\u00f3giai \u00f6sszef\u00fcgg\u00e9seinek vizsg\u00e1lata. A h\u0151stressz h\u00e1zi\u00e1llatok termel\u00e9s\u00e9re, eg\u00e9szs\u00e9gi \u00e1llapot\u00e1ra gyakorolt<\/p>\n","protected":false},"author":1,"featured_media":0,"parent":870,"menu_order":228,"comment_status":"closed","ping_status":"closed","template":"","meta":{"_acf_changed":false,"footnotes":""},"categories":[],"tags":[],"class_list":["post-898","page","type-page","status-publish","hentry"],"acf":[],"_links":{"self":[{"href":"https:\/\/univet.hu\/hu\/wp-json\/wp\/v2\/pages\/898","targetHints":{"allow":["GET"]}}],"collection":[{"href":"https:\/\/univet.hu\/hu\/wp-json\/wp\/v2\/pages"}],"about":[{"href":"https:\/\/univet.hu\/hu\/wp-json\/wp\/v2\/types\/page"}],"author":[{"embeddable":true,"href":"https:\/\/univet.hu\/hu\/wp-json\/wp\/v2\/users\/1"}],"replies":[{"embeddable":true,"href":"https:\/\/univet.hu\/hu\/wp-json\/wp\/v2\/comments?post=898"}],"version-history":[{"count":0,"href":"https:\/\/univet.hu\/hu\/wp-json\/wp\/v2\/pages\/898\/revisions"}],"up":[{"embeddable":true,"href":"https:\/\/univet.hu\/hu\/wp-json\/wp\/v2\/pages\/870"}],"wp:attachment":[{"href":"https:\/\/univet.hu\/hu\/wp-json\/wp\/v2\/media?parent=898"}],"wp:term":[{"taxonomy":"category","embeddable":true,"href":"https:\/\/univet.hu\/hu\/wp-json\/wp\/v2\/categories?post=898"},{"taxonomy":"post_tag","embeddable":true,"href":"https:\/\/univet.hu\/hu\/wp-json\/wp\/v2\/tags?post=898"}],"curies":[{"name":"wp","href":"https:\/\/api.w.org\/{rel}","templated":true}]}}