{"id":89943,"date":"2023-07-27T14:24:42","date_gmt":"2023-07-27T12:24:42","guid":{"rendered":"https:\/\/univet.hu\/hu\/egyetem\/szervezeti-egysegek\/allattenyesztesi-takarmanyozastani-es-laborallat-tudomanyi-tanszek\/allattenyesztesi-es-genetikai-tanszek\/name\/"},"modified":"2023-09-05T12:30:49","modified_gmt":"2023-09-05T10:30:49","slug":"publikacios-lista","status":"publish","type":"page","link":"https:\/\/univet.hu\/hu\/egyetem\/szervezeti-egysegek\/allattenyesztesi-takarmanyozastani-es-laborallat-tudomanyi-tanszek\/allattenyesztesi-es-genetikai-tanszek\/publikacios-lista\/","title":{"rendered":"Publik\u00e1ci\u00f3s lista"},"content":{"rendered":"<table> <tbody> <tr> <td style=\"width: 306px;\"><strong>Munkat\u00e1rsak<\/strong><\/td> <td style=\"width: 375px;\"><strong>MTMT linkek<\/strong><\/td> <\/tr> <tr> <td style=\"width: 306px;\">Dr. Z\u00f6ld\u00e1g L\u00e1szl\u00f3<\/td> <td style=\"width: 375px;\"><a href=\"https:\/\/m2.mtmt.hu\/gui2\/?type=authors&amp;mode=browse&amp;sel=authors10009848\">MTMT-link<\/a><\/td> <\/tr> <tr> <td style=\"width: 306px;\">Dr. G\u00e1sp\u00e1rdy Andr\u00e1s<\/td> <td style=\"width: 375px;\"><a href=\"https:\/\/m2.mtmt.hu\/gui2\/?type=authors&amp;mode=browse&amp;sel=authors10000613\">MTMT-link<\/a><\/td> <\/tr> <tr> <td style=\"width: 306px;\">Dr. Mar\u00f3ti-Ag\u00f3ts \u00c1kos<\/td> <td style=\"width: 375px;\"><a href=\"https:\/\/m2.mtmt.hu\/gui2\/?type=authors&amp;mode=browse&amp;sel=authors10023162\">MTMT-link<\/a><\/td> <\/tr> <tr> <td style=\"width: 306px;\">Dr. Zenke Petra<\/td> <td style=\"width: 375px;\"><a href=\"https:\/\/m2.mtmt.hu\/gui2\/?type=authors&amp;mode=browse&amp;sel=authors10023166\">MTMT-link<\/a><\/td> <\/tr> <tr> <td style=\"width: 306px;\">K\u00e1rp\u00e1ti Edina<\/td> <td style=\"width: 375px;\"><a href=\"https:\/\/m2.mtmt.hu\/gui2\/?type=authors&amp;mode=browse&amp;sel=10082808\">MTMT-link<\/a><\/td> <\/tr> <tr> <td style=\"width: 306px;\">Zork\u00f3czy Orsolya<\/td> <td style=\"width: 375px;\"><a href=\"https:\/\/m2.mtmt.hu\/gui2\/?type=authors&amp;mode=browse&amp;sel=authors10087499\">MTMT-link<\/a><\/td> <\/tr> <\/tbody> <\/table> <p>&nbsp;<\/p> <p>&nbsp;<\/p>","protected":false},"excerpt":{"rendered":"<p>Munkat\u00e1rsak MTMT linkek Dr. Z\u00f6ld\u00e1g L\u00e1szl\u00f3 MTMT-link Dr. G\u00e1sp\u00e1rdy Andr\u00e1s MTMT-link Dr. Mar\u00f3ti-Ag\u00f3ts \u00c1kos MTMT-link Dr. Zenke Petra MTMT-link K\u00e1rp\u00e1ti Edina MTMT-link Zork\u00f3czy Orsolya MTMT-link &nbsp; &nbsp;<\/p>\n","protected":false},"author":3837,"featured_media":0,"parent":89761,"menu_order":0,"comment_status":"open","ping_status":"open","template":"","meta":{"_acf_changed":false,"footnotes":""},"categories":[],"tags":[],"class_list":["post-89943","page","type-page","status-publish","hentry"],"acf":[],"_links":{"self":[{"href":"https:\/\/univet.hu\/hu\/wp-json\/wp\/v2\/pages\/89943","targetHints":{"allow":["GET"]}}],"collection":[{"href":"https:\/\/univet.hu\/hu\/wp-json\/wp\/v2\/pages"}],"about":[{"href":"https:\/\/univet.hu\/hu\/wp-json\/wp\/v2\/types\/page"}],"author":[{"embeddable":true,"href":"https:\/\/univet.hu\/hu\/wp-json\/wp\/v2\/users\/3837"}],"replies":[{"embeddable":true,"href":"https:\/\/univet.hu\/hu\/wp-json\/wp\/v2\/comments?post=89943"}],"version-history":[{"count":0,"href":"https:\/\/univet.hu\/hu\/wp-json\/wp\/v2\/pages\/89943\/revisions"}],"up":[{"embeddable":true,"href":"https:\/\/univet.hu\/hu\/wp-json\/wp\/v2\/pages\/89761"}],"wp:attachment":[{"href":"https:\/\/univet.hu\/hu\/wp-json\/wp\/v2\/media?parent=89943"}],"wp:term":[{"taxonomy":"category","embeddable":true,"href":"https:\/\/univet.hu\/hu\/wp-json\/wp\/v2\/categories?post=89943"},{"taxonomy":"post_tag","embeddable":true,"href":"https:\/\/univet.hu\/hu\/wp-json\/wp\/v2\/tags?post=89943"}],"curies":[{"name":"wp","href":"https:\/\/api.w.org\/{rel}","templated":true}]}}