{"id":89950,"date":"2023-07-27T14:31:06","date_gmt":"2023-07-27T12:31:06","guid":{"rendered":"https:\/\/univet.hu\/hu\/egyetem\/szervezeti-egysegek\/allattenyesztesi-takarmanyozastani-es-laborallat-tudomanyi-tanszek\/takarmanyozastani-tanszek\/name\/"},"modified":"2026-01-14T12:13:00","modified_gmt":"2026-01-14T11:13:00","slug":"publikacios-lista","status":"publish","type":"page","link":"https:\/\/univet.hu\/hu\/egyetem\/szervezeti-egysegek\/allattenyesztesi-takarmanyozastani-es-laborallat-tudomanyi-tanszek\/takarmanyozastani-tanszek\/publikacios-lista\/","title":{"rendered":"Publik\u00e1ci\u00f3s lista"},"content":{"rendered":"<table style=\"width: 410px;height: 240px\"> <tbody> <tr style=\"height: 24px\"> <td style=\"width: 207.306px;text-align: center;height: 24px\"><strong>Munkat\u00e1rs<\/strong><\/td> <td style=\"width: 188.028px;text-align: center;height: 24px\"><strong>MTMT-link<\/strong><\/td> <\/tr> <tr style=\"height: 24px\"> <td style=\"width: 207.306px;height: 24px\">Bajnok M\u00e1rta<\/td> <td style=\"width: 188.028px;height: 24px\"><a href=\"https:\/\/m2.mtmt.hu\/gui2\/?type=authors&amp;mode=browse&amp;sel=authors10024880\">MTMT-link<\/a><\/td> <\/tr> <tr style=\"height: 24px\"> <td style=\"width: 207.306px;height: 24px\">Bers\u00e9nyi Andr\u00e1s<\/td> <td style=\"width: 188.028px;height: 24px\"><a href=\"https:\/\/m2.mtmt.hu\/gui2\/?type=authors&amp;mode=browse&amp;sel=authors10012274\">MTMT-link<\/a><\/td> <\/tr> <tr style=\"height: 24px\"> <td style=\"width: 207.306px;height: 24px\">Het\u00e9nyi Nikoletta<\/td> <td style=\"width: 188.028px;height: 24px\"><a href=\"https:\/\/m2.mtmt.hu\/gui2\/?type=authors&amp;mode=browse&amp;sel=authors10023169\">MTMT-link<\/a><\/td> <\/tr> <tr style=\"height: 24px\"> <td style=\"width: 207.306px;height: 24px\">Hull\u00e1r Istv\u00e1n<\/td> <td style=\"width: 188.028px;height: 24px\"><a href=\"https:\/\/m2.mtmt.hu\/gui2\/?type=authors&amp;mode=browse&amp;sel=authors10002299\">MTMT-link<\/a><\/td> <\/tr> <tr style=\"height: 24px\"> <td style=\"width: 207.306px;height: 24px\">Korbacska-Kutasi Orsolya<\/td> <td style=\"width: 188.028px;height: 24px\"><a href=\"https:\/\/m2.mtmt.hu\/gui2\/?type=authors&amp;mode=browse&amp;sel=authors10023453\">MTMT-link<\/a><\/td> <\/tr> <tr style=\"height: 24px\"> <td style=\"width: 207.306px;height: 24px\">Moravszki Let\u00edcia<\/td> <td style=\"width: 188.028px;height: 24px\"><a href=\"https:\/\/m2.mtmt.hu\/gui2\/?type=authors&amp;mode=browse&amp;sel=authors10023449\">MTMT-link<\/a><\/td> <\/tr> <tr style=\"height: 24px\"> <td style=\"width: 207.306px;height: 24px\">Szentes Szil\u00e1rd<\/td> <td style=\"width: 188.028px;height: 24px\"><a href=\"https:\/\/m2.mtmt.hu\/gui2\/?type=authors&amp;mode=browse&amp;sel=authors10027719\">MTMT-link<\/a><\/td> <\/tr> <tr style=\"height: 24px\"> <td style=\"width: 207.306px;height: 24px\">Wagenhoffer Zsombor<\/td> <td style=\"width: 188.028px;height: 24px\"><a href=\"https:\/\/m2.mtmt.hu\/gui2\/?type=authors&amp;mode=browse&amp;sel=authors10011032\">MTMT-link<\/a><\/td> <\/tr> <\/tbody> <\/table> <p>&nbsp;<\/p>","protected":false},"excerpt":{"rendered":"<p>Munkat\u00e1rs MTMT-link Bajnok M\u00e1rta MTMT-link Bers\u00e9nyi Andr\u00e1s MTMT-link Het\u00e9nyi Nikoletta MTMT-link Hull\u00e1r Istv\u00e1n MTMT-link Korbacska-Kutasi Orsolya MTMT-link Moravszki Let\u00edcia MTMT-link Szentes Szil\u00e1rd MTMT-link Wagenhoffer Zsombor MTMT-link &nbsp;<\/p>\n","protected":false},"author":3837,"featured_media":0,"parent":3384,"menu_order":4,"comment_status":"open","ping_status":"closed","template":"","meta":{"_acf_changed":false,"footnotes":""},"categories":[],"tags":[],"class_list":["post-89950","page","type-page","status-publish","hentry"],"acf":[],"_links":{"self":[{"href":"https:\/\/univet.hu\/hu\/wp-json\/wp\/v2\/pages\/89950","targetHints":{"allow":["GET"]}}],"collection":[{"href":"https:\/\/univet.hu\/hu\/wp-json\/wp\/v2\/pages"}],"about":[{"href":"https:\/\/univet.hu\/hu\/wp-json\/wp\/v2\/types\/page"}],"author":[{"embeddable":true,"href":"https:\/\/univet.hu\/hu\/wp-json\/wp\/v2\/users\/3837"}],"replies":[{"embeddable":true,"href":"https:\/\/univet.hu\/hu\/wp-json\/wp\/v2\/comments?post=89950"}],"version-history":[{"count":1,"href":"https:\/\/univet.hu\/hu\/wp-json\/wp\/v2\/pages\/89950\/revisions"}],"predecessor-version":[{"id":197852,"href":"https:\/\/univet.hu\/hu\/wp-json\/wp\/v2\/pages\/89950\/revisions\/197852"}],"up":[{"embeddable":true,"href":"https:\/\/univet.hu\/hu\/wp-json\/wp\/v2\/pages\/3384"}],"wp:attachment":[{"href":"https:\/\/univet.hu\/hu\/wp-json\/wp\/v2\/media?parent=89950"}],"wp:term":[{"taxonomy":"category","embeddable":true,"href":"https:\/\/univet.hu\/hu\/wp-json\/wp\/v2\/categories?post=89950"},{"taxonomy":"post_tag","embeddable":true,"href":"https:\/\/univet.hu\/hu\/wp-json\/wp\/v2\/tags?post=89950"}],"curies":[{"name":"wp","href":"https:\/\/api.w.org\/{rel}","templated":true}]}}