{"id":89954,"date":"2023-07-27T14:32:56","date_gmt":"2023-07-27T12:32:56","guid":{"rendered":"https:\/\/univet.hu\/hu\/egyetem\/szervezeti-egysegek\/allattenyesztesi-takarmanyozastani-es-laborallat-tudomanyi-tanszek\/takarmanyozastani-tanszek\/name\/"},"modified":"2026-01-14T12:12:01","modified_gmt":"2026-01-14T11:12:01","slug":"folyamatban-levo-tdk-szakdolgozat-temak","status":"publish","type":"page","link":"https:\/\/univet.hu\/hu\/egyetem\/szervezeti-egysegek\/allattenyesztesi-takarmanyozastani-es-laborallat-tudomanyi-tanszek\/takarmanyozastani-tanszek\/folyamatban-levo-tdk-szakdolgozat-temak\/","title":{"rendered":"Folyamatban l\u00e9v\u0151 TDK-Szakdolgozat t\u00e9m\u00e1k"},"content":{"rendered":"<table style=\"height: 360px;width: 84.5817%\" width=\"571\"> <thead> <tr style=\"height: 24px\"> <td style=\"text-align: center;height: 24px;width: 27.9438%\"><em>t\u00e9mavezet\u0151<\/em><\/td> <td style=\"text-align: center;height: 24px;width: 59.6117%\"><em>c\u00edm<\/em><\/td> <td style=\"text-align: center;height: 24px;width: 55.0821%\"><em>hallgat\u00f3<\/em><\/td> <\/tr> <\/thead> <tbody> <tr style=\"height: 24px\"> <td style=\"height: 24px;width: 27.9438%\">Dr.\u00a0Moravszki Let\u00edcia<\/td> <td style=\"height: 24px;width: 59.6117%\">Az \u00e1llatorvosok dietetikai tudatoss\u00e1g\u00e1nak felm\u00e9r\u00e9se<\/td> <td style=\"height: 24px;width: 55.0821%\">Somos R\u00e9ka<\/td> <\/tr> <tr style=\"height: 48px\"> <td style=\"height: 48px;width: 27.9438%\">Dr. Het\u00e9nyi Nikoletta<\/td> <td style=\"height: 48px;width: 59.6117%\">Kereskedelmi forgalomban kaphat\u00f3 kis\u00e1llat sz\u00e9n\u00e1k \u00e9rt\u00e9kel\u00e9se [Evaluation of commercially available hays for pet animals].<\/td> <td style=\"height: 48px;width: 55.0821%\">Balogh Hanga<\/td> <\/tr> <tr style=\"height: 48px\"> <td style=\"height: 48px;width: 27.9438%\">Dr. Het\u00e9nyi Nikoletta<\/td> <td style=\"height: 48px;width: 59.6117%\">Adatgy\u0171jt\u00e9s a szak\u00e1llas ag\u00e1m\u00e1k tart\u00e1s\u00e1r\u00f3l \u00e9s takarm\u00e1nyoz\u00e1s\u00e1r\u00f3l [Data collection on the keeping and feeding of bearded agamas].<\/td> <td style=\"height: 48px;width: 55.0821%\">Szil\u00e1gyi Fruzsina<\/td> <\/tr> <tr style=\"height: 72px\"> <td style=\"height: 72px;width: 27.9438%\">Dr. Het\u00e9nyi Nikoletta<\/td> <td style=\"height: 72px;width: 59.6117%\">Rovartartalm\u00fa kutyat\u00e1pok \u00e9rt\u00e9kel\u00e9se [Evaluation of insect-based dog foods].<\/td> <td style=\"height: 72px;width: 55.0821%\">Le\u00f3 Emma<\/td> <\/tr> <tr style=\"height: 72px\"> <td style=\"height: 72px;width: 27.9438%\">Dr. Het\u00e9nyi Nikoletta<\/td> <td style=\"height: 72px;width: 59.6117%\">Dietary supplements for diabetic dogs and cats (evaluation of commercial products) [Takarm\u00e1ny-kieg\u00e9sz\u00edt\u0151k cukorbeteg kuty\u00e1k \u00e9s macsk\u00e1k sz\u00e1m\u00e1ra (kereskedelmi forgalomban kaphat\u00f3 term\u00e9kek \u00e9rt\u00e9kel\u00e9se).<\/td> <td style=\"height: 72px;width: 55.0821%\">Yun Hye Lim<\/td> <\/tr> <tr style=\"height: 24px\"> <td style=\"height: 24px;width: 27.9438%\">Dr. Het\u00e9nyi Nikoletta<\/td> <td style=\"height: 24px;width: 59.6117%\">Plant-based dog and cat foods (review of the literature) [N\u00f6v\u00e9nyi alap\u00fa kutya- \u00e9s macskat\u00e1pok; irodalmi \u00e1ttekint\u00e9s].<\/td> <td style=\"height: 24px;width: 55.0821%\">Hanna Rutqvist<\/td> <\/tr> <tr> <td style=\"width: 27.9438%\">Dr. Het\u00e9nyi Nikoletta<\/td> <td style=\"width: 59.6117%\">A vese- \u00e9s m\u00e1jm\u0171k\u00f6d\u00e9st t\u00e1mogat\u00f3 kutya \u00e9s macska t\u00e1pl\u00e1l\u00e9kkieg\u00e9sz\u00edt\u0151k \u00e9rt\u00e9kel\u00e9se [Evaluation of kidney and liver dietary supplements for dogs and cats].<\/td> <td style=\"width: 55.0821%\">B\u00e9ky Nagy Csongor<\/td> <\/tr> <tr> <td style=\"width: 27.9438%\">Dr. Het\u00e9nyi Nikoletta<\/td> <td style=\"width: 59.6117%\">Az \u00edz\u00fcletek m\u0171k\u00f6d\u00e9s\u00e9t t\u00e1mogat\u00f3 kereskedelmi forgalomban kaphat\u00f3 term\u00e9kek \u00e9rt\u00e9kel\u00e9se [Evaluation of commercial joint supplements].<\/td> <td style=\"width: 55.0821%\">Kom\u00e1r Cintia<\/td> <\/tr> <tr> <td style=\"width: 27.9438%\">Dr. Het\u00e9nyi Nikoletta<\/td> <td style=\"width: 59.6117%\">Common feeding errors and health consequences in pet rabbits. (literature review) [A kedvtel\u00e9sb\u0151l tartott nyulak gyakori t\u00e1pl\u00e1l\u00e1si hib\u00e1i \u00e9s ezek k\u00f6vetkezm\u00e9nyei; irodalmi \u00e1ttekint\u00e9s]<\/td> <td style=\"width: 55.0821%\">Aurora Leihne<\/td> <\/tr> <\/tbody> <\/table> <p>&nbsp;<\/p>","protected":false},"excerpt":{"rendered":"<p>t\u00e9mavezet\u0151 c\u00edm hallgat\u00f3 Dr.\u00a0Moravszki Let\u00edcia Az \u00e1llatorvosok dietetikai tudatoss\u00e1g\u00e1nak felm\u00e9r\u00e9se Somos R\u00e9ka Dr. Het\u00e9nyi Nikoletta Kereskedelmi forgalomban kaphat\u00f3 kis\u00e1llat sz\u00e9n\u00e1k \u00e9rt\u00e9kel\u00e9se [Evaluation of commercially available hays for pet animals]. Balogh Hanga Dr. Het\u00e9nyi Nikoletta Adatgy\u0171jt\u00e9s a szak\u00e1llas ag\u00e1m\u00e1k tart\u00e1s\u00e1r\u00f3l \u00e9s takarm\u00e1nyoz\u00e1s\u00e1r\u00f3l [Data collection on the keeping and feeding of bearded agamas]. Szil\u00e1gyi Fruzsina Dr. Het\u00e9nyi<\/p>\n","protected":false},"author":3837,"featured_media":0,"parent":3384,"menu_order":5,"comment_status":"open","ping_status":"closed","template":"","meta":{"_acf_changed":false,"footnotes":""},"categories":[],"tags":[],"class_list":["post-89954","page","type-page","status-publish","hentry"],"acf":[],"_links":{"self":[{"href":"https:\/\/univet.hu\/hu\/wp-json\/wp\/v2\/pages\/89954","targetHints":{"allow":["GET"]}}],"collection":[{"href":"https:\/\/univet.hu\/hu\/wp-json\/wp\/v2\/pages"}],"about":[{"href":"https:\/\/univet.hu\/hu\/wp-json\/wp\/v2\/types\/page"}],"author":[{"embeddable":true,"href":"https:\/\/univet.hu\/hu\/wp-json\/wp\/v2\/users\/3837"}],"replies":[{"embeddable":true,"href":"https:\/\/univet.hu\/hu\/wp-json\/wp\/v2\/comments?post=89954"}],"version-history":[{"count":2,"href":"https:\/\/univet.hu\/hu\/wp-json\/wp\/v2\/pages\/89954\/revisions"}],"predecessor-version":[{"id":197838,"href":"https:\/\/univet.hu\/hu\/wp-json\/wp\/v2\/pages\/89954\/revisions\/197838"}],"up":[{"embeddable":true,"href":"https:\/\/univet.hu\/hu\/wp-json\/wp\/v2\/pages\/3384"}],"wp:attachment":[{"href":"https:\/\/univet.hu\/hu\/wp-json\/wp\/v2\/media?parent=89954"}],"wp:term":[{"taxonomy":"category","embeddable":true,"href":"https:\/\/univet.hu\/hu\/wp-json\/wp\/v2\/categories?post=89954"},{"taxonomy":"post_tag","embeddable":true,"href":"https:\/\/univet.hu\/hu\/wp-json\/wp\/v2\/tags?post=89954"}],"curies":[{"name":"wp","href":"https:\/\/api.w.org\/{rel}","templated":true}]}}