{"id":89956,"date":"2023-07-27T14:34:08","date_gmt":"2023-07-27T12:34:08","guid":{"rendered":"https:\/\/univet.hu\/hu\/egyetem\/szervezeti-egysegek\/allattenyesztesi-takarmanyozastani-es-laborallat-tudomanyi-tanszek\/takarmanyozastani-tanszek\/name\/"},"modified":"2025-05-26T09:34:24","modified_gmt":"2025-05-26T07:34:24","slug":"takarmanyanalitikai-laboratorium","status":"publish","type":"page","link":"https:\/\/univet.hu\/hu\/laboratoriumok\/laboratoriumok-es-diagnosztika\/takarmanyanalitikai-laboratorium\/","title":{"rendered":"Takarm\u00e1nyanalitikai Laborat\u00f3rium"},"content":{"rendered":"<p><strong>A Takarm\u00e1nyoz\u00e1stani \u00e9s Klinikai Dietetikai Tansz\u00e9k Laborat\u00f3riuma az al\u00e1bbi TAKARM\u00c1NYANALITIKAI SZOLG\u00c1LTAT\u00c1SOKAT ny\u00fajtja:<\/strong><\/p> <p><u>Teljes beltartalom meghat\u00e1roz\u00e1sa:<\/u><\/p> <ul> <li>nyersfeh\u00e9rje,<\/li> <li>nyerszs\u00edr,<\/li> <li>nyersrost,<\/li> <li>nyershamu,<\/li> <li>nedvess\u00e9gtartalom,<\/li> <li>rostfrakci\u00f3k (NDF, ADF, ADL).<\/li> <\/ul> <p><u>Egy\u00e9b vizsg\u00e1latok:<\/u><\/p> <ul> <li>kem\u00e9ny\u00edt\u0151tartalom,<\/li> <li>savsz\u00e1m,<\/li> <li>peroxidsz\u00e1m,<\/li> <li>szemfert\u0151z\u00f6tts\u00e9g vizsg\u00e1lata szemes term\u00e9nyb\u0151l,<\/li> <li>energiasz\u00e1m\u00edt\u00e1s.<\/li> <\/ul> <p><u>Szaktan\u00e1csad\u00e1s:<\/u> el\u0151zetes egyeztet\u00e9s ut\u00e1n lehet\u0151s\u00e9g van az eredm\u00e9nyek takarm\u00e1nyoz\u00e1si \u00e9s dietetikai szak\u00e9rt\u0151i v\u00e9lem\u00e9nyez\u00e9s\u00e9re \u00e9s\/vagy szem\u00e9lyes szaktan\u00e1csad\u00e1s ig\u00e9nybev\u00e9tel\u00e9re is.<\/p> <p>&nbsp;<\/p> <p><strong>K\u00e9rj\u00fck, mintak\u00fcld\u00e9s el\u0151tt vegye fel a kapcsolatot vel\u00fcnk!<\/strong><br \/> Telefon: 06-1-478-4100\/8644-es mell\u00e9k.<br \/> E-mail: <a class=\"decrypt\" rel=\"ublbsnboz\/mbcpsAvojwfu\/iv\" href=\"javascript:void(0);\">[Kattintson az emailc\u00edmhez]<\/a><\/p> <p><strong>Mintalead\u00e1s szem\u00e9lyesen:<\/strong> munkanapokon 9-15 \u00f3ra k\u00f6z\u00f6tt.<br \/> \u00c1TE Takarm\u00e1nyoz\u00e1stani \u00e9s Klinikai Dietetikai Tansz\u00e9k, Krizs\u00e1n Judit r\u00e9sz\u00e9re.<br \/> C\u00edm: 1077 Budapest Rottenbiller utca 50., f\u00f6ldszint.<\/p> <p>Amennyiben nem szem\u00e9lyesen hozza be a mint\u00e1t, k\u00e9rj\u00fck t\u00f6ltse ki \u00e9s \u00edrja al\u00e1 a vizsg\u00e1latk\u00e9r\u0151 lapot!<\/p> <p><span style=\"text-decoration: underline;\"><em>Inform\u00e1ci\u00f3 a minta postai k\u00fcld\u00e9s\u00e9hez:<\/em><\/span><br \/> C\u00edmzett: \u00c1TE Takarm\u00e1nyoz\u00e1stani \u00e9s Klinikai Dietetikai Tansz\u00e9k, Krizs\u00e1n Judit.<br \/> C\u00edm: 1078 Budapest Istv\u00e1n u. 2.<\/p> <p>A vizsg\u00e1latk\u00e9r\u0151 lap<a href=\"https:\/\/univet.hu\/wp-content\/uploads\/2023\/08\/vizsg\u00e1latk\u00e9r\u0151-lap_\u00c1TE_taklab.pdf\"> ide kattintva<\/a> t\u00f6lthet\u0151 le.<\/p> <p><a href=\"https:\/\/univet.hu\/en\/taklab-arlista-2024-december-tol\/\">\u00c1rlist\u00e1nk.<\/a><\/p> <p>&nbsp;<\/p> <p>A laborban a vizsg\u00e1latokat az al\u00e1bbi szabv\u00e1nyoknak megfelel\u0151en v\u00e9gezz\u00fck:<\/p> <table width=\"604\"> <thead> <tr> <td style=\"text-align: center;\" width=\"302\"><em>Vizsg\u00e1lat<\/em><\/td> <td style=\"text-align: center;\" width=\"302\"><em>Szabv\u00e1ny<\/em><\/td> <\/tr> <\/thead> <tbody> <tr> <td width=\"302\">Nyersfeh\u00e9rje-tartalom<\/td> <td width=\"302\">MSZ EN ISO 5983-2:2009<\/td> <\/tr> <tr> <td width=\"302\">Nyerszs\u00edrtartalom<\/td> <td width=\"302\">MSZ 6830-6:1984<\/td> <\/tr> <tr> <td width=\"302\">Nyersrosttartalom<\/td> <td width=\"302\">MSZ EN ISO 6865:2001<\/td> <\/tr> <tr> <td width=\"302\">Nyershamutartalom<\/td> <td width=\"302\">MSZ ISO 5984:2023<\/td> <\/tr> <tr> <td width=\"302\">Nedvess\u00e9gtartalom<\/td> <td width=\"302\">MSZ ISO 6496:2001<\/td> <\/tr> <tr> <td width=\"302\">NDF<\/td> <td width=\"302\">MTK 1990 II. 8.2.7.2 szakasz<\/td> <\/tr> <tr> <td width=\"302\">ADF<\/td> <td width=\"302\">MTK 1990 II. 8.2.7.3. szakasz<\/td> <\/tr> <tr> <td width=\"302\">ADL<\/td> <td width=\"302\">MTK 1990 II. 8.2.7.6. szakasz<\/td> <\/tr> <tr> <td width=\"302\">Kem\u00e9ny\u00edt\u0151tartalom<\/td> <td width=\"302\">MSZ EN ISO 15914:2005<\/td> <\/tr> <tr> <td width=\"302\">Savsz\u00e1m, peroxidsz\u00e1m<\/td> <td width=\"302\">MSZ 6830-11:1999<\/td> <\/tr> <\/tbody> <\/table> <p>&nbsp;<\/p> <p>A gyakran ism\u00e9telt k\u00e9rd\u00e9sek itt olvashat\u00f3ak: <a href=\"https:\/\/univet.hu\/wp-content\/uploads\/2023\/08\/\u00c1TE_Taklab_gyakran-ism\u00e9telt-k\u00e9rd\u00e9sek.pdf\">GY.I.K<\/a><\/p> <p>&nbsp;<\/p> <p>&nbsp;<\/p>","protected":false},"excerpt":{"rendered":"<p>A Takarm\u00e1nyoz\u00e1stani \u00e9s Klinikai Dietetikai Tansz\u00e9k Laborat\u00f3riuma az al\u00e1bbi TAKARM\u00c1NYANALITIKAI SZOLG\u00c1LTAT\u00c1SOKAT ny\u00fajtja: Teljes beltartalom meghat\u00e1roz\u00e1sa: nyersfeh\u00e9rje, nyerszs\u00edr, nyersrost, nyershamu, nedvess\u00e9gtartalom, rostfrakci\u00f3k (NDF, ADF, ADL). Egy\u00e9b vizsg\u00e1latok: kem\u00e9ny\u00edt\u0151tartalom, savsz\u00e1m, peroxidsz\u00e1m, szemfert\u0151z\u00f6tts\u00e9g vizsg\u00e1lata szemes term\u00e9nyb\u0151l, energiasz\u00e1m\u00edt\u00e1s. Szaktan\u00e1csad\u00e1s: el\u0151zetes egyeztet\u00e9s ut\u00e1n lehet\u0151s\u00e9g van az eredm\u00e9nyek takarm\u00e1nyoz\u00e1si \u00e9s dietetikai szak\u00e9rt\u0151i v\u00e9lem\u00e9nyez\u00e9s\u00e9re \u00e9s\/vagy szem\u00e9lyes szaktan\u00e1csad\u00e1s ig\u00e9nybev\u00e9tel\u00e9re is. &nbsp; K\u00e9rj\u00fck, mintak\u00fcld\u00e9s<\/p>\n","protected":false},"author":3837,"featured_media":0,"parent":2207,"menu_order":37,"comment_status":"open","ping_status":"open","template":"","meta":{"_acf_changed":false,"footnotes":""},"categories":[],"tags":[],"class_list":["post-89956","page","type-page","status-publish","hentry"],"acf":[],"_links":{"self":[{"href":"https:\/\/univet.hu\/hu\/wp-json\/wp\/v2\/pages\/89956","targetHints":{"allow":["GET"]}}],"collection":[{"href":"https:\/\/univet.hu\/hu\/wp-json\/wp\/v2\/pages"}],"about":[{"href":"https:\/\/univet.hu\/hu\/wp-json\/wp\/v2\/types\/page"}],"author":[{"embeddable":true,"href":"https:\/\/univet.hu\/hu\/wp-json\/wp\/v2\/users\/3837"}],"replies":[{"embeddable":true,"href":"https:\/\/univet.hu\/hu\/wp-json\/wp\/v2\/comments?post=89956"}],"version-history":[{"count":1,"href":"https:\/\/univet.hu\/hu\/wp-json\/wp\/v2\/pages\/89956\/revisions"}],"predecessor-version":[{"id":184873,"href":"https:\/\/univet.hu\/hu\/wp-json\/wp\/v2\/pages\/89956\/revisions\/184873"}],"up":[{"embeddable":true,"href":"https:\/\/univet.hu\/hu\/wp-json\/wp\/v2\/pages\/2207"}],"wp:attachment":[{"href":"https:\/\/univet.hu\/hu\/wp-json\/wp\/v2\/media?parent=89956"}],"wp:term":[{"taxonomy":"category","embeddable":true,"href":"https:\/\/univet.hu\/hu\/wp-json\/wp\/v2\/categories?post=89956"},{"taxonomy":"post_tag","embeddable":true,"href":"https:\/\/univet.hu\/hu\/wp-json\/wp\/v2\/tags?post=89956"}],"curies":[{"name":"wp","href":"https:\/\/api.w.org\/{rel}","templated":true}]}}