{"id":900,"date":"2017-06-27T12:54:00","date_gmt":"2017-06-27T10:54:00","guid":{"rendered":"http:\/\/univet.hu\/egyetem\/kutatas\/kutatocsoportok\/e-learning-kutatocsoport\/"},"modified":"2018-10-01T11:16:55","modified_gmt":"2018-10-01T09:16:55","slug":"e-learning-kutatocsoport","status":"publish","type":"page","link":"https:\/\/univet.hu\/hu\/kutatas\/kutatocsoportok\/e-learning-kutatocsoport\/","title":{"rendered":"E-learning Kutat\u00f3csoport"},"content":{"rendered":"<p><strong>KUTAT\u00d3CSOPORT-VEZET\u0150:<\/strong> Dr. Bartha Tibor (Dr. M\u00e1ndoki M\u00edra)<\/p> <p><strong>EL\u00c9RHET\u0150S\u00c9G:<\/strong> <a class=\"decrypt\" rel=\"cbsuib\/ujcpsAvojwfu\/iv\" href=\"javascript:void(0);\">[Kattintson az emailc\u00edmhez]<\/a> (<a class=\"decrypt\" rel=\"nboeplj\/njsbAvojwfu\/iv\" href=\"javascript:void(0);\">[Kattintson az emailc\u00edmhez]<\/a>)<\/p> <p><strong>A KUTAT\u00d3CSOPORT TAGJAI:<\/strong><\/p> <p>Egyetemi tan\u00e1r: Dr. Bartha Tibor<\/p> <p>Egyetemi docens: Dr. M\u00e1ndoki M\u00edra<\/p> <p>Egyetemi adjunktus: Dr. Kiss D\u00e1vid S\u00e1ndor<\/p> <p>Egyetemi adjunktus: Dr. T\u00f3th Istv\u00e1n<\/p> <p>Tudom\u00e1nyos seg\u00e9dmunkat\u00e1rs: J\u00f3cs\u00e1k Gergely<\/p> <p>Egyetemi tan\u00e1rseg\u00e9d: Dr. Szilasi Anna<\/p> <p>&nbsp;<\/p> <p><strong>KUTAT\u00c1SI TER\u00dcLETEK:<\/strong><\/p> <p>e-learning, e-portf\u00f3li\u00f3, \u00e9rt\u00e9kel\u00e9s (assessment), visszacsatol\u00e1s (feedback), entrustable professional activities (EPAs), virtu\u00e1lis p\u00e1ciensek, online szakmai k\u00f6z\u00f6ss\u00e9g \u00e9p\u00edt\u00e9s, \u00e9lethosszig tart\u00f3 inform\u00e1lis tanul\u00e1s seg\u00edt\u00e9se, szimul\u00e1ci\u00f3s gyakorlatok (skills lab)<\/p> <p>&nbsp;<\/p> <p><strong>HOSSZ\u00daT\u00c1V\u00da EGY\u00dcTTM\u0170K\u00d6D\u00c9SEK:<\/strong><\/p> <p>Chair Quality Improvement in Veterinary Education, Faculty of Veterinary Medicine, Utrecht University, Utrecht, The Netherlands<\/p> <p>University of Veterinary Medicine Vienna (Ausztria)<\/p> <p>University of Veterinary Medicine Foundation, Hannover (Germany)<\/p> <p>Royal Veterinary College, London (Egyes\u00fclt Kir\u00e1lys\u00e1g)<\/p> <p>&nbsp;<\/p> <p><strong>IG\u00c9NYELHET\u0150 SZOLG\u00c1LTAT\u00c1SOK:<\/strong><\/p> <p>Online k\u00e9rd\u0151\u00edves felm\u00e9r\u00e9sek, f\u00f3kusz csoportos interj\u00fak szervez\u00e9se<\/p> <p>&nbsp;<\/p> <p><strong>P\u00c1LY\u00c1ZATOK:<\/strong><\/p> <table style=\"width: 602px;\" border=\"0\" cellspacing=\"0\" cellpadding=\"0\"> <tbody> <tr> <td style=\"height: 63px; width: 128px;\"><strong>T\u00e1mogat\u00f3 szervezet \/forr\u00e1s megnevez\u00e9se<\/strong><\/td> <td style=\"height: 63px; width: 346px;\"><strong>P\u00e1ly\u00e1zati projekt c\u00edme \u00e9s t\u00e9m\u00e1ja <\/strong><\/td> <td style=\"height: 63px; width: 128px;\"><strong>T\u00e1mogat\u00e1s \u00f6sszege (Ft-ban)<\/strong><\/td> <\/tr> <tr> <td style=\"height: 63px; width: 128px;\">EU Erasmus LLP<\/td> <td style=\"height: 63px; width: 346px;\">NOVICE (online szakmai k\u00f6z\u00f6ss\u00e9g \u00e9p\u00edt\u00e9s f\u0151k\u00e9nt az \u00e1llatorvosi oktat\u00e1sban r\u00e9sztvev\u0151k tapasztalatcser\u00e9j\u00e9re)<\/td> <td style=\"height: 63px; width: 128px;\">17.000.000<\/td> <\/tr> <tr> <td style=\"height: 42px; width: 128px;\">EU Erasmus LLP<\/td> <td style=\"height: 42px; width: 346px;\">VetVIP (virtu\u00e1lis esetek\/p\u00e1ciensek haszn\u00e1lata az \u00e1llatorvosi alaptudom\u00e1nyi tant\u00e1rgyak oktat\u00e1s\u00e1ban)<\/td> <td style=\"height: 42px; width: 128px;\">18.500.000<\/td> <\/tr> <tr> <td style=\"height: 42px; width: 128px;\">EU FP7-ICT<\/td> <td style=\"height: 42px; width: 346px;\">WATCHME (egyetemi elitk\u00e9pz\u00e9s szaktud\u00e1s\u00e1nak elektronikus \u00e9rt\u00e9kel\u00e9se a munkahelyi elv\u00e1r\u00e1sok figyelembev\u00e9tel\u00e9vel)<\/td> <td style=\"height: 42px; width: 128px;\">35.000.000<\/td> <\/tr> <\/tbody> <\/table> <p>&nbsp;<\/p> <p>&nbsp;<\/p> <p>&nbsp;<\/p>","protected":false},"excerpt":{"rendered":"<p>KUTAT\u00d3CSOPORT-VEZET\u0150: Dr. Bartha Tibor (Dr. M\u00e1ndoki M\u00edra) EL\u00c9RHET\u0150S\u00c9G: [Kattintson az emailc\u00edmhez] ([Kattintson az emailc\u00edmhez]) A KUTAT\u00d3CSOPORT TAGJAI: Egyetemi tan\u00e1r: Dr. Bartha Tibor Egyetemi docens: Dr. M\u00e1ndoki M\u00edra Egyetemi adjunktus: Dr. Kiss D\u00e1vid S\u00e1ndor Egyetemi adjunktus: Dr. T\u00f3th Istv\u00e1n Tudom\u00e1nyos seg\u00e9dmunkat\u00e1rs: J\u00f3cs\u00e1k Gergely Egyetemi tan\u00e1rseg\u00e9d: Dr. Szilasi Anna &nbsp; KUTAT\u00c1SI TER\u00dcLETEK: e-learning, e-portf\u00f3li\u00f3, \u00e9rt\u00e9kel\u00e9s (assessment), visszacsatol\u00e1s<\/p>\n","protected":false},"author":1,"featured_media":0,"parent":870,"menu_order":228,"comment_status":"closed","ping_status":"closed","template":"","meta":{"_acf_changed":false,"footnotes":""},"categories":[],"tags":[],"class_list":["post-900","page","type-page","status-publish","hentry"],"acf":[],"_links":{"self":[{"href":"https:\/\/univet.hu\/hu\/wp-json\/wp\/v2\/pages\/900","targetHints":{"allow":["GET"]}}],"collection":[{"href":"https:\/\/univet.hu\/hu\/wp-json\/wp\/v2\/pages"}],"about":[{"href":"https:\/\/univet.hu\/hu\/wp-json\/wp\/v2\/types\/page"}],"author":[{"embeddable":true,"href":"https:\/\/univet.hu\/hu\/wp-json\/wp\/v2\/users\/1"}],"replies":[{"embeddable":true,"href":"https:\/\/univet.hu\/hu\/wp-json\/wp\/v2\/comments?post=900"}],"version-history":[{"count":0,"href":"https:\/\/univet.hu\/hu\/wp-json\/wp\/v2\/pages\/900\/revisions"}],"up":[{"embeddable":true,"href":"https:\/\/univet.hu\/hu\/wp-json\/wp\/v2\/pages\/870"}],"wp:attachment":[{"href":"https:\/\/univet.hu\/hu\/wp-json\/wp\/v2\/media?parent=900"}],"wp:term":[{"taxonomy":"category","embeddable":true,"href":"https:\/\/univet.hu\/hu\/wp-json\/wp\/v2\/categories?post=900"},{"taxonomy":"post_tag","embeddable":true,"href":"https:\/\/univet.hu\/hu\/wp-json\/wp\/v2\/tags?post=900"}],"curies":[{"name":"wp","href":"https:\/\/api.w.org\/{rel}","templated":true}]}}