{"id":90163,"date":"2023-07-28T12:39:39","date_gmt":"2023-07-28T10:39:39","guid":{"rendered":"https:\/\/univet.hu\/?page_id=90163"},"modified":"2024-03-26T11:14:02","modified_gmt":"2024-03-26T10:14:02","slug":"fejer-varmegyei-kormanyhivatal","status":"publish","type":"page","link":"https:\/\/univet.hu\/hu\/oktatas\/tanulmanyi-osztaly\/allasajanlatok\/fejer-varmegyei-kormanyhivatal\/","title":{"rendered":"Fej\u00e9r V\u00e1rmegyei Korm\u00e1nyhivatal"},"content":{"rendered":"<p>2024.03.26<\/p> <div> <p>\u00c1llatorvos koll\u00e9g\u00e1t keres\u00fcnk a Fej\u00e9r V\u00e1rmegyei Korm\u00e1nyhivatal Sz\u00e9kesfeh\u00e9rv\u00e1ri J\u00e1r\u00e1si Hivatal \u00c9lelmiszerl\u00e1nc-biztos\u00e1gi \u00e9s \u00c1llateg\u00e9szs\u00e9g\u00fcgyi Oszt\u00e1ly\u00e1ra. A munkav\u00e9gz\u00e9s helye: Sz\u00e9kesfeh\u00e9rv\u00e1r, Cs\u00edkv\u00e1ri u. 15., a munkater\u00fclet Sz\u00e9kesfeh\u00e9rv\u00e1r \u00e9s Enying j\u00e1r\u00e1sok k\u00f6zigazgat\u00e1si ter\u00fclete.<\/p> <\/div> <div> <p>Haszon\u00e1llat tart\u00e1ssal illetve kedvtel\u00e9sb\u0151l tartott \u00e1llatokkal kapcsolatos munkater\u00fcleten hat\u00f3s\u00e1gi ellen\u0151rz\u00e9sek lefolytat\u00e1sa, mintav\u00e9teli tervben el\u0151\u00edrt mint\u00e1k lev\u00e9tele az els\u0151dleges feladat. Oszt\u00e1lyunk minden seg\u00edts\u00e9get megad a hat\u00f3s\u00e1gi munka teljes k\u00f6r\u0171 elv\u00e9gz\u00e9s\u00e9hez. Az ellen\u0151rz\u00e9si helysz\u00ednekre t\u00f6rt\u00e9n\u0151 kisz\u00e1ll\u00e1s miatt B kateg\u00f3ri\u00e1s jogos\u00edtv\u00e1ny sz\u00fcks\u00e9ges. R\u00e9szletekkel, id\u0151beoszt\u00e1ssal, k\u00e9rd\u00e9sekkel h\u00edvhat\u00f3 telefonsz\u00e1m:\u00a0<a href=\"tel:309974228\" data-auth=\"NotApplicable\" data-linkindex=\"0\">30\/997-42-28<\/a>, Dr. Hegyi Kinga j\u00e1r\u00e1si f\u0151\u00e1llatorvos (<a class=\"decrypt\" rel=\"ifhzj\/ljohbAgfkfs\/hpw\/iv\" href=\"javascript:void(0);\">[Kattintson az emailc\u00edmhez]<\/a>).<\/p> <\/div> <p>2024.02.05<\/p> <p>Keress\u00fck leend\u0151 munkat\u00e1rsunkat\u00a0a Fej\u00e9r V\u00e1rmegyei Korm\u00e1nyhivatal\u00a0\u00c9lelmiszerl\u00e1nc-biztons\u00e1gi \u00e9s \u00c1llateg\u00e9szs\u00e9g\u00fcgyi Oszt\u00e1ly\u00e1ra,\u00a0j\u00e1rv\u00e1ny\u00fcgyi ter\u00fcletre, hat\u00f3s\u00e1gi \u00e1llatorvosi poz\u00edci\u00f3ba!<\/p> <p>Az \u00e1ll\u00e1sp\u00e1ly\u00e1zat r\u00e9szletes ki\u00edr\u00e1sa az al\u00e1bbi linken \u00e9rhet\u0151 el:<\/p> <p><a href=\"https:\/\/kozszolgallas.ksz.gov.hu\/JobAd\/Info\/52141\" data-auth=\"NotApplicable\" data-linkindex=\"1\">https:\/\/kozszolgallas.ksz.gov.hu\/JobAd\/Info\/52141<\/a><\/p> <p>Keress\u00fck a Fej\u00e9r V\u00e1rmegyei Korm\u00e1nyhivatal\u00a0\u00c9lelmiszerl\u00e1nc-biztons\u00e1gi \u00e9s \u00c1llateg\u00e9szs\u00e9g\u00fcgyi Oszt\u00e1ly oszt\u00e1lyvezet\u0151 f\u0151\u00e1llatorvos\u00e1t!<\/p> <p>Az \u00e1ll\u00e1sp\u00e1ly\u00e1zat r\u00e9szletes ki\u00edr\u00e1sa az al\u00e1bbi linken \u00e9rhet\u0151 el:<\/p> <p><a href=\"https:\/\/kozszolgallas.ksz.gov.hu\/JobAd\/Info\/52599\" data-auth=\"NotApplicable\" data-linkindex=\"2\">https:\/\/kozszolgallas.ksz.gov.hu\/JobAd\/Info\/52599<\/a><\/p> <p>2024.01.02<\/p> <p>Fej\u00e9r V\u00e1rmegyei Korm\u00e1nyhivatal Agr\u00e1r\u00fcgyi F\u0151oszt\u00e1ly \u00c9lelmiszerl\u00e1nc-biztons\u00e1gi \u00e9s \u00c1llateg\u00e9szs\u00e9g\u00fcgyi Oszt\u00e1lya p\u00e1ly\u00e1zatot hirdet korm\u00e1nyzati szolg\u00e1lati jogviszony keret\u00e9ben az al\u00e1bbi k\u00e9t poz\u00edci\u00f3 bet\u00f6lt\u00e9s\u00e9re:<\/p> <p>hat\u00e1rozott idej\u0171, hat\u00f3s\u00e1gi \u00e1llatorvos\/\u00e9lelmiszerl\u00e1nc-fel\u00fcgyeleti szak\u00fcgyint\u00e9z\u0151 feladatk\u00f6r;<\/p> <p>Tev\u00e9kenys\u00e9gi k\u00f6r (ell\u00e1tand\u00f3 feladatok): \u00c9lelmiszerl\u00e1nc-biztons\u00e1gi \u00e9s \u00c1llateg\u00e9szs\u00e9g\u00fcgyi Oszt\u00e1ly szakir\u00e1ny\u00fa feladatainak ell\u00e1t\u00e1sa \u2022 \u00e9lelmiszerl\u00e1nc-biztons\u00e1gi feladatok ell\u00e1t\u00e1sa, \u2022 \u00e1llateg\u00e9szs\u00e9g\u00fcgyi hat\u00f3s\u00e1gi tev\u00e9kenys\u00e9gek v\u00e9gz\u00e9se, \u2022 folyamatos \u00e9s eseti adatszolg\u00e1ltat\u00e1sok \u00e9s jelent\u00e9sek el\u0151k\u00e9sz\u00edt\u00e9se, \u2022 a jogszab\u00e1lyokban el\u0151\u00edrt szakir\u00e1ny\u00fa feladata szervez\u00e9se, hat\u00e1rid\u0151k nyomon k\u00f6vet\u00e9se<\/p> <p>Bet\u00f6ltend\u0151 \u00e1ll\u00e1s szakmacsoportja: \u00e1llateg\u00e9szs\u00e9g\u00fcgy<\/p> <p>Bet\u00f6ltend\u0151 \u00e1ll\u00e1s munkak\u00f6r\u00e9nek szakter\u00fclete (munkak\u00f6rcsal\u00e1d): Szakigazgat\u00e1si<\/p> <p>Bet\u00f6ltend\u0151 \u00e1ll\u00e1s jogviszonya: Korm\u00e1nyzati szolg\u00e1lati jogviszony (Kit.)<\/p> <p>Foglalkoztat\u00e1s id\u0151tartama, munkaideje, munkarendje, form\u00e1ja:Hat\u00e1rozott, 40 \u00f3ra, \u00c1ltal\u00e1nos, Teljes munkaid\u0151<\/p> <p>Munkav\u00e9gz\u00e9s helye: Sz\u00e9kesfeh\u00e9rv\u00e1r<\/p> <p>Elv\u00e1rt v\u00e9gzetts\u00e9g\/k\u00e9pes\u00edt\u00e9s:<\/p> <p>1. Fels\u0151fok\u00fa v\u00e9gzetts\u00e9ghez k\u00f6t\u00f6tt szakk\u00e9pes\u00edt\u00e9s alapk\u00e9pz\u00e9s (Bsc vagy BA), \u00c1llatorvosi tudom\u00e1nyok, \u00e1llatorvosi v\u00e9gzetts\u00e9g vagy<\/p> <p>2. Fels\u0151fok\u00fa v\u00e9gzetts\u00e9ghez k\u00f6t\u00f6tt szakk\u00e9pes\u00edt\u00e9s alapk\u00e9pz\u00e9s (Bsc vagy BA), Egy\u00e9b v\u00e9gzetts\u00e9g, \u00e9lelmiszerm\u00e9rn\u00f6ki v\u00e9gzetts\u00e9g vagy<\/p> <p>3. Fels\u0151fok\u00fa v\u00e9gzetts\u00e9ghez k\u00f6t\u00f6tt szakk\u00e9pes\u00edt\u00e9s alapk\u00e9pz\u00e9s (Bsc vagy BA), Egy\u00e9b v\u00e9gzetts\u00e9g, agr\u00e1rm\u00e9rn\u00f6ki v\u00e9gzetts\u00e9g vagy<\/p> <p>4. Fels\u0151fok\u00fa v\u00e9gzetts\u00e9ghez k\u00f6t\u00f6tt szakk\u00e9pes\u00edt\u00e9s alapk\u00e9pz\u00e9s (Bsc vagy BA), Egy\u00e9b v\u00e9gzetts\u00e9g, k\u00f6rnyezetm\u00e9rn\u00f6ki v\u00e9gzetts\u00e9g vagy<\/p> <p>5. Fels\u0151fok\u00fa v\u00e9gzetts\u00e9ghez k\u00f6t\u00f6tt szakk\u00e9pes\u00edt\u00e9s alapk\u00e9pz\u00e9s (Bsc vagy BA), N\u00f6v\u00e9nytermeszt\u00e9s \u00e9s \u00e1llatteny\u00e9szt\u00e9s, \u00e1llatteny\u00e9szt\u0151<\/p> <p>Tov\u00e1bbi inform\u00e1ci\u00f3t Dr. Sziebert Gergely v\u00e1rmegyei f\u0151\u00e1llatorvos ad (Tel.: +36-22-511-160)<\/p> <p>Az eredeti p\u00e1ly\u00e1zat az al\u00e1bbi linken \u00e9rhet\u0151 el: https:\/\/kozszolgallas.ksz.gov.hu\/JobAd\/Info\/46383<\/p> <p>hat\u00e1rozatlan idej\u0171, oszt\u00e1lyvezet\u0151 f\u0151\u00e1llatorvos feladatk\u00f6r;<\/p> <p>Tev\u00e9kenys\u00e9gi k\u00f6r (ell\u00e1tand\u00f3 feladatok): \u00c9lelmiszerl\u00e1nc-biztons\u00e1gi \u00e9s \u00c1llateg\u00e9szs\u00e9g\u00fcgyi Oszt\u00e1ly oszt\u00e1lyvezet\u0151 f\u0151\u00e1llatorvosi feladatok ell\u00e1t\u00e1sa \u2022 a v\u00e1rmegyei \u00e9lelmiszerl\u00e1nc-biztons\u00e1gi feladatok \u00f6sszefog\u00e1sa, \u2022 a v\u00e1rmegyei \u00e1llateg\u00e9szs\u00e9g\u00fcgyi tev\u00e9kenys\u00e9gek koordin\u00e1l\u00e1sa, \u2022 folyamatos \u00e9s eseti adatszolg\u00e1ltat\u00e1sok \u00e9s jelent\u00e9sek \u00f6ssze\u00e1ll\u00edt\u00e1sa, \u2022 az oszt\u00e1ly jogszab\u00e1lyban el\u0151\u00edrt feladatainak szervez\u00e9se, hat\u00e1rid\u0151k nyomon k\u00f6vet\u00e9se, \u2022 az oszt\u00e1ly munkat\u00e1rsainak ir\u00e1ny\u00edt\u00e1sa.<\/p> <p>Bet\u00f6ltend\u0151 \u00e1ll\u00e1s szakmacsoportja: \u00e1llateg\u00e9szs\u00e9g\u00fcgy<\/p> <p>Bet\u00f6ltend\u0151 \u00e1ll\u00e1s munkak\u00f6r\u00e9nek szakter\u00fclete (munkak\u00f6rcsal\u00e1d): Szakigazgat\u00e1si<\/p> <p>Bet\u00f6ltend\u0151 \u00e1ll\u00e1s jogviszonya: Korm\u00e1nyzati szolg\u00e1lati jogviszony (Kit.)<\/p> <p>Foglalkoztat\u00e1s id\u0151tartama, munkaideje, munkarendje, form\u00e1ja: Hat\u00e1rozatlan, 40 \u00f3ra, \u00c1ltal\u00e1nos, Teljes munkaid\u0151<\/p> <p>Munkav\u00e9gz\u00e9s helye: Sz\u00e9kesfeh\u00e9rv\u00e1r<\/p> <p>Elv\u00e1rt v\u00e9gzetts\u00e9g\/k\u00e9pes\u00edt\u00e9s:<\/p> <p>7. Mesterk\u00e9pz\u00e9s MSc fokozatra \u00e9p\u00fcl\u0151 szakir\u00e1ny\u00fa szakk\u00e9pzetts\u00e9g, \u00c1llatorvosi tudom\u00e1nyok, \u00e1llatorvos-doktor v\u00e9gzetts\u00e9g<\/p> <p>Tov\u00e1bbi inform\u00e1ci\u00f3t Dr. Sziebert Gergely v\u00e1rmegyei f\u0151\u00e1llatorvos ad (Tel.: +36-22-511-160)<\/p> <p>Az eredeti p\u00e1ly\u00e1zat az al\u00e1bbi linken \u00e9rhet\u0151 el: https:\/\/kozszolgallas.ksz.gov.hu\/JobAd\/Info\/46395<\/p> <p>&#8212;&#8212;&#8212;&#8212;&#8212;&#8212;&#8212;&#8212;&#8212;&#8212;&#8212;&#8212;&#8212;&#8212;&#8212;&#8212;&#8212;&#8212;&#8212;&#8212;&#8212;&#8212;&#8212;&#8212;&#8212;&#8212;&#8212;&#8212;&#8212;&#8212;&#8212;&#8212;&#8212;&#8212;&#8212;-<\/p> <p>2023.07.28<\/p> <p><a href=\"https:\/\/univet.hu\/wp-content\/uploads\/2023\/07\/hatosagi-allatorvos-palyazat.pdf\">Fej\u00e9r V\u00e1rmegyei Korm\u00e1nyhivatal AGR\u00c1R\u00dcGYI F\u0151oszt\u00e1ly \u00c9lelmiszerl\u00e1nc-biztons\u00e1gi \u00e9s \u00c1llateg\u00e9szs\u00e9g\u00fcgyi Oszt\u00e1ly hat\u00f3s\u00e1gi \u00e1llatorvos<\/a><\/p>","protected":false},"excerpt":{"rendered":"<p>2024.03.26 \u00c1llatorvos koll\u00e9g\u00e1t keres\u00fcnk a Fej\u00e9r V\u00e1rmegyei Korm\u00e1nyhivatal Sz\u00e9kesfeh\u00e9rv\u00e1ri J\u00e1r\u00e1si Hivatal \u00c9lelmiszerl\u00e1nc-biztos\u00e1gi \u00e9s \u00c1llateg\u00e9szs\u00e9g\u00fcgyi Oszt\u00e1ly\u00e1ra. A munkav\u00e9gz\u00e9s helye: Sz\u00e9kesfeh\u00e9rv\u00e1r, Cs\u00edkv\u00e1ri u. 15., a munkater\u00fclet Sz\u00e9kesfeh\u00e9rv\u00e1r \u00e9s Enying j\u00e1r\u00e1sok k\u00f6zigazgat\u00e1si ter\u00fclete. Haszon\u00e1llat tart\u00e1ssal illetve kedvtel\u00e9sb\u0151l tartott \u00e1llatokkal kapcsolatos munkater\u00fcleten hat\u00f3s\u00e1gi ellen\u0151rz\u00e9sek lefolytat\u00e1sa, mintav\u00e9teli tervben el\u0151\u00edrt mint\u00e1k lev\u00e9tele az els\u0151dleges feladat. Oszt\u00e1lyunk minden seg\u00edts\u00e9get megad a hat\u00f3s\u00e1gi<\/p>\n","protected":false},"author":2961,"featured_media":0,"parent":26415,"menu_order":112,"comment_status":"closed","ping_status":"closed","template":"","meta":{"_acf_changed":false,"footnotes":""},"categories":[],"tags":[],"class_list":["post-90163","page","type-page","status-publish","hentry"],"acf":[],"_links":{"self":[{"href":"https:\/\/univet.hu\/hu\/wp-json\/wp\/v2\/pages\/90163","targetHints":{"allow":["GET"]}}],"collection":[{"href":"https:\/\/univet.hu\/hu\/wp-json\/wp\/v2\/pages"}],"about":[{"href":"https:\/\/univet.hu\/hu\/wp-json\/wp\/v2\/types\/page"}],"author":[{"embeddable":true,"href":"https:\/\/univet.hu\/hu\/wp-json\/wp\/v2\/users\/2961"}],"replies":[{"embeddable":true,"href":"https:\/\/univet.hu\/hu\/wp-json\/wp\/v2\/comments?post=90163"}],"version-history":[{"count":0,"href":"https:\/\/univet.hu\/hu\/wp-json\/wp\/v2\/pages\/90163\/revisions"}],"up":[{"embeddable":true,"href":"https:\/\/univet.hu\/hu\/wp-json\/wp\/v2\/pages\/26415"}],"wp:attachment":[{"href":"https:\/\/univet.hu\/hu\/wp-json\/wp\/v2\/media?parent=90163"}],"wp:term":[{"taxonomy":"category","embeddable":true,"href":"https:\/\/univet.hu\/hu\/wp-json\/wp\/v2\/categories?post=90163"},{"taxonomy":"post_tag","embeddable":true,"href":"https:\/\/univet.hu\/hu\/wp-json\/wp\/v2\/tags?post=90163"}],"curies":[{"name":"wp","href":"https:\/\/api.w.org\/{rel}","templated":true}]}}