{"id":902,"date":"2017-06-27T12:57:00","date_gmt":"2017-06-27T10:57:00","guid":{"rendered":"http:\/\/univet.hu\/egyetem\/kutatas\/kutatocsoportok\/elektronmikroszkopos-kutatocsoport\/"},"modified":"2023-06-09T14:11:46","modified_gmt":"2023-06-09T12:11:46","slug":"elektronmikroszkopos-kutatocsoport","status":"publish","type":"page","link":"https:\/\/univet.hu\/hu\/kutatas\/kutatocsoportok\/elektronmikroszkopos-kutatocsoport\/","title":{"rendered":"Elektronmikroszk\u00f3pos Kutat\u00f3csoport"},"content":{"rendered":"<p><strong>KUTAT\u00d3CSOPORT VEZET\u0150: <\/strong>Dr. R\u00e1cz Bence, egyetemi tan\u00e1r<\/p> <p><strong>EL\u00c9RHET\u0150S\u00c9G:<\/strong> <a class=\"decrypt\" rel=\"sbd{\/cfodfAvojwfu\/iv\" href=\"javascript:void(0);\">[Kattintson az emailc\u00edmhez]<\/a><\/p> <p><strong>KUTAT\u00d3CSOPORT TAGJAI:<\/strong><\/p> <p>Professzor: Dr. Halasy Katalin, Dr. Horv\u00e1th Tam\u00e1s, Dr. R\u00e1cz Bence, Dr. S\u00f3tonyi P\u00e9ter<\/p> <p>Egyetemi docens: Dr. Heinzlmann Andrea<\/p> <p>Tudom\u00e1nyos f\u0151munkat\u00e1rs: Dr. M\u00e1ty\u00e1s Ferenc<\/p> <p>Egyetemi adjunktus: Dr. Nov\u00e1k-Hazai Diana<\/p> <p>Asszisztens: Danil\u00f3 Eszter, Pop Ren\u00e1ta<\/p> <p>&nbsp;<\/p> <p><strong>KUTAT\u00c1SI TER\u00dcLETEK:<\/strong><\/p> <p>Elektronmikroszk\u00f3pia, sz\u00f6veti ultrastrukt\u00fara kutat\u00e1s, neuroanat\u00f3mia, immunhisztok\u00e9mia, neuron\u00e1lis markerek azonos\u00edt\u00e1sa, neuron\u00e1lis p\u00e1lyajel\u00f6l\u00e9s, immunarany \u00e9s immunperoxid\u00e1z immunhisztok\u00e9mia, sz\u00f6vettan, ultrav\u00e9kony metsz\u00e9s<\/p> <p>&nbsp;<\/p> <p><strong>SZAKMAI SZERVEZETI TAGS\u00c1G:\u00a0\u00a0\u00a0\u00a0 <\/strong><\/p> <p>Magyar Idegtudom\u00e1nyi T\u00e1rsas\u00e1g<\/p> <p>Magyar Anat\u00f3mus T\u00e1rsas\u00e1g<\/p> <p>Magyar Mikroszk\u00f3pos T\u00e1rsas\u00e1g<\/p> <p>Society for Neuroscience<\/p> <p>Cajal Club<\/p> <p>IBRO<\/p> <p>&nbsp;<\/p> <p><strong>HOSSZ\u00daT\u00c1V\u00da EGY\u00dcTTM\u0170K\u00d6D\u00c9SEK:<\/strong><\/p> <p>ELTE TTK Neurobiol\u00f3giai Tansz\u00e9k<\/p> <p>MTA KOKI<\/p> <p>Kaposv\u00e1ri Egyetem<\/p> <p>Semmelweis Egyetem<\/p> <p>Magyar Tejgazdas\u00e1gi K\u00eds\u00e9rleti Int\u00e9zet<\/p> <p>University of North Carolina at Chapel Hill, USA<\/p> <p>Duke University, USA<\/p> <p>Yale University, USA<\/p> <p>Karl Franzens Universit\u00e4t, Graz<\/p> <p>&nbsp;<\/p> <p><strong>IG\u00c9NYELHET\u0150 SZOLG\u00c1LTAT\u00c1SOK:<\/strong><\/p> <p>elektronmikroszk\u00f3pos vizsg\u00e1latok<\/p> <p>ultrav\u00e9kony metszetk\u00e9sz\u00edt\u00e9s<\/p> <p>oktat\u00e1s, betan\u00edt\u00e1s<\/p> <p>immunhisztok\u00e9miai fest\u00e9sek \u00e9s jel\u00f6l\u00e9sek<\/p> <p>Sz\u00f6vetmint\u00e1k statisztikai anal\u00edzise<\/p> <p>&nbsp;<\/p> <p>&nbsp;<\/p> <p><a title=\"\" href=\"http:\/\/kutatocsoportok.szie.hu\/sites\/default\/files\/styles\/large\/public\/Kep10.jpg?itok=joZzETDP\" rel=\"lightbox[field_image][]\"><img decoding=\"async\" style=\"height: 100px; width: 75px;\" src=\"http:\/\/kutatocsoportok.szie.hu\/sites\/default\/files\/styles\/thumbnail\/public\/Kep10.jpg?itok=qEToasJo\" data-replaced=\"true\" \/><\/a><\/p>","protected":false},"excerpt":{"rendered":"<p>KUTAT\u00d3CSOPORT VEZET\u0150: Dr. R\u00e1cz Bence, egyetemi tan\u00e1r EL\u00c9RHET\u0150S\u00c9G: [Kattintson az emailc\u00edmhez] KUTAT\u00d3CSOPORT TAGJAI: Professzor: Dr. Halasy Katalin, Dr. Horv\u00e1th Tam\u00e1s, Dr. R\u00e1cz Bence, Dr. S\u00f3tonyi P\u00e9ter Egyetemi docens: Dr. Heinzlmann Andrea Tudom\u00e1nyos f\u0151munkat\u00e1rs: Dr. M\u00e1ty\u00e1s Ferenc Egyetemi adjunktus: Dr. Nov\u00e1k-Hazai Diana Asszisztens: Danil\u00f3 Eszter, Pop Ren\u00e1ta &nbsp; KUTAT\u00c1SI TER\u00dcLETEK: Elektronmikroszk\u00f3pia, sz\u00f6veti ultrastrukt\u00fara kutat\u00e1s, neuroanat\u00f3mia, immunhisztok\u00e9mia,<\/p>\n","protected":false},"author":1,"featured_media":0,"parent":870,"menu_order":228,"comment_status":"closed","ping_status":"closed","template":"","meta":{"_acf_changed":false,"footnotes":""},"categories":[],"tags":[],"class_list":["post-902","page","type-page","status-publish","hentry"],"acf":[],"_links":{"self":[{"href":"https:\/\/univet.hu\/hu\/wp-json\/wp\/v2\/pages\/902","targetHints":{"allow":["GET"]}}],"collection":[{"href":"https:\/\/univet.hu\/hu\/wp-json\/wp\/v2\/pages"}],"about":[{"href":"https:\/\/univet.hu\/hu\/wp-json\/wp\/v2\/types\/page"}],"author":[{"embeddable":true,"href":"https:\/\/univet.hu\/hu\/wp-json\/wp\/v2\/users\/1"}],"replies":[{"embeddable":true,"href":"https:\/\/univet.hu\/hu\/wp-json\/wp\/v2\/comments?post=902"}],"version-history":[{"count":0,"href":"https:\/\/univet.hu\/hu\/wp-json\/wp\/v2\/pages\/902\/revisions"}],"up":[{"embeddable":true,"href":"https:\/\/univet.hu\/hu\/wp-json\/wp\/v2\/pages\/870"}],"wp:attachment":[{"href":"https:\/\/univet.hu\/hu\/wp-json\/wp\/v2\/media?parent=902"}],"wp:term":[{"taxonomy":"category","embeddable":true,"href":"https:\/\/univet.hu\/hu\/wp-json\/wp\/v2\/categories?post=902"},{"taxonomy":"post_tag","embeddable":true,"href":"https:\/\/univet.hu\/hu\/wp-json\/wp\/v2\/tags?post=902"}],"curies":[{"name":"wp","href":"https:\/\/api.w.org\/{rel}","templated":true}]}}