{"id":904,"date":"2017-06-27T13:00:00","date_gmt":"2017-06-27T11:00:00","guid":{"rendered":"http:\/\/univet.hu\/egyetem\/kutatas\/kutatocsoportok\/elelmiszer-mikrobiologiai-kutatocsoport\/"},"modified":"2023-02-03T11:20:22","modified_gmt":"2023-02-03T10:20:22","slug":"elelmiszer-mikrobiologiai-kutatocsoport","status":"publish","type":"page","link":"https:\/\/univet.hu\/hu\/kutatas\/kutatocsoportok\/elelmiszer-mikrobiologiai-kutatocsoport\/","title":{"rendered":"\u00c9lelmiszer-Mikrobiol\u00f3giai Kutat\u00f3csoport"},"content":{"rendered":"<p>&nbsp;<\/p> <p><strong>KUTAT\u00d3CSOPORT VEZET\u0150:<\/strong> Dr. S\u00fcth Mikl\u00f3s, tansz\u00e9kvezet\u0151<\/p> <p><strong>EL\u00c9RHET\u0150S\u00c9G:<\/strong> <a class=\"decrypt\" rel=\"njlsp\/mbcpsAvojwfu\/iv\" href=\"javascript:void(0);\">[Kattintson az emailc\u00edmhez]<\/a><\/p> <p><strong>A KUTAT\u00d3CSOPORT TAGJAI:<\/strong><\/p> <p>Tansz\u00e9kvezet\u0151: Dr. S\u00fcth Mikl\u00f3s<\/p> <p>Mesteroktat\u00f3: Dr. Nagy Attila<\/p> <p>Tudom\u00e1nyos seg\u00e9dmunkat\u00e1rs: Dr. T\u0151zs\u00e9r D\u00f3ra<\/p> <p>Technikus: Szepessy Anna<\/p> <p>&nbsp;<\/p> <p><strong>KUTAT\u00c1SI TER\u00dcLETEK:<\/strong><\/p> <p>\u00c9lelmiszer-biztons\u00e1g;<\/p> <p>\u00c9lelmiszer-min\u0151s\u00e9g;<\/p> <p>\u00c9lelmiszer-higi\u00e9nia;<\/p> <p>\u00c9lelmiszerek biztons\u00e1gos fogyaszthat\u00f3s\u00e1ga<\/p> <p>\u00c9lelmiszer-mikrobiol\u00f3gia;<\/p> <p>Gyors mikrobiol\u00f3giai (vizsg\u00e1lati) m\u00f3dszerek<\/p> <p>&nbsp;<\/p> <p><strong>SZAKMAI SZERVEZETI TAGS\u00c1G: &#8211;<br \/> <\/strong><\/p> <p>&nbsp;<\/p> <p>&nbsp;<\/p> <p><strong>HOSSZ\u00daT\u00c1V\u00da EGY\u00dcTTM\u0170K\u00d6D\u00c9SEK:<\/strong><\/p> <p>Magyar Agr\u00e1r- \u00e9s \u00c9lettudom\u00e1nyi Egyetem<\/p> <p>Nemzeti \u00c9lelmiszerl\u00e1nc-biztons\u00e1gi Hivatal, \u00c9lelmiszer- \u00e9s Takarm\u00e1nybiztons\u00e1gi Igazgat\u00f3s\u00e1g<\/p> <p>&nbsp;<\/p> <p><strong>IG\u00c9NYELHET\u0150 SZOLG\u00c1LTAT\u00c1SOK:<\/strong><\/p> <p>\u00c9lelmiszer-mikrobiol\u00f3giai vizsg\u00e1latok akkredit\u00e1lt laborat\u00f3riumi k\u00f6r\u00fclm\u00e9nyek k\u00f6z\u00f6tt;<\/p> <p>K\u00f3rokoz\u00f3 \u00e9s \u00e9lelmiszerroml\u00e1st okoz\u00f3 mikrob\u00e1k kimutat\u00e1sa \u00e9lelmiszer-alapanyagokb\u00f3l, feldolgozott term\u00e9kekb\u0151l, fel\u00fcletekr\u0151l, iv\u00f3v\u00edzb\u0151l.<\/p> <p>&nbsp;<\/p> <p><img decoding=\"async\" style=\"height: 450px; width: 600px;\" src=\"https:\/\/univet.hu\/files\/subpages\/334\/images\/IMG_7907.JPG\" alt=\"\" data-replaced=\"true\" \/><\/p> <p>&nbsp;<\/p>","protected":false},"excerpt":{"rendered":"<p>&nbsp; KUTAT\u00d3CSOPORT VEZET\u0150: Dr. S\u00fcth Mikl\u00f3s, tansz\u00e9kvezet\u0151 EL\u00c9RHET\u0150S\u00c9G: [Kattintson az emailc\u00edmhez] A KUTAT\u00d3CSOPORT TAGJAI: Tansz\u00e9kvezet\u0151: Dr. S\u00fcth Mikl\u00f3s Mesteroktat\u00f3: Dr. Nagy Attila Tudom\u00e1nyos seg\u00e9dmunkat\u00e1rs: Dr. T\u0151zs\u00e9r D\u00f3ra Technikus: Szepessy Anna &nbsp; KUTAT\u00c1SI TER\u00dcLETEK: \u00c9lelmiszer-biztons\u00e1g; \u00c9lelmiszer-min\u0151s\u00e9g; \u00c9lelmiszer-higi\u00e9nia; \u00c9lelmiszerek biztons\u00e1gos fogyaszthat\u00f3s\u00e1ga \u00c9lelmiszer-mikrobiol\u00f3gia; Gyors mikrobiol\u00f3giai (vizsg\u00e1lati) m\u00f3dszerek &nbsp; SZAKMAI SZERVEZETI TAGS\u00c1G: &#8211; &nbsp; &nbsp; HOSSZ\u00daT\u00c1V\u00da EGY\u00dcTTM\u0170K\u00d6D\u00c9SEK: Magyar Agr\u00e1r-<\/p>\n","protected":false},"author":1,"featured_media":0,"parent":870,"menu_order":228,"comment_status":"closed","ping_status":"closed","template":"","meta":{"_acf_changed":false,"footnotes":""},"categories":[],"tags":[],"class_list":["post-904","page","type-page","status-publish","hentry"],"acf":[],"_links":{"self":[{"href":"https:\/\/univet.hu\/hu\/wp-json\/wp\/v2\/pages\/904","targetHints":{"allow":["GET"]}}],"collection":[{"href":"https:\/\/univet.hu\/hu\/wp-json\/wp\/v2\/pages"}],"about":[{"href":"https:\/\/univet.hu\/hu\/wp-json\/wp\/v2\/types\/page"}],"author":[{"embeddable":true,"href":"https:\/\/univet.hu\/hu\/wp-json\/wp\/v2\/users\/1"}],"replies":[{"embeddable":true,"href":"https:\/\/univet.hu\/hu\/wp-json\/wp\/v2\/comments?post=904"}],"version-history":[{"count":0,"href":"https:\/\/univet.hu\/hu\/wp-json\/wp\/v2\/pages\/904\/revisions"}],"up":[{"embeddable":true,"href":"https:\/\/univet.hu\/hu\/wp-json\/wp\/v2\/pages\/870"}],"wp:attachment":[{"href":"https:\/\/univet.hu\/hu\/wp-json\/wp\/v2\/media?parent=904"}],"wp:term":[{"taxonomy":"category","embeddable":true,"href":"https:\/\/univet.hu\/hu\/wp-json\/wp\/v2\/categories?post=904"},{"taxonomy":"post_tag","embeddable":true,"href":"https:\/\/univet.hu\/hu\/wp-json\/wp\/v2\/tags?post=904"}],"curies":[{"name":"wp","href":"https:\/\/api.w.org\/{rel}","templated":true}]}}