{"id":90428,"date":"2023-08-01T11:16:02","date_gmt":"2023-08-01T09:16:02","guid":{"rendered":"https:\/\/univet.hu\/hu\/oktatas\/kurzusok\/new-course-page-2\/"},"modified":"2023-09-04T10:57:09","modified_gmt":"2023-09-04T08:57:09","slug":"szaporodasbiologia-es-asszisztalt-reprodukcios-technikak-nem-haziasitott-allatfajokban","status":"publish","type":"page","link":"https:\/\/univet.hu\/hu\/oktatas\/kurzusok\/szaporodasbiologia-es-asszisztalt-reprodukcios-technikak-nem-haziasitott-allatfajokban\/","title":{"rendered":"Szaporod\u00e1sbiol\u00f3gia \u00e9s assziszt\u00e1lt reprodukci\u00f3s technik\u00e1k nem h\u00e1zias\u00edtott \u00e1llatfajokban"},"content":{"rendered":"<p>T\u00e1rgyfelel\u0151s: Dr. Vincze Bogl\u00e1rka<\/p> <p>El\u0151k\u00f6vetelm\u00e9ny: Szaporod\u00e1sbiol\u00f3gia \u00e9s biotechnol\u00f3gia 2. \u00e9s Haszon\u00e1llat-gy\u00f3gy\u00e1szat 2.<\/p> <p>A fakult\u00e1ci\u00f3s el\u0151ad\u00e1sok sor\u00e1n olyan kev\u00e9sb\u00e9 ismert \u00e1llatfajok (\u00e1llatkerti, illetve m\u00e1r ipari termel\u00e9sben is haszn\u00e1lt fajok) szaporod\u00e1sbiol\u00f3gi\u00e1j\u00e1val, illetve a megment\u00e9s\u00fck \u00e9rdek\u00e9ben l\u00e9trehozott teny\u00e9szprogramokkal ismerkedhetnek meg az \u00e9rdekl\u0151d\u0151 hallgat\u00f3k.<\/p>","protected":false},"excerpt":{"rendered":"<p>T\u00e1rgyfelel\u0151s: Dr. Vincze Bogl\u00e1rka El\u0151k\u00f6vetelm\u00e9ny: Szaporod\u00e1sbiol\u00f3gia \u00e9s biotechnol\u00f3gia 2. \u00e9s Haszon\u00e1llat-gy\u00f3gy\u00e1szat 2. A fakult\u00e1ci\u00f3s el\u0151ad\u00e1sok sor\u00e1n olyan kev\u00e9sb\u00e9 ismert \u00e1llatfajok (\u00e1llatkerti, illetve m\u00e1r ipari termel\u00e9sben is haszn\u00e1lt fajok) szaporod\u00e1sbiol\u00f3gi\u00e1j\u00e1val, illetve a megment\u00e9s\u00fck \u00e9rdek\u00e9ben l\u00e9trehozott teny\u00e9szprogramokkal ismerkedhetnek meg az \u00e9rdekl\u0151d\u0151 hallgat\u00f3k.<\/p>\n","protected":false},"author":3837,"featured_media":0,"parent":677,"menu_order":0,"comment_status":"open","ping_status":"open","template":"","meta":{"_acf_changed":false,"footnotes":""},"categories":[],"tags":[],"class_list":["post-90428","page","type-page","status-publish","hentry"],"acf":[],"_links":{"self":[{"href":"https:\/\/univet.hu\/hu\/wp-json\/wp\/v2\/pages\/90428","targetHints":{"allow":["GET"]}}],"collection":[{"href":"https:\/\/univet.hu\/hu\/wp-json\/wp\/v2\/pages"}],"about":[{"href":"https:\/\/univet.hu\/hu\/wp-json\/wp\/v2\/types\/page"}],"author":[{"embeddable":true,"href":"https:\/\/univet.hu\/hu\/wp-json\/wp\/v2\/users\/3837"}],"replies":[{"embeddable":true,"href":"https:\/\/univet.hu\/hu\/wp-json\/wp\/v2\/comments?post=90428"}],"version-history":[{"count":0,"href":"https:\/\/univet.hu\/hu\/wp-json\/wp\/v2\/pages\/90428\/revisions"}],"up":[{"embeddable":true,"href":"https:\/\/univet.hu\/hu\/wp-json\/wp\/v2\/pages\/677"}],"wp:attachment":[{"href":"https:\/\/univet.hu\/hu\/wp-json\/wp\/v2\/media?parent=90428"}],"wp:term":[{"taxonomy":"category","embeddable":true,"href":"https:\/\/univet.hu\/hu\/wp-json\/wp\/v2\/categories?post=90428"},{"taxonomy":"post_tag","embeddable":true,"href":"https:\/\/univet.hu\/hu\/wp-json\/wp\/v2\/tags?post=90428"}],"curies":[{"name":"wp","href":"https:\/\/api.w.org\/{rel}","templated":true}]}}