{"id":90445,"date":"2023-08-01T12:01:25","date_gmt":"2023-08-01T10:01:25","guid":{"rendered":"https:\/\/univet.hu\/hu\/egyetem\/szervezeti-egysegek\/elelmiszerlanc-tudomanyi-intezet\/digitalis-elelmiszerlanc-oktatasi-kutatasi-fejlesztesi-es-innovacios-intezet\/name\/"},"modified":"2026-05-07T12:13:15","modified_gmt":"2026-05-07T10:13:15","slug":"konzultacios-orak","status":"publish","type":"page","link":"https:\/\/univet.hu\/hu\/egyetem\/szervezeti-egysegek\/elelmiszerlanc-tudomanyi-intezet\/tanszekek\/digitalis-elelmiszertudomanyi-tanszek\/konzultacios-orak\/","title":{"rendered":"Konzult\u00e1ci\u00f3s \u00f3r\u00e1k"},"content":{"rendered":"<p style=\"text-align: center\"><strong>\u00a0<\/strong><\/p> <p style=\"text-align: center\"><span style=\"font-size: 14pt\"><strong>2025\/2026 2. f\u00e9l\u00e9v<\/strong><\/span><\/p> <p>&nbsp;<\/p> <table class=\"aligncenter\" style=\"height: 1347px;border-style: solid;width: 74.3698%;border-color: #ababab\" width=\"576\"> <tbody> <tr> <td style=\"vertical-align: middle;width: 41.9546%\"><strong>Oktat\u00f3<\/strong><\/td> <td style=\"vertical-align: middle;width: 34.8256%\"><strong>El\u00e9rhet\u0151s\u00e9g<\/strong><\/td> <td style=\"vertical-align: middle;text-align: center;width: 52.3417%;height: 50px\" colspan=\"2\" scope=\"colgroup\"><strong>Id\u0151pont<\/strong><\/td> <\/tr> <tr> <td style=\"vertical-align: middle;width: 41.9546%\"> <p><strong>Dr. Farkas Zsuzsa<\/strong><\/p> <p>tansz\u00e9kvezet\u0151<\/td> <td style=\"vertical-align: middle;width: 34.8256%\"><a class=\"decrypt\" rel=\"gbslbt\/{tv{tbAvojwfu\/iv\" href=\"javascript:void(0);\">[Kattintson az emailc\u00edmhez]<\/a><\/td> <td style=\"vertical-align: middle;text-align: center;width: 12.2749%\">kedd<\/td> <td style=\"vertical-align: middle;text-align: center;width: 40.0668%;height: 50px\" scope=\"colgroup\">14<sup>00<\/sup>-15<sup>00<\/sup><\/td> <\/tr> <tr style=\"height: 50px\"> <td style=\"vertical-align: middle;width: 41.9546%;height: 50px\" scope=\"col\"> <p><strong>Csorba Szilveszter<\/strong><\/p> <p>kutat\u00f3-elemz\u0151<\/td> <td style=\"vertical-align: middle;width: 34.8256%\"><a class=\"decrypt\" rel=\"dtpscb\/t{jmwft{ufsAvojwfu\/iv\" href=\"javascript:void(0);\">[Kattintson az emailc\u00edmhez]<\/a><\/td> <td style=\"vertical-align: middle;text-align: center;width: 12.2749%;height: 50px\" scope=\"colgroup\">kedd<\/td> <td style=\"vertical-align: middle;text-align: center;width: 40.0668%;height: 50px\" scope=\"colgroup\">13<sup>00<\/sup>-14<sup>00<\/sup><\/td> <\/tr> <tr style=\"height: 50px\"> <td style=\"vertical-align: middle;width: 41.9546%;height: 50px\" scope=\"col\"> <p><strong>Orsz\u00e1gh Erika<\/strong><\/p> <p>kutat\u00f3-elemz\u0151<\/td> <td style=\"vertical-align: middle;width: 34.8256%\"><a class=\"decrypt\" rel=\"pst{bhi\/fsjlbAvojwfu\/iv\" href=\"javascript:void(0);\">[Kattintson az emailc\u00edmhez]<\/a><\/td> <td style=\"vertical-align: middle;text-align: center;width: 12.2749%;height: 50px\" scope=\"colgroup\">kedd<\/td> <td style=\"vertical-align: middle;text-align: center;width: 40.0668%;height: 50px\" scope=\"colgroup\">15<sup>00<\/sup>-16<sup>00<\/sup><\/td> <\/tr> <tr style=\"height: 50px\"> <td style=\"vertical-align: middle;width: 41.9546%;height: 50px\" scope=\"col\"> <p><strong>Vrib\u00e9k Kriszti\u00e1n<\/strong><\/p> <p>kutat\u00f3-elemz\u0151<\/td> <td style=\"vertical-align: middle;width: 34.8256%\"><a class=\"decrypt\" rel=\"wsjcfl\/lsjt{ujboAvojwfu\/iv\" href=\"javascript:void(0);\">[Kattintson az emailc\u00edmhez]<\/a><\/td> <td style=\"vertical-align: middle;text-align: center;width: 12.2749%;height: 50px\" scope=\"colgroup\">kedd<\/td> <td style=\"vertical-align: middle;text-align: center;width: 40.0668%;height: 50px\" scope=\"colgroup\">13<sup>00<\/sup>-14<sup>00<\/sup><\/td> <\/tr> <\/tbody> <\/table> <p>&nbsp;<\/p>","protected":false},"excerpt":{"rendered":"<p>\u00a0 2025\/2026 2. f\u00e9l\u00e9v &nbsp; Oktat\u00f3 El\u00e9rhet\u0151s\u00e9g Id\u0151pont Dr. Farkas Zsuzsa tansz\u00e9kvezet\u0151 [Kattintson az emailc\u00edmhez] kedd 1400-1500 Csorba Szilveszter kutat\u00f3-elemz\u0151 [Kattintson az emailc\u00edmhez] kedd 1300-1400 Orsz\u00e1gh Erika kutat\u00f3-elemz\u0151 [Kattintson az emailc\u00edmhez] kedd 1500-1600 Vrib\u00e9k Kriszti\u00e1n kutat\u00f3-elemz\u0151 [Kattintson az emailc\u00edmhez] kedd 1300-1400 &nbsp;<\/p>\n","protected":false},"author":3837,"featured_media":0,"parent":54581,"menu_order":0,"comment_status":"open","ping_status":"open","template":"","meta":{"_acf_changed":false,"footnotes":""},"categories":[],"tags":[],"class_list":["post-90445","page","type-page","status-publish","hentry"],"acf":[],"_links":{"self":[{"href":"https:\/\/univet.hu\/hu\/wp-json\/wp\/v2\/pages\/90445","targetHints":{"allow":["GET"]}}],"collection":[{"href":"https:\/\/univet.hu\/hu\/wp-json\/wp\/v2\/pages"}],"about":[{"href":"https:\/\/univet.hu\/hu\/wp-json\/wp\/v2\/types\/page"}],"author":[{"embeddable":true,"href":"https:\/\/univet.hu\/hu\/wp-json\/wp\/v2\/users\/3837"}],"replies":[{"embeddable":true,"href":"https:\/\/univet.hu\/hu\/wp-json\/wp\/v2\/comments?post=90445"}],"version-history":[{"count":5,"href":"https:\/\/univet.hu\/hu\/wp-json\/wp\/v2\/pages\/90445\/revisions"}],"predecessor-version":[{"id":206678,"href":"https:\/\/univet.hu\/hu\/wp-json\/wp\/v2\/pages\/90445\/revisions\/206678"}],"up":[{"embeddable":true,"href":"https:\/\/univet.hu\/hu\/wp-json\/wp\/v2\/pages\/54581"}],"wp:attachment":[{"href":"https:\/\/univet.hu\/hu\/wp-json\/wp\/v2\/media?parent=90445"}],"wp:term":[{"taxonomy":"category","embeddable":true,"href":"https:\/\/univet.hu\/hu\/wp-json\/wp\/v2\/categories?post=90445"},{"taxonomy":"post_tag","embeddable":true,"href":"https:\/\/univet.hu\/hu\/wp-json\/wp\/v2\/tags?post=90445"}],"curies":[{"name":"wp","href":"https:\/\/api.w.org\/{rel}","templated":true}]}}