{"id":90460,"date":"2023-08-01T12:27:59","date_gmt":"2023-08-01T10:27:59","guid":{"rendered":"https:\/\/univet.hu\/hu\/egyetem\/szervezeti-egysegek\/elelmiszerlanc-tudomanyi-intezet\/digitalis-elelmiszerlanc-oktatasi-kutatasi-fejlesztesi-es-innovacios-intezet\/name\/"},"modified":"2025-05-29T11:37:37","modified_gmt":"2025-05-29T09:37:37","slug":"szakdolgozat","status":"publish","type":"page","link":"https:\/\/univet.hu\/hu\/egyetem\/szervezeti-egysegek\/elelmiszerlanc-tudomanyi-intezet\/tanszekek\/digitalis-elelmiszerlanc-oktatasi-kutatasi-fejlesztesi-es-innovacios-intezet\/szakdolgozat\/","title":{"rendered":"Szakdolgozat"},"content":{"rendered":"<p style=\"text-align: center\">\u00daj t\u00e9m\u00e1k v\u00e1rhat\u00f3an 2025 \u0151sz\u00e9n ker\u00fclnek meghirdet\u00e9sre.<\/p> <p style=\"text-align: center\"> <table class=\"aligncenter\" style=\"height: 651px;border-style: solid;width: 72.804%;border-color: #ababab\" width=\"335\"> <tbody> <tr style=\"height: 50px\"> <td style=\"width: 13.6822%;height: 50px;text-align: left;vertical-align: middle\" scope=\"col\"><strong>T\u00e9mavezet\u0151<\/strong><\/td> <td style=\"height: 50px;width: 17.6309%;text-align: left;vertical-align: middle\" scope=\"col\"><strong>El\u00e9rhet\u0151s\u00e9g<\/strong><\/td> <td style=\"text-align: center;vertical-align: middle;width: 31.405%;height: 50px\" scope=\"col\"><strong>T\u00e9ma c\u00edme<\/strong><\/td> <td style=\"text-align: center;vertical-align: middle;width: 13.6822%;height: 50px\" scope=\"col\"><strong>Szabad \/ foglalt<\/strong><\/td> <\/tr> <tr> <td style=\"width: 13.6822%;text-align: left;vertical-align: middle\"> <p>Dr. Engelhardt Tekla<\/p> <p>Dr. Strang Orsolya<\/td> <td style=\"width: 17.6309%;text-align: left;vertical-align: middle\"> <p><a class=\"decrypt\" rel=\"fohfmibseu\/uflmbAvojwfu\/iv\" href=\"javascript:void(0);\">[Kattintson az emailc\u00edmhez]<\/a><\/p> <p><a class=\"decrypt\" rel=\"tusboh\/pstpmzbAvojwfu\/iv\" href=\"javascript:void(0);\">[Kattintson az emailc\u00edmhez]<\/a><\/td> <td style=\"text-align: center;vertical-align: middle;width: 31.405%\">Az \u00e9lelmiszerekkel \u00e9rintkez\u00e9sbe ker\u00fcl\u0151 anyagokkal\/ fenntarthat\u00f3 csomagol\u00e1ssal kapcsolatos kock\u00e1zatok<\/td> <td style=\"text-align: center;vertical-align: middle;width: 13.6822%\">foglalt<\/td> <\/tr> <tr style=\"height: 50px\"> <td style=\"width: 13.6822%;height: 50px;text-align: left;vertical-align: middle\" scope=\"col\">\u00a0Dr. Farkas Zsuzsa<\/td> <td style=\"height: 50px;width: 17.6309%;text-align: left;vertical-align: middle\" scope=\"col\">\u00a0<a class=\"decrypt\" rel=\"gbslbt\/{tv{tbAvojwfu\/iv\" href=\"javascript:void(0);\">[Kattintson az emailc\u00edmhez]<\/a><\/td> <td style=\"text-align: center;vertical-align: middle;width: 31.405%;height: 50px\" scope=\"col\">Alternat\u00edv feh\u00e9rj\u00e9kben el\u0151fordul\u00f3 k\u00e9miai szennyez\u0151k<\/td> <td style=\"text-align: center;vertical-align: middle;width: 13.6822%;height: 50px\" scope=\"col\">foglalt<\/td> <\/tr> <tr style=\"height: 50px\"> <td style=\"width: 13.6822%;height: 50px;text-align: left;vertical-align: middle\" scope=\"col\">\u00a0Dr. Farkas Zsuzsa<\/td> <td style=\"height: 50px;width: 17.6309%;text-align: left;vertical-align: middle\" scope=\"col\">\u00a0<a class=\"decrypt\" rel=\"gbslbt\/{tv{tbAvojwfu\/iv\" href=\"javascript:void(0);\">[Kattintson az emailc\u00edmhez]<\/a><\/td> <td style=\"text-align: center;vertical-align: middle;width: 31.405%;height: 50px\" scope=\"col\">\u00c9trendkieg\u00e9sz\u00edt\u0151k eg\u00e9szs\u00e9g\u00fcgyi kock\u00e1zatai<\/td> <td style=\"text-align: center;vertical-align: middle;width: 13.6822%;height: 50px\" scope=\"col\">foglalt<\/td> <\/tr> <tr style=\"height: 24px\"> <td style=\"width: 13.6822%;text-align: left;vertical-align: middle;height: 24px\">Dr. Farkas Zsuzsa<\/td> <td style=\"width: 17.6309%;text-align: left;vertical-align: middle;height: 24px\"><a class=\"decrypt\" rel=\"gbslbt\/{tv{tbAvojwfu\/iv\" href=\"javascript:void(0);\">[Kattintson az emailc\u00edmhez]<\/a><\/td> <td style=\"text-align: center;vertical-align: middle;width: 31.405%;height: 24px\">Ultrafeldolgozott \u00e9lelmiszerekkel kapcsolatos kock\u00e1zatok<\/td> <td style=\"text-align: center;vertical-align: middle;width: 13.6822%;height: 24px\">\u00a0foglalt<\/td> <\/tr> <tr style=\"height: 50px\"> <td style=\"width: 13.6822%;height: 50px;text-align: left;vertical-align: middle\" scope=\"col\"> <p>Dr. Engelhardt Tekla<\/p> <p>Dr. Strang Orsolya<\/td> <td style=\"height: 50px;width: 17.6309%;text-align: left;vertical-align: middle\" scope=\"col\"> <p><a class=\"decrypt\" rel=\"fohfmibseu\/uflmbAvojwfu\/iv\" href=\"javascript:void(0);\">[Kattintson az emailc\u00edmhez]<\/a><\/p> <p><a class=\"decrypt\" rel=\"tusboh\/pstpmzbAvojwfu\/iv\" href=\"javascript:void(0);\">[Kattintson az emailc\u00edmhez]<\/a><\/td> <td style=\"text-align: center;vertical-align: middle;width: 31.405%;height: 50px\" scope=\"col\">\u00c9des\u00edt\u0151szerekkel kapcsolatos kock\u00e1zatok<\/td> <td style=\"text-align: center;vertical-align: middle;width: 13.6822%;height: 50px\" scope=\"col\">foglalt<\/td> <\/tr> <tr> <td style=\"width: 13.6822%;text-align: left;vertical-align: middle\">Dr. Engelhardt Tekla<\/td> <td style=\"width: 17.6309%;text-align: left;vertical-align: middle\"><a class=\"decrypt\" rel=\"fohfmibseu\/uflmbAvojwfu\/iv\" href=\"javascript:void(0);\">[Kattintson az emailc\u00edmhez]<\/a><\/td> <td style=\"text-align: center;vertical-align: middle;width: 31.405%\">L\u00f3klinikai j\u00f3 higi\u00e9niai gyakorlatok<\/td> <td style=\"text-align: center;vertical-align: middle;width: 13.6822%\">foglalt<\/td> <\/tr> <tr style=\"height: 50px\"> <td style=\"width: 13.6822%;height: 50px;text-align: left;vertical-align: middle\" scope=\"col\">Dr. Engelhardt Tekla<\/td> <td style=\"height: 50px;width: 17.6309%;text-align: left;vertical-align: middle\" scope=\"col\"><a class=\"decrypt\" rel=\"fohfmibseu\/uflmbAvojwfu\/iv\" href=\"javascript:void(0);\">[Kattintson az emailc\u00edmhez]<\/a><\/td> <td style=\"text-align: center;vertical-align: middle;width: 31.405%;height: 50px\" scope=\"col\">Antibiotikumok boml\u00e1sterm\u00e9keinek vizsg\u00e1lata E. coli AMR kialakul\u00e1s\u00e1nak \u00f6sszef\u00fcgg\u00e9s\u00e9ben<\/td> <td style=\"text-align: center;vertical-align: middle;width: 13.6822%;height: 50px\" scope=\"col\">foglalt<\/td> <\/tr> <tr> <td style=\"width: 13.6822%;text-align: left;vertical-align: middle\">Dr. Engelhardt Tekla<\/td> <td style=\"width: 17.6309%;text-align: left;vertical-align: middle\"><a class=\"decrypt\" rel=\"fohfmibseu\/uflmbAvojwfu\/iv\" href=\"javascript:void(0);\">[Kattintson az emailc\u00edmhez]<\/a><\/td> <td style=\"text-align: center;vertical-align: middle;width: 31.405%\">Az F2F-l\u00e9tes\u00edtm\u00e9nyekre vonatkoz\u00f3 biztons\u00e1gi ir\u00e1nymutat\u00e1sok szabv\u00e1nyos\u00edt\u00e1si lehet\u0151s\u00e9gei<\/td> <td style=\"text-align: center;vertical-align: middle;width: 13.6822%\">foglalt<\/td> <\/tr> <\/tbody> <\/table> <p>&nbsp;<\/p> <p style=\"text-align: center\"><span style=\"font-size: 14pt\"><strong>Kor\u00e1bbi szakdolgozatok<\/strong><\/span><\/p> <table class=\"aligncenter\" style=\"height: 711px;width: 79.3216%\" width=\"650\"> <tbody> <tr style=\"height: 50px\"> <td style=\"height: 50px;width: 13.913%;text-align: left;vertical-align: middle\" scope=\"col\"><strong>T\u00e9mavezet\u0151<\/strong><\/td> <td style=\"height: 50px;width: 16.0475%;text-align: left;vertical-align: middle\" scope=\"col\"><strong>El\u00e9rhet\u0151s\u00e9g<\/strong><\/td> <td style=\"text-align: center;vertical-align: middle;width: 8.72964%;height: 50px\" scope=\"col\"><strong>Bead\u00e1s \u00e9ve<\/strong><\/td> <td style=\"width: 16.2546%;text-align: left;vertical-align: middle;height: 50px\"><strong>Hallgat\u00f3 neve<br \/> <\/strong><\/td> <td style=\"width: 24.985%;height: 50px;vertical-align: middle\" scope=\"col\"><strong>T\u00e9ma c\u00edme<\/strong><\/td> <\/tr> <tr style=\"height: 50px\"> <td style=\"height: 50px;width: 13.913%;text-align: left;vertical-align: middle\" scope=\"col\"> <p>Dr. J\u00f3\u017awiak \u00c1kos<\/p> <p>Dr. Engelhardt Tekla<\/td> <td style=\"height: 50px;width: 16.0475%;text-align: left;vertical-align: middle\" scope=\"col\"> <p><a class=\"decrypt\" rel=\"kp{xjbl\/blptAvojwfu\/iv\" href=\"javascript:void(0);\">[Kattintson az emailc\u00edmhez]<\/a><\/p> <p><a class=\"decrypt\" rel=\"fohfmibseu\/uflmbAvojwfu\/iv\" href=\"javascript:void(0);\">[Kattintson az emailc\u00edmhez]<\/a><\/td> <td style=\"text-align: center;vertical-align: middle;width: 8.72964%;height: 50px\" scope=\"col\">\u00a02022<\/td> <td style=\"width: 16.2546%;text-align: left;vertical-align: middle;height: 50px\">Silje Karina Grindheim<\/td> <td style=\"width: 24.985%;height: 50px;vertical-align: middle\" scope=\"col\">Rovaralap\u00fa feh\u00e9rj\u00e9k mint takarm\u00e1ny- \u00e9s \u00e9lelmiszerforr\u00e1sok: Az \u00faj technol\u00f3gi\u00e1k \u00e9s a lehets\u00e9ges kock\u00e1zatok szakirodalmi \u00e1ttekint\u00e9se (angol nyelv\u0171)<\/td> <\/tr> <tr style=\"height: 50px\"> <td style=\"height: 50px;width: 13.913%;text-align: left;vertical-align: middle\" scope=\"col\"> <p>Dr. J\u00f3\u017awiak \u00c1kos<\/p> <p>Dr. Engelhardt Tekla<\/td> <td style=\"height: 50px;width: 16.0475%;text-align: left;vertical-align: middle\" scope=\"col\"> <p><a class=\"decrypt\" rel=\"kp{xjbl\/blptAvojwfu\/iv\" href=\"javascript:void(0);\">[Kattintson az emailc\u00edmhez]<\/a><\/p> <p><a class=\"decrypt\" rel=\"fohfmibseu\/uflmbAvojwfu\/iv\" href=\"javascript:void(0);\">[Kattintson az emailc\u00edmhez]<\/a><\/td> <td style=\"text-align: center;vertical-align: middle;width: 8.72964%;height: 50px\" scope=\"col\">\u00a02022<\/td> <td style=\"width: 16.2546%;text-align: left;vertical-align: middle;height: 50px\">Petrovszki Szonja Johanna<\/td> <td style=\"width: 24.985%;height: 50px;vertical-align: middle\" scope=\"col\">A laborat\u00f3riumban el\u0151\u00e1ll\u00edtott h\u00fask\u00e9sz\u00edtm\u00e9nyek mint alternat\u00edv feh\u00e9rjeforr\u00e1sok<\/td> <\/tr> <tr style=\"height: 50px\"> <td style=\"height: 50px;width: 13.913%;text-align: left;vertical-align: middle\" scope=\"col\">Dr. J\u00f3\u017awiak \u00c1kos<\/td> <td style=\"height: 50px;width: 16.0475%;text-align: left;vertical-align: middle\" scope=\"col\"><a class=\"decrypt\" rel=\"kp{xjbl\/blptAvojwfu\/iv\" href=\"javascript:void(0);\">[Kattintson az emailc\u00edmhez]<\/a><\/td> <td style=\"text-align: center;vertical-align: middle;width: 8.72964%;height: 50px\" scope=\"col\">\u00a02022<\/td> <td style=\"width: 16.2546%;text-align: left;vertical-align: middle;height: 50px\">Zorka Mwendwa Rakonczay<\/td> <td style=\"width: 24.985%;height: 50px;vertical-align: middle\" scope=\"col\">Automatiz\u00e1lt h\u00edrsz\u0171r\u00e9s az \u00faj fert\u0151z\u0151 betegs\u00e9gek kock\u00e1zat\u00e1nak azonos\u00edt\u00e1s\u00e1ra a Vikt\u00f3ria-t\u00f3 medenc\u00e9j\u00e9ben (angol nyelv\u0171)<\/td> <\/tr> <tr style=\"height: 50px\"> <td style=\"height: 50px;width: 13.913%;text-align: left;vertical-align: middle\" scope=\"col\"> <p>Dr. J\u00f3\u017awiak \u00c1kos<\/p> <p>Dr. Zentai Andrea<\/td> <td style=\"height: 50px;width: 16.0475%;text-align: left;vertical-align: middle\" scope=\"col\"> <p><a class=\"decrypt\" rel=\"kp{xjbl\/blptAvojwfu\/iv\" href=\"javascript:void(0);\">[Kattintson az emailc\u00edmhez]<\/a><\/p> <p><a class=\"decrypt\" rel=\"{foubj\/boesfbAvojwfu\/iv\" href=\"javascript:void(0);\">[Kattintson az emailc\u00edmhez]<\/a><\/td> <td style=\"text-align: center;vertical-align: middle;width: 8.72964%;height: 50px\" scope=\"col\">\u00a02022<\/td> <td style=\"width: 16.2546%;text-align: left;vertical-align: middle;height: 50px\">Caoimhe Kate Guinan<\/td> <td style=\"width: 24.985%;height: 50px;vertical-align: middle\" scope=\"col\">Az ill\u00f3olajok \u00e9s nanor\u00e9szecsk\u00e9k felhaszn\u00e1l\u00e1sa az \u00e9lelmiszeriparban: \u00e1ttekint\u00e9s (angol nyelv\u0171)<\/td> <\/tr> <tr style=\"height: 50px\"> <td style=\"height: 50px;width: 13.913%;text-align: left;vertical-align: middle\" scope=\"col\">\u00a0Dr. Farkas Zsuzsa<\/td> <td style=\"height: 50px;width: 16.0475%;text-align: left;vertical-align: middle\" scope=\"col\"><a class=\"decrypt\" rel=\"gbslbt\/{tv{tbAvojwfu\/iv\" href=\"javascript:void(0);\">[Kattintson az emailc\u00edmhez]<\/a><\/td> <td style=\"text-align: center;vertical-align: middle;width: 8.72964%;height: 50px\" scope=\"col\">\u00a02023<\/td> <td style=\"width: 16.2546%;text-align: left;vertical-align: middle;height: 50px\">\u00a0Boty\u00e1nszki Gr\u00e9ta<\/td> <td style=\"width: 24.985%;height: 50px;vertical-align: middle\" scope=\"col\">\u00a0CBD-tartalm\u00fa \u00e9trend-kieg\u00e9sz\u00edt\u0151k eg\u00e9szs\u00e9g\u00fcgyi kock\u00e1zatai<\/td> <\/tr> <tr> <td style=\"width: 13.913%;text-align: left;vertical-align: middle\"> <p>Dr. J\u00f3\u017awiak \u00c1kos<\/p> <p>Dr. Farkas Zsuzsa<\/td> <td style=\"width: 16.0475%;text-align: left;vertical-align: middle\"> <p><a class=\"decrypt\" rel=\"kp{xjbl\/blptAvojwfu\/iv\" href=\"javascript:void(0);\">[Kattintson az emailc\u00edmhez]<\/a><\/p> <p><a class=\"decrypt\" rel=\"gbslbt\/{tv{tbAvojwfu\/iv\" href=\"javascript:void(0);\">[Kattintson az emailc\u00edmhez]<\/a><\/td> <td style=\"text-align: center;vertical-align: middle;width: 8.72964%;height: 50px\" scope=\"col\">\u00a02023<\/td> <td style=\"width: 16.2546%;text-align: left;vertical-align: middle\">Ann Mariya<\/td> <td style=\"width: 24.985%;vertical-align: middle\">A k\u00f6rforg\u00e1sos gazdas\u00e1ghoz kapcsol\u00f3d\u00f3 \u00faj \u00e9lelmiszerl\u00e1nc-kock\u00e1zatok<\/td> <\/tr> <\/tbody> <\/table> <p>&nbsp;<\/p>","protected":false},"excerpt":{"rendered":"<p>\u00daj t\u00e9m\u00e1k v\u00e1rhat\u00f3an 2025 \u0151sz\u00e9n ker\u00fclnek meghirdet\u00e9sre. T\u00e9mavezet\u0151 El\u00e9rhet\u0151s\u00e9g T\u00e9ma c\u00edme Szabad \/ foglalt Dr. Engelhardt Tekla Dr. Strang Orsolya [Kattintson az emailc\u00edmhez] [Kattintson az emailc\u00edmhez] Az \u00e9lelmiszerekkel \u00e9rintkez\u00e9sbe ker\u00fcl\u0151 anyagokkal\/ fenntarthat\u00f3 csomagol\u00e1ssal kapcsolatos kock\u00e1zatok foglalt \u00a0Dr. Farkas Zsuzsa \u00a0[Kattintson az emailc\u00edmhez] Alternat\u00edv feh\u00e9rj\u00e9kben el\u0151fordul\u00f3 k\u00e9miai szennyez\u0151k foglalt \u00a0Dr. Farkas Zsuzsa \u00a0[Kattintson az emailc\u00edmhez] \u00c9trendkieg\u00e9sz\u00edt\u0151k<\/p>\n","protected":false},"author":3837,"featured_media":0,"parent":54581,"menu_order":0,"comment_status":"open","ping_status":"open","template":"","meta":{"_acf_changed":false,"footnotes":""},"categories":[],"tags":[],"class_list":["post-90460","page","type-page","status-publish","hentry"],"acf":[],"_links":{"self":[{"href":"https:\/\/univet.hu\/hu\/wp-json\/wp\/v2\/pages\/90460","targetHints":{"allow":["GET"]}}],"collection":[{"href":"https:\/\/univet.hu\/hu\/wp-json\/wp\/v2\/pages"}],"about":[{"href":"https:\/\/univet.hu\/hu\/wp-json\/wp\/v2\/types\/page"}],"author":[{"embeddable":true,"href":"https:\/\/univet.hu\/hu\/wp-json\/wp\/v2\/users\/3837"}],"replies":[{"embeddable":true,"href":"https:\/\/univet.hu\/hu\/wp-json\/wp\/v2\/comments?post=90460"}],"version-history":[{"count":5,"href":"https:\/\/univet.hu\/hu\/wp-json\/wp\/v2\/pages\/90460\/revisions"}],"predecessor-version":[{"id":184392,"href":"https:\/\/univet.hu\/hu\/wp-json\/wp\/v2\/pages\/90460\/revisions\/184392"}],"up":[{"embeddable":true,"href":"https:\/\/univet.hu\/hu\/wp-json\/wp\/v2\/pages\/54581"}],"wp:attachment":[{"href":"https:\/\/univet.hu\/hu\/wp-json\/wp\/v2\/media?parent=90460"}],"wp:term":[{"taxonomy":"category","embeddable":true,"href":"https:\/\/univet.hu\/hu\/wp-json\/wp\/v2\/categories?post=90460"},{"taxonomy":"post_tag","embeddable":true,"href":"https:\/\/univet.hu\/hu\/wp-json\/wp\/v2\/tags?post=90460"}],"curies":[{"name":"wp","href":"https:\/\/api.w.org\/{rel}","templated":true}]}}