{"id":90467,"date":"2023-08-01T12:40:01","date_gmt":"2023-08-01T10:40:01","guid":{"rendered":"https:\/\/univet.hu\/hu\/oktatas\/kurzusok\/new-course-page-2\/"},"modified":"2025-05-12T11:58:23","modified_gmt":"2025-05-12T09:58:23","slug":"az-adatelemzes-alkalmazasi-lehetosegei-az-elelmiszerlanc-biztonsag-teruleten","status":"publish","type":"page","link":"https:\/\/univet.hu\/hu\/oktatas\/kurzusok\/az-adatelemzes-alkalmazasi-lehetosegei-az-elelmiszerlanc-biztonsag-teruleten\/","title":{"rendered":"Az adatelemz\u00e9s alkalmaz\u00e1si lehet\u0151s\u00e9gei az \u00e9lelmiszerl\u00e1nc-biztons\u00e1g ter\u00fclet\u00e9n"},"content":{"rendered":"<p><strong>A tant\u00e1rgy c\u00e9lja<\/strong><\/p> <p>Az \u00e9lelmiszerl\u00e1nc biztons\u00e1g\u00e1nak meg\u00edt\u00e9l\u00e9se, a kock\u00e1zatok elemz\u00e9se \u00e9s adott esetben kezel\u00e9se egyre ink\u00e1bb \u00f6sszetett, sz\u00e1m\u00edt\u00e1s-ig\u00e9nyes elemz\u00e9seket, m\u00f3dszereket ig\u00e9nyel. A t\u00e1rgy \u00e1ltal\u00e1nos c\u00e9lja, hogy megismertesse a hallgat\u00f3kkal az \u00e9lelmiszerl\u00e1nc-biztons\u00e1g ter\u00fclet\u00e9n alkalmazhat\u00f3 sz\u00e1m\u00edt\u00e1studom\u00e1nyi m\u00f3dszerek t\u00e1rh\u00e1z\u00e1t, azok alapjait, alkalmaz\u00e1si lehet\u0151s\u00e9geit \u00e9s korl\u00e1tait.<\/p> <p>&nbsp;<\/p> <p><strong>Sz\u00fcks\u00e9ges el\u0151tanulm\u00e1ny<\/strong><\/p> <p>\u00c1llatorvos k\u00e9pz\u00e9s: \u00c9lelmiszer-higi\u00e9nia I., J\u00e1rv\u00e1nytan I., \u00c1llat-eg\u00e9szs\u00e9g\u00fcgyi igazgat\u00e1stan I.<\/p> <p>Biol\u00f3gus MSc: Biomatematika, Zool\u00f3gia<\/p> <p>&nbsp;<\/p> <p><strong>Felel\u0151s tan\u00e1r<\/strong><\/p> <p>Dr. J\u00f3zwiak \u00c1kos Bernard<\/p> <p>&nbsp;<\/p> <p><strong>A tant\u00e1rgy oktat\u00f3i<br \/> <\/strong><\/p> <p>Dr. S\u00fcth Mikl\u00f3s, Dr. J\u00f3zwiak \u00c1kos Bernard, Csorba Szilveszter, Dr. Engelhardt Tekla, Dr. Farkas Zsuzsa, Orsz\u00e1gh Erika<\/p> <p>&nbsp;<\/p>","protected":false},"excerpt":{"rendered":"<p>A tant\u00e1rgy c\u00e9lja Az \u00e9lelmiszerl\u00e1nc biztons\u00e1g\u00e1nak meg\u00edt\u00e9l\u00e9se, a kock\u00e1zatok elemz\u00e9se \u00e9s adott esetben kezel\u00e9se egyre ink\u00e1bb \u00f6sszetett, sz\u00e1m\u00edt\u00e1s-ig\u00e9nyes elemz\u00e9seket, m\u00f3dszereket ig\u00e9nyel. A t\u00e1rgy \u00e1ltal\u00e1nos c\u00e9lja, hogy megismertesse a hallgat\u00f3kkal az \u00e9lelmiszerl\u00e1nc-biztons\u00e1g ter\u00fclet\u00e9n alkalmazhat\u00f3 sz\u00e1m\u00edt\u00e1studom\u00e1nyi m\u00f3dszerek t\u00e1rh\u00e1z\u00e1t, azok alapjait, alkalmaz\u00e1si lehet\u0151s\u00e9geit \u00e9s korl\u00e1tait. &nbsp; Sz\u00fcks\u00e9ges el\u0151tanulm\u00e1ny \u00c1llatorvos k\u00e9pz\u00e9s: \u00c9lelmiszer-higi\u00e9nia I., J\u00e1rv\u00e1nytan I., \u00c1llat-eg\u00e9szs\u00e9g\u00fcgyi igazgat\u00e1stan I. Biol\u00f3gus<\/p>\n","protected":false},"author":3837,"featured_media":0,"parent":677,"menu_order":0,"comment_status":"open","ping_status":"open","template":"","meta":{"_acf_changed":false,"footnotes":""},"categories":[],"tags":[],"class_list":["post-90467","page","type-page","status-publish","hentry"],"acf":[],"_links":{"self":[{"href":"https:\/\/univet.hu\/hu\/wp-json\/wp\/v2\/pages\/90467","targetHints":{"allow":["GET"]}}],"collection":[{"href":"https:\/\/univet.hu\/hu\/wp-json\/wp\/v2\/pages"}],"about":[{"href":"https:\/\/univet.hu\/hu\/wp-json\/wp\/v2\/types\/page"}],"author":[{"embeddable":true,"href":"https:\/\/univet.hu\/hu\/wp-json\/wp\/v2\/users\/3837"}],"replies":[{"embeddable":true,"href":"https:\/\/univet.hu\/hu\/wp-json\/wp\/v2\/comments?post=90467"}],"version-history":[{"count":1,"href":"https:\/\/univet.hu\/hu\/wp-json\/wp\/v2\/pages\/90467\/revisions"}],"predecessor-version":[{"id":184402,"href":"https:\/\/univet.hu\/hu\/wp-json\/wp\/v2\/pages\/90467\/revisions\/184402"}],"up":[{"embeddable":true,"href":"https:\/\/univet.hu\/hu\/wp-json\/wp\/v2\/pages\/677"}],"wp:attachment":[{"href":"https:\/\/univet.hu\/hu\/wp-json\/wp\/v2\/media?parent=90467"}],"wp:term":[{"taxonomy":"category","embeddable":true,"href":"https:\/\/univet.hu\/hu\/wp-json\/wp\/v2\/categories?post=90467"},{"taxonomy":"post_tag","embeddable":true,"href":"https:\/\/univet.hu\/hu\/wp-json\/wp\/v2\/tags?post=90467"}],"curies":[{"name":"wp","href":"https:\/\/api.w.org\/{rel}","templated":true}]}}