{"id":90470,"date":"2023-08-01T12:41:53","date_gmt":"2023-08-01T10:41:53","guid":{"rendered":"https:\/\/univet.hu\/hu\/oktatas\/kurzusok\/new-course-page-2\/"},"modified":"2024-09-12T15:33:22","modified_gmt":"2024-09-12T13:33:22","slug":"fenntarthatosag-aspektusai-az-elelmiszerlancban","status":"publish","type":"page","link":"https:\/\/univet.hu\/hu\/oktatas\/kurzusok\/fenntarthatosag-aspektusai-az-elelmiszerlancban\/","title":{"rendered":"Fenntarthat\u00f3s\u00e1g aspektusai az \u00e9lelmiszerl\u00e1ncban"},"content":{"rendered":"<p><strong>A tant\u00e1rgy c\u00e9lja<\/strong><\/p> <p>A fenntarthat\u00f3s\u00e1g napjainkban kiemelten kezelend\u0151 k\u00e9rd\u00e9sk\u00f6r. A j\u00f6v\u0151 \u00e1llatorvosai, biol\u00f3gusai, \u00e9lelmiszerl\u00e1nc-biztons\u00e1gi szakemberei sz\u00e1mos megoldand\u00f3 probl\u00e9m\u00e1val fognak szembes\u00fclni, melyhez egy alapot ad a kurzus. Az alapprobl\u00e9m\u00e1kat, a hazai \u00e9s EU-s \u00e1ll\u00e1spontot, a nemzetk\u00f6zi t\u00f6rekv\u00e9seket ismertetj\u00fck 15 h\u00e9ten \u00e1t, t\u00f6bb, a ter\u00fcleten j\u00e1rtas, nemzetk\u00f6zi szinten elismert vend\u00e9goktat\u00f3t bevonva.<\/p> <p>&nbsp;<\/p> <p><strong>Sz\u00fcks\u00e9ges el\u0151tanulm\u00e1ny<\/strong><\/p> <p>&#8211;<\/p> <p><strong>Felel\u0151s tan\u00e1r<\/strong><\/p> <p>Dr. S\u00fcth Mikl\u00f3s<\/p> <p>&nbsp;<\/p> <p><strong>A tant\u00e1rgy oktat\u00f3i<\/strong><\/p> <p>Dr. S\u00fcth Mikl\u00f3s, Dr. J\u00f3\u017awiak \u00c1kos, Csorba Szilveszter, Dr. Farkas Zsuzsa, Orsz\u00e1gh Erika, v\u00e1ltoz\u00f3 vend\u00e9gel\u0151ad\u00f3k<\/p> <p>&nbsp;<\/p>","protected":false},"excerpt":{"rendered":"<p>A tant\u00e1rgy c\u00e9lja A fenntarthat\u00f3s\u00e1g napjainkban kiemelten kezelend\u0151 k\u00e9rd\u00e9sk\u00f6r. A j\u00f6v\u0151 \u00e1llatorvosai, biol\u00f3gusai, \u00e9lelmiszerl\u00e1nc-biztons\u00e1gi szakemberei sz\u00e1mos megoldand\u00f3 probl\u00e9m\u00e1val fognak szembes\u00fclni, melyhez egy alapot ad a kurzus. Az alapprobl\u00e9m\u00e1kat, a hazai \u00e9s EU-s \u00e1ll\u00e1spontot, a nemzetk\u00f6zi t\u00f6rekv\u00e9seket ismertetj\u00fck 15 h\u00e9ten \u00e1t, t\u00f6bb, a ter\u00fcleten j\u00e1rtas, nemzetk\u00f6zi szinten elismert vend\u00e9goktat\u00f3t bevonva. &nbsp; Sz\u00fcks\u00e9ges el\u0151tanulm\u00e1ny &#8211; Felel\u0151s tan\u00e1r<\/p>\n","protected":false},"author":3837,"featured_media":0,"parent":677,"menu_order":0,"comment_status":"open","ping_status":"open","template":"","meta":{"_acf_changed":false,"footnotes":""},"categories":[],"tags":[],"class_list":["post-90470","page","type-page","status-publish","hentry"],"acf":[],"_links":{"self":[{"href":"https:\/\/univet.hu\/hu\/wp-json\/wp\/v2\/pages\/90470","targetHints":{"allow":["GET"]}}],"collection":[{"href":"https:\/\/univet.hu\/hu\/wp-json\/wp\/v2\/pages"}],"about":[{"href":"https:\/\/univet.hu\/hu\/wp-json\/wp\/v2\/types\/page"}],"author":[{"embeddable":true,"href":"https:\/\/univet.hu\/hu\/wp-json\/wp\/v2\/users\/3837"}],"replies":[{"embeddable":true,"href":"https:\/\/univet.hu\/hu\/wp-json\/wp\/v2\/comments?post=90470"}],"version-history":[{"count":0,"href":"https:\/\/univet.hu\/hu\/wp-json\/wp\/v2\/pages\/90470\/revisions"}],"up":[{"embeddable":true,"href":"https:\/\/univet.hu\/hu\/wp-json\/wp\/v2\/pages\/677"}],"wp:attachment":[{"href":"https:\/\/univet.hu\/hu\/wp-json\/wp\/v2\/media?parent=90470"}],"wp:term":[{"taxonomy":"category","embeddable":true,"href":"https:\/\/univet.hu\/hu\/wp-json\/wp\/v2\/categories?post=90470"},{"taxonomy":"post_tag","embeddable":true,"href":"https:\/\/univet.hu\/hu\/wp-json\/wp\/v2\/tags?post=90470"}],"curies":[{"name":"wp","href":"https:\/\/api.w.org\/{rel}","templated":true}]}}