{"id":906,"date":"2017-06-27T13:04:00","date_gmt":"2017-06-27T11:04:00","guid":{"rendered":"http:\/\/univet.hu\/egyetem\/kutatas\/kutatocsoportok\/elelmiszer-toxikologiai-kutatocsoport\/"},"modified":"2026-04-28T10:20:46","modified_gmt":"2026-04-28T08:20:46","slug":"elelmiszer-toxikologiai-kutatocsoport","status":"publish","type":"page","link":"https:\/\/univet.hu\/hu\/kutatas\/kutatocsoportok\/elelmiszer-toxikologiai-kutatocsoport\/","title":{"rendered":"\u00c9lelmiszer-Toxikol\u00f3giai Kutat\u00f3csoport"},"content":{"rendered":"<p>&nbsp;<\/p> <p><strong>KUTAT\u00d3CSOPORT-VEZET\u0150:\u00a0<\/strong>Dr. Lehel J\u00f3zsef, egyetemi docens<\/p> <p><strong>EL\u00c9RHET\u0150S\u00c9G: <\/strong><a class=\"decrypt\" rel=\"mfifm\/kp{tfgAvojwfu\/iv\" href=\"javascript:void(0);\">[Kattintson az emailc\u00edmhez]<\/a><\/p> <p>&nbsp;<\/p> <p><strong>A KUTAT\u00d3CSOPORT TAGJAI<\/strong><\/p> <p style=\"padding-left: 40px\">Dr. dr. habil. Lehel J\u00f3zsef CSc\/PhD, egyetemi docens<\/p> <p style=\"padding-left: 40px\">Dr. Farkas Zsuzsa, tudom\u00e1nyos munkat\u00e1rs<\/p> <p style=\"padding-left: 40px\">Dr. Darnay L\u00edvia, egyetemi adjunktus<\/p> <p style=\"padding-left: 40px\">Dr. Zentai Andrea, tudom\u00e1nyos munkat\u00e1rs<\/p> <p style=\"padding-left: 40px\">Lucs\u00e1nyi Georgina Rebeka, technikus, labor\u00e1ns<\/p> <p style=\"padding-left: 40px\">Szita M\u00f3nika, technikus<\/p> <p>&nbsp;<\/p> <p><strong>KUTAT\u00c1SI TER\u00dcLETEK<\/strong><\/p> <p style=\"padding-left: 40px\">\u00c9lelmiszer-biztons\u00e1g, k\u00e9miai-toxikol\u00f3giai \u00e9lelmiszer-biztons\u00e1g;<\/p> <p style=\"padding-left: 40px\">Testidegen k\u00e9miai szennyez\u0151 anyagok (peszticidek, neh\u00e9zf\u00e9mek) vizsg\u00e1lata \u00e9lelmiszerekben;<\/p> <p style=\"padding-left: 40px\">Gy\u00f3gyszermarad\u00e9kok ehet\u0151 testsz\u00f6vetekben \u00e9s \u00e1llati eredet\u0171 alapterm\u00e9kekben (tej, toj\u00e1s, m\u00e9z);<\/p> <p style=\"padding-left: 40px\">\u00c1llatgy\u00f3gyszerek \u00e9l\u0151 szervezeten bel\u00fcli \u00e9s a k\u00f6rnyezetben val\u00f3 sors\u00e1nak vizsg\u00e1lata;<\/p> <p style=\"padding-left: 40px\">\u00c9lelmiszer-komponensek vizsg\u00e1lata;<\/p> <p style=\"padding-left: 40px\">\u00c1llati eredet\u0171 \u00e9lelmiszerek min\u0151s\u00e9gi jellemz\u0151inek vizsg\u00e1lata.<\/p> <p>&nbsp;<\/p> <p><strong>SZAKMAI SZERVEZETI TAGS\u00c1G<\/strong><\/p> <p style=\"padding-left: 40px\">Magyar Toxikol\u00f3gusok T\u00e1rsas\u00e1ga<\/p> <p style=\"padding-left: 40px\">Eur\u00f3pai \u00c1llatorvos Farmakol\u00f3gusok \u00e9s Toxikol\u00f3gusok T\u00e1rsas\u00e1ga<\/p> <p style=\"padding-left: 40px\">Labor\u00e1llat-tudom\u00e1nyi T\u00e1rsas\u00e1g<\/p> <p style=\"padding-left: 40px\">MTA, \u00c1llatorvostudom\u00e1nyi Bizotts\u00e1g<\/p> <p style=\"padding-left: 40px\">MTA, \u00c9lelmiszer-tudom\u00e1nyi Bizotts\u00e1g<\/p> <p>&nbsp;<\/p> <p><strong>HOSSZ\u00daT\u00c1V\u00da EGY\u00dcTTM\u0170K\u00d6D\u00c9SEK<\/strong><\/p> <p style=\"padding-left: 40px\"><strong>Hazai kapcsolatok \u00e9s egy\u00fcttm\u0171k\u00f6d\u00e9sek<\/strong><\/p> <p style=\"padding-left: 80px\">Magyar Agr\u00e1r-\u00e9s \u00c9lettudom\u00e1nyi Egyetem<\/p> <p style=\"padding-left: 80px\">Nemzeti \u00c9lelmiszerl\u00e1nc-biztons\u00e1gi Hivatal, \u00c9lelmiszer-\u00e9s Takarm\u00e1nybiztons\u00e1gi Igazgat\u00f3s\u00e1g<\/p> <p style=\"padding-left: 40px\"><strong>Nemzetk\u00f6zi kapcsolatok \u00e9s egy\u00fcttm\u0171k\u00f6d\u00e9sek<\/strong><\/p> <p style=\"padding-left: 80px\">European Food Sahety Authority<\/p> <p style=\"padding-left: 80px\">FAO\/WHO Codex Committee of methods of Analysis and Sampling<\/p> <p style=\"padding-left: 80px\">Swedish Food Agency<\/p> <p style=\"padding-left: 80px\">Lusof\u00f3na University (Portugalia)<\/p> <p style=\"padding-left: 80px\">ASAE (Portugalia)<\/p> <p>&nbsp;<\/p> <p><strong>IG\u00c9NYELHET\u0150 SZOLG\u00c1LTAT\u00c1SOK<\/strong><\/p> <p style=\"padding-left: 40px\">Testidegen k\u00e9miai szennyez\u0151k vizsg\u00e1lata \u00e9lelmiszerekben<\/p> <p style=\"padding-left: 40px\">Gy\u00f3gyszer-marad\u00e9kanyag vizsg\u00e1latok<\/p> <p style=\"padding-left: 40px\">Farmakokinetikai vizsg\u00e1latok<\/p> <p style=\"padding-left: 40px\">Bio-egyen\u00e9rt\u00e9k\u0171s\u00e9gi vizsg\u00e1latok<\/p> <p>&nbsp;<\/p> <p><img loading=\"lazy\" decoding=\"async\" class=\"wp-image-206392 aligncenter\" src=\"https:\/\/univet.hu\/wp-content\/uploads\/2026\/04\/Elelmiszer-toxikologiai-Kutatocsoport-1-320x180.jpg\" alt=\"\" width=\"569\" height=\"320\" srcset=\"https:\/\/univet.hu\/wp-content\/uploads\/2026\/04\/Elelmiszer-toxikologiai-Kutatocsoport-1-320x180.jpg 320w, https:\/\/univet.hu\/wp-content\/uploads\/2026\/04\/Elelmiszer-toxikologiai-Kutatocsoport-1-960x540.jpg 960w, https:\/\/univet.hu\/wp-content\/uploads\/2026\/04\/Elelmiszer-toxikologiai-Kutatocsoport-1-768x432.jpg 768w, https:\/\/univet.hu\/wp-content\/uploads\/2026\/04\/Elelmiszer-toxikologiai-Kutatocsoport-1.jpg 1280w\" sizes=\"auto, (max-width: 569px) 100vw, 569px\" \/><\/p> <p><img loading=\"lazy\" decoding=\"async\" class=\"wp-image-206389 aligncenter\" src=\"https:\/\/univet.hu\/wp-content\/uploads\/2026\/04\/Techo-6-320x180.jpg\" alt=\"\" width=\"570\" height=\"320\" srcset=\"https:\/\/univet.hu\/wp-content\/uploads\/2026\/04\/Techo-6-320x180.jpg 320w, https:\/\/univet.hu\/wp-content\/uploads\/2026\/04\/Techo-6-960x540.jpg 960w, https:\/\/univet.hu\/wp-content\/uploads\/2026\/04\/Techo-6-768x432.jpg 768w, https:\/\/univet.hu\/wp-content\/uploads\/2026\/04\/Techo-6.jpg 1280w\" sizes=\"auto, (max-width: 570px) 100vw, 570px\" \/><\/p>","protected":false},"excerpt":{"rendered":"<p>&nbsp; KUTAT\u00d3CSOPORT-VEZET\u0150:\u00a0Dr. Lehel J\u00f3zsef, egyetemi docens EL\u00c9RHET\u0150S\u00c9G: [Kattintson az emailc\u00edmhez] &nbsp; A KUTAT\u00d3CSOPORT TAGJAI Dr. dr. habil. Lehel J\u00f3zsef CSc\/PhD, egyetemi docens Dr. Farkas Zsuzsa, tudom\u00e1nyos munkat\u00e1rs Dr. Darnay L\u00edvia, egyetemi adjunktus Dr. Zentai Andrea, tudom\u00e1nyos munkat\u00e1rs Lucs\u00e1nyi Georgina Rebeka, technikus, labor\u00e1ns Szita M\u00f3nika, technikus &nbsp; KUTAT\u00c1SI TER\u00dcLETEK \u00c9lelmiszer-biztons\u00e1g, k\u00e9miai-toxikol\u00f3giai \u00e9lelmiszer-biztons\u00e1g; Testidegen k\u00e9miai szennyez\u0151 anyagok<\/p>\n","protected":false},"author":1,"featured_media":0,"parent":870,"menu_order":228,"comment_status":"closed","ping_status":"closed","template":"","meta":{"_acf_changed":false,"footnotes":""},"categories":[],"tags":[],"class_list":["post-906","page","type-page","status-publish","hentry"],"acf":[],"_links":{"self":[{"href":"https:\/\/univet.hu\/hu\/wp-json\/wp\/v2\/pages\/906","targetHints":{"allow":["GET"]}}],"collection":[{"href":"https:\/\/univet.hu\/hu\/wp-json\/wp\/v2\/pages"}],"about":[{"href":"https:\/\/univet.hu\/hu\/wp-json\/wp\/v2\/types\/page"}],"author":[{"embeddable":true,"href":"https:\/\/univet.hu\/hu\/wp-json\/wp\/v2\/users\/1"}],"replies":[{"embeddable":true,"href":"https:\/\/univet.hu\/hu\/wp-json\/wp\/v2\/comments?post=906"}],"version-history":[{"count":5,"href":"https:\/\/univet.hu\/hu\/wp-json\/wp\/v2\/pages\/906\/revisions"}],"predecessor-version":[{"id":206414,"href":"https:\/\/univet.hu\/hu\/wp-json\/wp\/v2\/pages\/906\/revisions\/206414"}],"up":[{"embeddable":true,"href":"https:\/\/univet.hu\/hu\/wp-json\/wp\/v2\/pages\/870"}],"wp:attachment":[{"href":"https:\/\/univet.hu\/hu\/wp-json\/wp\/v2\/media?parent=906"}],"wp:term":[{"taxonomy":"category","embeddable":true,"href":"https:\/\/univet.hu\/hu\/wp-json\/wp\/v2\/categories?post=906"},{"taxonomy":"post_tag","embeddable":true,"href":"https:\/\/univet.hu\/hu\/wp-json\/wp\/v2\/tags?post=906"}],"curies":[{"name":"wp","href":"https:\/\/api.w.org\/{rel}","templated":true}]}}