{"id":90626,"date":"2023-08-08T11:59:16","date_gmt":"2023-08-08T09:59:16","guid":{"rendered":"https:\/\/univet.hu\/hu\/egyetem\/szervezeti-egysegek\/elelmiszerlanc-tudomanyi-intezet\/alkalmazott-elelmiszertudomanyi-tanszek\/konzultacios_orak\/"},"modified":"2026-03-31T11:11:17","modified_gmt":"2026-03-31T09:11:17","slug":"konzultacios-orak","status":"publish","type":"page","link":"https:\/\/univet.hu\/hu\/egyetem\/szervezeti-egysegek\/elelmiszerlanc-tudomanyi-intezet\/tanszekek\/alkalmazott-elelmiszertudomanyi-tanszek\/konzultacios-orak\/","title":{"rendered":"Konzult\u00e1ci\u00f3s \u00f3r\u00e1k"},"content":{"rendered":"<p>&nbsp;<\/p> <table style=\"height: 81px\" width=\"511\"> <tbody> <tr> <th style=\"width: 248.507px;text-align: center\">\u00d3raad\u00f3 oktat\u00f3<\/th> <th style=\"width: 248.524px;text-align: center\">Id\u0151pont<\/th> <\/tr> <tr> <td style=\"width: 248.507px\"> <p>\u00a0<strong>Dr. Kasza Gyula<\/strong><\/p> <p><a class=\"decrypt\" rel=\"lbt{b\/hzvmbAvojwfu\/iv\" href=\"javascript:void(0);\">[Kattintson az emailc\u00edmhez]<\/a><\/p> <p>egyetemi docens<\/td> <td style=\"width: 248.524px;text-align: right\">Cs\u00fct\u00f6rt\u00f6k 9:15- 10:00<\/td> <\/tr> <tr> <td style=\"width: 248.507px\"> <p><strong style=\"font-family: inherit;font-size: inherit\">Dr. Szakos D\u00e1vid<\/strong><\/p> <p><a class=\"decrypt\" rel=\"t{blpt\/ebwjeAvojwfu\/iv\" href=\"javascript:void(0);\">[Kattintson az emailc\u00edmhez]<\/a><\/p> <p>tudom\u00e1nyos munkat\u00e1rs<\/p> <p>&nbsp;<\/td> <td style=\"width: 248.524px;text-align: right\">Cs\u00fct\u00f6rt\u00f6k 9:15- 10:00<\/td> <\/tr> <tr> <td style=\"width: 248.507px\"> <p>\u00a0<strong style=\"font-family: inherit;font-size: inherit\">Kunszab\u00f3 Atilla<\/strong><\/p> <p><a class=\"decrypt\" rel=\"lvot{bcp\/bujmmbAvojwfu\/iv\" href=\"javascript:void(0);\">[Kattintson az emailc\u00edmhez]<\/a><\/p> <p>tudom\u00e1nyos seg\u00e9dmunkat\u00e1rs<\/td> <td style=\"width: 248.524px;text-align: right\">\u00a0Cs\u00fct\u00f6rt\u00f6k 9:15- 10:00<\/td> <\/tr> <\/tbody> <\/table> <p>&nbsp;<\/p>","protected":false},"excerpt":{"rendered":"<p>&nbsp; \u00d3raad\u00f3 oktat\u00f3 Id\u0151pont \u00a0Dr. Kasza Gyula [Kattintson az emailc\u00edmhez] egyetemi docens Cs\u00fct\u00f6rt\u00f6k 9:15- 10:00 Dr. Szakos D\u00e1vid [Kattintson az emailc\u00edmhez] tudom\u00e1nyos munkat\u00e1rs &nbsp; Cs\u00fct\u00f6rt\u00f6k 9:15- 10:00 \u00a0Kunszab\u00f3 Atilla [Kattintson az emailc\u00edmhez] tudom\u00e1nyos seg\u00e9dmunkat\u00e1rs \u00a0Cs\u00fct\u00f6rt\u00f6k 9:15- 10:00 &nbsp;<\/p>\n","protected":false},"author":3837,"featured_media":0,"parent":88309,"menu_order":0,"comment_status":"open","ping_status":"open","template":"","meta":{"_acf_changed":false,"footnotes":""},"categories":[],"tags":[],"class_list":["post-90626","page","type-page","status-publish","hentry"],"acf":[],"_links":{"self":[{"href":"https:\/\/univet.hu\/hu\/wp-json\/wp\/v2\/pages\/90626","targetHints":{"allow":["GET"]}}],"collection":[{"href":"https:\/\/univet.hu\/hu\/wp-json\/wp\/v2\/pages"}],"about":[{"href":"https:\/\/univet.hu\/hu\/wp-json\/wp\/v2\/types\/page"}],"author":[{"embeddable":true,"href":"https:\/\/univet.hu\/hu\/wp-json\/wp\/v2\/users\/3837"}],"replies":[{"embeddable":true,"href":"https:\/\/univet.hu\/hu\/wp-json\/wp\/v2\/comments?post=90626"}],"version-history":[{"count":1,"href":"https:\/\/univet.hu\/hu\/wp-json\/wp\/v2\/pages\/90626\/revisions"}],"predecessor-version":[{"id":204573,"href":"https:\/\/univet.hu\/hu\/wp-json\/wp\/v2\/pages\/90626\/revisions\/204573"}],"up":[{"embeddable":true,"href":"https:\/\/univet.hu\/hu\/wp-json\/wp\/v2\/pages\/88309"}],"wp:attachment":[{"href":"https:\/\/univet.hu\/hu\/wp-json\/wp\/v2\/media?parent=90626"}],"wp:term":[{"taxonomy":"category","embeddable":true,"href":"https:\/\/univet.hu\/hu\/wp-json\/wp\/v2\/categories?post=90626"},{"taxonomy":"post_tag","embeddable":true,"href":"https:\/\/univet.hu\/hu\/wp-json\/wp\/v2\/tags?post=90626"}],"curies":[{"name":"wp","href":"https:\/\/api.w.org\/{rel}","templated":true}]}}