{"id":90654,"date":"2023-08-08T13:30:34","date_gmt":"2023-08-08T11:30:34","guid":{"rendered":"https:\/\/univet.hu\/hu\/egyetem\/szervezeti-egysegek\/elelmiszerlanc-tudomanyi-intezet\/alkalmazott-elelmiszertudomanyi-tanszek\/name-2\/"},"modified":"2026-03-31T11:13:02","modified_gmt":"2026-03-31T09:13:02","slug":"kutatas","status":"publish","type":"page","link":"https:\/\/univet.hu\/hu\/egyetem\/szervezeti-egysegek\/elelmiszerlanc-tudomanyi-intezet\/tanszekek\/alkalmazott-elelmiszertudomanyi-tanszek\/kutatas\/","title":{"rendered":"Kutat\u00e1s"},"content":{"rendered":"<h3 data-start=\"84\" data-end=\"113\">KUTAT\u00d3CSOPORT VEZET\u0150JE:<\/h3> <p data-start=\"114\" data-end=\"131\">Dr. Kasza Gyula<\/p> <h3 data-start=\"133\" data-end=\"149\">KAPCSOLAT:<\/h3> <p data-start=\"150\" data-end=\"173\"><a class=\"decorated-link cursor-pointer\" rel=\"noopener\" data-start=\"150\" data-end=\"171\"><a class=\"decrypt\" rel=\"lbt{b\/hzvmbAvojwfu\/iv\" href=\"javascript:void(0);\">[Kattintson az emailc\u00edmhez]<\/a><\/a><\/p> <h3 data-start=\"180\" data-end=\"198\">BEMUTATKOZ\u00c1S<\/h3> <p data-start=\"200\" data-end=\"782\">Kutat\u00f3csoportunk 2022-ben alakult meg a Budapesti \u00c1llatorvostudom\u00e1nyi Egyetemen, azzal a c\u00e9llal, hogy multidiszciplin\u00e1ris kutat\u00e1sokat folytasson az \u00e9lelmiszer-fogyaszt\u00e1s \u00e9s a hullad\u00e9kgazd\u00e1lkod\u00e1s ter\u00fclet\u00e9n. Egyed\u00fcl\u00e1ll\u00f3 kutat\u00e1si tapasztalatokkal rendelkez\u00fcnk a magyar lakoss\u00e1g \u00e9lelmiszer-fogyaszt\u00e1si mint\u00e1zataival, fogyaszt\u00f3i magatart\u00e1s\u00e1val, preferenci\u00e1ival, \u00e9lelmiszerbiztons\u00e1gi kock\u00e1zat\u00e9szlel\u00e9s\u00e9vel \u00e9s \u00e9lelmiszerpazarl\u00e1si szok\u00e1saival kapcsolatban, amelyekhez a 2000-es \u00e9vek eleje \u00f3ta rendszeresen v\u00e9gz\u00fcnk reprezentat\u00edv kvantitat\u00edv felm\u00e9r\u00e9seket \u00e9s felt\u00e1r\u00f3 kvalitat\u00edv vizsg\u00e1latokat.<\/p> <p data-start=\"784\" data-end=\"1113\">Ezen k\u00edv\u00fcl piackutat\u00e1sokat, szak\u00e9rt\u0151i interj\u00fakat \u00e9s hat\u00e1svizsg\u00e1latokat is v\u00e9gz\u00fcnk, valamint stakeholder f\u00f3rumokat szervez\u00fcnk. Adatb\u00e1zisainkat \u00e9s kutat\u00e1si jelent\u00e9seinket sz\u00e9les k\u00f6rben haszn\u00e1lj\u00e1k d\u00f6nt\u00e9shoz\u00f3k \u00e9s egy\u00e9b \u00e9rintettek, t\u00f6bbek k\u00f6z\u00f6tt az Eur\u00f3pai Bizotts\u00e1g, a Magyar Korm\u00e1ny \u00e9s a Nemzeti \u00c9lelmiszerl\u00e1nc-biztons\u00e1gi Hivatal.<\/p> <p data-start=\"1115\" data-end=\"1374\">Nemzetk\u00f6zi PhD-hallgat\u00f3k \u00e9s kutat\u00f3i \u00f6szt\u00f6nd\u00edjasok sz\u00e1m\u00e1ra lehet\u0151s\u00e9get k\u00edn\u00e1lunk arra, hogy lelkes kutat\u00f3csoportunk t\u00e1mogat\u00e1s\u00e1val vizsg\u00e1lj\u00e1k a tudom\u00e1nyos, technol\u00f3giai \u00e9s jogszab\u00e1lyi fejleszt\u00e9sek t\u00e1rsadalmi hat\u00e1sait az \u00e9lelmiszerl\u00e1ncban, eur\u00f3pai kontextusban.<\/p> <p>KUTAT\u00d3CSOPORT TAGJAI:<\/p> <ul> <li data-start=\"1409\" data-end=\"1583\"> <p data-start=\"1411\" data-end=\"1583\"><strong data-start=\"1411\" data-end=\"1430\">Dr. Kasza Gyula<\/strong><br data-start=\"1430\" data-end=\"1433\" \/><a class=\"decorated-link\" href=\"https:\/\/www.researchgate.net\/profile\/Gyula-Kasza\" target=\"_new\" rel=\"noopener\" data-start=\"1435\" data-end=\"1499\">ResearchGate<\/a><br data-start=\"1499\" data-end=\"1502\" \/><a class=\"decorated-link\" href=\"https:\/\/scholar.google.hu\/citations?user=el6pRc0AAAAJ&amp;hl=en\" target=\"_new\" rel=\"noopener\" data-start=\"1504\" data-end=\"1581\">Google Scholar<\/a><\/p> <\/li> <li data-start=\"1585\" data-end=\"1761\"> <p data-start=\"1587\" data-end=\"1761\"><strong data-start=\"1587\" data-end=\"1607\">Dr. Szakos D\u00e1vid<\/strong><br data-start=\"1607\" data-end=\"1610\" \/><a class=\"decorated-link\" href=\"https:\/\/www.researchgate.net\/profile\/David-Szakos\" target=\"_new\" rel=\"noopener\" data-start=\"1612\" data-end=\"1677\">ResearchGate<\/a><br data-start=\"1677\" data-end=\"1680\" \/><a class=\"decorated-link\" href=\"https:\/\/scholar.google.hu\/citations?user=rQ2zPQoAAAAJ&amp;hl=en\" target=\"_new\" rel=\"noopener\" data-start=\"1682\" data-end=\"1759\">Google Scholar<\/a><\/p> <\/li> <li data-start=\"1763\" data-end=\"1942\"> <p data-start=\"1765\" data-end=\"1942\"><strong data-start=\"1765\" data-end=\"1784\">Kunszab\u00f3 Atilla<\/strong><br data-start=\"1784\" data-end=\"1787\" \/><a class=\"decorated-link\" href=\"https:\/\/www.researchgate.net\/profile\/Atilla-Kunszabo\" target=\"_new\" rel=\"noopener\" data-start=\"1789\" data-end=\"1857\">ResearchGate<\/a><br data-start=\"1857\" data-end=\"1860\" \/><a class=\"decorated-link\" href=\"https:\/\/scholar.google.com\/citations?user=t9vYOzMAAAAJ&amp;hl=en\" target=\"_new\" rel=\"noopener\" data-start=\"1862\" data-end=\"1940\">Google Scholar<\/a><\/p> <\/li> <li data-start=\"1944\" data-end=\"2121\"> <p data-start=\"1946\" data-end=\"2121\"><strong data-start=\"1946\" data-end=\"1966\">Dr. Oktay Haykir<\/strong><br data-start=\"1966\" data-end=\"1969\" \/><a class=\"decorated-link\" href=\"https:\/\/www.researchgate.net\/profile\/Oktay-Haykir\" target=\"_new\" rel=\"noopener\" data-start=\"1971\" data-end=\"2036\">ResearchGate<\/a><br data-start=\"2036\" data-end=\"2039\" \/><a class=\"decorated-link\" href=\"https:\/\/scholar.google.com\/citations?user=rF8kM4sAAAAJ&amp;hl=en\" target=\"_new\" rel=\"noopener\" data-start=\"2041\" data-end=\"2119\">Google Scholar<\/a><\/p> <\/li> <li data-start=\"2123\" data-end=\"2172\"> <p data-start=\"2125\" data-end=\"2172\"><strong data-start=\"2125\" data-end=\"2147\">Cs\u00e1sz\u00e1r-Bir\u00f3 \u00c1gnes<\/strong><\/p> <\/li> <li data-start=\"2173\" data-end=\"2217\"> <p data-start=\"2175\" data-end=\"2217\"><strong data-start=\"2175\" data-end=\"2192\">F\u00fcgedi Eszter<\/strong><\/p> <\/li> <li data-start=\"2218\" data-end=\"2264\"> <p data-start=\"2220\" data-end=\"2264\"><strong data-start=\"2220\" data-end=\"2239\">Aquino Aira Joy<\/strong><\/p> <\/li> <li data-start=\"2265\" data-end=\"2310\"> <p data-start=\"2267\" data-end=\"2310\"><strong data-start=\"2267\" data-end=\"2285\">Sinkovics Lili<\/strong><\/p> <\/li> <li data-start=\"2311\" data-end=\"2364\"> <p data-start=\"2313\" data-end=\"2364\"><strong data-start=\"2313\" data-end=\"2339\">Virtucio Kimberly Mari<\/strong><\/p> <\/li> <li data-start=\"2365\" data-end=\"2383\"> <p data-start=\"2367\" data-end=\"2383\"><strong data-start=\"2367\" data-end=\"2381\">Vig Andr\u00e1s<\/strong><\/p> <\/li> <li data-start=\"2385\" data-end=\"2578\"> <p data-start=\"2387\" data-end=\"2578\"><strong data-start=\"2387\" data-end=\"2410\">Widya Satya Nugraha<\/strong><br data-start=\"2410\" data-end=\"2413\" \/><a class=\"decorated-link\" href=\"https:\/\/www.researchgate.net\/profile\/Widya-Satya-Nugraha\" target=\"_new\" rel=\"noopener\" data-start=\"2415\" data-end=\"2487\">ResearchGate<\/a><br data-start=\"2487\" data-end=\"2490\" \/><a class=\"decorated-link\" href=\"https:\/\/scholar.google.com\/citations?user=Erhr2xYAAAAJ&amp;hl=hu&amp;oi=ao\" target=\"_new\" rel=\"noopener\" data-start=\"2492\" data-end=\"2576\">Google Scholar<\/a><\/p> <\/li> <li data-start=\"2580\" data-end=\"2793\"> <p data-start=\"2582\" data-end=\"2793\"><strong data-start=\"2582\" data-end=\"2601\">Dork\u00f3 Annam\u00e1ria<\/strong><br data-start=\"2601\" data-end=\"2604\" \/><a class=\"decorated-link\" href=\"https:\/\/www.researchgate.net\/scientific-contributions\/Dorko-Annamaria-2150020105\" target=\"_new\" rel=\"noopener\" data-start=\"2606\" data-end=\"2702\">ResearchGate<\/a><br data-start=\"2702\" data-end=\"2705\" \/><a class=\"decorated-link\" href=\"https:\/\/scholar.google.com\/citations?user=701FZ1kAAAAJ&amp;hl=hu&amp;oi=ao\" target=\"_new\" rel=\"noopener\" data-start=\"2707\" data-end=\"2791\">Google Scholar<\/a><\/p> <\/li> <li data-start=\"2795\" data-end=\"2977\"> <p data-start=\"2797\" data-end=\"2977\"><strong data-start=\"2797\" data-end=\"2815\">Dr. Izs\u00f3 Tekla<\/strong>\u00a0<br data-start=\"2825\" data-end=\"2828\" \/><a class=\"decorated-link\" href=\"https:\/\/www.researchgate.net\/profile\/Tekla-Izso\" target=\"_new\" rel=\"noopener\" data-start=\"2830\" data-end=\"2893\">ResearchGate<\/a><br data-start=\"2893\" data-end=\"2896\" \/><a class=\"decorated-link\" href=\"https:\/\/scholar.google.hu\/citations?user=8X_sgxoAAAAJ&amp;hl=en\" target=\"_new\" rel=\"noopener\" data-start=\"2898\" data-end=\"2975\">Google Scholar<\/a><\/p> <\/li> <\/ul> <p>&nbsp;<\/p> <h3 data-start=\"3021\" data-end=\"3045\">KUTAT\u00c1SI PROJEKTEK<\/h3> <h4 data-start=\"3047\" data-end=\"3096\">Projektek az \u00c1llatorvostudom\u00e1nyi Egyetemen<\/h4> <ul data-start=\"3098\" data-end=\"3910\"> <li data-start=\"3098\" data-end=\"3179\"> <p data-start=\"3100\" data-end=\"3179\"><a class=\"decorated-link\" href=\"https:\/\/cordis.europa.eu\/project\/id\/101059812\" target=\"_new\" rel=\"noopener\" data-start=\"3100\" data-end=\"3177\">HORIZON-B-TheNet \u2013 101059812<\/a><\/p> <\/li> <li data-start=\"3180\" data-end=\"3262\"> <p data-start=\"3182\" data-end=\"3262\"><a class=\"decorated-link\" href=\"https:\/\/cordis.europa.eu\/project\/id\/101084222\" target=\"_new\" rel=\"noopener\" data-start=\"3182\" data-end=\"3260\">HORIZON-Wasteless \u2013 101084222<\/a><\/p> <\/li> <li data-start=\"3263\" data-end=\"3346\"> <p data-start=\"3265\" data-end=\"3346\"><a class=\"decorated-link cursor-pointer\" href=\"https:\/\/cordis.europa.eu\/project\/id\/101084344\" target=\"_new\" rel=\"noopener\" data-start=\"3265\" data-end=\"3344\">HORIZON-Wheatbiome \u2013 101084344<\/a><\/p> <\/li> <li data-start=\"3347\" data-end=\"3420\"> <p data-start=\"3349\" data-end=\"3420\"><a class=\"decorated-link\" href=\"https:\/\/cordis.europa.eu\/project\/id\/777439\" target=\"_new\" rel=\"noopener\" data-start=\"3349\" data-end=\"3418\">HORIZON-Watson \u2013 777439<\/a><\/p> <\/li> <li data-start=\"3421\" data-end=\"3637\"> <p data-start=\"3423\" data-end=\"3637\"><a class=\"decorated-link\" href=\"https:\/\/hadea.ec.europa.eu\/calls-proposals\/grants-stakeholders-improve-measurement-food-waste-and-help-implement-food-waste-prevention-their_en#details\" target=\"_new\" rel=\"noopener\" data-start=\"3423\" data-end=\"3635\">HADEA SMP-FOOD-2022-FoodWaste-Stakeholders-AG \u2013 101112149<\/a><\/p> <\/li> <li data-start=\"3638\" data-end=\"3721\"> <p data-start=\"3640\" data-end=\"3721\"><a class=\"decorated-link\" href=\"https:\/\/cordis.europa.eu\/project\/id\/101112378\" target=\"_new\" rel=\"noopener\" data-start=\"3640\" data-end=\"3719\">HORIZON-PROMISEANG \u2013 101112378<\/a><\/p> <\/li> <li data-start=\"3722\" data-end=\"3803\"> <p data-start=\"3724\" data-end=\"3803\"><a class=\"decorated-link\" href=\"https:\/\/cordis.europa.eu\/project\/id\/101136248\" target=\"_new\" rel=\"noopener\" data-start=\"3724\" data-end=\"3801\">HORIZON-MICROORC \u2013 101136248<\/a><\/p> <\/li> <li data-start=\"3804\" data-end=\"3910\"> <p data-start=\"3806\" data-end=\"3910\"><a class=\"decorated-link\" href=\"https:\/\/www.interreg-central.eu\/projects\/foodcircus\/\" target=\"_new\" rel=\"noopener\" data-start=\"3806\" data-end=\"3908\">INTERREG CENTRAL EUROPE \u2013 foodCIRCUS \u2013 CE20071<\/a><\/p> <\/li> <li data-start=\"3804\" data-end=\"3910\"><span dir=\"auto\" style=\"vertical-align: inherit\"><span dir=\"auto\" style=\"vertical-align: inherit\">NETWORKING-2024-00035- EUFIC<\/span><\/span><\/li> <li data-start=\"3804\" data-end=\"3910\"><span dir=\"auto\" style=\"vertical-align: inherit\"><span dir=\"auto\" style=\"vertical-align: inherit\">NETWORKING-2024-00033- EFFoST<\/span><\/span><\/li> <li data-start=\"3804\" data-end=\"3910\"><span dir=\"auto\" style=\"vertical-align: inherit\"><span dir=\"auto\" style=\"vertical-align: inherit\">NKKP STARTING- <\/span><\/span><span dir=\"auto\" style=\"vertical-align: inherit\"><span dir=\"auto\" style=\"vertical-align: inherit\">153192<\/span><\/span><\/li> <li data-start=\"3804\" data-end=\"3910\"><span dir=\"auto\" style=\"vertical-align: inherit\"><span dir=\"auto\" style=\"vertical-align: inherit\">HU-RIZONT <\/span><\/span><span dir=\"auto\" style=\"vertical-align: inherit\"><span dir=\"auto\" style=\"vertical-align: inherit\">ingrEXpro-2025-00092<\/span><\/span><\/li> <\/ul> <h4 data-start=\"3912\" data-end=\"3992\">Projektek a Nemzeti \u00c9lelmiszerl\u00e1nc-biztons\u00e1gi Hivatallal egy\u00fcttm\u0171k\u00f6d\u00e9sben<\/h4> <ul data-start=\"3994\" data-end=\"4869\"> <li data-start=\"3994\" data-end=\"4183\"> <p data-start=\"3996\" data-end=\"4183\"><a class=\"decorated-link\" href=\"https:\/\/webgate.ec.europa.eu\/life\/publicWebsite\/index.cfm?fuseaction=search.dspPage&amp;n_proj_id=5823\" target=\"_new\" rel=\"noopener\" data-start=\"3996\" data-end=\"4181\">LIFE-FOODWASTEPREV \u2013 Food waste prevention in the food chain (LIFE15 GIE\/HU\/001048)<\/a><\/p> <\/li> <li data-start=\"4184\" data-end=\"4260\"> <p data-start=\"4186\" data-end=\"4260\"><a class=\"decorated-link\" href=\"https:\/\/cordis.europa.eu\/project\/id\/727580\" target=\"_new\" rel=\"noopener\" data-start=\"4186\" data-end=\"4258\">H2020 SafeConsumE \u2013 727580<\/a><\/p> <\/li> <li data-start=\"4261\" data-end=\"4344\"> <p data-start=\"4263\" data-end=\"4344\"><a class=\"decorated-link\" href=\"https:\/\/cordis.europa.eu\/project\/id\/101016444\" target=\"_new\" rel=\"noopener\" data-start=\"4263\" data-end=\"4342\">HORIZON-PHOTONFOOD \u2013 101016444<\/a><\/p> <\/li> <li data-start=\"4345\" data-end=\"4448\"> <p data-start=\"4347\" data-end=\"4448\"><a class=\"decorated-link\" href=\"https:\/\/portal.nebih.gov.hu\/-\/smp-food-2022-04-projekt\" target=\"_new\" rel=\"noopener\" data-start=\"4347\" data-end=\"4446\">HADEA SMP-FOOD-2022-FoodWaste-NCA-Hungary<\/a><\/p> <\/li> <li data-start=\"4449\" data-end=\"4527\"> <p data-start=\"4451\" data-end=\"4527\"><a class=\"decorated-link\" href=\"https:\/\/cordis.europa.eu\/project\/id\/101000617\" target=\"_new\" rel=\"noopener\" data-start=\"4451\" data-end=\"4525\">H2020 FoodRUS \u2013 101000617<\/a><\/p> <\/li> <li data-start=\"4528\" data-end=\"4666\"> <p data-start=\"4530\" data-end=\"4666\"><a class=\"decorated-link\" href=\"https:\/\/portal.nebih.gov.hu\/-\/reinforced-consumer-rights-for-enhanced-food-safety-and-quality\" target=\"_new\" rel=\"noopener\" data-start=\"4530\" data-end=\"4664\">CHAFEA 811235 \u2013 CONS-CPC-2017 Hungary<\/a><\/p> <\/li> <li data-start=\"4667\" data-end=\"4819\"> <p data-start=\"4669\" data-end=\"4819\"><a class=\"decorated-link\" href=\"https:\/\/ec.europa.eu\/food\/safety\/food_waste\/eu-food-loss-waste-prevention-hub\/resource\/show\/7864\" target=\"_new\" rel=\"noopener\" data-start=\"4669\" data-end=\"4817\">SMP-FOOD-2023-FW-NCA-AG-IBA-HADEA \u2013 DATA-PROCESS<\/a><\/p> <\/li> <li data-start=\"4820\" data-end=\"4869\"> <p data-start=\"4822\" data-end=\"4869\">SMP-FOOD-2024-FW-NCA-PJG-IBA \u2013 CLEARFOODWASTE<\/p> <\/li> <\/ul> <h4 data-start=\"3912\" data-end=\"3992\">Projektek a Marad\u00e9k N\u00e9lk\u00fcl Alap\u00edtv\u00e1nnyal egy\u00fcttm\u0171k\u00f6d\u00e9sben<\/h4> <ul> <li><a href=\"https:\/\/cordis.europa.eu\/project\/id\/101181895\">HORIZON-WISEFOOD- 101181895<\/a><\/li> <li>SMP-FOOD-2024-FW-STAKEHOLDERS-PJ &#8211; WASTELESS WORKPLACES<\/li> <\/ul> <h4 data-start=\"3912\" data-end=\"3992\">Projektek az InDeRe \u00c9lelmez\u00e9skutat\u00f3 \u00e9s Inov\u00e1ci\u00f3s Int\u00e9zettel\u00a0 egy\u00fcttm\u0171k\u00f6d\u00e9sben<\/h4> <ul> <li> <p data-prosemirror-content-type=\"node\" data-prosemirror-node-name=\"paragraph\" data-prosemirror-node-block=\"true\" data-pm-slice=\"1 1 [&quot;bulletList&quot;,{&quot;localId&quot;:null},&quot;listItem&quot;,{&quot;localId&quot;:null}]\">SMP-FOOD-2023-FW-STAKEHOLDERS-AG- CATALYSIS- 101158272<\/p> <\/li> <li>OTKA- ADVANCED- NKFI-1- REFINE &#8211; \u00c9lelmiszerhullad\u00e9k cs\u00f6kkent\u00e9s \u00e9s a t\u00e1pl\u00e1lkoz\u00e1s fejleszt\u00e9se magyar h\u00e1ztart\u00e1sokban: \u00c1tfog\u00f3 tanulm\u00e1ny a gyermekek \u00e9tkez\u00e9si szok\u00e1sair\u00f3l<\/li> <\/ul> <p>&nbsp;<\/p> <h3 data-start=\"4876\" data-end=\"4890\">TAGS\u00c1GOK<\/h3> <ul data-start=\"4892\" data-end=\"5182\"> <li data-start=\"4892\" data-end=\"4937\"> <p data-start=\"4894\" data-end=\"4937\">EU Platform on Food Losses and Food Waste<\/p> <\/li> <li data-start=\"4938\" data-end=\"4976\"> <p data-start=\"4940\" data-end=\"4976\">European Consumer Food Waste Forum<\/p> <\/li> <li data-start=\"4977\" data-end=\"5035\"> <p data-start=\"4979\" data-end=\"5035\">EU Citizens\u2019 Panel of Food Waste \u2013 Knowledge Committee<\/p> <\/li> <li data-start=\"5036\" data-end=\"5081\"> <p data-start=\"5038\" data-end=\"5081\">European Food Information Council (EUFIC)<\/p> <\/li> <li data-start=\"5082\" data-end=\"5112\"> <p data-start=\"5084\" data-end=\"5112\">\u00c9lelmiszer \u00c9rt\u00e9k F\u00f3rum<\/p> <\/li> <li data-start=\"5113\" data-end=\"5141\"> <p data-start=\"5115\" data-end=\"5141\">Magyar Zoon\u00f3zis T\u00e1rsas\u00e1g<\/p> <\/li> <li data-start=\"5142\" data-end=\"5182\"> <p data-start=\"5144\" data-end=\"5182\">Magyar T\u00e1pl\u00e1lkoz\u00e1studom\u00e1nyi T\u00e1rsas\u00e1g<\/p> <\/li> <li data-start=\"5142\" data-end=\"5182\">European Network of Food Waste Practitioners<\/li> <li data-start=\"5142\" data-end=\"5182\">SCAR\u00a0Animal Health &amp; Welfare Research CWG<\/li> <\/ul>","protected":false},"excerpt":{"rendered":"<p>KUTAT\u00d3CSOPORT VEZET\u0150JE: Dr. Kasza Gyula KAPCSOLAT: [Kattintson az emailc\u00edmhez] BEMUTATKOZ\u00c1S Kutat\u00f3csoportunk 2022-ben alakult meg a Budapesti \u00c1llatorvostudom\u00e1nyi Egyetemen, azzal a c\u00e9llal, hogy multidiszciplin\u00e1ris kutat\u00e1sokat folytasson az \u00e9lelmiszer-fogyaszt\u00e1s \u00e9s a hullad\u00e9kgazd\u00e1lkod\u00e1s ter\u00fclet\u00e9n. Egyed\u00fcl\u00e1ll\u00f3 kutat\u00e1si tapasztalatokkal rendelkez\u00fcnk a magyar lakoss\u00e1g \u00e9lelmiszer-fogyaszt\u00e1si mint\u00e1zataival, fogyaszt\u00f3i magatart\u00e1s\u00e1val, preferenci\u00e1ival, \u00e9lelmiszerbiztons\u00e1gi kock\u00e1zat\u00e9szlel\u00e9s\u00e9vel \u00e9s \u00e9lelmiszerpazarl\u00e1si szok\u00e1saival kapcsolatban, amelyekhez a 2000-es \u00e9vek eleje \u00f3ta<\/p>\n","protected":false},"author":3837,"featured_media":0,"parent":88309,"menu_order":0,"comment_status":"open","ping_status":"open","template":"","meta":{"_acf_changed":false,"footnotes":""},"categories":[],"tags":[],"class_list":["post-90654","page","type-page","status-publish","hentry"],"acf":[],"_links":{"self":[{"href":"https:\/\/univet.hu\/hu\/wp-json\/wp\/v2\/pages\/90654","targetHints":{"allow":["GET"]}}],"collection":[{"href":"https:\/\/univet.hu\/hu\/wp-json\/wp\/v2\/pages"}],"about":[{"href":"https:\/\/univet.hu\/hu\/wp-json\/wp\/v2\/types\/page"}],"author":[{"embeddable":true,"href":"https:\/\/univet.hu\/hu\/wp-json\/wp\/v2\/users\/3837"}],"replies":[{"embeddable":true,"href":"https:\/\/univet.hu\/hu\/wp-json\/wp\/v2\/comments?post=90654"}],"version-history":[{"count":5,"href":"https:\/\/univet.hu\/hu\/wp-json\/wp\/v2\/pages\/90654\/revisions"}],"predecessor-version":[{"id":204574,"href":"https:\/\/univet.hu\/hu\/wp-json\/wp\/v2\/pages\/90654\/revisions\/204574"}],"up":[{"embeddable":true,"href":"https:\/\/univet.hu\/hu\/wp-json\/wp\/v2\/pages\/88309"}],"wp:attachment":[{"href":"https:\/\/univet.hu\/hu\/wp-json\/wp\/v2\/media?parent=90654"}],"wp:term":[{"taxonomy":"category","embeddable":true,"href":"https:\/\/univet.hu\/hu\/wp-json\/wp\/v2\/categories?post=90654"},{"taxonomy":"post_tag","embeddable":true,"href":"https:\/\/univet.hu\/hu\/wp-json\/wp\/v2\/tags?post=90654"}],"curies":[{"name":"wp","href":"https:\/\/api.w.org\/{rel}","templated":true}]}}