{"id":90666,"date":"2023-08-08T13:43:23","date_gmt":"2023-08-08T11:43:23","guid":{"rendered":"https:\/\/univet.hu\/hu\/egyetem\/szervezeti-egysegek\/elelmiszerlanc-tudomanyi-intezet\/alkalmazott-elelmiszertudomanyi-tanszek\/name-2\/"},"modified":"2026-03-24T10:33:30","modified_gmt":"2026-03-24T09:33:30","slug":"szakdolgozat","status":"publish","type":"page","link":"https:\/\/univet.hu\/hu\/egyetem\/szervezeti-egysegek\/elelmiszerlanc-tudomanyi-intezet\/tanszekek\/alkalmazott-elelmiszertudomanyi-tanszek\/szakdolgozat\/","title":{"rendered":"Szakdolgozat"},"content":{"rendered":"<p>&nbsp;<\/p> <table style=\"height: 96px\" width=\"1135\"> <tbody> <tr style=\"height: 24px\"> <th style=\"width: 276.75px;height: 24px\">T\u00e9mavezet\u0151<\/th> <th style=\"width: 276.75px;height: 24px\">El\u00e9rhet\u0151s\u00e9g<\/th> <th style=\"width: 276.75px;height: 24px\">T\u00e9ma c\u00edme<\/th> <th style=\"width: 276.75px;height: 24px\">St\u00e1tusz<\/th> <\/tr> <tr style=\"height: 24px\"> <td style=\"width: 276.75px;height: 24px;text-align: center\"> <p>Dr. Kasza Gyula,<\/p> <p>Dr. Szakos D\u00e1vid<\/td> <td style=\"width: 276.75px;height: 24px;text-align: center\"> <p><a class=\"decrypt\" rel=\"lbt{b\/hzvmbAvojwfu\/iv\" href=\"javascript:void(0);\">[Kattintson az emailc\u00edmhez]<\/a><\/p> <p><a class=\"decrypt\" rel=\"t{blpt\/ebwjeAvojwfu\/iv\" href=\"javascript:void(0);\">[Kattintson az emailc\u00edmhez]<\/a><\/td> <td style=\"width: 276.75px;height: 24px;text-align: center\">Household Food Waste as Animal Feed \u2013 an Analysis and Evaluation<\/td> <td style=\"width: 276.75px;height: 24px;text-align: center\">Elfogadott<\/td> <\/tr> <tr style=\"height: 24px\"> <td style=\"width: 276.75px;height: 24px;text-align: center\"> <p>Dr. Kasza Gyula,<\/p> <p>Dr. Szakos D\u00e1vid<\/td> <td style=\"width: 276.75px;height: 24px;text-align: center\"> <p><a class=\"decrypt\" rel=\"lbt{b\/hzvmbAvojwfu\/iv\" href=\"javascript:void(0);\">[Kattintson az emailc\u00edmhez]<\/a><\/p> <p><a class=\"decrypt\" rel=\"t{blpt\/ebwjeAvojwfu\/iv\" href=\"javascript:void(0);\">[Kattintson az emailc\u00edmhez]<\/a><\/td> <td style=\"width: 276.75px;height: 24px;text-align: center\">Quality trademarks in the food market &#8211; Consumer expectations based on a case study from Hungary<\/td> <td style=\"width: 276.75px;height: 24px;text-align: center\">Elfogadott<\/td> <\/tr> <tr style=\"height: 24px\"> <td style=\"width: 276.75px;height: 24px;text-align: center\">Dr. Kasza Gyula<\/td> <td style=\"width: 276.75px;height: 24px;text-align: center\"><a class=\"decrypt\" rel=\"lbt{b\/hzvmbAvojwfu\/iv\" href=\"javascript:void(0);\">[Kattintson az emailc\u00edmhez]<\/a><\/td> <td style=\"width: 276.75px;height: 24px;text-align: center\">The Media Depiction of Kinder Chocolate Salmonella Case<\/td> <td style=\"width: 276.75px;height: 24px;text-align: center\">Elfogadott<\/td> <\/tr> <tr> <td style=\"width: 276.75px;text-align: center\"> <p>Dr. Szakos D\u00e1vid<\/p> <p>Attila Kunszab\u00f3<\/td> <td style=\"width: 276.75px;text-align: center\"> <p><a class=\"decrypt\" rel=\"t{blpt\/ebwjeAvojwfu\/iv\" href=\"javascript:void(0);\">[Kattintson az emailc\u00edmhez]<\/a><\/p> <p><a class=\"decrypt\" rel=\"lvot{bcp\/bujmmbAvojwfu\/iv\" href=\"javascript:void(0);\">[Kattintson az emailc\u00edmhez]<\/a><\/td> <td style=\"width: 276.75px;text-align: center\">M\u00e9zfogyaszt\u00e1si szok\u00e1sok \u00e9s fenntarthat\u00f3s\u00e1gi szempontok fogyaszt\u00f3i kutat\u00e1s alapj\u00e1n<\/td> <td style=\"width: 276.75px;text-align: center\">Elfogadott<\/td> <\/tr> <\/tbody> <\/table> <p>&nbsp;<\/p>","protected":false},"excerpt":{"rendered":"<p>&nbsp; T\u00e9mavezet\u0151 El\u00e9rhet\u0151s\u00e9g T\u00e9ma c\u00edme St\u00e1tusz Dr. Kasza Gyula, Dr. Szakos D\u00e1vid [Kattintson az emailc\u00edmhez] [Kattintson az emailc\u00edmhez] Household Food Waste as Animal Feed \u2013 an Analysis and Evaluation Elfogadott Dr. Kasza Gyula, Dr. Szakos D\u00e1vid [Kattintson az emailc\u00edmhez] [Kattintson az emailc\u00edmhez] Quality trademarks in the food market &#8211; Consumer expectations based on a case<\/p>\n","protected":false},"author":3837,"featured_media":0,"parent":88309,"menu_order":0,"comment_status":"open","ping_status":"open","template":"","meta":{"_acf_changed":false,"footnotes":""},"categories":[],"tags":[],"class_list":["post-90666","page","type-page","status-publish","hentry"],"acf":[],"_links":{"self":[{"href":"https:\/\/univet.hu\/hu\/wp-json\/wp\/v2\/pages\/90666","targetHints":{"allow":["GET"]}}],"collection":[{"href":"https:\/\/univet.hu\/hu\/wp-json\/wp\/v2\/pages"}],"about":[{"href":"https:\/\/univet.hu\/hu\/wp-json\/wp\/v2\/types\/page"}],"author":[{"embeddable":true,"href":"https:\/\/univet.hu\/hu\/wp-json\/wp\/v2\/users\/3837"}],"replies":[{"embeddable":true,"href":"https:\/\/univet.hu\/hu\/wp-json\/wp\/v2\/comments?post=90666"}],"version-history":[{"count":2,"href":"https:\/\/univet.hu\/hu\/wp-json\/wp\/v2\/pages\/90666\/revisions"}],"predecessor-version":[{"id":203814,"href":"https:\/\/univet.hu\/hu\/wp-json\/wp\/v2\/pages\/90666\/revisions\/203814"}],"up":[{"embeddable":true,"href":"https:\/\/univet.hu\/hu\/wp-json\/wp\/v2\/pages\/88309"}],"wp:attachment":[{"href":"https:\/\/univet.hu\/hu\/wp-json\/wp\/v2\/media?parent=90666"}],"wp:term":[{"taxonomy":"category","embeddable":true,"href":"https:\/\/univet.hu\/hu\/wp-json\/wp\/v2\/categories?post=90666"},{"taxonomy":"post_tag","embeddable":true,"href":"https:\/\/univet.hu\/hu\/wp-json\/wp\/v2\/tags?post=90666"}],"curies":[{"name":"wp","href":"https:\/\/api.w.org\/{rel}","templated":true}]}}