{"id":90752,"date":"2023-08-11T11:55:28","date_gmt":"2023-08-11T09:55:28","guid":{"rendered":"https:\/\/univet.hu\/?page_id=90752"},"modified":"2026-04-01T18:16:05","modified_gmt":"2026-04-01T16:16:05","slug":"toth-reka","status":"publish","type":"page","link":"https:\/\/univet.hu\/hu\/egyetem\/munkatarsak\/toth-reka\/","title":{"rendered":"T\u00f3th R\u00e9ka"},"content":{"rendered":"<p>2023-ban szereztem biol\u00f3gus mesterdiplom\u00e1t az E\u00f6tv\u00f6s Lor\u00e1nd Tudom\u00e1nyegyetemen, Molekul\u00e1ris, Immun- \u00e9s Mikrobiol\u00f3gia szakir\u00e1nyon. Az \u00c1llatorvostudom\u00e1nyi Egyetem J\u00e1rv\u00e1nytani \u00e9s Mikrobiol\u00f3giai Tansz\u00e9k Virol\u00f3giai Kutat\u00f3csoportj\u00e1n\u00e1l \u00edrtam meg a diplomamunk\u00e1mat, majd 2023-t\u00f3l a Bakteriol\u00f3giai Kutat\u00f3csoportn\u00e1l kezdtem el dolgozni tansz\u00e9ki m\u00e9rn\u00f6kk\u00e9nt.<\/p> <p>F\u0151bb feladatk\u00f6reim a MALDI-tof technol\u00f3gia alkalmaz\u00e1sa \u00e9s bakteriol\u00f3giai diagnosztika.<\/p>","protected":false},"excerpt":{"rendered":"<p>2023-ban szereztem biol\u00f3gus mesterdiplom\u00e1t az E\u00f6tv\u00f6s Lor\u00e1nd Tudom\u00e1nyegyetemen, Molekul\u00e1ris, Immun- \u00e9s Mikrobiol\u00f3gia szakir\u00e1nyon. Az \u00c1llatorvostudom\u00e1nyi Egyetem J\u00e1rv\u00e1nytani \u00e9s Mikrobiol\u00f3giai Tansz\u00e9k Virol\u00f3giai Kutat\u00f3csoportj\u00e1n\u00e1l \u00edrtam meg a diplomamunk\u00e1mat, majd 2023-t\u00f3l a Bakteriol\u00f3giai Kutat\u00f3csoportn\u00e1l kezdtem el dolgozni tansz\u00e9ki m\u00e9rn\u00f6kk\u00e9nt. F\u0151bb feladatk\u00f6reim a MALDI-tof technol\u00f3gia alkalmaz\u00e1sa \u00e9s bakteriol\u00f3giai diagnosztika.<\/p>\n","protected":false},"author":5824,"featured_media":0,"parent":858,"menu_order":0,"comment_status":"closed","ping_status":"closed","template":"","meta":{"_acf_changed":false,"footnotes":""},"categories":[],"tags":[],"class_list":["post-90752","page","type-page","status-publish","hentry"],"acf":[],"_links":{"self":[{"href":"https:\/\/univet.hu\/hu\/wp-json\/wp\/v2\/pages\/90752","targetHints":{"allow":["GET"]}}],"collection":[{"href":"https:\/\/univet.hu\/hu\/wp-json\/wp\/v2\/pages"}],"about":[{"href":"https:\/\/univet.hu\/hu\/wp-json\/wp\/v2\/types\/page"}],"author":[{"embeddable":true,"href":"https:\/\/univet.hu\/hu\/wp-json\/wp\/v2\/users\/5824"}],"replies":[{"embeddable":true,"href":"https:\/\/univet.hu\/hu\/wp-json\/wp\/v2\/comments?post=90752"}],"version-history":[{"count":3,"href":"https:\/\/univet.hu\/hu\/wp-json\/wp\/v2\/pages\/90752\/revisions"}],"predecessor-version":[{"id":204713,"href":"https:\/\/univet.hu\/hu\/wp-json\/wp\/v2\/pages\/90752\/revisions\/204713"}],"up":[{"embeddable":true,"href":"https:\/\/univet.hu\/hu\/wp-json\/wp\/v2\/pages\/858"}],"wp:attachment":[{"href":"https:\/\/univet.hu\/hu\/wp-json\/wp\/v2\/media?parent=90752"}],"wp:term":[{"taxonomy":"category","embeddable":true,"href":"https:\/\/univet.hu\/hu\/wp-json\/wp\/v2\/categories?post=90752"},{"taxonomy":"post_tag","embeddable":true,"href":"https:\/\/univet.hu\/hu\/wp-json\/wp\/v2\/tags?post=90752"}],"curies":[{"name":"wp","href":"https:\/\/api.w.org\/{rel}","templated":true}]}}