{"id":90779,"date":"2023-08-14T14:38:35","date_gmt":"2023-08-14T12:38:35","guid":{"rendered":"https:\/\/univet.hu\/hu\/egyetem\/szervezeti-egysegek\/allatvedelmi-jogi-elemzo-es-modszertani-kozpont\/name\/"},"modified":"2025-07-29T13:34:27","modified_gmt":"2025-07-29T11:34:27","slug":"one-health-fokuszu-kutyatarto-mesterkurzus","status":"publish","type":"page","link":"https:\/\/univet.hu\/hu\/egyetem\/szervezeti-egysegek\/allatvedelmi-jogi-elemzo-es-modszertani-kozpont\/one-health-fokuszu-kutyatarto-mesterkurzus\/","title":{"rendered":"&#8222;One health&#8221; f\u00f3kusz\u00fa Kutyatart\u00f3 Mesterkurzus"},"content":{"rendered":"<h2 data-section-id=\"13wspk5\" data-start=\"160\" data-end=\"217\">Lezajlott a One Health f\u00f3kusz\u00fa Kutyatart\u00f3 Mesterkurzus<\/h2> <p data-start=\"219\" data-end=\"490\"><strong data-start=\"219\" data-end=\"239\">2023 okt\u00f3ber\u00e9ben<\/strong> az \u00c1llatorvostudom\u00e1nyi Egyetemen nagy sikerrel rendezt\u00e9k meg a haz\u00e1nkban egyed\u00fcl\u00e1ll\u00f3, \u201eOne Health\u201d megk\u00f6zel\u00edt\u00e9s\u0171 <strong data-start=\"353\" data-end=\"381\">Kutyatart\u00f3 Mesterkurzust<\/strong>, amely a professzion\u00e1lis kutyatart\u00e1s legfontosabb elm\u00e9leti \u00e9s gyakorlati ismereteit adta \u00e1t a r\u00e9sztvev\u0151knek.<\/p> <p data-start=\"492\" data-end=\"649\">A kurzus az <strong data-start=\"504\" data-end=\"556\">\u00c1llatv\u00e9delmi Jogi, Elemz\u0151 \u00e9s M\u00f3dszertani K\u00f6zpont<\/strong> szakmai koordin\u00e1ci\u00f3j\u00e1val val\u00f3sult meg, \u00e9s sz\u00e1mos orsz\u00e1gos szakmai partner t\u00e1mogatta, k\u00f6zt\u00fck:<\/p> <ul data-start=\"650\" data-end=\"946\"> <li data-start=\"650\" data-end=\"697\"> <p data-start=\"652\" data-end=\"697\">a <strong data-start=\"654\" data-end=\"696\">Semmelweis Eg\u00e9szs\u00e9gfejleszt\u00e9si K\u00f6zpont<\/strong>,<\/p> <\/li> <li data-start=\"698\" data-end=\"801\"> <p data-start=\"700\" data-end=\"801\">a <strong data-start=\"702\" data-end=\"751\">Rend\u0151rs\u00e9gi Oktat\u00e1si \u00e9s Kik\u00e9pz\u0151 K\u00f6zpont (ROKK)<\/strong> Kutyavezet\u0151-k\u00e9pz\u0151 \u00e9s \u00c1llatfel\u00fcgyeleti F\u0151oszt\u00e1lya,<\/p> <\/li> <li data-start=\"802\" data-end=\"849\"> <p data-start=\"804\" data-end=\"849\">a <strong data-start=\"806\" data-end=\"848\">Magyar Szolg\u00e1lati Kuty\u00e1k\u00e9rt Alap\u00edtv\u00e1ny<\/strong>,<\/p> <\/li> <li data-start=\"850\" data-end=\"946\"> <p data-start=\"852\" data-end=\"946\">valamint az <strong data-start=\"864\" data-end=\"902\">Orsz\u00e1gos Polg\u00e1r\u0151r Sz\u00f6vets\u00e9g (OPSZ)<\/strong> Kuty\u00e1s Szolg\u00e1lati \u00e9s \u00c1llatv\u00e9delmi Tagozata.<\/p> <\/li> <\/ul> <p data-start=\"948\" data-end=\"1284\">A programban r\u00e9sztvev\u0151k az orsz\u00e1g legismertebb kuty\u00e1s szakembereit\u0151l tanulhattak: <strong data-start=\"1030\" data-end=\"1100\">\u00e1llatorvosok, etol\u00f3gusok, jog\u00e1szok, kutyakik\u00e9pz\u0151k \u00e9s hum\u00e1n orvosok<\/strong> tartott\u00e1k az el\u0151ad\u00e1sokat. A kurzus k\u00fcl\u00f6nlegess\u00e9ge volt, hogy \u2013 a gyakorlati nap kiv\u00e9tel\u00e9vel \u2013 <strong data-start=\"1195\" data-end=\"1235\">teljes eg\u00e9sz\u00e9ben online is k\u00f6vethet\u0151<\/strong> volt, \u00edgy sz\u00e9lesebb k\u00f6r sz\u00e1m\u00e1ra v\u00e1lt el\u00e9rhet\u0151v\u00e9.<\/p> <h3 data-section-id=\"p6rxyg\" data-start=\"1286\" data-end=\"1311\">A program tematik\u00e1ja:<\/h3> <ul data-start=\"1313\" data-end=\"1739\"> <li data-start=\"1313\" data-end=\"1343\"> <p data-start=\"1315\" data-end=\"1343\">Kutyav\u00e1laszt\u00e1s szempontjai<\/p> <\/li> <li data-start=\"1344\" data-end=\"1395\"> <p data-start=\"1346\" data-end=\"1395\">Kuty\u00e1k anat\u00f3mi\u00e1ja, \u00e9lettana, gyakori betegs\u00e9gek<\/p> <\/li> <li data-start=\"1396\" data-end=\"1452\"> <p data-start=\"1398\" data-end=\"1452\">Viselked\u00e9szavarok, nevel\u00e9si elvek, k\u00e9pz\u00e9si m\u00f3dszerek<\/p> <\/li> <li data-start=\"1453\" data-end=\"1496\"> <p data-start=\"1455\" data-end=\"1496\">Jogi szab\u00e1lyoz\u00e1s, jogk\u00f6vet\u0151 kutyatart\u00e1s<\/p> <\/li> <li data-start=\"1497\" data-end=\"1571\"> <p data-start=\"1499\" data-end=\"1571\">Kutyat\u00e1mad\u00e1sok megel\u0151z\u00e9se, harap\u00e1s ell\u00e1t\u00e1sa, bejelent\u00e9si k\u00f6telezetts\u00e9g<\/p> <\/li> <li data-start=\"1572\" data-end=\"1619\"> <p data-start=\"1574\" data-end=\"1619\">Ember- \u00e9s \u00e1llatv\u00e9delem kapcsol\u00f3d\u00e1si pontjai<\/p> <\/li> <li data-start=\"1620\" data-end=\"1669\"> <p data-start=\"1622\" data-end=\"1669\">Kommunik\u00e1ci\u00f3 kutyatart\u00f3k \u00e9s nem tart\u00f3k k\u00f6z\u00f6tt<\/p> <\/li> <li data-start=\"1670\" data-end=\"1739\"> <p data-start=\"1672\" data-end=\"1739\">A \u201eOne Health\u201d szeml\u00e9let: emberi \u00e9s \u00e1llati eg\u00e9szs\u00e9g \u00f6sszef\u00fcgg\u00e9sei<\/p> <\/li> <\/ul> <p data-start=\"1741\" data-end=\"1962\">A kurzus <strong data-start=\"1750\" data-end=\"1775\">elm\u00e9leti el\u0151ad\u00e1sainak<\/strong> helysz\u00edne az <strong data-start=\"1789\" data-end=\"1820\">\u00c1llatorvostudom\u00e1nyi Egyetem<\/strong> (Budapest, Istv\u00e1n utca 2.), a <strong data-start=\"1851\" data-end=\"1873\">gyakorlati k\u00e9pz\u00e9s\u00e9<\/strong> pedig a <strong data-start=\"1882\" data-end=\"1924\">Rend\u0151rs\u00e9gi Oktat\u00e1si \u00e9s Kik\u00e9pz\u0151 K\u00f6zpont<\/strong> (Dunakeszi, Rep\u00fcl\u0151t\u00e9ri utca 3.) volt.<\/p> <p data-start=\"1964\" data-end=\"1992\">A szakmai program felel\u0151sei:<\/p> <ul data-start=\"1993\" data-end=\"2179\"> <li data-start=\"1993\" data-end=\"2089\"> <p data-start=\"1995\" data-end=\"2089\"><strong data-start=\"1995\" data-end=\"2022\">Dr. Vetter Szilvia PhD.<\/strong>, az \u00c1llatorvostudom\u00e1nyi Egyetem \u00c1llatv\u00e9delmi K\u00f6zpontj\u00e1nak vezet\u0151je<\/p> <\/li> <li data-start=\"2090\" data-end=\"2179\"> <p data-start=\"2092\" data-end=\"2179\"><strong data-start=\"2092\" data-end=\"2114\">S\u00e1ndor Ferenc Alex<\/strong>, probl\u00e9m\u00e1s kuty\u00e1k rehabilit\u00e1ci\u00f3j\u00e1ra specializ\u00e1l\u00f3dott kutyatr\u00e9ner<\/p> <\/li> <\/ul> <p data-start=\"2181\" data-end=\"2306\">A <strong data-start=\"2183\" data-end=\"2229\">jelentkez\u00e9si hat\u00e1rid\u0151 2023. szeptember 18.<\/strong> volt, a kurzus ir\u00e1nti \u00e9rdekl\u0151d\u00e9s kiemelked\u0151 volt, a helyek gyorsan beteltek.<\/p> <p data-start=\"2308\" data-end=\"2515\"> A mesterkurzusr\u00f3l tov\u00e1bbi inform\u00e1ci\u00f3 \u00e9s kor\u00e1bbi r\u00e9szletek itt \u00e9rhet\u0151k el:<br data-start=\"2384\" data-end=\"2387\" \/><a class=\"\" href=\"https:\/\/univet.hu\/hu\/2023\/08\/11\/kutyatarto-mesterkurzus-indul\/\" target=\"_new\" rel=\"noopener\" data-start=\"2387\" data-end=\"2515\">https:\/\/univet.hu\/hu\/2023\/08\/11\/kutyatarto-mesterkurzus-indul\/<\/a><\/p> <p data-start=\"2308\" data-end=\"2515\"><img loading=\"lazy\" decoding=\"async\" class=\"size-medium wp-image-90725 aligncenter\" src=\"https:\/\/univet.hu\/wp-content\/uploads\/2023\/08\/Kutyatart\u00f3-Mesterkurzus-hirdet\u00e9s-A4-230809-226x320.png\" alt=\"\" width=\"226\" height=\"320\" srcset=\"https:\/\/univet.hu\/wp-content\/uploads\/2023\/08\/Kutyatart\u00f3-Mesterkurzus-hirdet\u00e9s-A4-230809-226x320.png 226w, https:\/\/univet.hu\/wp-content\/uploads\/2023\/08\/Kutyatart\u00f3-Mesterkurzus-hirdet\u00e9s-A4-230809-768x1086.png 768w, https:\/\/univet.hu\/wp-content\/uploads\/2023\/08\/Kutyatart\u00f3-Mesterkurzus-hirdet\u00e9s-A4-230809-679x960.png 679w, https:\/\/univet.hu\/wp-content\/uploads\/2023\/08\/Kutyatart\u00f3-Mesterkurzus-hirdet\u00e9s-A4-230809.png 1654w\" sizes=\"auto, (max-width: 226px) 100vw, 226px\" \/><\/p>","protected":false},"excerpt":{"rendered":"<p>Lezajlott a One Health f\u00f3kusz\u00fa Kutyatart\u00f3 Mesterkurzus 2023 okt\u00f3ber\u00e9ben az \u00c1llatorvostudom\u00e1nyi Egyetemen nagy sikerrel rendezt\u00e9k meg a haz\u00e1nkban egyed\u00fcl\u00e1ll\u00f3, \u201eOne Health\u201d megk\u00f6zel\u00edt\u00e9s\u0171 Kutyatart\u00f3 Mesterkurzust, amely a professzion\u00e1lis kutyatart\u00e1s legfontosabb elm\u00e9leti \u00e9s gyakorlati ismereteit adta \u00e1t a r\u00e9sztvev\u0151knek. A kurzus az \u00c1llatv\u00e9delmi Jogi, Elemz\u0151 \u00e9s M\u00f3dszertani K\u00f6zpont szakmai koordin\u00e1ci\u00f3j\u00e1val val\u00f3sult meg, \u00e9s sz\u00e1mos orsz\u00e1gos szakmai partner<\/p>\n","protected":false},"author":3837,"featured_media":0,"parent":61160,"menu_order":32,"comment_status":"open","ping_status":"open","template":"","meta":{"_acf_changed":false,"footnotes":""},"categories":[],"tags":[],"class_list":["post-90779","page","type-page","status-publish","hentry"],"acf":[],"_links":{"self":[{"href":"https:\/\/univet.hu\/hu\/wp-json\/wp\/v2\/pages\/90779","targetHints":{"allow":["GET"]}}],"collection":[{"href":"https:\/\/univet.hu\/hu\/wp-json\/wp\/v2\/pages"}],"about":[{"href":"https:\/\/univet.hu\/hu\/wp-json\/wp\/v2\/types\/page"}],"author":[{"embeddable":true,"href":"https:\/\/univet.hu\/hu\/wp-json\/wp\/v2\/users\/3837"}],"replies":[{"embeddable":true,"href":"https:\/\/univet.hu\/hu\/wp-json\/wp\/v2\/comments?post=90779"}],"version-history":[{"count":1,"href":"https:\/\/univet.hu\/hu\/wp-json\/wp\/v2\/pages\/90779\/revisions"}],"predecessor-version":[{"id":188414,"href":"https:\/\/univet.hu\/hu\/wp-json\/wp\/v2\/pages\/90779\/revisions\/188414"}],"up":[{"embeddable":true,"href":"https:\/\/univet.hu\/hu\/wp-json\/wp\/v2\/pages\/61160"}],"wp:attachment":[{"href":"https:\/\/univet.hu\/hu\/wp-json\/wp\/v2\/media?parent=90779"}],"wp:term":[{"taxonomy":"category","embeddable":true,"href":"https:\/\/univet.hu\/hu\/wp-json\/wp\/v2\/categories?post=90779"},{"taxonomy":"post_tag","embeddable":true,"href":"https:\/\/univet.hu\/hu\/wp-json\/wp\/v2\/tags?post=90779"}],"curies":[{"name":"wp","href":"https:\/\/api.w.org\/{rel}","templated":true}]}}