{"id":908,"date":"2017-06-27T13:15:00","date_gmt":"2017-06-27T11:15:00","guid":{"rendered":"http:\/\/univet.hu\/egyetem\/kutatas\/kutatocsoportok\/farmakokinetikai-es-gyogyszer-metabolizmus-kutatocsoport\/"},"modified":"2018-02-22T09:43:54","modified_gmt":"2018-02-22T08:43:54","slug":"farmakokinetikai-es-gyogyszer-metabolizmus-kutatocsoport","status":"publish","type":"page","link":"https:\/\/univet.hu\/hu\/kutatas\/kutatocsoportok\/farmakokinetikai-es-gyogyszer-metabolizmus-kutatocsoport\/","title":{"rendered":"Farmakokinetikai \u00e9s Gy\u00f3gyszer-Metabolizmus Kutat\u00f3csoport"},"content":{"rendered":"<p><strong>KUTAT&Oacute;CSOPORT-VEZET\u0150:<\/strong> Dr. Csik&oacute; Gy&ouml;rgy<\/p> <p><strong>EL&Eacute;RHET\u0150S&Eacute;G:<\/strong> <a class=\"decrypt\" rel=\"dtjlp\/hzpshzAvojwfu\/iv\" href=\"javascript:void(0);\">[Kattintson az emailc\u00edmhez]<\/a><\/p> <p><strong>A KUTAT&Oacute;CSOPORT TAGJAI:<\/strong><\/p> <p>Egyetemi docens: Dr. Csik&oacute; Gy&ouml;rgy<\/p> <p>Tudom&aacute;nyos munkat&aacute;rs: Nagy G&aacute;bor, Dr. Farkas Orsolya<\/p> <p>Tudom&aacute;nyos seg&eacute;dmunkat&aacute;rs: Pal&oacute;cz Orsolya<\/p> <p>Asszisztens: Balogh Katalin, Borb&aacute;s &Eacute;va<\/p> <p>&nbsp;<\/p> <p><strong>KUTAT&Aacute;SI TER&Uuml;LETEK:<\/strong><\/p> <p>Farmakokinetika, gy&oacute;gyszer-metabolizmus, metabolikus interakci&oacute;k, klinikai farmakol&oacute;gia, alternat&iacute;v hozamfokoz&oacute;k, antibiotikumok alkalmaz&aacute;s&aacute;t cs&ouml;kkent\u0151 szerek, gy&oacute;gyhat&aacute;s&uacute; term&eacute;kek<\/p> <p>&nbsp;<\/p> <p><strong>SZAKMAI SZERVEZETI TAGS&Aacute;G:<\/strong><\/p> <p>European Association for Veterinary Pharmacology and Toxicology&nbsp;(EAVPT)<\/p> <p>Magyar &Aacute;llatorvosi Kamara<\/p> <p>Magyar Genetikusok Egyes&uuml;lete<\/p> <p>Magyar Szabadgy&ouml;k Kutat&oacute; T&aacute;rsas&aacute;g<\/p> <p>&nbsp;<\/p> <p><strong>HOSSZ&Uacute;T&Aacute;V&Uacute; EGY&Uuml;TTM\u0170K&Ouml;D&Eacute;SEK:<\/strong><\/p> <p>Immitec Nutrition AB (Norv&eacute;gia)<\/p> <p>Institute for Food, Brain and Behaviour, Oxford (UK)<\/p> <p>Europharmavet Kft. (Magyarorsz&aacute;g)<\/p> <p>Solumium Kft. (Magyarorsz&aacute;g)<\/p> <p>&nbsp;<\/p> <p><strong>IG&Eacute;NYELHET\u0150 SZOLG&Aacute;LTAT&Aacute;SOK:<\/strong><\/p> <p>&nbsp;<\/p> <p>Farmakokinetikai, bioekvivalencia &eacute;s ki&uuml;r&uuml;l&eacute;sdinamikai vizsg&aacute;latok,<br \/>  Gy&oacute;gyszer-metabolizmus, inkompatibilit&aacute;s, PCR, ELISA diagnosztika.<br \/>  Alternat&iacute;v hozamfokoz&oacute;-, immuner\u0151s&iacute;t\u0151-, az antibiotikumok alkalmaz&aacute;s&aacute;t cs&ouml;kkent\u0151 szerek &eacute;s gy&oacute;gyhat&aacute;s&uacute; term&eacute;kek hat&aacute;stani-, hat&eacute;konys&aacute;gi- &eacute;s &aacute;rtalmatlans&aacute;gi vizsg&aacute;latai.<\/p> <p>Luminometria, fluorimetria.<\/p> <p>&nbsp;<\/p> <p><strong>P&Aacute;LY&Aacute;ZATOK:<\/strong><\/p> <p>&nbsp;<\/p> <table border=\"0\" cellpadding=\"0\" cellspacing=\"0\" style=\"width:602px\"> <tbody> <tr> <td style=\"height:63px; width:128px\"> <p><strong>T&aacute;mogat&oacute; szervezet \/forr&aacute;s megnevez&eacute;se<\/strong><\/p> <\/td> <td style=\"height:63px; width:346px\"> <p><strong>P&aacute;ly&aacute;zati projekt c&iacute;me &eacute;s t&eacute;m&aacute;ja <\/strong><\/p> <\/td> <td style=\"height:63px; width:128px\"> <p><strong>T&aacute;mogat&aacute;s &ouml;sszege (Ft-ban)<\/strong><\/p> <\/td> <\/tr> <tr> <td style=\"height:63px; width:128px\"> <p>NKFI K-17<\/p> <\/td> <td style=\"height:63px; width:346px\"> <p>Az antibiotikumok t&uacute;lzott felhaszn&aacute;l&aacute;s&aacute;nak visszaszor&iacute;t&aacute;sa az &aacute;llatorvosl&aacute;sban<\/p> <\/td> <td style=\"height:63px; width:128px\"> <p>(elb&iacute;r&aacute;l&aacute;s alatt)<\/p> <\/td> <\/tr> <tr> <td style=\"height:63px; width:128px\"> <p>EMMI Kutat&oacute;kar<\/p> <p>&Uacute;j kutat&aacute;si t&eacute;ma<\/p> <\/td> <td style=\"height:63px; width:346px\"> <p>Benzimidazol rezisztencia el\u0151fordul&aacute;sa hazai szarvasmarha- &eacute;s juh&aacute;llom&aacute;nyokban (2016)<\/p> <\/td> <td style=\"height:63px; width:128px\"> <p>&nbsp;1.200.000<\/p> <\/td> <\/tr> <tr> <td style=\"height:42px; width:128px\"> <p>OTKA-100701<\/p> <\/td> <td style=\"height:42px; width:346px\"> <p>A xenobiotikum anyagcsere oxidat&iacute;v stressz okozta megv&aacute;ltoz&aacute;s&aacute;nak megel\u0151z&eacute;se sert&eacute;s b&eacute;l- &eacute;s m&aacute;jsejt ko-kult&uacute;ra modellen<\/p> <\/td> <td style=\"height:42px; width:128px\"> <p>&nbsp;<\/p> <\/td> <\/tr> <tr> <td style=\"height:21px; width:128px\"> <p>EMMI Kutat&oacute;kar<\/p> <p>&Uacute;j kutat&aacute;si t&eacute;ma<\/p> <\/td> <td style=\"height:21px; width:346px\"> <p>Gy&oacute;gyszerbiztons&aacute;gi vizsg&aacute;latok egzotikus mad&aacute;rfajokon (2014)<\/p> <\/td> <td style=\"height:21px; width:128px\"> <p>2.000.000<\/p> <\/td> <\/tr> <tr> <td style=\"height:21px; width:128px\"> <p>EMMI Kutat&oacute;kar<\/p> <p>&Uacute;j kutat&aacute;si t&eacute;ma<\/p> <\/td> <td style=\"height:21px; width:346px\"> <p>Az antibiotikum felhaszn&aacute;l&aacute;s cs&ouml;kkent&eacute;se enged&eacute;lyezett takarm&aacute;nyadal&eacute;kok alkalmaz&aacute;s&aacute;val, &eacute;lelmiszertermel\u0151 &aacute;llatokon (2013)<\/p> <\/td> <td style=\"height:21px; width:128px\"> <p>&nbsp;1.000.000<\/p> <\/td> <\/tr> <\/tbody> <\/table> <p>&nbsp;<\/p> <p>&nbsp;<\/p> <p>&nbsp;<\/p> <p>&nbsp;<\/p> <p><a href=\"http:\/\/kutatocsoportok.szie.hu\/sites\/default\/files\/styles\/large\/public\/Kep16.jpg?itok=Cmcf6glI\" rel=\"lightbox[field_image][]\" title=\"\"><img decoding=\"async\" src=\"http:\/\/kutatocsoportok.szie.hu\/sites\/default\/files\/styles\/thumbnail\/public\/Kep16.jpg?itok=3JJhBHGf\" data-replaced=\"true\" style=\"height:71px; width:100px\" \/><\/a><\/p>","protected":false},"excerpt":{"rendered":"<p>KUTAT&Oacute;CSOPORT-VEZET\u0150: Dr. Csik&oacute; Gy&ouml;rgy EL&Eacute;RHET\u0150S&Eacute;G: [Kattintson az emailc\u00edmhez] A KUTAT&Oacute;CSOPORT TAGJAI: Egyetemi docens: Dr. Csik&oacute; Gy&ouml;rgy Tudom&aacute;nyos munkat&aacute;rs: Nagy G&aacute;bor, Dr. Farkas Orsolya Tudom&aacute;nyos seg&eacute;dmunkat&aacute;rs: Pal&oacute;cz Orsolya Asszisztens: Balogh Katalin, Borb&aacute;s &Eacute;va &nbsp; KUTAT&Aacute;SI TER&Uuml;LETEK: Farmakokinetika, gy&oacute;gyszer-metabolizmus, metabolikus interakci&oacute;k, klinikai farmakol&oacute;gia, alternat&iacute;v hozamfokoz&oacute;k, antibiotikumok alkalmaz&aacute;s&aacute;t cs&ouml;kkent\u0151 szerek, gy&oacute;gyhat&aacute;s&uacute; term&eacute;kek &nbsp; SZAKMAI SZERVEZETI TAGS&Aacute;G: European Association<\/p>\n","protected":false},"author":1,"featured_media":0,"parent":870,"menu_order":228,"comment_status":"closed","ping_status":"closed","template":"","meta":{"_acf_changed":false,"footnotes":""},"categories":[],"tags":[],"class_list":["post-908","page","type-page","status-publish","hentry"],"acf":[],"_links":{"self":[{"href":"https:\/\/univet.hu\/hu\/wp-json\/wp\/v2\/pages\/908","targetHints":{"allow":["GET"]}}],"collection":[{"href":"https:\/\/univet.hu\/hu\/wp-json\/wp\/v2\/pages"}],"about":[{"href":"https:\/\/univet.hu\/hu\/wp-json\/wp\/v2\/types\/page"}],"author":[{"embeddable":true,"href":"https:\/\/univet.hu\/hu\/wp-json\/wp\/v2\/users\/1"}],"replies":[{"embeddable":true,"href":"https:\/\/univet.hu\/hu\/wp-json\/wp\/v2\/comments?post=908"}],"version-history":[{"count":0,"href":"https:\/\/univet.hu\/hu\/wp-json\/wp\/v2\/pages\/908\/revisions"}],"up":[{"embeddable":true,"href":"https:\/\/univet.hu\/hu\/wp-json\/wp\/v2\/pages\/870"}],"wp:attachment":[{"href":"https:\/\/univet.hu\/hu\/wp-json\/wp\/v2\/media?parent=908"}],"wp:term":[{"taxonomy":"category","embeddable":true,"href":"https:\/\/univet.hu\/hu\/wp-json\/wp\/v2\/categories?post=908"},{"taxonomy":"post_tag","embeddable":true,"href":"https:\/\/univet.hu\/hu\/wp-json\/wp\/v2\/tags?post=908"}],"curies":[{"name":"wp","href":"https:\/\/api.w.org\/{rel}","templated":true}]}}