{"id":91078,"date":"2023-08-24T10:29:12","date_gmt":"2023-08-24T08:29:12","guid":{"rendered":"https:\/\/univet.hu\/?page_id=91078"},"modified":"2023-09-28T15:59:31","modified_gmt":"2023-09-28T13:59:31","slug":"marci-macska","status":"publish","type":"page","link":"https:\/\/univet.hu\/hu\/marci-macska\/","title":{"rendered":"Marci macska"},"content":{"rendered":"<p><strong>Szeretn\u00e9nk megosztani veletek a doromboldogs\u00e1gos h\u00edrt: elk\u00e9sz\u00fclt Marci macska bronzszobra, amit szeptember 27-\u00e9n 14 \u00f3rakor leplez\u00fcnk le, az \u00e9ves \u00d6k\u00f6rs\u00fct\u0151 rendezv\u00e9ny\u00fcnk r\u00e9szek\u00e9nt.<\/strong><\/p> <p>Marci tavasszal hagyott itt minket, miut\u00e1n t\u00f6bb mint egy \u00e9vtizeden \u00e1t volt kampuszunk legn\u00e9pszer\u0171bb lak\u00f3ja.<\/p> <p><strong>De ez m\u00e9g nem minden! Hogy kalandos \u00e9let\u00e9t bemutassuk &#8211; egy k\u00fcl\u00f6nleges weboldalt hozunk l\u00e9tre, tele a t\u0151letek sz\u00e1rmaz\u00f3 f\u00e9nyk\u00e9pekkel, vide\u00f3kkal \u00e9s t\u00f6rt\u00e9netekkel Marcir\u00f3l.<\/strong><\/p> <p>K\u00fcldj\u00e9tek el a <a class=\"decrypt\" rel=\"sfoef{wfozAvojwfu\/iv\" href=\"javascript:void(0);\">[Kattintson az emailc\u00edmhez]<\/a> c\u00edmre kedvenc eml\u00e9keteket r\u00f3la, hogy Marci \u00f6r\u00f6ks\u00e9ge fennmaradhasson az ut\u00f3kornak is.<\/p> <p><strong>Mit kell tenned?<\/strong><\/p> <ul> <li>K\u00fcldd el nek\u00fcnk kedvenc f\u00e9nyk\u00e9peidet vagy vide\u00f3idat Marcir\u00f3l<\/li> <li>\u00c9s\/vagy oszd meg vel\u00fcnk t\u00f6rt\u00e9neteidet Marcir\u00f3l<\/li> <li>Sz\u00f3lj a t\u00f6bbieknek is!<\/li> <\/ul> <p>Marci k\u00f3bor macsk\u00e1b\u00f3l, csaknem 12 \u00e9ven \u00e1t, az eg\u00e9sz \u00c1TE k\u00f6z\u00f6ss\u00e9g szeretett kedvence lett. Szobra az egyetem\u00fcnk\u00f6n tapasztalt elk\u00f6telezett gondoskod\u00e1s\u00e1nak, a felel\u0151s \u00e1llattart\u00e1snak \u00e9s az \u00e1llatszeretetnek a jelk\u00e9pek\u00e9nt sz\u00fcletett meg.<\/p> <p>A nosztalgia jegy\u00e9ben t\u00f6lts\u00fck meg k\u00fcl\u00f6nleges weboldalunkat cuki tartalommal.<\/p> <p><strong>M\u00e1r be\u00e9rkezett k\u00e9pek:<\/strong><\/p>  \t\t<ul id='gallery-1' class='gallery galleryid-91078 block-grid-xs-2 block-grid-sm-3 block-grid-md-4 block-grid-lg-5'><li class='gallery-item'>         <span class='gallery-icon'>             <a href='https:\/\/univet.hu\/wp-content\/uploads\/2023\/09\/IMG_20200214_110304.jpg'><img loading=\"lazy\" decoding=\"async\" width=\"320\" height=\"320\" src=\"https:\/\/univet.hu\/wp-content\/uploads\/2023\/09\/IMG_20200214_110304-320x320.jpg\" class=\"attachment-thumbnail size-thumbnail\" alt=\"\" srcset=\"https:\/\/univet.hu\/wp-content\/uploads\/2023\/09\/IMG_20200214_110304-320x320.jpg 320w, https:\/\/univet.hu\/wp-content\/uploads\/2023\/09\/IMG_20200214_110304-640x640.jpg 640w\" sizes=\"auto, (max-width: 320px) 100vw, 320px\" \/><\/a>         <\/span><\/li><li class='gallery-item'>         <span class='gallery-icon'>             <a href='https:\/\/univet.hu\/wp-content\/uploads\/2023\/09\/IMG_20200720_163352.jpg'><img loading=\"lazy\" decoding=\"async\" width=\"320\" height=\"320\" src=\"https:\/\/univet.hu\/wp-content\/uploads\/2023\/09\/IMG_20200720_163352-320x320.jpg\" class=\"attachment-thumbnail size-thumbnail\" alt=\"\" srcset=\"https:\/\/univet.hu\/wp-content\/uploads\/2023\/09\/IMG_20200720_163352-320x320.jpg 320w, https:\/\/univet.hu\/wp-content\/uploads\/2023\/09\/IMG_20200720_163352-640x640.jpg 640w\" sizes=\"auto, (max-width: 320px) 100vw, 320px\" \/><\/a>         <\/span><\/li><li class='gallery-item'>         <span class='gallery-icon'>             <a href='https:\/\/univet.hu\/wp-content\/uploads\/2023\/09\/IMG_20210604_082030.jpg'><img loading=\"lazy\" decoding=\"async\" width=\"320\" height=\"320\" src=\"https:\/\/univet.hu\/wp-content\/uploads\/2023\/09\/IMG_20210604_082030-320x320.jpg\" class=\"attachment-thumbnail size-thumbnail\" alt=\"\" srcset=\"https:\/\/univet.hu\/wp-content\/uploads\/2023\/09\/IMG_20210604_082030-320x320.jpg 320w, https:\/\/univet.hu\/wp-content\/uploads\/2023\/09\/IMG_20210604_082030-640x640.jpg 640w\" sizes=\"auto, (max-width: 320px) 100vw, 320px\" \/><\/a>         <\/span><\/li><li class='gallery-item'>         <span class='gallery-icon'>             <a href='https:\/\/univet.hu\/wp-content\/uploads\/2023\/09\/IMG_20220505_125944.jpg'><img loading=\"lazy\" decoding=\"async\" width=\"320\" height=\"320\" src=\"https:\/\/univet.hu\/wp-content\/uploads\/2023\/09\/IMG_20220505_125944-320x320.jpg\" class=\"attachment-thumbnail size-thumbnail\" alt=\"\" srcset=\"https:\/\/univet.hu\/wp-content\/uploads\/2023\/09\/IMG_20220505_125944-320x320.jpg 320w, https:\/\/univet.hu\/wp-content\/uploads\/2023\/09\/IMG_20220505_125944-640x640.jpg 640w\" sizes=\"auto, (max-width: 320px) 100vw, 320px\" \/><\/a>         <\/span><\/li><li class='gallery-item'>         <span class='gallery-icon'>             <a href='https:\/\/univet.hu\/wp-content\/uploads\/2023\/09\/IMG_20220505_130118.jpg'><img loading=\"lazy\" decoding=\"async\" width=\"320\" height=\"320\" src=\"https:\/\/univet.hu\/wp-content\/uploads\/2023\/09\/IMG_20220505_130118-320x320.jpg\" class=\"attachment-thumbnail size-thumbnail\" alt=\"\" srcset=\"https:\/\/univet.hu\/wp-content\/uploads\/2023\/09\/IMG_20220505_130118-320x320.jpg 320w, https:\/\/univet.hu\/wp-content\/uploads\/2023\/09\/IMG_20220505_130118-640x640.jpg 640w\" sizes=\"auto, (max-width: 320px) 100vw, 320px\" \/><\/a>         <\/span><\/li><li class='gallery-item'>         <span class='gallery-icon'>             <a href='https:\/\/univet.hu\/wp-content\/uploads\/2023\/09\/IMG_20220602_083210.jpg'><img loading=\"lazy\" decoding=\"async\" width=\"320\" height=\"320\" src=\"https:\/\/univet.hu\/wp-content\/uploads\/2023\/09\/IMG_20220602_083210-320x320.jpg\" class=\"attachment-thumbnail size-thumbnail\" alt=\"\" srcset=\"https:\/\/univet.hu\/wp-content\/uploads\/2023\/09\/IMG_20220602_083210-320x320.jpg 320w, https:\/\/univet.hu\/wp-content\/uploads\/2023\/09\/IMG_20220602_083210-640x640.jpg 640w\" sizes=\"auto, (max-width: 320px) 100vw, 320px\" \/><\/a>         <\/span><\/li><li class='gallery-item'>         <span class='gallery-icon'>             <a href='https:\/\/univet.hu\/wp-content\/uploads\/2023\/09\/IMG_20220927_072724.jpg'><img loading=\"lazy\" decoding=\"async\" width=\"320\" height=\"320\" src=\"https:\/\/univet.hu\/wp-content\/uploads\/2023\/09\/IMG_20220927_072724-320x320.jpg\" class=\"attachment-thumbnail size-thumbnail\" alt=\"\" srcset=\"https:\/\/univet.hu\/wp-content\/uploads\/2023\/09\/IMG_20220927_072724-320x320.jpg 320w, https:\/\/univet.hu\/wp-content\/uploads\/2023\/09\/IMG_20220927_072724-640x640.jpg 640w\" sizes=\"auto, (max-width: 320px) 100vw, 320px\" \/><\/a>         <\/span><\/li><li class='gallery-item'>         <span class='gallery-icon'>             <a href='https:\/\/univet.hu\/wp-content\/uploads\/2023\/09\/IMG_20230221_084023.jpg'><img loading=\"lazy\" decoding=\"async\" width=\"320\" height=\"320\" src=\"https:\/\/univet.hu\/wp-content\/uploads\/2023\/09\/IMG_20230221_084023-320x320.jpg\" class=\"attachment-thumbnail size-thumbnail\" alt=\"\" srcset=\"https:\/\/univet.hu\/wp-content\/uploads\/2023\/09\/IMG_20230221_084023-320x320.jpg 320w, https:\/\/univet.hu\/wp-content\/uploads\/2023\/09\/IMG_20230221_084023-640x640.jpg 640w\" sizes=\"auto, (max-width: 320px) 100vw, 320px\" \/><\/a>         <\/span><\/li><li class='gallery-item'>         <span class='gallery-icon'>             <a href='https:\/\/univet.hu\/wp-content\/uploads\/2023\/09\/Rivka.jpg'><img loading=\"lazy\" decoding=\"async\" width=\"196\" height=\"320\" src=\"https:\/\/univet.hu\/wp-content\/uploads\/2023\/09\/Rivka-196x320.jpg\" class=\"attachment-thumbnail size-thumbnail\" alt=\"\" \/><\/a>         <\/span><\/li><li class='gallery-item'>         <span class='gallery-icon'>             <a href='https:\/\/univet.hu\/wp-content\/uploads\/2023\/09\/IMG_20200414_164517.jpg'><img loading=\"lazy\" decoding=\"async\" width=\"320\" height=\"320\" src=\"https:\/\/univet.hu\/wp-content\/uploads\/2023\/09\/IMG_20200414_164517-320x320.jpg\" class=\"attachment-thumbnail size-thumbnail\" alt=\"\" srcset=\"https:\/\/univet.hu\/wp-content\/uploads\/2023\/09\/IMG_20200414_164517-320x320.jpg 320w, https:\/\/univet.hu\/wp-content\/uploads\/2023\/09\/IMG_20200414_164517-640x640.jpg 640w\" sizes=\"auto, (max-width: 320px) 100vw, 320px\" \/><\/a>         <\/span><\/li><li class='gallery-item'>         <span class='gallery-icon'>             <a href='https:\/\/univet.hu\/wp-content\/uploads\/2023\/09\/Vincent.jpg'><img loading=\"lazy\" decoding=\"async\" width=\"320\" height=\"320\" src=\"https:\/\/univet.hu\/wp-content\/uploads\/2023\/09\/Vincent-320x320.jpg\" class=\"attachment-thumbnail size-thumbnail\" alt=\"\" srcset=\"https:\/\/univet.hu\/wp-content\/uploads\/2023\/09\/Vincent-320x320.jpg 320w, https:\/\/univet.hu\/wp-content\/uploads\/2023\/09\/Vincent-640x640.jpg 640w\" sizes=\"auto, (max-width: 320px) 100vw, 320px\" \/><\/a>         <\/span><\/li><li class='gallery-item'>         <span class='gallery-icon'>             <a href='https:\/\/univet.hu\/wp-content\/uploads\/2023\/09\/IMG_20220302_103125.jpg'><img loading=\"lazy\" decoding=\"async\" width=\"320\" height=\"320\" src=\"https:\/\/univet.hu\/wp-content\/uploads\/2023\/09\/IMG_20220302_103125-320x320.jpg\" class=\"attachment-thumbnail size-thumbnail\" alt=\"\" srcset=\"https:\/\/univet.hu\/wp-content\/uploads\/2023\/09\/IMG_20220302_103125-320x320.jpg 320w, https:\/\/univet.hu\/wp-content\/uploads\/2023\/09\/IMG_20220302_103125-640x640.jpg 640w\" sizes=\"auto, (max-width: 320px) 100vw, 320px\" \/><\/a>         <\/span><\/li><li class='gallery-item'>         <span class='gallery-icon'>             <a href='https:\/\/univet.hu\/wp-content\/uploads\/2023\/09\/received_464313598912621.jpeg'><img loading=\"lazy\" decoding=\"async\" width=\"320\" height=\"320\" src=\"https:\/\/univet.hu\/wp-content\/uploads\/2023\/09\/received_464313598912621-320x320.jpeg\" class=\"attachment-thumbnail size-thumbnail\" alt=\"\" srcset=\"https:\/\/univet.hu\/wp-content\/uploads\/2023\/09\/received_464313598912621-320x320.jpeg 320w, https:\/\/univet.hu\/wp-content\/uploads\/2023\/09\/received_464313598912621-640x640.jpeg 640w\" sizes=\"auto, (max-width: 320px) 100vw, 320px\" \/><\/a>         <\/span><\/li><li class='gallery-item'>         <span class='gallery-icon'>             <a href='https:\/\/univet.hu\/wp-content\/uploads\/2023\/09\/IMG_20230208_142422.jpg'><img loading=\"lazy\" decoding=\"async\" width=\"320\" height=\"320\" src=\"https:\/\/univet.hu\/wp-content\/uploads\/2023\/09\/IMG_20230208_142422-320x320.jpg\" class=\"attachment-thumbnail size-thumbnail\" alt=\"\" srcset=\"https:\/\/univet.hu\/wp-content\/uploads\/2023\/09\/IMG_20230208_142422-320x320.jpg 320w, https:\/\/univet.hu\/wp-content\/uploads\/2023\/09\/IMG_20230208_142422-640x640.jpg 640w\" sizes=\"auto, (max-width: 320px) 100vw, 320px\" \/><\/a>         <\/span><\/li><li class='gallery-item'>         <span class='gallery-icon'>             <a href='https:\/\/univet.hu\/wp-content\/uploads\/2023\/09\/IMG_20230331_105606.jpg'><img loading=\"lazy\" decoding=\"async\" width=\"320\" height=\"320\" src=\"https:\/\/univet.hu\/wp-content\/uploads\/2023\/09\/IMG_20230331_105606-320x320.jpg\" class=\"attachment-thumbnail size-thumbnail\" alt=\"\" srcset=\"https:\/\/univet.hu\/wp-content\/uploads\/2023\/09\/IMG_20230331_105606-320x320.jpg 320w, https:\/\/univet.hu\/wp-content\/uploads\/2023\/09\/IMG_20230331_105606-640x640.jpg 640w\" sizes=\"auto, (max-width: 320px) 100vw, 320px\" \/><\/a>         <\/span><\/li><li class='gallery-item'>         <span class='gallery-icon'>             <a href='https:\/\/univet.hu\/wp-content\/uploads\/2023\/09\/IMG_20230414_104132.jpg'><img loading=\"lazy\" decoding=\"async\" width=\"320\" height=\"320\" src=\"https:\/\/univet.hu\/wp-content\/uploads\/2023\/09\/IMG_20230414_104132-320x320.jpg\" class=\"attachment-thumbnail size-thumbnail\" alt=\"\" srcset=\"https:\/\/univet.hu\/wp-content\/uploads\/2023\/09\/IMG_20230414_104132-320x320.jpg 320w, https:\/\/univet.hu\/wp-content\/uploads\/2023\/09\/IMG_20230414_104132-640x640.jpg 640w\" sizes=\"auto, (max-width: 320px) 100vw, 320px\" \/><\/a>         <\/span><\/li><li class='gallery-item'>         <span class='gallery-icon'>             <a href='https:\/\/univet.hu\/wp-content\/uploads\/2023\/09\/IMG_20230920_144844_986.jpg'><img loading=\"lazy\" decoding=\"async\" width=\"320\" height=\"320\" src=\"https:\/\/univet.hu\/wp-content\/uploads\/2023\/09\/IMG_20230920_144844_986-320x320.jpg\" class=\"attachment-thumbnail size-thumbnail\" alt=\"\" srcset=\"https:\/\/univet.hu\/wp-content\/uploads\/2023\/09\/IMG_20230920_144844_986-320x320.jpg 320w, https:\/\/univet.hu\/wp-content\/uploads\/2023\/09\/IMG_20230920_144844_986-640x640.jpg 640w\" sizes=\"auto, (max-width: 320px) 100vw, 320px\" \/><\/a>         <\/span><\/li><li class='gallery-item'>         <span class='gallery-icon'>             <a href='https:\/\/univet.hu\/wp-content\/uploads\/2023\/09\/Marcica.jpg'><img loading=\"lazy\" decoding=\"async\" width=\"320\" height=\"320\" src=\"https:\/\/univet.hu\/wp-content\/uploads\/2023\/09\/Marcica-320x320.jpg\" class=\"attachment-thumbnail size-thumbnail\" alt=\"\" srcset=\"https:\/\/univet.hu\/wp-content\/uploads\/2023\/09\/Marcica-320x320.jpg 320w, https:\/\/univet.hu\/wp-content\/uploads\/2023\/09\/Marcica-640x640.jpg 640w\" sizes=\"auto, (max-width: 320px) 100vw, 320px\" \/><\/a>         <\/span><\/li><li class='gallery-item'>         <span class='gallery-icon'>             <a href='https:\/\/univet.hu\/wp-content\/uploads\/2023\/09\/received_708769294185239.jpeg'><img loading=\"lazy\" decoding=\"async\" width=\"320\" height=\"320\" src=\"https:\/\/univet.hu\/wp-content\/uploads\/2023\/09\/received_708769294185239-320x320.jpeg\" class=\"attachment-thumbnail size-thumbnail\" alt=\"\" srcset=\"https:\/\/univet.hu\/wp-content\/uploads\/2023\/09\/received_708769294185239-320x320.jpeg 320w, https:\/\/univet.hu\/wp-content\/uploads\/2023\/09\/received_708769294185239-640x640.jpeg 640w\" sizes=\"auto, (max-width: 320px) 100vw, 320px\" \/><\/a>         <\/span><\/li><li class='gallery-item'>         <span class='gallery-icon'>             <a href='https:\/\/univet.hu\/wp-content\/uploads\/2023\/09\/IMG_20230201_142829.jpg'><img loading=\"lazy\" decoding=\"async\" width=\"320\" height=\"320\" src=\"https:\/\/univet.hu\/wp-content\/uploads\/2023\/09\/IMG_20230201_142829-320x320.jpg\" class=\"attachment-thumbnail size-thumbnail\" alt=\"\" srcset=\"https:\/\/univet.hu\/wp-content\/uploads\/2023\/09\/IMG_20230201_142829-320x320.jpg 320w, https:\/\/univet.hu\/wp-content\/uploads\/2023\/09\/IMG_20230201_142829-640x640.jpg 640w\" sizes=\"auto, (max-width: 320px) 100vw, 320px\" \/><\/a>         <\/span><\/li><li class='gallery-item'>         <span class='gallery-icon'>             <a href='https:\/\/univet.hu\/wp-content\/uploads\/2023\/09\/received_1271733260038806.jpeg'><img loading=\"lazy\" decoding=\"async\" width=\"320\" height=\"320\" src=\"https:\/\/univet.hu\/wp-content\/uploads\/2023\/09\/received_1271733260038806-320x320.jpeg\" class=\"attachment-thumbnail size-thumbnail\" alt=\"\" srcset=\"https:\/\/univet.hu\/wp-content\/uploads\/2023\/09\/received_1271733260038806-320x320.jpeg 320w, https:\/\/univet.hu\/wp-content\/uploads\/2023\/09\/received_1271733260038806-640x640.jpeg 640w\" sizes=\"auto, (max-width: 320px) 100vw, 320px\" \/><\/a>         <\/span><\/li><li class='gallery-item'>         <span class='gallery-icon'>             <a href='https:\/\/univet.hu\/wp-content\/uploads\/2023\/09\/20230926.jpg'><img loading=\"lazy\" decoding=\"async\" width=\"320\" height=\"320\" src=\"https:\/\/univet.hu\/wp-content\/uploads\/2023\/09\/20230926-320x320.jpg\" class=\"attachment-thumbnail size-thumbnail\" alt=\"\" srcset=\"https:\/\/univet.hu\/wp-content\/uploads\/2023\/09\/20230926-320x320.jpg 320w, https:\/\/univet.hu\/wp-content\/uploads\/2023\/09\/20230926-640x640.jpg 640w\" sizes=\"auto, (max-width: 320px) 100vw, 320px\" \/><\/a>         <\/span><\/li><li class='gallery-item'>         <span class='gallery-icon'>             <a href='https:\/\/univet.hu\/wp-content\/uploads\/2023\/09\/202309262.jpg'><img loading=\"lazy\" decoding=\"async\" width=\"320\" height=\"320\" src=\"https:\/\/univet.hu\/wp-content\/uploads\/2023\/09\/202309262-320x320.jpg\" class=\"attachment-thumbnail size-thumbnail\" alt=\"\" srcset=\"https:\/\/univet.hu\/wp-content\/uploads\/2023\/09\/202309262-320x320.jpg 320w, https:\/\/univet.hu\/wp-content\/uploads\/2023\/09\/202309262-640x640.jpg 640w\" sizes=\"auto, (max-width: 320px) 100vw, 320px\" \/><\/a>         <\/span><\/li><li class='gallery-item'>         <span class='gallery-icon'>             <a href='https:\/\/univet.hu\/wp-content\/uploads\/2023\/09\/202309263.jpg'><img loading=\"lazy\" decoding=\"async\" width=\"320\" height=\"320\" src=\"https:\/\/univet.hu\/wp-content\/uploads\/2023\/09\/202309263-320x320.jpg\" class=\"attachment-thumbnail size-thumbnail\" alt=\"\" srcset=\"https:\/\/univet.hu\/wp-content\/uploads\/2023\/09\/202309263-320x320.jpg 320w, https:\/\/univet.hu\/wp-content\/uploads\/2023\/09\/202309263-640x640.jpg 640w\" sizes=\"auto, (max-width: 320px) 100vw, 320px\" \/><\/a>         <\/span><\/li><li class='gallery-item'>         <span class='gallery-icon'>             <a href='https:\/\/univet.hu\/wp-content\/uploads\/2023\/09\/20230928.jpg'><img loading=\"lazy\" decoding=\"async\" width=\"320\" height=\"320\" src=\"https:\/\/univet.hu\/wp-content\/uploads\/2023\/09\/20230928-320x320.jpg\" class=\"attachment-thumbnail size-thumbnail\" alt=\"\" srcset=\"https:\/\/univet.hu\/wp-content\/uploads\/2023\/09\/20230928-320x320.jpg 320w, https:\/\/univet.hu\/wp-content\/uploads\/2023\/09\/20230928-768x768.jpg 768w, https:\/\/univet.hu\/wp-content\/uploads\/2023\/09\/20230928-960x960.jpg 960w, https:\/\/univet.hu\/wp-content\/uploads\/2023\/09\/20230928-640x640.jpg 640w, https:\/\/univet.hu\/wp-content\/uploads\/2023\/09\/20230928.jpg 1020w\" sizes=\"auto, (max-width: 320px) 100vw, 320px\" \/><\/a>         <\/span><\/li><li class='gallery-item'>         <span class='gallery-icon'>             <a href='https:\/\/univet.hu\/wp-content\/uploads\/2023\/09\/202309282.jpg'><img loading=\"lazy\" decoding=\"async\" width=\"320\" height=\"320\" src=\"https:\/\/univet.hu\/wp-content\/uploads\/2023\/09\/202309282-320x320.jpg\" class=\"attachment-thumbnail size-thumbnail\" alt=\"\" srcset=\"https:\/\/univet.hu\/wp-content\/uploads\/2023\/09\/202309282-320x320.jpg 320w, https:\/\/univet.hu\/wp-content\/uploads\/2023\/09\/202309282-768x768.jpg 768w, https:\/\/univet.hu\/wp-content\/uploads\/2023\/09\/202309282-960x960.jpg 960w, https:\/\/univet.hu\/wp-content\/uploads\/2023\/09\/202309282-640x640.jpg 640w, https:\/\/univet.hu\/wp-content\/uploads\/2023\/09\/202309282.jpg 1020w\" sizes=\"auto, (max-width: 320px) 100vw, 320px\" \/><\/a>         <\/span><\/li><li class='gallery-item'>         <span class='gallery-icon'>             <a href='https:\/\/univet.hu\/wp-content\/uploads\/2023\/09\/202309283.jpg'><img loading=\"lazy\" decoding=\"async\" width=\"320\" height=\"320\" src=\"https:\/\/univet.hu\/wp-content\/uploads\/2023\/09\/202309283-320x320.jpg\" class=\"attachment-thumbnail size-thumbnail\" alt=\"\" srcset=\"https:\/\/univet.hu\/wp-content\/uploads\/2023\/09\/202309283-320x320.jpg 320w, https:\/\/univet.hu\/wp-content\/uploads\/2023\/09\/202309283-768x768.jpg 768w, https:\/\/univet.hu\/wp-content\/uploads\/2023\/09\/202309283-960x960.jpg 960w, https:\/\/univet.hu\/wp-content\/uploads\/2023\/09\/202309283-640x640.jpg 640w, https:\/\/univet.hu\/wp-content\/uploads\/2023\/09\/202309283.jpg 1020w\" sizes=\"auto, (max-width: 320px) 100vw, 320px\" \/><\/a>         <\/span><\/li><\/ul> <p>&nbsp;<\/p> <p><strong>Vide\u00f3k:<\/strong><\/p> <p><a href=\"https:\/\/univet.hu\/wp-content\/uploads\/2023\/09\/Vide\u00f3.mov\">Marci cica<\/a><\/p> <p>&nbsp;<\/p>","protected":false},"excerpt":{"rendered":"<p>Szeretn\u00e9nk megosztani veletek a doromboldogs\u00e1gos h\u00edrt: elk\u00e9sz\u00fclt Marci macska bronzszobra, amit szeptember 27-\u00e9n 14 \u00f3rakor leplez\u00fcnk le, az \u00e9ves \u00d6k\u00f6rs\u00fct\u0151 rendezv\u00e9ny\u00fcnk r\u00e9szek\u00e9nt. Marci tavasszal hagyott itt minket, miut\u00e1n t\u00f6bb mint egy \u00e9vtizeden \u00e1t volt kampuszunk legn\u00e9pszer\u0171bb lak\u00f3ja. De ez m\u00e9g nem minden! Hogy kalandos \u00e9let\u00e9t bemutassuk &#8211; egy k\u00fcl\u00f6nleges weboldalt hozunk l\u00e9tre, tele a t\u0151letek<\/p>\n","protected":false},"author":2518,"featured_media":0,"parent":0,"menu_order":0,"comment_status":"closed","ping_status":"closed","template":"","meta":{"_acf_changed":false,"footnotes":""},"categories":[],"tags":[],"class_list":["post-91078","page","type-page","status-publish","hentry"],"acf":[],"_links":{"self":[{"href":"https:\/\/univet.hu\/hu\/wp-json\/wp\/v2\/pages\/91078","targetHints":{"allow":["GET"]}}],"collection":[{"href":"https:\/\/univet.hu\/hu\/wp-json\/wp\/v2\/pages"}],"about":[{"href":"https:\/\/univet.hu\/hu\/wp-json\/wp\/v2\/types\/page"}],"author":[{"embeddable":true,"href":"https:\/\/univet.hu\/hu\/wp-json\/wp\/v2\/users\/2518"}],"replies":[{"embeddable":true,"href":"https:\/\/univet.hu\/hu\/wp-json\/wp\/v2\/comments?post=91078"}],"version-history":[{"count":0,"href":"https:\/\/univet.hu\/hu\/wp-json\/wp\/v2\/pages\/91078\/revisions"}],"wp:attachment":[{"href":"https:\/\/univet.hu\/hu\/wp-json\/wp\/v2\/media?parent=91078"}],"wp:term":[{"taxonomy":"category","embeddable":true,"href":"https:\/\/univet.hu\/hu\/wp-json\/wp\/v2\/categories?post=91078"},{"taxonomy":"post_tag","embeddable":true,"href":"https:\/\/univet.hu\/hu\/wp-json\/wp\/v2\/tags?post=91078"}],"curies":[{"name":"wp","href":"https:\/\/api.w.org\/{rel}","templated":true}]}}