{"id":91120,"date":"2023-08-24T15:32:18","date_gmt":"2023-08-24T13:32:18","guid":{"rendered":"https:\/\/univet.hu\/hu\/oktatas\/kurzusok\/new-course-page-2\/"},"modified":"2025-05-12T11:59:16","modified_gmt":"2025-05-12T09:59:16","slug":"az-allatorvos-szerepe-az-elelmiszerlanc-biztonsag-megteremteseben","status":"publish","type":"page","link":"https:\/\/univet.hu\/hu\/oktatas\/kurzusok\/az-allatorvos-szerepe-az-elelmiszerlanc-biztonsag-megteremteseben\/","title":{"rendered":"Az \u00e1llatorvos szerepe az \u00e9lelmiszerl\u00e1nc biztons\u00e1g megteremt\u00e9s\u00e9ben"},"content":{"rendered":"<p><strong>A tant\u00e1rgy c\u00e9lja:<\/strong><\/p> <p>A tant\u00e1rgy \u00e1ltal\u00e1nos c\u00e9lja, hogy megismertesse a hallgat\u00f3kkal az \u00e1llatorvosok szerep\u00e9t az \u00e9lelmiszerl\u00e1nc-biztons\u00e1g megteremt\u00e9s\u00e9ben. Az el\u0151ad\u00e1sok sor\u00e1n a Nemzeti \u00c9lelmiszerl\u00e1nc-biztons\u00e1gi Hivatalban (N\u00e9bih) \u00e9s az Agr\u00e1rminiszt\u00e9riumban dolgoz\u00f3 vend\u00e9gel\u0151ad\u00f3k mutatj\u00e1k be az \u00e1ltaluk k\u00e9pviselt szakter\u00fcletek aktu\u00e1lis k\u00e9rd\u00e9seit, kih\u00edv\u00e1sait, illetve az \u00e1llatorvosok f\u0151bb feladatait az egyes szakter\u00fcletek vonatkoz\u00e1s\u00e1ban.<\/p> <p>&nbsp;<\/p> <p><strong>Sz\u00fcks\u00e9ges el\u0151tanulm\u00e1ny<\/strong><\/p> <p>\u2013<\/p> <p>&nbsp;<\/p> <p><strong>Felel\u0151s tan\u00e1r<\/strong><\/p> <p>Dr. J\u00f3zwiak \u00c1kos Bernard<\/p> <p>&nbsp;<\/p> <p><strong>A tant\u00e1rgy oktat\u00f3i:<\/strong><\/p> <p>Dr. S\u00fcth Mikl\u00f3s, dr. J\u00f3zwiak \u00c1kos Bernard, a N\u00c9BIH vend\u00e9goktat\u00f3i<\/p> <p>&nbsp;<\/p>","protected":false},"excerpt":{"rendered":"<p>A tant\u00e1rgy c\u00e9lja: A tant\u00e1rgy \u00e1ltal\u00e1nos c\u00e9lja, hogy megismertesse a hallgat\u00f3kkal az \u00e1llatorvosok szerep\u00e9t az \u00e9lelmiszerl\u00e1nc-biztons\u00e1g megteremt\u00e9s\u00e9ben. Az el\u0151ad\u00e1sok sor\u00e1n a Nemzeti \u00c9lelmiszerl\u00e1nc-biztons\u00e1gi Hivatalban (N\u00e9bih) \u00e9s az Agr\u00e1rminiszt\u00e9riumban dolgoz\u00f3 vend\u00e9gel\u0151ad\u00f3k mutatj\u00e1k be az \u00e1ltaluk k\u00e9pviselt szakter\u00fcletek aktu\u00e1lis k\u00e9rd\u00e9seit, kih\u00edv\u00e1sait, illetve az \u00e1llatorvosok f\u0151bb feladatait az egyes szakter\u00fcletek vonatkoz\u00e1s\u00e1ban. &nbsp; Sz\u00fcks\u00e9ges el\u0151tanulm\u00e1ny \u2013 &nbsp; Felel\u0151s tan\u00e1r<\/p>\n","protected":false},"author":3837,"featured_media":0,"parent":677,"menu_order":0,"comment_status":"open","ping_status":"open","template":"","meta":{"_acf_changed":false,"footnotes":""},"categories":[],"tags":[],"class_list":["post-91120","page","type-page","status-publish","hentry"],"acf":[],"_links":{"self":[{"href":"https:\/\/univet.hu\/hu\/wp-json\/wp\/v2\/pages\/91120","targetHints":{"allow":["GET"]}}],"collection":[{"href":"https:\/\/univet.hu\/hu\/wp-json\/wp\/v2\/pages"}],"about":[{"href":"https:\/\/univet.hu\/hu\/wp-json\/wp\/v2\/types\/page"}],"author":[{"embeddable":true,"href":"https:\/\/univet.hu\/hu\/wp-json\/wp\/v2\/users\/3837"}],"replies":[{"embeddable":true,"href":"https:\/\/univet.hu\/hu\/wp-json\/wp\/v2\/comments?post=91120"}],"version-history":[{"count":1,"href":"https:\/\/univet.hu\/hu\/wp-json\/wp\/v2\/pages\/91120\/revisions"}],"predecessor-version":[{"id":184403,"href":"https:\/\/univet.hu\/hu\/wp-json\/wp\/v2\/pages\/91120\/revisions\/184403"}],"up":[{"embeddable":true,"href":"https:\/\/univet.hu\/hu\/wp-json\/wp\/v2\/pages\/677"}],"wp:attachment":[{"href":"https:\/\/univet.hu\/hu\/wp-json\/wp\/v2\/media?parent=91120"}],"wp:term":[{"taxonomy":"category","embeddable":true,"href":"https:\/\/univet.hu\/hu\/wp-json\/wp\/v2\/categories?post=91120"},{"taxonomy":"post_tag","embeddable":true,"href":"https:\/\/univet.hu\/hu\/wp-json\/wp\/v2\/tags?post=91120"}],"curies":[{"name":"wp","href":"https:\/\/api.w.org\/{rel}","templated":true}]}}