{"id":91188,"date":"2023-08-25T08:05:18","date_gmt":"2023-08-25T06:05:18","guid":{"rendered":"https:\/\/univet.hu\/?page_id=91188"},"modified":"2025-09-08T09:08:44","modified_gmt":"2025-09-08T07:08:44","slug":"fejezetek-a-patobiokemia-targykorebol","status":"publish","type":"page","link":"https:\/\/univet.hu\/hu\/oktatas\/kurzusok\/fejezetek-a-patobiokemia-targykorebol\/","title":{"rendered":"Fejezetek a patobiok\u00e9mia t\u00e1rgyk\u00f6r\u00e9b\u0151l"},"content":{"rendered":"<p><strong>Tant\u00e1rgy t\u00edpusa, kredit\u00e9rt\u00e9k<\/strong>: B, 2 kredit<\/p> <p><strong>Id\u0151pont:<\/strong>h\u00e9tf\u0151, 17:15 \u2013 18:45<\/p> <p><strong>Helysz\u00edn:<\/strong>URB\u00c1NYI el\u0151ad\u00f3<\/p> <p><strong>Jelentkez\u00e9s<\/strong>: csak a NEPTUN rendszeren kereszt\u00fcl<\/p> <p><strong>Vizsga<\/strong>: \u00edr\u00e1sbeli<\/p> <p>&nbsp;<\/p> <p><strong>A tant\u00e1rgy c\u00e9lja<\/strong>: az anyagcsere-folyamatok zavarainak \u00e9s a h\u00e1zi\u00e1llatok legf\u0151bb anyagforgalmi eredet\u0171 betegs\u00e9geinek a bemutat\u00e1sa.<\/p> <p>&nbsp;<\/p>","protected":false},"excerpt":{"rendered":"<p>Tant\u00e1rgy t\u00edpusa, kredit\u00e9rt\u00e9k: B, 2 kredit Id\u0151pont:h\u00e9tf\u0151, 17:15 \u2013 18:45 Helysz\u00edn:URB\u00c1NYI el\u0151ad\u00f3 Jelentkez\u00e9s: csak a NEPTUN rendszeren kereszt\u00fcl Vizsga: \u00edr\u00e1sbeli &nbsp; A tant\u00e1rgy c\u00e9lja: az anyagcsere-folyamatok zavarainak \u00e9s a h\u00e1zi\u00e1llatok legf\u0151bb anyagforgalmi eredet\u0171 betegs\u00e9geinek a bemutat\u00e1sa. &nbsp;<\/p>\n","protected":false},"author":3837,"featured_media":0,"parent":677,"menu_order":164,"comment_status":"closed","ping_status":"closed","template":"","meta":{"_acf_changed":false,"footnotes":""},"categories":[],"tags":[],"class_list":["post-91188","page","type-page","status-publish","hentry"],"acf":[],"_links":{"self":[{"href":"https:\/\/univet.hu\/hu\/wp-json\/wp\/v2\/pages\/91188","targetHints":{"allow":["GET"]}}],"collection":[{"href":"https:\/\/univet.hu\/hu\/wp-json\/wp\/v2\/pages"}],"about":[{"href":"https:\/\/univet.hu\/hu\/wp-json\/wp\/v2\/types\/page"}],"author":[{"embeddable":true,"href":"https:\/\/univet.hu\/hu\/wp-json\/wp\/v2\/users\/3837"}],"replies":[{"embeddable":true,"href":"https:\/\/univet.hu\/hu\/wp-json\/wp\/v2\/comments?post=91188"}],"version-history":[{"count":2,"href":"https:\/\/univet.hu\/hu\/wp-json\/wp\/v2\/pages\/91188\/revisions"}],"predecessor-version":[{"id":190276,"href":"https:\/\/univet.hu\/hu\/wp-json\/wp\/v2\/pages\/91188\/revisions\/190276"}],"up":[{"embeddable":true,"href":"https:\/\/univet.hu\/hu\/wp-json\/wp\/v2\/pages\/677"}],"wp:attachment":[{"href":"https:\/\/univet.hu\/hu\/wp-json\/wp\/v2\/media?parent=91188"}],"wp:term":[{"taxonomy":"category","embeddable":true,"href":"https:\/\/univet.hu\/hu\/wp-json\/wp\/v2\/categories?post=91188"},{"taxonomy":"post_tag","embeddable":true,"href":"https:\/\/univet.hu\/hu\/wp-json\/wp\/v2\/tags?post=91188"}],"curies":[{"name":"wp","href":"https:\/\/api.w.org\/{rel}","templated":true}]}}