{"id":912,"date":"2017-06-27T13:24:00","date_gmt":"2017-06-27T11:24:00","guid":{"rendered":"http:\/\/univet.hu\/egyetem\/kutatas\/kutatocsoportok\/haszonallat-gyogyaszati-kutatocsoport\/"},"modified":"2018-02-22T09:44:01","modified_gmt":"2018-02-22T08:44:01","slug":"haszonallat-gyogyaszati-kutatocsoport","status":"publish","type":"page","link":"https:\/\/univet.hu\/hu\/kutatas\/kutatocsoportok\/haszonallat-gyogyaszati-kutatocsoport\/","title":{"rendered":"Haszon\u00e1llat-gy\u00f3gy\u00e1szati Kutat\u00f3csoport"},"content":{"rendered":"<p><strong>KUTAT&Oacute;CSOPORT-VEZET\u0150: <\/strong>Dr. Biksi Imre, PhD, Dipl. ECPHM, egyetemi docens<\/p> <p><strong>EL&Eacute;RHET\u0150S&Eacute;G: <\/strong><a class=\"decrypt\" rel=\"cjltj\/jnsfAvojwfu\/iv\" href=\"javascript:void(0);\">[Kattintson az emailc\u00edmhez]<\/a><\/p> <p><strong>A KUTAT&Oacute;CSOPORT TAGJAI:<\/strong><\/p> <p>Egyetemi tan&aacute;r: Dr. Szenci Ott&oacute;<\/p> <p>Egyetemi docens: Dr. Biksi Imre<\/p> <p>Egyetemi adjunktus: Dr. Horv&aacute;th Andr&aacute;s<\/p> <p>Tansz&eacute;ki &aacute;llatorvos: Dr. Dobi P&eacute;ter, Dr. L&eacute;n&aacute;rt Lea, Dr. N&eacute;met Zolt&aacute;n, Dr. Szel&eacute;nyi Zolt&aacute;n<\/p> <p>PhD hallgat&oacute;: Dr. Albert Ervin<\/p> <p>Asszisztens: 4 f\u0151<\/p> <p>&nbsp;<\/p> <p><strong>KUTAT&Aacute;SI TER&Uuml;LETEK:<\/strong><\/p> <p>&Aacute;llatdiagnosztika, &Aacute;llateg&eacute;szs&eacute;g, &Aacute;llat-immunol&oacute;gia, &Aacute;llat-toxikol&oacute;gia, K&oacute;rokoz&oacute; bakt&eacute;riumok &aacute;llatokban, K&oacute;rokoz&oacute; gomb&aacute;k &aacute;llatokban, K&oacute;rokoz&oacute; f&eacute;rgek &aacute;llatokban, Gy&oacute;gyszermentes kezel&eacute;s, K&oacute;rokoz&oacute; protozo&aacute;k &aacute;llatokban, K&oacute;rokoz&oacute; v&iacute;rusok &aacute;llatokban, Zoon&oacute;zis, Sz&uuml;l&eacute;szet &eacute;s szaporod&aacute;sbiol&oacute;gia, Neonatol&oacute;gia, Takarm&aacute;nyoz&aacute;ssal &ouml;sszef&uuml;gg\u0151 betegs&eacute;gek<\/p> <p>&nbsp;<\/p> <p><strong>SZAKMAI SZERVEZETI TAGS&Aacute;G:<\/strong><\/p> <p>Magyar Buiatrikus T&aacute;rsas&aacute;g<\/p> <p>Szaporod&aacute;sbiol&oacute;giai T&aacute;rsas&aacute;g<\/p> <p>European College of Bovine Health Management<\/p> <p>European College of Porcine Health Management<\/p> <p>&nbsp;<\/p> <p>&nbsp;<\/p> <p><strong>HOSSZ&Uacute;T&Aacute;V&Uacute; EGY&Uuml;TTM\u0170K&Ouml;D&Eacute;SEK:<\/strong><\/p> <p>Mez\u0151gazdas&aacute;gi Biotechnol&oacute;giai Kutat&oacute;k&ouml;zpont<\/p> <p>Kaposv&aacute;ri Egyetem, &Aacute;llattudom&aacute;nyi Kar<\/p> <p>Nyugat-Magyarorsz&aacute;gi Egyetem<\/p> <p>Semmelweis Egyetem, I. sz&aacute;m&uacute; Belgy&oacute;gy&aacute;szati Klinika<\/p> <p>Budapesti M\u0171szaki &eacute;s Gazdas&aacute;gtudom&aacute;nyi Egyetem, Biomechanikai Kooper&aacute;ci&oacute;s Kutat&oacute;k&ouml;zpont<\/p> <p>University of Li&eacute;ge, Faculty of Veterinary Medicine (Belgium)<\/p> <p>Utrecht University, Faculty of Veterinary Medicine (Hollandia)<\/p> <p>University of Veterinary Medicine Vienna (Ausztria)<\/p> <p>Washington State University (USA)<\/p> <p>&nbsp;<\/p> <p><strong>IG&Eacute;NYELHET\u0150 SZOLG&Aacute;LTAT&Aacute;SOK:<\/strong><\/p> <p>haszon&aacute;llatok m\u0171szeres (sz&iacute;nes Doppler ultrahang, endoszk&oacute;p) diagnosztikai vizsg&aacute;lata<\/p> <p>haszon&aacute;llatok termel&eacute;si vesztes&eacute;gcs&ouml;kkent&eacute;s&eacute;nek vizsg&aacute;lata<\/p> <p>szarvasmarha-, kisk&eacute;r\u0151dz\u0151-, sert&eacute;s-&eacute;s ny&uacute;leg&eacute;szs&eacute;g&uuml;gyi vizsg&aacute;latok<\/p> <p><strong>P&Aacute;LY&Aacute;ZATOK:<\/strong><\/p> <table border=\"0\" cellpadding=\"0\" cellspacing=\"0\" style=\"width:595px\"> <tbody> <tr> <td style=\"height:38px; width:99px\"> <p>&nbsp;<\/p> <table border=\"0\" cellpadding=\"0\" cellspacing=\"0\" style=\"width:581px\"> <tbody> <tr> <td style=\"height:66px; width:124px\"> <p><strong>T&aacute;mogat&oacute; szervezet \/forr&aacute;s megnevez&eacute;se<\/strong><\/p> <\/td> <td style=\"height:66px; width:334px\"> <p><strong>P&aacute;ly&aacute;zati projekt c&iacute;me &eacute;s t&eacute;m&aacute;ja <\/strong><\/p> <\/td> <td style=\"height:66px; width:124px\"> <p><strong>T&aacute;mogat&aacute;s &ouml;sszege (Ft-ban)<\/strong><\/p> <\/td> <\/tr> <tr> <td style=\"height:66px; width:124px\"> <p>MAG ZRt. \/ Eur&oacute;pai Region&aacute;lis Fejleszt&eacute;si Alap<\/p> <\/td> <td style=\"height:66px; width:334px\"> <p>Funkcion&aacute;lis ny&uacute;lh&uacute;sterm&eacute;kcsal&aacute;d kialak&iacute;t&aacute;sa a Tetrabbit Kft.-n&eacute;l<\/p> <p>&Aacute;llateg&eacute;szs&eacute;g&uuml;gyi monitoring rendszer m&eacute;lyalmos ny&uacute;lhizlal&aacute;si technol&oacute;gi&aacute;hoz<\/p> <p>GOP-1.1.1-09<\/p> <\/td> <td style=\"height:66px; width:124px\"> <p>&nbsp;82.619.186<\/p> <\/td> <\/tr> <tr> <td style=\"height:44px; width:124px\"> <p>EMMI Kutat&oacute;kar<\/p> <p>Kiv&aacute;l&oacute; kutat&oacute;csoport<\/p> <\/td> <td style=\"height:44px; width:334px\"> <p>Haszon&aacute;llat-gy&oacute;gy&aacute;szati kutat&oacute;csoport kutat&aacute;sfejleszt&eacute;se<\/p> <p>KK-KF-2016<\/p> <\/td> <td style=\"height:44px; width:124px\"> <p>&nbsp;&nbsp; 5.000.000<\/p> <\/td> <\/tr> <\/tbody> <\/table> <p>&nbsp;<\/p> <\/td> <td style=\"height:38px; width:496px\"> <p>&nbsp;<\/p> <\/td> <\/tr> <tr> <td style=\"height:37px; width:99px\"> <p>&nbsp;<\/p> <\/td> <td style=\"height:37px; width:496px\"> <p>&nbsp;<\/p> <\/td> <\/tr> <\/tbody> <\/table> <p><strong>MEGB&Iacute;Z&Aacute;SOK:<\/strong><\/p> <p>Mez\u0151gazdas&aacute;gi termel\u0151 &eacute;s &eacute;rt&eacute;kes&iacute;t\u0151 c&eacute;gek: szarvasmarha-, sert&eacute;s-, valamint ny&uacute;lteny&eacute;szetek<\/p> <p>&nbsp;<\/p> <p>&nbsp;<\/p>","protected":false},"excerpt":{"rendered":"<p>KUTAT&Oacute;CSOPORT-VEZET\u0150: Dr. Biksi Imre, PhD, Dipl. ECPHM, egyetemi docens EL&Eacute;RHET\u0150S&Eacute;G: [Kattintson az emailc\u00edmhez] A KUTAT&Oacute;CSOPORT TAGJAI: Egyetemi tan&aacute;r: Dr. Szenci Ott&oacute; Egyetemi docens: Dr. Biksi Imre Egyetemi adjunktus: Dr. Horv&aacute;th Andr&aacute;s Tansz&eacute;ki &aacute;llatorvos: Dr. Dobi P&eacute;ter, Dr. L&eacute;n&aacute;rt Lea, Dr. N&eacute;met Zolt&aacute;n, Dr. Szel&eacute;nyi Zolt&aacute;n PhD hallgat&oacute;: Dr. Albert Ervin Asszisztens: 4 f\u0151 &nbsp; KUTAT&Aacute;SI<\/p>\n","protected":false},"author":1,"featured_media":0,"parent":870,"menu_order":228,"comment_status":"closed","ping_status":"closed","template":"","meta":{"_acf_changed":false,"footnotes":""},"categories":[],"tags":[],"class_list":["post-912","page","type-page","status-publish","hentry"],"acf":[],"_links":{"self":[{"href":"https:\/\/univet.hu\/hu\/wp-json\/wp\/v2\/pages\/912","targetHints":{"allow":["GET"]}}],"collection":[{"href":"https:\/\/univet.hu\/hu\/wp-json\/wp\/v2\/pages"}],"about":[{"href":"https:\/\/univet.hu\/hu\/wp-json\/wp\/v2\/types\/page"}],"author":[{"embeddable":true,"href":"https:\/\/univet.hu\/hu\/wp-json\/wp\/v2\/users\/1"}],"replies":[{"embeddable":true,"href":"https:\/\/univet.hu\/hu\/wp-json\/wp\/v2\/comments?post=912"}],"version-history":[{"count":0,"href":"https:\/\/univet.hu\/hu\/wp-json\/wp\/v2\/pages\/912\/revisions"}],"up":[{"embeddable":true,"href":"https:\/\/univet.hu\/hu\/wp-json\/wp\/v2\/pages\/870"}],"wp:attachment":[{"href":"https:\/\/univet.hu\/hu\/wp-json\/wp\/v2\/media?parent=912"}],"wp:term":[{"taxonomy":"category","embeddable":true,"href":"https:\/\/univet.hu\/hu\/wp-json\/wp\/v2\/categories?post=912"},{"taxonomy":"post_tag","embeddable":true,"href":"https:\/\/univet.hu\/hu\/wp-json\/wp\/v2\/tags?post=912"}],"curies":[{"name":"wp","href":"https:\/\/api.w.org\/{rel}","templated":true}]}}