{"id":91245,"date":"2023-08-25T12:56:59","date_gmt":"2023-08-25T10:56:59","guid":{"rendered":"https:\/\/univet.hu\/?page_id=91245"},"modified":"2026-02-10T03:59:45","modified_gmt":"2026-02-10T02:59:45","slug":"zoldag-laszlo","status":"publish","type":"page","link":"https:\/\/univet.hu\/hu\/egyetem\/munkatarsak\/zoldag-laszlo\/","title":{"rendered":"Z\u00f6ld\u00e1g L\u00e1szl\u00f3"},"content":{"rendered":"<p><strong>Bemutatkoz\u00e1s<\/strong>:<\/p> <p>1971-73: MTA \u00c1llatorvostudom\u00e1nyi Kutat\u00f3int\u00e9zet, tudom\u00e1nyos seg\u00e9dmunkat\u00e1rs.<\/p> <p>1973-t\u00f3l: \u00c1llatorvostudom\u00e1nyi Egyetem (majd annak jogut\u00f3djak\u00e9nt 2000. jan. 1-t\u0151l: Szent Istv\u00e1n Egyetem \u00c1llatorvostudom\u00e1nyi Kara), ahol a Sz\u00fcl\u00e9szeti \u00e9s szaporod\u00e1sbiol\u00f3giai tansz\u00e9ken:<\/p> <p>1973-79: egyetemi tan\u00e1rseg\u00e9d,<\/p> <p>1979-87: egyetemi adjunktus,<\/p> <p>1987-1991: egyetemi docens,<\/p> <p>1991: egyetemi tan\u00e1r (kinevez\u00e9s sz\u00e1ma: K.E. 274\/1991),<\/p> <p>1991-95: tansz\u00e9kvezet\u0151 egyetemi tan\u00e1r.<\/p> <p>Az \u00e1llatteny\u00e9szt\u00e9si, takarm\u00e1nyoz\u00e1stani \u00e9s labor\u00e1llat-tudom\u00e1nyi int\u00e9zetben:<\/p> <p>1997-t\u0151l oszt\u00e1lyvezet\u0151, egyet tan\u00e1r,<\/p> <p>2013-t\u00f3l \u00f6regs\u00e9gi nyugd\u00edjas.<\/p> <p>PhD k\u00e9pz\u00e9sben akkredit\u00e1lt oktat\u00f3 \u00e9s kutat\u00f3 1997-t\u0151l, jelenleg nem vagyok akt\u00edv.<\/p> <p>Oktat\u00e1s, gradu\u00e1lis k\u00e9pz\u00e9s:<\/p> <p>K\u00f6telez\u0151 t\u00e1rgyak:<\/p> <p>1973-1997: sz\u00fcl\u00e9szet \u00e9s szaporod\u00e1sbiol\u00f3gia c. tant\u00e1rgy elm\u00e9leti \u00e9s gyakorlati k\u00e9pz\u00e9s\u00e9ben r\u00e9szv\u00e9tel, oktat\u00e1sszervez\u00e9s \u00e9s vizsg\u00e1ztat\u00e1s.<\/p> <p>1997-t\u0151l: \u00e1llatteny\u00e9szt\u00e9s \u00e9s \u00e1llatorvosi genetika c. tant\u00e1rgy oktat\u00e1s\u00e1ban r\u00e9szv\u00e9tel, szervez\u00e9s \u00e9s vizsg\u00e1ztat\u00e1s.<\/p> <p>Fakultat\u00edv t\u00e1rgyak:<\/p> <ol> <li>H\u00e1zi\u00e1llatok mesters\u00e9ges term\u00e9keny\u00edt\u00e9se, 1997-ig.<\/li> <li>Kis\u00e1llatok szaporod\u00e1sbiol\u00f3gi\u00e1ja, 1997-ig.<\/li> <li>H\u00e1zi\u00e1llatok klinikai genetik\u00e1ja 2002-t\u0151l.<\/li> <li>L\u00f3teny\u00e9szt\u00e9s 2002-t\u0151l.<\/li> <li>Kinol\u00f3gia \u00e9s macskateny\u00e9szt\u00e9s 1998-t\u00f3l.<\/li> <li>\u00d6kol\u00f3giai \u00e1llatteny\u00e9szt\u00e9s alapjai 2002-t\u0151l.<\/li> <\/ol> <p>Az ut\u00f3bbi 3 fakultat\u00edv tant\u00e1rgy oktat\u00e1s\u00e1t jelenleg is v\u00e1llalom.<\/p> <p><strong>Tudom\u00e1nyos fokozat: \u00c1llatorvostudom\u00e1ny kandid\u00e1tusa (1985), MTA doktora (2006)<\/strong><\/p> <p><strong>Szakmai szervezeti tags\u00e1g:<\/strong><\/p> <table style=\"height: 118px;\" width=\"924\"> <tbody> <tr> <td style=\"width: 301.725px;\">Bizotts\u00e1g neve<\/td> <td style=\"width: 301.725px;\">Id\u0151<\/td> <td style=\"width: 301.75px;\">Tiszts\u00e9g<\/td> <\/tr> <tr> <td style=\"width: 301.725px;\">MTA K\u00f6ztest\u00fclet<\/td> <td style=\"width: 301.725px;\">1985-t\u0151l napjainkig<\/td> <td style=\"width: 301.75px;\">Tag<\/td> <\/tr> <\/tbody> <\/table> <p>&nbsp;<\/p> <p><strong>Eddigi szakdolgozat\/TDK hallgat\u00f3k sz\u00e1ma:<\/strong><\/p> <ul> <li><strong>Szakdolgozat: 200 f\u00f6l\u00f6tt<\/strong><\/li> <li><strong>TDK dolgozat: 15<\/strong><\/li> <\/ul> <p><strong>PhD hallgat\u00f3k sz\u00e1ma: 4 f\u0151<\/strong><\/p> <p>&nbsp;<\/p> <p><strong>Publik\u00e1ci\u00f3s lista (TOP10) \u00e9s <a href=\"https:\/\/m2.mtmt.hu\/gui2\/?type=authors&amp;mode=browse&amp;sel=authors10009848\">MTMT link<\/a><\/strong><\/p> <table style=\"height: 1353px;\" width=\"924\"> <tbody> <tr> <td style=\"width: 915.6px;\"><strong>1. <\/strong>Z\u00f6ld\u00e1g, L\u00e1szl\u00f3: A l\u00f3 sz\u00edn\u00f6r\u00f6kl\u00e9se \u00e9s genetikai betegs\u00e9gei. Budapest, Magyarorsz\u00e1g: A\/3 Nyomdaipari \u00e9s Kiad\u00f3i Szolg\u00e1ltat\u00f3 Kft. (2022) ISBN: 97896388110-7-3.<\/td> <\/tr> <tr> <td style=\"width: 915.6px;\"><strong>2. <\/strong>Z\u00f6ld\u00e1g, L\u00e1szl\u00f3: A kutya \u00f6r\u00f6kletes h\u00e1tter\u0171 betegs\u00e9gei. Budapest, Magyarorsz\u00e1g: A\/3 Nyomdaipari \u00e9s Kiad\u00f3i Szolg\u00e1ltat\u00f3 Kft. (2021) ISBN: 9789638811066.<\/td> <\/tr> <tr> <td style=\"width: 915.6px;\"><strong>3. <\/strong>Z\u00f6ld\u00e1g, L\u00e1szl\u00f3 Kutyateny\u00e9szt\u00e9s: genetikai alapok \u00e9s szaporod\u00e1sbiol\u00f3gia. Budapest, Magyarorsz\u00e1g: A\/3 Nyomdaipari \u00e9s Kiad\u00f3i Szolg\u00e1ltat\u00f3 Kft. (2020), 393 p. ISBN: 9789638811059.<\/td> <\/tr> <tr> <td style=\"width: 915.6px;\"><strong>4. <\/strong>Pelles, Zs\u00f3fia; G\u00e1sp\u00e1rdy, Andr\u00e1s; Z\u00f6ld\u00e1g, L\u00e1szl\u00f3; L\u00e9n\u00e1rt, X\u00e9nia; Ninausz, N\u00f3ra; Varga, L\u00e1szl\u00f3; Zenke, Petra:\u00a0 The effects of merle allele sizes on phenotype in the Mudi breed In: A Magyar Labor\u00e1llat-tudom\u00e1nyi Egyes\u00fclet 2019-es Tudom\u00e1nyos Konferenci\u00e1ja (2019).<\/td> <\/tr> <tr> <td style=\"width: 915.6px;\"><strong>5. <\/strong>Pelles, Zs\u00f3fia; G\u00e1sp\u00e1rdy, Andr\u00e1s; Z\u00f6ld\u00e1g, L\u00e1szl\u00f3; L\u00e9n\u00e1rt, X\u00e9nia; Ninausz, N\u00f3ra; Varga, L\u00e1szl\u00f3; Zenke, Petra: Merle allele variations in the Mudi dog breed and their effects on phenotypes. ACTA VETERINARIA HUNGARICA 67: 2 pp. 159-173., 15 p. (2019).<\/td> <\/tr> <tr> <td style=\"width: 915.6px;\"><strong>6. <\/strong>Pelles, Zs\u00f3fia; Mar\u00f3ti-Ag\u00f3ts, \u00c1kos; G\u00e1sp\u00e1rdy, Andr\u00e1s; Z\u00f6ld\u00e1g, L\u00e1szl\u00f3; Zenke, Petra: A rejtett cifra sz\u00edn molekul\u00e1ris genetikai m\u00f3dszerekkel val\u00f3 kimutat\u00e1sa mudi fajt\u00e1ban. MAGYAR \u00c1LLATORVOSOK LAPJA 140: 2 pp. 121-127., 7 p. (2018)<\/td> <\/tr> <tr> <td style=\"width: 915.6px;\"><strong>7. <\/strong>Pelles, Zs; Zenke, P; Mar\u00f3ti-Ag\u00f3ts, \u00c1; G\u00e1sp\u00e1rdy, A; Z\u00f6ld\u00e1g, L: Detection of the hidden merle colour in Mudi breed with genetic test. DANUBIAN ANIMAL GENETIC RESOURCES 2 pp. 106-110., 5 p. (2017).<\/td> <\/tr> <tr> <td style=\"width: 915.6px;\"><strong>8. <\/strong>Matiuti, M; Matiuti, C; Z\u00f6ld\u00e1g, L: The role of ethnozootechny in rural development (review) In: Hajas, P; A, G\u00e1sp\u00e1rdy (szerk.) 25 years with DAGENE: The Jubilee Proceedings, which comprise the history of this international NGO in the field of preservation of rare domestic animal breeds in the Danube basin. Gy\u0151r, Magyarorsz\u00e1g: Palatia Nyomda \u00e9s Kiad\u00f3 Kft, (2015) pp. 147-152., 6 p.<\/td> <\/tr> <tr> <td style=\"width: 915.6px;\"><strong>9. <\/strong>Hadjiev, Janaki; Seregi, J\u00e1nos; Pusztai, P\u00e9ter; Z\u00f6ld\u00e1g, L\u00e1szl\u00f3; Nagy, J\u00e1nos; Repa, Imre: Die pr\u00e4ventive Roller der Ern\u00e4hrung bei der Tumorbildung. Kann man der Entstehung eines Tumors vorbeugen? In: Brem, Gottfried; Seregi, J\u00e1nos; Bartos, Szabolcs (szerk.) Innovative Tierproduktion und Erzeugung Tierischer Rohstoffe und Produkte im Rahmen der Landesentwicklung. Dombegyh\u00e1z, Magyarorsz\u00e1g: Dombegyh\u00e1z Nagyk\u00f6zs\u00e9g \u00d6nkorm\u00e1nyzata (2013) 70 p. pp. 61-65., 5 p. Konferenciak\u00f6zlem\u00e9ny (K\u00f6nyvr\u00e9szlet).<\/td> <\/tr> <tr> <td style=\"width: 915.6px;\"><strong>10.\u00a0\u00a0\u00a0\u00a0\u00a0\u00a0\u00a0 <\/strong>Hadjiev, Janaki; Seregi, J\u00e1nos; Pusztai, P\u00e9ter; Z\u00f6ld\u00e1g, L\u00e1szl\u00f3; Nagy, J\u00e1nos; Repa, Imre: T\u00e1pl\u00e1lkoz\u00e1s prevent\u00edv szerepe a daganat kialakul\u00e1s\u00e1ban. In: Brem, Gottfried; Seregi, J\u00e1nos; Bartos, Szabolcs; Tossenberger, J\u00e1nos; Varga, Lajos (szerk.) A meg\u00fajul\u00f3 \u00e1llatteny\u00e9szt\u00e9s \u00e9s \u00e1llati eredet\u0171 alapanyag- \u00e9s term\u00e9k el\u0151\u00e1ll\u00edt\u00e1s, mint a vid\u00e9kfejleszt\u00e9s eszk\u00f6ze: Nemzetk\u00f6zi szakmai szimp\u00f3zium: Kiadv\u00e1ny az Osztr\u00e1k \u00e9s a Magyar Tudom\u00e1nyos Akad\u00e9mia egy\u00fcttes \u00fcl\u00e9se a NAKVI \u00e9s a Kaposv\u00e1ri Egyetem rendez\u00e9s\u00e9ben 2012. szeptember 21-\u00e9n megtartott szimp\u00f3zium anyag\u00e1b\u00f3l. Dombegyh\u00e1z, Magyarorsz\u00e1g: Dombegyh\u00e1z Nagyk\u00f6zs\u00e9g \u00d6nkorm\u00e1nyzata (2013) 70 p. pp. 61-63., 3 p.\u00a0 Konferenciak\u00f6zlem\u00e9ny (K\u00f6nyvr\u00e9szlet).<\/td> <\/tr> <\/tbody> <\/table> <p>&nbsp;<\/p>","protected":false},"excerpt":{"rendered":"<p>Bemutatkoz\u00e1s: 1971-73: MTA \u00c1llatorvostudom\u00e1nyi Kutat\u00f3int\u00e9zet, tudom\u00e1nyos seg\u00e9dmunkat\u00e1rs. 1973-t\u00f3l: \u00c1llatorvostudom\u00e1nyi Egyetem (majd annak jogut\u00f3djak\u00e9nt 2000. jan. 1-t\u0151l: Szent Istv\u00e1n Egyetem \u00c1llatorvostudom\u00e1nyi Kara), ahol a Sz\u00fcl\u00e9szeti \u00e9s szaporod\u00e1sbiol\u00f3giai tansz\u00e9ken: 1973-79: egyetemi tan\u00e1rseg\u00e9d, 1979-87: egyetemi adjunktus, 1987-1991: egyetemi docens, 1991: egyetemi tan\u00e1r (kinevez\u00e9s sz\u00e1ma: K.E. 274\/1991), 1991-95: tansz\u00e9kvezet\u0151 egyetemi tan\u00e1r. Az \u00e1llatteny\u00e9szt\u00e9si, takarm\u00e1nyoz\u00e1stani \u00e9s labor\u00e1llat-tudom\u00e1nyi int\u00e9zetben: 1997-t\u0151l oszt\u00e1lyvezet\u0151,<\/p>\n","protected":false},"author":5824,"featured_media":0,"parent":858,"menu_order":206,"comment_status":"closed","ping_status":"closed","template":"","meta":{"_acf_changed":false,"footnotes":""},"categories":[56],"tags":[],"class_list":["post-91245","page","type-page","status-publish","hentry","category-munkatarsak"],"acf":[],"_links":{"self":[{"href":"https:\/\/univet.hu\/hu\/wp-json\/wp\/v2\/pages\/91245","targetHints":{"allow":["GET"]}}],"collection":[{"href":"https:\/\/univet.hu\/hu\/wp-json\/wp\/v2\/pages"}],"about":[{"href":"https:\/\/univet.hu\/hu\/wp-json\/wp\/v2\/types\/page"}],"author":[{"embeddable":true,"href":"https:\/\/univet.hu\/hu\/wp-json\/wp\/v2\/users\/5824"}],"replies":[{"embeddable":true,"href":"https:\/\/univet.hu\/hu\/wp-json\/wp\/v2\/comments?post=91245"}],"version-history":[{"count":1,"href":"https:\/\/univet.hu\/hu\/wp-json\/wp\/v2\/pages\/91245\/revisions"}],"predecessor-version":[{"id":199518,"href":"https:\/\/univet.hu\/hu\/wp-json\/wp\/v2\/pages\/91245\/revisions\/199518"}],"up":[{"embeddable":true,"href":"https:\/\/univet.hu\/hu\/wp-json\/wp\/v2\/pages\/858"}],"wp:attachment":[{"href":"https:\/\/univet.hu\/hu\/wp-json\/wp\/v2\/media?parent=91245"}],"wp:term":[{"taxonomy":"category","embeddable":true,"href":"https:\/\/univet.hu\/hu\/wp-json\/wp\/v2\/categories?post=91245"},{"taxonomy":"post_tag","embeddable":true,"href":"https:\/\/univet.hu\/hu\/wp-json\/wp\/v2\/tags?post=91245"}],"curies":[{"name":"wp","href":"https:\/\/api.w.org\/{rel}","templated":true}]}}