{"id":91331,"date":"2023-08-27T11:54:12","date_gmt":"2023-08-27T09:54:12","guid":{"rendered":"https:\/\/univet.hu\/hu\/oktatas\/kurzusok\/kockazatkommunikacio-az-elelmiszerlancban\/"},"modified":"2024-05-08T09:45:02","modified_gmt":"2024-05-08T07:45:02","slug":"kockazatkommunikacio-az-elelmiszerlancban","status":"publish","type":"page","link":"https:\/\/univet.hu\/hu\/oktatas\/kurzusok\/kockazatkommunikacio-az-elelmiszerlancban\/","title":{"rendered":"Kock\u00e1zatkommunik\u00e1ci\u00f3 az \u00e9lelmiszerl\u00e1ncban"},"content":{"rendered":"<p>Az \u00e9lelmiszerl\u00e1nc a kritikus infrastrukt\u00far\u00e1k k\u00f6z\u00e9 tartozik, amely biztons\u00e1g\u00e1t minden orsz\u00e1gban<br \/> jogszab\u00e1lyok \u00e9s \u00e1llami hat\u00f3s\u00e1gok fel\u00fcgyelik. \u00d6sszetetts\u00e9g\u00e9nek k\u00f6sz\u00f6nhet\u0151en m\u00e9gis rendszeresek<br \/> a probl\u00e9m\u00e1k, amelyek emberi megbeteged\u00e9seket, \u00e1llati \u00e9s n\u00f6v\u00e9nyi j\u00e1rv\u00e1nyokat, valamint tetemes<br \/> gazdas\u00e1gi k\u00e1rokat eredm\u00e9nyeznek. A kock\u00e1zatok a megfelel\u0151 inform\u00e1ci\u00f3\u00e1raml\u00e1ssal azonban sok<br \/> esetben elker\u00fclhet\u0151k, cs\u00f6kkenthet\u0151k. A tant\u00e1rgy r\u00e9szletesen kit\u00e9r azokra a megk\u00f6zel\u00edt\u00e9sekre,<br \/> technik\u00e1kra \u00e9s eszk\u00f6z\u00f6kre, amelyek az \u00e1llami hat\u00f3s\u00e1gok \u00e9s a v\u00e1llalatok rendelkez\u00e9s\u00e9re \u00e1llnak a<br \/> kr\u00edzishelyzetek el\u0151rejelz\u00e9s\u00e9re \u00e9s kezel\u00e9s\u00e9re. A tant\u00e1rgy keret\u00e9ben megszerzett ismeretek \u00e9s<br \/> k\u00e9szs\u00e9gek \u00e1ltal\u00e1nos\u00edthat\u00f3k, \u00edgy nem csak az \u00e9lelmiszerl\u00e1nc-biztons\u00e1gi ter\u00fcleten elhelyezkedni<br \/> k\u00edv\u00e1n\u00f3k sz\u00e1m\u00e1ra lehetnek fontosak, hanem azok is j\u00f3l hasznos\u00edthatj\u00e1k, akik klinikai p\u00e1ly\u00e1n vagy<br \/> \u00e9ppen kutat\u00e1s-fejleszt\u00e9sben l\u00e1tj\u00e1k a j\u00f6v\u0151j\u00fcket.<\/p>","protected":false},"excerpt":{"rendered":"<p>Az \u00e9lelmiszerl\u00e1nc a kritikus infrastrukt\u00far\u00e1k k\u00f6z\u00e9 tartozik, amely biztons\u00e1g\u00e1t minden orsz\u00e1gban jogszab\u00e1lyok \u00e9s \u00e1llami hat\u00f3s\u00e1gok fel\u00fcgyelik. \u00d6sszetetts\u00e9g\u00e9nek k\u00f6sz\u00f6nhet\u0151en m\u00e9gis rendszeresek a probl\u00e9m\u00e1k, amelyek emberi megbeteged\u00e9seket, \u00e1llati \u00e9s n\u00f6v\u00e9nyi j\u00e1rv\u00e1nyokat, valamint tetemes gazdas\u00e1gi k\u00e1rokat eredm\u00e9nyeznek. A kock\u00e1zatok a megfelel\u0151 inform\u00e1ci\u00f3\u00e1raml\u00e1ssal azonban sok esetben elker\u00fclhet\u0151k, cs\u00f6kkenthet\u0151k. A tant\u00e1rgy r\u00e9szletesen kit\u00e9r azokra a megk\u00f6zel\u00edt\u00e9sekre, technik\u00e1kra \u00e9s eszk\u00f6z\u00f6kre, amelyek<\/p>\n","protected":false},"author":3837,"featured_media":0,"parent":677,"menu_order":0,"comment_status":"open","ping_status":"open","template":"","meta":{"_acf_changed":false,"footnotes":""},"categories":[],"tags":[],"class_list":["post-91331","page","type-page","status-publish","hentry"],"acf":[],"_links":{"self":[{"href":"https:\/\/univet.hu\/hu\/wp-json\/wp\/v2\/pages\/91331","targetHints":{"allow":["GET"]}}],"collection":[{"href":"https:\/\/univet.hu\/hu\/wp-json\/wp\/v2\/pages"}],"about":[{"href":"https:\/\/univet.hu\/hu\/wp-json\/wp\/v2\/types\/page"}],"author":[{"embeddable":true,"href":"https:\/\/univet.hu\/hu\/wp-json\/wp\/v2\/users\/3837"}],"replies":[{"embeddable":true,"href":"https:\/\/univet.hu\/hu\/wp-json\/wp\/v2\/comments?post=91331"}],"version-history":[{"count":0,"href":"https:\/\/univet.hu\/hu\/wp-json\/wp\/v2\/pages\/91331\/revisions"}],"up":[{"embeddable":true,"href":"https:\/\/univet.hu\/hu\/wp-json\/wp\/v2\/pages\/677"}],"wp:attachment":[{"href":"https:\/\/univet.hu\/hu\/wp-json\/wp\/v2\/media?parent=91331"}],"wp:term":[{"taxonomy":"category","embeddable":true,"href":"https:\/\/univet.hu\/hu\/wp-json\/wp\/v2\/categories?post=91331"},{"taxonomy":"post_tag","embeddable":true,"href":"https:\/\/univet.hu\/hu\/wp-json\/wp\/v2\/tags?post=91331"}],"curies":[{"name":"wp","href":"https:\/\/api.w.org\/{rel}","templated":true}]}}