{"id":91382,"date":"2023-08-27T19:16:10","date_gmt":"2023-08-27T17:16:10","guid":{"rendered":"https:\/\/univet.hu\/hu\/oktatas\/kurzusok\/new-course-page-2\/"},"modified":"2023-08-29T10:47:29","modified_gmt":"2023-08-29T08:47:29","slug":"filmkeszitesi-alapismeretek","status":"publish","type":"page","link":"https:\/\/univet.hu\/hu\/oktatas\/kurzusok\/filmkeszitesi-alapismeretek\/","title":{"rendered":"Filmk\u00e9sz\u00edt\u00e9si alapismeretek"},"content":{"rendered":"<p>A kurzus lehet\u0151s\u00e9get biztos\u00edt a filmk\u00e9sz\u00edt\u00e9s rejtelmeinek megismer\u00e9s\u00e9re.<\/p> <p>Tant\u00e1rgyfelel\u0151s: Dr. Mar\u00f3ti-Ag\u00f3ts \u00c1kos<\/p> <p>&nbsp;<\/p> <p>Az \u00c1llatorvosi\u00a0 FilmFakt elm\u00e9leti ismereteket \u00e9s gyakorlati k\u00e9pz\u00e9st ny\u00fajt a hallgat\u00f3knak.<\/p> <p>Eddigi filmjeink:<\/p> <p>\u201cVil\u00e1goss\u00e1got csin\u00e1ltunk magunk k\u00f6r\u00fcl\u201d \u2013 \u00c1llatorvosi \u201956<\/p> <p><a class=\"no-lightbox\" href=\"https:\/\/www.youtube.com\/watch?v=SYlna-1jsFI\">https:\/\/www.youtube.com\/watch?v=SYlna-1jsFI<\/a><\/p> <p>&nbsp;<\/p>","protected":false},"excerpt":{"rendered":"<p>A kurzus lehet\u0151s\u00e9get biztos\u00edt a filmk\u00e9sz\u00edt\u00e9s rejtelmeinek megismer\u00e9s\u00e9re. Tant\u00e1rgyfelel\u0151s: Dr. Mar\u00f3ti-Ag\u00f3ts \u00c1kos &nbsp; Az \u00c1llatorvosi\u00a0 FilmFakt elm\u00e9leti ismereteket \u00e9s gyakorlati k\u00e9pz\u00e9st ny\u00fajt a hallgat\u00f3knak. Eddigi filmjeink: \u201cVil\u00e1goss\u00e1got csin\u00e1ltunk magunk k\u00f6r\u00fcl\u201d \u2013 \u00c1llatorvosi \u201956 https:\/\/www.youtube.com\/watch?v=SYlna-1jsFI &nbsp;<\/p>\n","protected":false},"author":3837,"featured_media":0,"parent":677,"menu_order":0,"comment_status":"open","ping_status":"open","template":"","meta":{"_acf_changed":false,"footnotes":""},"categories":[],"tags":[],"class_list":["post-91382","page","type-page","status-publish","hentry"],"acf":[],"_links":{"self":[{"href":"https:\/\/univet.hu\/hu\/wp-json\/wp\/v2\/pages\/91382","targetHints":{"allow":["GET"]}}],"collection":[{"href":"https:\/\/univet.hu\/hu\/wp-json\/wp\/v2\/pages"}],"about":[{"href":"https:\/\/univet.hu\/hu\/wp-json\/wp\/v2\/types\/page"}],"author":[{"embeddable":true,"href":"https:\/\/univet.hu\/hu\/wp-json\/wp\/v2\/users\/3837"}],"replies":[{"embeddable":true,"href":"https:\/\/univet.hu\/hu\/wp-json\/wp\/v2\/comments?post=91382"}],"version-history":[{"count":0,"href":"https:\/\/univet.hu\/hu\/wp-json\/wp\/v2\/pages\/91382\/revisions"}],"up":[{"embeddable":true,"href":"https:\/\/univet.hu\/hu\/wp-json\/wp\/v2\/pages\/677"}],"wp:attachment":[{"href":"https:\/\/univet.hu\/hu\/wp-json\/wp\/v2\/media?parent=91382"}],"wp:term":[{"taxonomy":"category","embeddable":true,"href":"https:\/\/univet.hu\/hu\/wp-json\/wp\/v2\/categories?post=91382"},{"taxonomy":"post_tag","embeddable":true,"href":"https:\/\/univet.hu\/hu\/wp-json\/wp\/v2\/tags?post=91382"}],"curies":[{"name":"wp","href":"https:\/\/api.w.org\/{rel}","templated":true}]}}