{"id":91724,"date":"2023-08-30T15:34:47","date_gmt":"2023-08-30T13:34:47","guid":{"rendered":"https:\/\/univet.hu\/hu\/egyetem\/szervezeti-egysegek\/allatvedelmi-jogi-elemzo-es-modszertani-kozpont\/konferenciak-szakmai-napok\/name\/"},"modified":"2025-08-28T15:07:11","modified_gmt":"2025-08-28T13:07:11","slug":"kibol-lesz-az-allatkinzo-az-allatbantalmazo-profilja-online-szakmai-nap-2021-02-26","status":"publish","type":"page","link":"https:\/\/univet.hu\/hu\/egyetem\/szervezeti-egysegek\/allatvedelmi-jogi-elemzo-es-modszertani-kozpont\/konferenciak-szakmai-napok\/kibol-lesz-az-allatkinzo-az-allatbantalmazo-profilja-online-szakmai-nap-2021-02-26\/","title":{"rendered":"Kib\u0151l lesz az \u00e1llatk\u00ednz\u00f3? Az \u00e1llatb\u00e1ntalmaz\u00f3 profilja \u2013 ONLINE szakmai nap \u2013 2021.02.26."},"content":{"rendered":"<p>Az \u00c1llatorvostudom\u00e1nyi Egyetem \u00fajonnan megalak\u00edtott \u00c1llatv\u00e9delmi K\u00f6zpontj\u00e1nak \u00e9s Tov\u00e1bbk\u00e9pz\u00e9si Csoportj\u00e1nak els\u0151 nyilv\u00e1nos, online szakmai napj\u00e1n a r\u00e9sztvev\u0151k megismerhett\u00e9k az \u00e1llatb\u00e1ntalmaz\u00f3k profilj\u00e1t a jog\u00e1sz, az igazs\u00e1g\u00fcgyi \u00e1llatorvos szak\u00e9rt\u0151, a klinikai szakpszichol\u00f3gus, a kriminol\u00f3gus, a b\u0171n\u00fcgyi profiloz\u00f3, az iskolai agresszi\u00f3 kezel\u00e9si specialista, az etol\u00f3gus \u00e9s a b\u00f6rt\u00f6npszichol\u00f3gus szemsz\u00f6g\u00e9b\u0151l.<\/p> <p>&nbsp;<\/p>","protected":false},"excerpt":{"rendered":"<p>Az \u00c1llatorvostudom\u00e1nyi Egyetem \u00fajonnan megalak\u00edtott \u00c1llatv\u00e9delmi K\u00f6zpontj\u00e1nak \u00e9s Tov\u00e1bbk\u00e9pz\u00e9si Csoportj\u00e1nak els\u0151 nyilv\u00e1nos, online szakmai napj\u00e1n a r\u00e9sztvev\u0151k megismerhett\u00e9k az \u00e1llatb\u00e1ntalmaz\u00f3k profilj\u00e1t a jog\u00e1sz, az igazs\u00e1g\u00fcgyi \u00e1llatorvos szak\u00e9rt\u0151, a klinikai szakpszichol\u00f3gus, a kriminol\u00f3gus, a b\u0171n\u00fcgyi profiloz\u00f3, az iskolai agresszi\u00f3 kezel\u00e9si specialista, az etol\u00f3gus \u00e9s a b\u00f6rt\u00f6npszichol\u00f3gus szemsz\u00f6g\u00e9b\u0151l. &nbsp;<\/p>\n","protected":false},"author":3837,"featured_media":0,"parent":79574,"menu_order":15,"comment_status":"open","ping_status":"open","template":"","meta":{"_acf_changed":false,"footnotes":""},"categories":[],"tags":[],"class_list":["post-91724","page","type-page","status-publish","hentry"],"acf":[],"_links":{"self":[{"href":"https:\/\/univet.hu\/hu\/wp-json\/wp\/v2\/pages\/91724","targetHints":{"allow":["GET"]}}],"collection":[{"href":"https:\/\/univet.hu\/hu\/wp-json\/wp\/v2\/pages"}],"about":[{"href":"https:\/\/univet.hu\/hu\/wp-json\/wp\/v2\/types\/page"}],"author":[{"embeddable":true,"href":"https:\/\/univet.hu\/hu\/wp-json\/wp\/v2\/users\/3837"}],"replies":[{"embeddable":true,"href":"https:\/\/univet.hu\/hu\/wp-json\/wp\/v2\/comments?post=91724"}],"version-history":[{"count":1,"href":"https:\/\/univet.hu\/hu\/wp-json\/wp\/v2\/pages\/91724\/revisions"}],"predecessor-version":[{"id":189622,"href":"https:\/\/univet.hu\/hu\/wp-json\/wp\/v2\/pages\/91724\/revisions\/189622"}],"up":[{"embeddable":true,"href":"https:\/\/univet.hu\/hu\/wp-json\/wp\/v2\/pages\/79574"}],"wp:attachment":[{"href":"https:\/\/univet.hu\/hu\/wp-json\/wp\/v2\/media?parent=91724"}],"wp:term":[{"taxonomy":"category","embeddable":true,"href":"https:\/\/univet.hu\/hu\/wp-json\/wp\/v2\/categories?post=91724"},{"taxonomy":"post_tag","embeddable":true,"href":"https:\/\/univet.hu\/hu\/wp-json\/wp\/v2\/tags?post=91724"}],"curies":[{"name":"wp","href":"https:\/\/api.w.org\/{rel}","templated":true}]}}