{"id":91726,"date":"2023-08-30T15:36:40","date_gmt":"2023-08-30T13:36:40","guid":{"rendered":"https:\/\/univet.hu\/hu\/egyetem\/szervezeti-egysegek\/allatvedelmi-jogi-elemzo-es-modszertani-kozpont\/konferenciak-szakmai-napok\/kibol-lesz-az-allatkinzo-az-allatbantalmazo-profilja-online-szakmai-nap-2021-02-26\/name\/"},"modified":"2025-08-28T15:08:02","modified_gmt":"2025-08-28T13:08:02","slug":"allatvedelmi-aktualitasok-2021-2021-junius-3","status":"publish","type":"page","link":"https:\/\/univet.hu\/hu\/egyetem\/szervezeti-egysegek\/allatvedelmi-jogi-elemzo-es-modszertani-kozpont\/konferenciak-szakmai-napok\/allatvedelmi-aktualitasok-2021-2021-junius-3\/","title":{"rendered":"\u201e\u00c1llatv\u00e9delmi aktualit\u00e1sok 2021\u201d \u2013 2021. j\u00fanius 3."},"content":{"rendered":"<p>Az \u00c1llatorvostudom\u00e1nyi Egyetem \u00c1llatv\u00e9delmi K\u00f6zpontja konferenci\u00e1t szervezett \u201e\u00c1llatv\u00e9delmi aktualit\u00e1sok 2021\u201d c\u00edmmel az \u00e1llatv\u00e9delem t\u00e9mak\u00f6r\u00e9t \u00e9rint\u0151 legfrissebb int\u00e9zked\u00e9sekr\u0151l, tervekr\u0151l \u00e9s kutat\u00e1si eredm\u00e9nyekr\u0151l. Neves el\u0151ad\u00f3ink az \u00e1llami szf\u00e9r\u00e1b\u00f3l, oktat\u00e1si int\u00e9zm\u00e9nyekb\u0151l, illetve szakmai \u00e9s civil szervezetek k\u00f6reib\u0151l ker\u00fcltek ki.<\/p> <p><a href=\"https:\/\/univet.hu\/hu\/2021\/06\/04\/az-agrarminiszter-reszvetelevel-zajlott-az-allatorvostudomanyi-egyetem-allatvedelmi-konferenciaja\/\">https:\/\/univet.hu\/hu\/2021\/06\/04\/az-agrarminiszter-reszvetelevel-zajlott-az-allatorvostudomanyi-egyetem-allatvedelmi-konferenciaja\/<\/a><\/p>","protected":false},"excerpt":{"rendered":"<p>Az \u00c1llatorvostudom\u00e1nyi Egyetem \u00c1llatv\u00e9delmi K\u00f6zpontja konferenci\u00e1t szervezett \u201e\u00c1llatv\u00e9delmi aktualit\u00e1sok 2021\u201d c\u00edmmel az \u00e1llatv\u00e9delem t\u00e9mak\u00f6r\u00e9t \u00e9rint\u0151 legfrissebb int\u00e9zked\u00e9sekr\u0151l, tervekr\u0151l \u00e9s kutat\u00e1si eredm\u00e9nyekr\u0151l. Neves el\u0151ad\u00f3ink az \u00e1llami szf\u00e9r\u00e1b\u00f3l, oktat\u00e1si int\u00e9zm\u00e9nyekb\u0151l, illetve szakmai \u00e9s civil szervezetek k\u00f6reib\u0151l ker\u00fcltek ki. https:\/\/univet.hu\/hu\/2021\/06\/04\/az-agrarminiszter-reszvetelevel-zajlott-az-allatorvostudomanyi-egyetem-allatvedelmi-konferenciaja\/<\/p>\n","protected":false},"author":3837,"featured_media":0,"parent":79574,"menu_order":14,"comment_status":"open","ping_status":"open","template":"","meta":{"_acf_changed":false,"footnotes":""},"categories":[],"tags":[],"class_list":["post-91726","page","type-page","status-publish","hentry"],"acf":[],"_links":{"self":[{"href":"https:\/\/univet.hu\/hu\/wp-json\/wp\/v2\/pages\/91726","targetHints":{"allow":["GET"]}}],"collection":[{"href":"https:\/\/univet.hu\/hu\/wp-json\/wp\/v2\/pages"}],"about":[{"href":"https:\/\/univet.hu\/hu\/wp-json\/wp\/v2\/types\/page"}],"author":[{"embeddable":true,"href":"https:\/\/univet.hu\/hu\/wp-json\/wp\/v2\/users\/3837"}],"replies":[{"embeddable":true,"href":"https:\/\/univet.hu\/hu\/wp-json\/wp\/v2\/comments?post=91726"}],"version-history":[{"count":1,"href":"https:\/\/univet.hu\/hu\/wp-json\/wp\/v2\/pages\/91726\/revisions"}],"predecessor-version":[{"id":189623,"href":"https:\/\/univet.hu\/hu\/wp-json\/wp\/v2\/pages\/91726\/revisions\/189623"}],"up":[{"embeddable":true,"href":"https:\/\/univet.hu\/hu\/wp-json\/wp\/v2\/pages\/79574"}],"wp:attachment":[{"href":"https:\/\/univet.hu\/hu\/wp-json\/wp\/v2\/media?parent=91726"}],"wp:term":[{"taxonomy":"category","embeddable":true,"href":"https:\/\/univet.hu\/hu\/wp-json\/wp\/v2\/categories?post=91726"},{"taxonomy":"post_tag","embeddable":true,"href":"https:\/\/univet.hu\/hu\/wp-json\/wp\/v2\/tags?post=91726"}],"curies":[{"name":"wp","href":"https:\/\/api.w.org\/{rel}","templated":true}]}}