{"id":91728,"date":"2023-08-30T15:38:18","date_gmt":"2023-08-30T13:38:18","guid":{"rendered":""},"modified":"2025-08-28T15:08:52","modified_gmt":"2025-08-28T13:08:52","slug":"kutyas-szakmai-nap-2022-oktober-19","status":"publish","type":"page","link":"https:\/\/univet.hu\/hu\/egyetem\/szervezeti-egysegek\/allatvedelmi-jogi-elemzo-es-modszertani-kozpont\/konferenciak-szakmai-napok\/kutyas-szakmai-nap-2022-oktober-19\/","title":{"rendered":"\u201eKuty\u00e1s\u201d szakmai nap \u2013 2022. okt\u00f3ber 19."},"content":{"rendered":"<ul id='gallery-1' class='gallery galleryid-91728 block-grid-xs-2 block-grid-sm-3 block-grid-md-4 block-grid-lg-5'><li class='gallery-item'>         <span class='gallery-icon'>             <a href='https:\/\/univet.hu\/wp-content\/uploads\/2024\/12\/Ovadi_Terdik_Sotonyi_Vetter_20221019-1.jpg'><img loading=\"lazy\" decoding=\"async\" width=\"320\" height=\"320\" src=\"https:\/\/univet.hu\/wp-content\/uploads\/2024\/12\/Ovadi_Terdik_Sotonyi_Vetter_20221019-1-320x320.jpg\" class=\"attachment-thumbnail size-thumbnail\" alt=\"\" srcset=\"https:\/\/univet.hu\/wp-content\/uploads\/2024\/12\/Ovadi_Terdik_Sotonyi_Vetter_20221019-1-320x320.jpg 320w, https:\/\/univet.hu\/wp-content\/uploads\/2024\/12\/Ovadi_Terdik_Sotonyi_Vetter_20221019-1-640x640.jpg 640w\" sizes=\"auto, (max-width: 320px) 100vw, 320px\" \/><\/a>         <\/span><\/li><li class='gallery-item'>         <span class='gallery-icon'>             <a href='https:\/\/univet.hu\/wp-content\/uploads\/2024\/12\/Ovadi_Peter_20221019-1.jpg'><img loading=\"lazy\" decoding=\"async\" width=\"320\" height=\"320\" src=\"https:\/\/univet.hu\/wp-content\/uploads\/2024\/12\/Ovadi_Peter_20221019-1-320x320.jpg\" class=\"attachment-thumbnail size-thumbnail\" alt=\"\" srcset=\"https:\/\/univet.hu\/wp-content\/uploads\/2024\/12\/Ovadi_Peter_20221019-1-320x320.jpg 320w, https:\/\/univet.hu\/wp-content\/uploads\/2024\/12\/Ovadi_Peter_20221019-1-640x640.jpg 640w\" sizes=\"auto, (max-width: 320px) 100vw, 320px\" \/><\/a>         <\/span><\/li><li class='gallery-item'>         <span class='gallery-icon'>             <a href='https:\/\/univet.hu\/wp-content\/uploads\/2024\/12\/Kutyas_szakmai_nap_kozonseg-1.jpg'><img loading=\"lazy\" decoding=\"async\" width=\"320\" height=\"320\" src=\"https:\/\/univet.hu\/wp-content\/uploads\/2024\/12\/Kutyas_szakmai_nap_kozonseg-1-320x320.jpg\" class=\"attachment-thumbnail size-thumbnail\" alt=\"\" srcset=\"https:\/\/univet.hu\/wp-content\/uploads\/2024\/12\/Kutyas_szakmai_nap_kozonseg-1-320x320.jpg 320w, https:\/\/univet.hu\/wp-content\/uploads\/2024\/12\/Kutyas_szakmai_nap_kozonseg-1-640x640.jpg 640w\" sizes=\"auto, (max-width: 320px) 100vw, 320px\" \/><\/a>         <\/span><\/li><li class='gallery-item'>         <span class='gallery-icon'>             <a href='https:\/\/univet.hu\/wp-content\/uploads\/2024\/12\/Kerekasztal_II-1.jpg'><img loading=\"lazy\" decoding=\"async\" width=\"320\" height=\"320\" src=\"https:\/\/univet.hu\/wp-content\/uploads\/2024\/12\/Kerekasztal_II-1-320x320.jpg\" class=\"attachment-thumbnail size-thumbnail\" alt=\"\" srcset=\"https:\/\/univet.hu\/wp-content\/uploads\/2024\/12\/Kerekasztal_II-1-320x320.jpg 320w, https:\/\/univet.hu\/wp-content\/uploads\/2024\/12\/Kerekasztal_II-1-640x640.jpg 640w\" sizes=\"auto, (max-width: 320px) 100vw, 320px\" \/><\/a>         <\/span><\/li><li class='gallery-item'>         <span class='gallery-icon'>             <a href='https:\/\/univet.hu\/wp-content\/uploads\/2024\/12\/Kerekasztal_I-1.jpg'><img loading=\"lazy\" decoding=\"async\" width=\"320\" height=\"320\" src=\"https:\/\/univet.hu\/wp-content\/uploads\/2024\/12\/Kerekasztal_I-1-320x320.jpg\" class=\"attachment-thumbnail size-thumbnail\" alt=\"\" srcset=\"https:\/\/univet.hu\/wp-content\/uploads\/2024\/12\/Kerekasztal_I-1-320x320.jpg 320w, https:\/\/univet.hu\/wp-content\/uploads\/2024\/12\/Kerekasztal_I-1-640x640.jpg 640w\" sizes=\"auto, (max-width: 320px) 100vw, 320px\" \/><\/a>         <\/span><\/li><li class='gallery-item'>         <span class='gallery-icon'>             <a href='https:\/\/univet.hu\/wp-content\/uploads\/2024\/12\/Terdik_Tamas_20221019-1.jpg'><img loading=\"lazy\" decoding=\"async\" width=\"320\" height=\"320\" src=\"https:\/\/univet.hu\/wp-content\/uploads\/2024\/12\/Terdik_Tamas_20221019-1-320x320.jpg\" class=\"attachment-thumbnail size-thumbnail\" alt=\"\" srcset=\"https:\/\/univet.hu\/wp-content\/uploads\/2024\/12\/Terdik_Tamas_20221019-1-320x320.jpg 320w, https:\/\/univet.hu\/wp-content\/uploads\/2024\/12\/Terdik_Tamas_20221019-1-640x640.jpg 640w\" sizes=\"auto, (max-width: 320px) 100vw, 320px\" \/><\/a>         <\/span><\/li><li class='gallery-item'>         <span class='gallery-icon'>             <a href='https:\/\/univet.hu\/wp-content\/uploads\/2024\/12\/Kutyas_szakmai_nap_kozonseg_2.jpg'><img loading=\"lazy\" decoding=\"async\" width=\"320\" height=\"320\" src=\"https:\/\/univet.hu\/wp-content\/uploads\/2024\/12\/Kutyas_szakmai_nap_kozonseg_2-320x320.jpg\" class=\"attachment-thumbnail size-thumbnail\" alt=\"\" srcset=\"https:\/\/univet.hu\/wp-content\/uploads\/2024\/12\/Kutyas_szakmai_nap_kozonseg_2-320x320.jpg 320w, https:\/\/univet.hu\/wp-content\/uploads\/2024\/12\/Kutyas_szakmai_nap_kozonseg_2-640x640.jpg 640w\" sizes=\"auto, (max-width: 320px) 100vw, 320px\" \/><\/a>         <\/span><\/li><\/ul> <p>&nbsp;<\/p> <p>\u201eA kutyakik\u00e9pz\u00e9s \u00e9s a szolg\u00e1lati kutyatart\u00e1s \u00e1llatv\u00e9delmi vonatkoz\u00e1sai, \u00e1llatv\u00e9delem a b\u0171nmegel\u0151z\u00e9s szolg\u00e1lat\u00e1ban\u201d c\u00edmmel tartott szakmai napot az \u00c1llatorvostudom\u00e1nyi Egyetem Jogi, Elemz\u0151- \u00e9s M\u00f3dszertani K\u00f6zpontja az \u00c1llatorvostudom\u00e1nyi Egyetem Aul\u00e1j\u00e1ban, 2022. okt\u00f3ber 19-\u00e9n. A telth\u00e1zas rendezv\u00e9ny el\u0151ad\u00f3i \u2013 az \u00c1llatorvostudom\u00e1nyi Egyetem \u00e9s a BRFK oktat\u00f3in k\u00edv\u00fcl \u2013 t\u00f6bbek k\u00f6z\u00f6tt a B\u00fcntet\u00e9s-v\u00e9grehajt\u00e1s Orsz\u00e1gos Parancsnoks\u00e1ga, a Nemzeti K\u00f6zszolg\u00e1lati Egyetem \u00e9s a Rend\u0151rs\u00e9gi \u00e9s Oktat\u00e1si Kik\u00e9pz\u0151 K\u00f6zpont deleg\u00e1ltjai, tov\u00e1bb\u00e1 elismert jog\u00e1szok, orvosok, mesterkik\u00e9pz\u0151k \u00e9s kutyatr\u00e9nerek voltak. A sajt\u00f3nyilv\u00e1nos esem\u00e9nyt Prof. Dr. S\u00f3tonyi P\u00e9ter rektor nyitotta meg. K\u00f6sz\u00f6nt\u0151t mondott tov\u00e1bb\u00e1 Ov\u00e1di P\u00e9ter, az \u00e1llatv\u00e9delmi cselekv\u00e9si terv kidolgoz\u00e1s\u00e1\u00e9rt \u00e9s v\u00e9grehajt\u00e1s\u00e1\u00e9rt felel\u0151s korm\u00e1nybiztos \u00e9s Dr. Terdik Tam\u00e1s Budapest rend\u0151rf\u0151kapit\u00e1nya.<\/p> <p>A\u201eKuty\u00e1s\u201d szakmai nap teljes k\u00e9p- \u00e9s hanganyaga el\u00e9rhet\u0151 az al\u00e1bbi linkre kattintva:<\/p> <p><a href=\"https:\/\/www.youtube.com\/watch?v=q5-w9OY6eDc\">https:\/\/www.youtube.com\/watch?v=q5-w9OY6eDc<\/a><\/p>","protected":false},"excerpt":{"rendered":"<p>&nbsp; \u201eA kutyakik\u00e9pz\u00e9s \u00e9s a szolg\u00e1lati kutyatart\u00e1s \u00e1llatv\u00e9delmi vonatkoz\u00e1sai, \u00e1llatv\u00e9delem a b\u0171nmegel\u0151z\u00e9s szolg\u00e1lat\u00e1ban\u201d c\u00edmmel tartott szakmai napot az \u00c1llatorvostudom\u00e1nyi Egyetem Jogi, Elemz\u0151- \u00e9s M\u00f3dszertani K\u00f6zpontja az \u00c1llatorvostudom\u00e1nyi Egyetem Aul\u00e1j\u00e1ban, 2022. okt\u00f3ber 19-\u00e9n. A telth\u00e1zas rendezv\u00e9ny el\u0151ad\u00f3i \u2013 az \u00c1llatorvostudom\u00e1nyi Egyetem \u00e9s a BRFK oktat\u00f3in k\u00edv\u00fcl \u2013 t\u00f6bbek k\u00f6z\u00f6tt a B\u00fcntet\u00e9s-v\u00e9grehajt\u00e1s Orsz\u00e1gos Parancsnoks\u00e1ga, a Nemzeti K\u00f6zszolg\u00e1lati<\/p>\n","protected":false},"author":3837,"featured_media":0,"parent":79574,"menu_order":13,"comment_status":"open","ping_status":"open","template":"","meta":{"_acf_changed":false,"footnotes":""},"categories":[],"tags":[],"class_list":["post-91728","page","type-page","status-publish","hentry"],"acf":[],"_links":{"self":[{"href":"https:\/\/univet.hu\/hu\/wp-json\/wp\/v2\/pages\/91728","targetHints":{"allow":["GET"]}}],"collection":[{"href":"https:\/\/univet.hu\/hu\/wp-json\/wp\/v2\/pages"}],"about":[{"href":"https:\/\/univet.hu\/hu\/wp-json\/wp\/v2\/types\/page"}],"author":[{"embeddable":true,"href":"https:\/\/univet.hu\/hu\/wp-json\/wp\/v2\/users\/3837"}],"replies":[{"embeddable":true,"href":"https:\/\/univet.hu\/hu\/wp-json\/wp\/v2\/comments?post=91728"}],"version-history":[{"count":1,"href":"https:\/\/univet.hu\/hu\/wp-json\/wp\/v2\/pages\/91728\/revisions"}],"predecessor-version":[{"id":189624,"href":"https:\/\/univet.hu\/hu\/wp-json\/wp\/v2\/pages\/91728\/revisions\/189624"}],"up":[{"embeddable":true,"href":"https:\/\/univet.hu\/hu\/wp-json\/wp\/v2\/pages\/79574"}],"wp:attachment":[{"href":"https:\/\/univet.hu\/hu\/wp-json\/wp\/v2\/media?parent=91728"}],"wp:term":[{"taxonomy":"category","embeddable":true,"href":"https:\/\/univet.hu\/hu\/wp-json\/wp\/v2\/categories?post=91728"},{"taxonomy":"post_tag","embeddable":true,"href":"https:\/\/univet.hu\/hu\/wp-json\/wp\/v2\/tags?post=91728"}],"curies":[{"name":"wp","href":"https:\/\/api.w.org\/{rel}","templated":true}]}}