{"id":918,"date":"2017-06-27T13:34:00","date_gmt":"2017-06-27T11:34:00","guid":{"rendered":"http:\/\/univet.hu\/egyetem\/kutatas\/kutatocsoportok\/in-vitro-hepatologiai-kutatocsoport\/"},"modified":"2023-08-21T11:12:40","modified_gmt":"2023-08-21T09:12:40","slug":"in-vitro-hepatologiai-kutatocsoport","status":"publish","type":"page","link":"https:\/\/univet.hu\/hu\/kutatas\/kutatocsoportok\/in-vitro-hepatologiai-kutatocsoport\/","title":{"rendered":"In Vitro Hepatol\u00f3giai Kutat\u00f3csoport"},"content":{"rendered":"<p><strong>KUTAT\u00d3CSOPORT-VEZET\u0150:<\/strong> Dr. M\u00e1tis G\u00e1bor, PhD, egyetemi docens<\/p> <p><strong>EL\u00c9RHET\u0150S\u00c9G:<\/strong> <a class=\"decrypt\" rel=\"Nbujt\/HbcpsAvojwfu\/iv\" href=\"javascript:void(0);\">[Kattintson az emailc\u00edmhez]<\/a><\/p> <p><strong>A KUTAT\u00d3CSOPORT TAGJAI:<\/strong><\/p> <p>Dr. Mackei M\u00e1t\u00e9<\/p> <p>Dr. M\u00e1rton Rege Anna<\/p> <p>Dr. Papp-Seb\u0151k Csilla<\/p> <p>Dr. Tr\u00e1j Patrik<\/p> <p>V\u00f6r\u00f6sh\u00e1zi J\u00falia<\/p> <p><strong>KUTAT\u00c1SI TER\u00dcLETEK:<\/strong><\/p> <p>A munkacsoport f\u0151 feladata k\u00fcl\u00f6nb\u00f6z\u0151 \u00e1llatfajokb\u00f3l (csirke, sert\u00e9s, patk\u00e1ny) sz\u00e1rmaz\u00f3, m\u00e1j eredet\u0171 primer sejtmodellek l\u00e9trehoz\u00e1sa \u00e9s fejleszt\u00e9se. A kiz\u00e1r\u00f3lag hepatocit\u00e1kb\u00f3l \u00e1ll\u00f3 mono-kult\u00far\u00e1k mellett nem-parenchim\u00e1lis sejteket (pl. Kupffer-sejteket) is tartalmaz\u00f3 ko-kult\u00far\u00e1k, valamint m\u00e1s munkacsoportokkal egy\u00fcttm\u0171k\u00f6dve enterohepatikus ko-kult\u00far\u00e1k kialak\u00edt\u00e1s\u00e1t is v\u00e9gezz\u00fck. A sejtteny\u00e9szeteken zajl\u00f3 <em>in vitro<\/em> k\u00eds\u00e9rleteink els\u0151sorban a gyullad\u00e1sos folyamatok, valamint a h\u0151-stressz \u00e9s a mikotoxinok sejtszint\u0171 hat\u00e1sainak tanulm\u00e1nyoz\u00e1s\u00e1ra ir\u00e1nyulnak, k\u00fcl\u00f6n\u00f6s tekintettel a gyullad\u00e1sos medi\u00e1torok termel\u0151d\u00e9s\u00e9nek \u00e9s az oxidat\u00edv stressz kialakul\u00e1s\u00e1nak molekul\u00e1ris vizsg\u00e1lat\u00e1ra.<\/p> <p>&nbsp;<\/p> <p><strong>SZAKMAI SZERVEZETI TAGS\u00c1G:<\/strong><\/p> <p>Magyar Biok\u00e9miai Egyes\u00fclet<\/p> <p>World Poultry Science Association<\/p> <p><strong>HOSSZ\u00daT\u00c1V\u00da EGY\u00dcTTM\u0170K\u00d6D\u00c9SEK:<\/strong><\/p> <p>Pannon Egyetem, Georgikon Kar, \u00c1llattudom\u00e1nyi Tansz\u00e9k, \u00c1llat\u00e9lettani \u00e9s Takarm\u00e1nyoz\u00e1stani Csoport (Keszthely)<\/p> <p>University of Hohenheim, Institute of Animal Science (Stuttgart-Hohenheim, N\u00e9metorsz\u00e1g)<\/p> <p>University of Veterinary Medicine Vienna (B\u00e9cs, Ausztria)<\/p> <p>&nbsp;<\/p> <p><strong>IG\u00c9NYELHET\u0150 SZOLG\u00c1LTAT\u00c1SOK:<\/strong><\/p> <p>Molekul\u00e1ris biol\u00f3giai \u00e9s biok\u00e9miai vizsg\u00e1latok v\u00e9gz\u00e9se m\u00e1j eredet\u0171 <em>in vitro<\/em> modelleken (hepatocita mono-kult\u00fara, hepatocita \u2013 Kupffer-sejt ko-kult\u00fara)<\/p> <p>&nbsp;<\/p> <p><strong>P\u00c1LY\u00c1ZATOK:<\/strong><\/p> <table style=\"width: 602px;\" border=\"0\" cellspacing=\"0\" cellpadding=\"0\"> <tbody> <tr> <td style=\"height: 63px; width: 128px;\"><strong>T\u00e1mogat\u00f3 szervezet \/forr\u00e1s megnevez\u00e9se<\/strong><\/td> <td style=\"height: 63px; width: 346px;\"><strong>P\u00e1ly\u00e1zati projekt c\u00edme \u00e9s t\u00e9m\u00e1ja <\/strong><\/td> <td style=\"height: 63px; width: 128px;\"><strong>T\u00e1mogat\u00e1s \u00f6sszege (Ft-ban)<\/strong><\/td> <\/tr> <tr> <td style=\"height: 63px; width: 128px;\"> <p>EMMI Kutat\u00f3kar<\/p> <p>\u00daj kutat\u00e1si t\u00e9ma<\/td> <td style=\"height: 63px; width: 346px;\">Mikotoxinok \u00e9s bakteri\u00e1lis lipopoliszacharidok interakci\u00f3j\u00e1nak vizsg\u00e1lata csirke eredet\u0171 hepatocyta \u2013 Kupffer-sejt ko-kult\u00far\u00e1n (2016)<\/td> <td style=\"height: 63px; width: 128px;\">1.500.000<\/td> <\/tr> <tr> <td style=\"height: 42px; width: 128px;\"> <p>EMMI Kutat\u00f3kar<\/p> <p>\u00daj kutat\u00e1si t\u00e9ma<\/td> <td style=\"height: 42px; width: 346px;\">Gasztrointesztin\u00e1lis sz\u00f6veti explant\u00e1ci\u00f3s teny\u00e9szet: a csirke b\u00e9lny\u00e1lkah\u00e1rty\u00e1j\u00e1nak <em>ex vivo<\/em> modellje (2016)<\/td> <td style=\"height: 42px; width: 128px;\">1.500.000<\/td> <\/tr> <\/tbody> <\/table> <p><img decoding=\"async\" style=\"height: 450px; width: 600px;\" src=\"https:\/\/univet.hu\/files\/subpages\/420\/images\/Biok%C3%A9mia2_K%C3%A9p1.jpg\" alt=\"\" data-replaced=\"true\" \/><\/p> <p><img decoding=\"async\" style=\"height: 450px; width: 600px;\" src=\"https:\/\/univet.hu\/files\/subpages\/420\/images\/Biok%C3%A9mia2_K%C3%A9p2.jpg\" alt=\"\" data-replaced=\"true\" \/><\/p> <p><img decoding=\"async\" style=\"height: 450px; width: 600px;\" src=\"https:\/\/univet.hu\/files\/subpages\/420\/images\/Biok%C3%A9mia2_K%C3%A9p3.jpg\" alt=\"\" data-replaced=\"true\" \/><\/p>","protected":false},"excerpt":{"rendered":"<p>KUTAT\u00d3CSOPORT-VEZET\u0150: Dr. M\u00e1tis G\u00e1bor, PhD, egyetemi docens EL\u00c9RHET\u0150S\u00c9G: [Kattintson az emailc\u00edmhez] A KUTAT\u00d3CSOPORT TAGJAI: Dr. Mackei M\u00e1t\u00e9 Dr. M\u00e1rton Rege Anna Dr. Papp-Seb\u0151k Csilla Dr. Tr\u00e1j Patrik V\u00f6r\u00f6sh\u00e1zi J\u00falia KUTAT\u00c1SI TER\u00dcLETEK: A munkacsoport f\u0151 feladata k\u00fcl\u00f6nb\u00f6z\u0151 \u00e1llatfajokb\u00f3l (csirke, sert\u00e9s, patk\u00e1ny) sz\u00e1rmaz\u00f3, m\u00e1j eredet\u0171 primer sejtmodellek l\u00e9trehoz\u00e1sa \u00e9s fejleszt\u00e9se. A kiz\u00e1r\u00f3lag hepatocit\u00e1kb\u00f3l \u00e1ll\u00f3 mono-kult\u00far\u00e1k mellett nem-parenchim\u00e1lis<\/p>\n","protected":false},"author":1,"featured_media":0,"parent":870,"menu_order":228,"comment_status":"closed","ping_status":"closed","template":"","meta":{"_acf_changed":false,"footnotes":""},"categories":[],"tags":[],"class_list":["post-918","page","type-page","status-publish","hentry"],"acf":[],"_links":{"self":[{"href":"https:\/\/univet.hu\/hu\/wp-json\/wp\/v2\/pages\/918","targetHints":{"allow":["GET"]}}],"collection":[{"href":"https:\/\/univet.hu\/hu\/wp-json\/wp\/v2\/pages"}],"about":[{"href":"https:\/\/univet.hu\/hu\/wp-json\/wp\/v2\/types\/page"}],"author":[{"embeddable":true,"href":"https:\/\/univet.hu\/hu\/wp-json\/wp\/v2\/users\/1"}],"replies":[{"embeddable":true,"href":"https:\/\/univet.hu\/hu\/wp-json\/wp\/v2\/comments?post=918"}],"version-history":[{"count":0,"href":"https:\/\/univet.hu\/hu\/wp-json\/wp\/v2\/pages\/918\/revisions"}],"up":[{"embeddable":true,"href":"https:\/\/univet.hu\/hu\/wp-json\/wp\/v2\/pages\/870"}],"wp:attachment":[{"href":"https:\/\/univet.hu\/hu\/wp-json\/wp\/v2\/media?parent=918"}],"wp:term":[{"taxonomy":"category","embeddable":true,"href":"https:\/\/univet.hu\/hu\/wp-json\/wp\/v2\/categories?post=918"},{"taxonomy":"post_tag","embeddable":true,"href":"https:\/\/univet.hu\/hu\/wp-json\/wp\/v2\/tags?post=918"}],"curies":[{"name":"wp","href":"https:\/\/api.w.org\/{rel}","templated":true}]}}