{"id":92052,"date":"2023-09-04T20:40:01","date_gmt":"2023-09-04T18:40:01","guid":{"rendered":"https:\/\/univet.hu\/hu\/oktatas\/kurzusok\/new-course-page-2\/"},"modified":"2024-02-20T11:06:56","modified_gmt":"2024-02-20T10:06:56","slug":"allattenyesztes-nyari-gyakorlat","status":"publish","type":"page","link":"https:\/\/univet.hu\/hu\/oktatas\/kurzusok\/allattenyesztes-nyari-gyakorlat\/","title":{"rendered":"\u00c1llatteny\u00e9szt\u00e9s ny\u00e1ri gyakorlat"},"content":{"rendered":"<p>Tant\u00e1rgyfelel\u0151s: Dr. G\u00e1sp\u00e1rdy Andr\u00e1s<\/p> <p>A gyakorlat c\u00e9lja, hogy a hallgat\u00f3k megismerkedjenek a gazdas\u00e1gi haszon\u00e1llatok teny\u00e9szt\u00e9s\u00e9vel, tart\u00e1stechnol\u00f3gi\u00e1j\u00e1val, valamint az \u00e1llatteny\u00e9szt\u0151i \u00e9s \u00e1llatorvosi munka kapcsolat\u00e1val. A gyakorlat id\u0151tartama 2 h\u00e9t, teljes\u00edt\u00e9s\u00e9nek idej\u00e9t minden \u00e9vben az Egyetem hat\u00e1rozza meg. A hallgat\u00f3 minden esetben egy\u00e9nileg szervezi meg ny\u00e1ri gyakorlat\u00e1nak r\u00e9szleteit (sz\u00e1ll\u00e1s, \u00e9tkez\u00e9s stb.). A gyakorlat nemcsak egy, hanem \u2013 a tanulm\u00e1nyozni k\u00edv\u00e1nt \u00e1llatfajoknak megfelel\u0151en \u2013 k\u00e9t k\u00fcl\u00f6nb\u00f6z\u0151 gazdas\u00e1gban is teljes\u00edthet\u0151. Az Egyetem a gyakorlati helyekkel megb\u00edz\u00e1si szerz\u0151d\u00e9st k\u00f6t. Ehhez a hallgat\u00f3nak ki kell t\u00f6ltenie az \u201eEgy\u00fcttm\u0171k\u00f6d\u00e9si meg\u00e1llapod\u00e1s\u201d c. nyomtatv\u00e1nyt, ami a Moodle-ban lesz el\u00e9rhet\u0151 \u00e9s majd kinyomtatni 1 p\u00e9ld\u00e1nyban.<\/p> <p>A gyakorlatr\u00f3l PDF-form\u00e1tum\u00fa besz\u00e1mol\u00f3t \u00e9s napl\u00f3t kell k\u00e9sz\u00edteni \u00e9s t\u00e1rgy\u00e9v augusztus 20. hat\u00e1rid\u0151vel a NEPTUN-ba kell felt\u00f6lteni. A besz\u00e1mol\u00f3 elfogad\u00e1s\u00e1hoz k\u00e9t gazdas\u00e1gi haszon\u00e1llatfaj (pl. sert\u00e9s \u00e9s pulyka vagy tejel\u0151 teh\u00e9n \u00e9s juh stb.) \u00e1llatteny\u00e9szt\u00e9si ismereteinek bemutat\u00e1sa sz\u00fcks\u00e9ges. E tekintetben nem fogadhat\u00f3 el ugyanahhoz a fajhoz tartoz\u00f3 k\u00e9t k\u00fcl\u00f6nb\u00f6z\u0151 hasznos\u00edt\u00e1si ir\u00e1ny (pl. brojler csirke \u00e9s toj\u00f3ty\u00fak) le\u00edr\u00e1sa. Kiv\u00e9telt k\u00e9pez ez al\u00f3l tejhaszn\u00fa teh\u00e9n \u00e9s h\u00fasmarha, melyek ugyan egy fajhoz tartoznak, de nagyon k\u00fcl\u00f6nb\u00f6zik a tart\u00e1suk. Napi esem\u00e9nynapl\u00f3: a gyakorlat alatti napi tev\u00e9kenys\u00e9gr\u0151l, adatgy\u0171jt\u00e9sr\u0151l (naprak\u00e9sz) napl\u00f3t kell vezetni, amelybe bejegyz\u00e9st tehet a gyakorlat vezet\u0151je, min\u0151s\u00edtheti \u00e9s \u00e9rt\u00e9kelheti a gyakorlatot, teljes\u00edt\u00e9s\u00e9t pedig annak al\u00e1\u00edr\u00e1s\u00e1val igazolja.<\/p> <p>A besz\u00e1mol\u00f3t az \u00c1llatteny\u00e9szt\u00e9si \u00e9s genetikai Tansz\u00e9k munkat\u00e1rsai \u00e9rt\u00e9kelik: \u201enem felelt meg\u201d \u00e9s \u201emegfelelt\u201d min\u0151s\u00edt\u00e9ssel.<br \/> Az Egyetem tanulm\u00e1nyi \u00e9s vizsgaszab\u00e1lyzata \u00e9rtelm\u00e9ben azok a hallgat\u00f3k, akiknek besz\u00e1mol\u00f3j\u00e1t &#8222;nem felelt meg&#8221;-re \u00e9rt\u00e9kelt\u00e9k, azok k\u00f6telesek \u00fajat k\u00e9sz\u00edteni.<br \/> Azon hallgat\u00f3k, akinek nincs elfogadott besz\u00e1mol\u00f3ja, nem vehetik fel az \u00c1llatteny\u00e9szt\u00e9s t\u00e1rgyat!<\/p>","protected":false},"excerpt":{"rendered":"<p>Tant\u00e1rgyfelel\u0151s: Dr. G\u00e1sp\u00e1rdy Andr\u00e1s A gyakorlat c\u00e9lja, hogy a hallgat\u00f3k megismerkedjenek a gazdas\u00e1gi haszon\u00e1llatok teny\u00e9szt\u00e9s\u00e9vel, tart\u00e1stechnol\u00f3gi\u00e1j\u00e1val, valamint az \u00e1llatteny\u00e9szt\u0151i \u00e9s \u00e1llatorvosi munka kapcsolat\u00e1val. A gyakorlat id\u0151tartama 2 h\u00e9t, teljes\u00edt\u00e9s\u00e9nek idej\u00e9t minden \u00e9vben az Egyetem hat\u00e1rozza meg. A hallgat\u00f3 minden esetben egy\u00e9nileg szervezi meg ny\u00e1ri gyakorlat\u00e1nak r\u00e9szleteit (sz\u00e1ll\u00e1s, \u00e9tkez\u00e9s stb.). A gyakorlat nemcsak egy, hanem \u2013<\/p>\n","protected":false},"author":3837,"featured_media":0,"parent":677,"menu_order":0,"comment_status":"open","ping_status":"open","template":"","meta":{"_acf_changed":false,"footnotes":""},"categories":[],"tags":[],"class_list":["post-92052","page","type-page","status-publish","hentry"],"acf":[],"_links":{"self":[{"href":"https:\/\/univet.hu\/hu\/wp-json\/wp\/v2\/pages\/92052","targetHints":{"allow":["GET"]}}],"collection":[{"href":"https:\/\/univet.hu\/hu\/wp-json\/wp\/v2\/pages"}],"about":[{"href":"https:\/\/univet.hu\/hu\/wp-json\/wp\/v2\/types\/page"}],"author":[{"embeddable":true,"href":"https:\/\/univet.hu\/hu\/wp-json\/wp\/v2\/users\/3837"}],"replies":[{"embeddable":true,"href":"https:\/\/univet.hu\/hu\/wp-json\/wp\/v2\/comments?post=92052"}],"version-history":[{"count":0,"href":"https:\/\/univet.hu\/hu\/wp-json\/wp\/v2\/pages\/92052\/revisions"}],"up":[{"embeddable":true,"href":"https:\/\/univet.hu\/hu\/wp-json\/wp\/v2\/pages\/677"}],"wp:attachment":[{"href":"https:\/\/univet.hu\/hu\/wp-json\/wp\/v2\/media?parent=92052"}],"wp:term":[{"taxonomy":"category","embeddable":true,"href":"https:\/\/univet.hu\/hu\/wp-json\/wp\/v2\/categories?post=92052"},{"taxonomy":"post_tag","embeddable":true,"href":"https:\/\/univet.hu\/hu\/wp-json\/wp\/v2\/tags?post=92052"}],"curies":[{"name":"wp","href":"https:\/\/api.w.org\/{rel}","templated":true}]}}