{"id":92129,"date":"2023-09-05T12:07:37","date_gmt":"2023-09-05T10:07:37","guid":{"rendered":"https:\/\/univet.hu\/?page_id=92129"},"modified":"2026-02-10T03:55:31","modified_gmt":"2026-02-10T02:55:31","slug":"kovacs-szilvia","status":"publish","type":"page","link":"https:\/\/univet.hu\/hu\/egyetem\/munkatarsak\/kovacs-szilvia\/","title":{"rendered":"Kov\u00e1cs Szilvia"},"content":{"rendered":"<p>Fogad\u00f3\u00f3ra: oktat\u00e1si id\u0151szakban minden cs\u00fct\u00f6rt\u00f6k\u00f6n\u00a0 12:00-13:00<\/p>","protected":false},"excerpt":{"rendered":"<p>Fogad\u00f3\u00f3ra: oktat\u00e1si id\u0151szakban minden cs\u00fct\u00f6rt\u00f6k\u00f6n\u00a0 12:00-13:00<\/p>\n","protected":false},"author":5824,"featured_media":0,"parent":858,"menu_order":0,"comment_status":"closed","ping_status":"closed","template":"","meta":{"_acf_changed":false,"footnotes":""},"categories":[],"tags":[],"class_list":["post-92129","page","type-page","status-publish","hentry"],"acf":[],"_links":{"self":[{"href":"https:\/\/univet.hu\/hu\/wp-json\/wp\/v2\/pages\/92129","targetHints":{"allow":["GET"]}}],"collection":[{"href":"https:\/\/univet.hu\/hu\/wp-json\/wp\/v2\/pages"}],"about":[{"href":"https:\/\/univet.hu\/hu\/wp-json\/wp\/v2\/types\/page"}],"author":[{"embeddable":true,"href":"https:\/\/univet.hu\/hu\/wp-json\/wp\/v2\/users\/5824"}],"replies":[{"embeddable":true,"href":"https:\/\/univet.hu\/hu\/wp-json\/wp\/v2\/comments?post=92129"}],"version-history":[{"count":1,"href":"https:\/\/univet.hu\/hu\/wp-json\/wp\/v2\/pages\/92129\/revisions"}],"predecessor-version":[{"id":199326,"href":"https:\/\/univet.hu\/hu\/wp-json\/wp\/v2\/pages\/92129\/revisions\/199326"}],"up":[{"embeddable":true,"href":"https:\/\/univet.hu\/hu\/wp-json\/wp\/v2\/pages\/858"}],"wp:attachment":[{"href":"https:\/\/univet.hu\/hu\/wp-json\/wp\/v2\/media?parent=92129"}],"wp:term":[{"taxonomy":"category","embeddable":true,"href":"https:\/\/univet.hu\/hu\/wp-json\/wp\/v2\/categories?post=92129"},{"taxonomy":"post_tag","embeddable":true,"href":"https:\/\/univet.hu\/hu\/wp-json\/wp\/v2\/tags?post=92129"}],"curies":[{"name":"wp","href":"https:\/\/api.w.org\/{rel}","templated":true}]}}