{"id":92353,"date":"2023-09-06T23:41:16","date_gmt":"2023-09-06T21:41:16","guid":{"rendered":"https:\/\/univet.hu\/hu\/egyetem\/szervezeti-egysegek\/egzotikusallat-es-vadegeszsegugyi-tanszek\/name\/"},"modified":"2025-04-17T06:59:54","modified_gmt":"2025-04-17T04:59:54","slug":"szervezeti-egysegek","status":"publish","type":"page","link":"https:\/\/univet.hu\/hu\/egyetem\/szervezeti-egysegek\/egzotikusallat-es-vadegeszsegugyi-tanszek\/szervezeti-egysegek\/","title":{"rendered":"Szervezeti egys\u00e9gek"},"content":{"rendered":"<p><strong><span data-olk-copy-source=\"MessageBody\">Egzotikus\u00e1llat-, Vad-, Hal- \u00e9s M\u00e9heg\u00e9szs\u00e9g\u00fcgyi Tansz\u00e9k<\/span> &#8211; <span data-olk-copy-source=\"MessageBody\">Department of Exotic Animal-, Wildlife-, Fish- and Honeybee Medicine<\/span><\/strong><br \/> Tansz\u00e9kvezet\u0151: Dr. G\u00e1l J\u00e1nos, Tansz\u00e9kvezet\u0151 helyettes: Dr. Maros\u00e1n Mikl\u00f3s<\/p> <p>Az egys\u00e9g t\u00f6rt\u00e9nete<br \/> Az <span data-olk-copy-source=\"MessageBody\">Egzotikus\u00e1llat-, Vad-, Hal- \u00e9s M\u00e9heg\u00e9szs\u00e9g\u00fcgyi Tansz\u00e9k<\/span> 2014. janu\u00e1r 1-t\u0151l alakult meg a Kar Patol\u00f3gia Tansz\u00e9k\u00e9n kor\u00e1bban l\u00e9trej\u00f6tt Egzotikus \u00c1llat- \u00e9s Vadeg\u00e9szs\u00e9g\u00fcgyi Oszt\u00e1ly \u00e9s a Belgy\u00f3gy\u00e1szati Tansz\u00e9k \u00e9s Klinika Egzotikus Oszt\u00e1ly \u00f6sszevon\u00e1s\u00e1val. Az \u00faj tansz\u00e9k az egzotikus \u00e1llatok klinikai betegell\u00e1t\u00e1sa mellett patol\u00f3giai-diagnosztikai munk\u00e1t is v\u00e9gez. A szervezeti egys\u00e9g Magyarorsz\u00e1gon vad\u00e1szhat\u00f3 \u00e9s v\u00e9delem alatt \u00e1ll\u00f3 vad\u00e1llatok \u00e9s azok \u00e1llom\u00e1nyainak \u00e1llateg\u00e9szs\u00e9g\u00fcgyi monitoring vizsg\u00e1latait illetve prevent\u00edv v\u00e9dekez\u00e9si programokat is folytat. A tansz\u00e9k a nyomoz\u00f3 hat\u00f3s\u00e1gok, b\u00edr\u00f3s\u00e1gok felk\u00e9r\u00e9s\u00e9re vadeg\u00e9szs\u00e9g\u00fcgy, vad\u00e1szat-vadgazd\u00e1lkod\u00e1s, vadteny\u00e9szt\u00e9s t\u00e9mater\u00fcleteken szak\u00e9rt\u0151i munk\u00e1k, szakv\u00e9lem\u00e9nyek k\u00e9sz\u00edt\u00e9s\u00e9t is elv\u00e9gzi. A tansz\u00e9k oktatja a \u201eEgzotikus \u00e1llatok gy\u00f3gy\u00e1szata\u201d illetve az angol nyelv\u0171 k\u00e9pz\u00e9sben a \u201eAvian and Exotic animal medicine\u201d k\u00f6telez\u0151 illetve sz\u00e1mos fakultat\u00edvan v\u00e1laszthat\u00f3 tant\u00e1rgyakat. A szervezeti egys\u00e9g szervezi az \u201eEgzotikus \u00e1llatok gy\u00f3gy\u00e1szata szak\u00e1llatorvos\u201d posztgradu\u00e1lis k\u00e9pz\u00e9s mellett a &#8222;M\u00e9heg\u00e9szs\u00e9g\u00fcgyi szak\u00e1llatorvos&#8221; &#8222;Vadeg\u00e9szs\u00e9g\u00fcgyi szak\u00e1llatorvos&#8221; k\u00e9pz\u00e9seket is.<\/p> <p><strong>-Egzotikus\u00e1llat Klinika<\/strong><br \/> Dr. M\u00f3zer Anik\u00f3, Dr. N\u00f3gr\u00e1di Anna, Dr. Papp Antal, Dr. Csat\u00e1ri D\u00f3ra, Dr. Ziszisz \u00c1risz, Dr. S\u00e1ndor Bal\u00e1zs, Dr. Liptai Hajnalka Nikoletta<br \/> Klinikavezet\u0151: Dr. G\u00e1l J\u00e1nos<br \/> Egzotikus h\u00e1zikedvencek, nyulak, tengerimalacok, h\u00f6rcs\u00f6g\u00f6k, deguk, csincsill\u00e1k, patk\u00e1nyok \u00e9s m\u00e1s kisr\u00e1gcs\u00e1l\u00f3k valamint d\u00edszmadarak \u00e9s terr\u00e1riumi \u00e1llatok (gy\u00edkok, k\u00edgy\u00f3k, tekn\u0151s\u00f6k) teljesk\u00f6r\u0171 \u00e1llateg\u00e9szs\u00e9g\u00fcgyi ell\u00e1t\u00e1sa.<\/p> <p><strong>-Vad\u00e1szati, Vadgazd\u00e1lkod\u00e1si \u00e9s Term\u00e9szetv\u00e9delmi Oszt\u00e1ly &#8211; Division of Hunting, Game and Wildlife Management<\/strong><\/p> <p>Dr. Maros\u00e1n Mikl\u00f3s, Dr. T\u00f3th Tam\u00e1s, Aba\u00faji Norbert<\/p> <p>Oszt\u00e1lyvezet\u0151: Dr. Maros\u00e1n Mikl\u00f3s<br \/> A Vad\u00e1szati, Vadgazd\u00e1lkod\u00e1si \u00e9s Term\u00e9szetv\u00e9delmi Oszt\u00e1ly 2015-ben ker\u00fclt megalap\u00edt\u00e1sra. Az\u00f3ta gondozza a vad\u00e1szathoz, vadgazd\u00e1lkod\u00e1shoz, term\u00e9szetv\u00e9delemhez\u00a0k\u00f6t\u0151d\u0151 kutat\u00e1si t\u00e9m\u00e1kat \u00e9s oktat\u00e1si feladatokat. Az Oszt\u00e1lyhoz tartozik a gradu\u00e1lis hallgat\u00f3k\u00a0Vadgazd\u00e1lkod\u00e1si szakir\u00e1ny\u00fa k\u00e9pz\u00e9se \u00e9s a Vadk\u00e1rbecsl\u00e9si feladatok ell\u00e1t\u00e1s\u00e1ra felk\u00e9sz\u00edt\u0151 posztgradu\u00e1lis szak szakmai vezet\u00e9se.<\/p> <p><strong>-Hal\u00e1szati-Haleg\u00e9szs\u00e9gtani Oszt\u00e1ly &#8211; Division of Aquaculture and Fish Hygiene &#8211; <\/strong><\/p> <p>Dr. Baska Ferenc, Dr. Kojer Judit, Dr. Hoitsy M\u00e1rton Gy\u00f6rgy<\/p> <p>Oszt\u00e1lyvezet\u0151: Dr. Baska Ferenc<br \/> Az egys\u00e9g az egyetem Rottenbiller utcai telephely\u00e9n m\u0171k\u00f6dik Dr. Baska Ferenc, egyetemi docens vezet\u00e9s\u00e9vel. Az oszt\u00e1ly feladata a halakkal \u00e9s egy\u00e9b hal\u00e1szott v\u00edzi \u00e9l\u0151l\u00e9nyekkel kapcsolatos szakmai ismeretek oktat\u00e1sa a magyar \u00e9s az idegen nyelv\u0171 k\u00e9pz\u00e9sben, valamint fakultat\u00edv tant\u00e1rgyak meghirdet\u00e9se. Az oktat\u00e1s mellett szaktan\u00e1csad\u00e1st v\u00e9gez a haltermel\u0151k \u00e9s a horg\u00e1szvizek \u00fczemeltet\u0151i fel\u00e9, \u00e9s az Agr\u00e1rminiszt\u00e9rium hal\u00e1szati f\u0151oszt\u00e1ly\u00e1val egy\u00fcttm\u0171k\u00f6dve kutat\u00e1si feladatokat teljes\u00edt egy k\u00f6z\u00f6sen alap\u00edtott \u201eHorg\u00e1szati kutat\u00f3csoport\u201d keret\u00e9ben.<\/p> <p><strong>-M\u00e9h\u00e9szeti \u00e9s M\u00e9heg\u00e9szs\u00e9gtani Oszt\u00e1ly &#8211; Division of Apiculture and Honey Bee Medicine &#8211; <\/strong><br \/> Hal\u00e1sz G\u00e1bor, Oszt\u00e1lyvezet\u0151: Dr. G\u00e1l J\u00e1nos<br \/> Az \u00c1llatorvostudom\u00e1nyi Egyetem \u00dcll\u0151i Tangazdas\u00e1g\u00e1ban egy gyakorl\u00f3 m\u00e9h\u00e9szet l\u00e9trehoz\u00e1sa, m\u0171k\u00f6dtet\u00e9se \u00e9s az ott zajl\u00f3 gyakorlati oktat\u00e1s, valamint m\u00e9heg\u00e9szs\u00e9g\u00fcgyi kutat\u00e1s \u00e9s nem utols\u00f3 sorban a m\u00e9h\u00e9szet, m\u00e9h\u00e9szked\u00e9s \u00e1llatorvostan-hallgat\u00f3k k\u00f6r\u00e9ben t\u00f6rt\u00e9n\u0151 n\u00e9pszer\u0171s\u00edt\u00e9se tartozik az oszt\u00e1ly feladatai k\u00f6z\u00e9.<\/p> <p><strong>-Kihelyezett \u00c1llatkerti \u00c1llat-eg\u00e9szs\u00e9gtani Tansz\u00e9k &#8211; <\/strong><\/p> <p>A F\u0151v\u00e1rosi \u00c1llat- \u00e9s N\u00f6v\u00e9nykertben m\u0171k\u00f6d\u0151 kihelyezett \u00c1llatkerti \u00c1llat-eg\u00e9szs\u00e9gtani Tansz\u00e9k a hazai vad- \u00e9s \u00e1llatkerti \u00e1llatorvosl\u00e1s egyik f\u0151 kutat\u00e1si \u00e9s oktat\u00e1si k\u00f6zpontjak\u00e9nt m\u0171k\u00f6dik, fontos szerepet v\u00e1llalva a gradu\u00e1lis, szak\u00e1llatorvosi \u00e9s k\u00fclf\u00f6ldi hallgat\u00f3k elm\u00e9leti \u00e9s gyakorlati k\u00e9pz\u00e9s\u00e9ben. A tansz\u00e9ken dolgoz\u00f3, hazai \u00e9s nemzetk\u00f6zi viszonylatban is elismert szakemberekhez sz\u00e1mos kutat\u00e1si \u00e9s term\u00e9szetv\u00e9delmi projekt k\u00f6thet\u0151. Az itt foly\u00f3 klinikai \u00e9s patol\u00f3giai munka nem csak a sokszor vesz\u00e9lyeztetett vagy kihal\u00f3ban l\u00e9v\u0151 fajok egyedi, hanem ak\u00e1r popul\u00e1ci\u00f3s szinten t\u00f6rt\u00e9n\u0151 kezel\u00e9s\u00e9be vezeti be a hallgat\u00f3kat<\/p>","protected":false},"excerpt":{"rendered":"<p>Egzotikus\u00e1llat-, Vad-, Hal- \u00e9s M\u00e9heg\u00e9szs\u00e9g\u00fcgyi Tansz\u00e9k &#8211; Department of Exotic Animal-, Wildlife-, Fish- and Honeybee Medicine Tansz\u00e9kvezet\u0151: Dr. G\u00e1l J\u00e1nos, Tansz\u00e9kvezet\u0151 helyettes: Dr. Maros\u00e1n Mikl\u00f3s Az egys\u00e9g t\u00f6rt\u00e9nete Az Egzotikus\u00e1llat-, Vad-, Hal- \u00e9s M\u00e9heg\u00e9szs\u00e9g\u00fcgyi Tansz\u00e9k 2014. janu\u00e1r 1-t\u0151l alakult meg a Kar Patol\u00f3gia Tansz\u00e9k\u00e9n kor\u00e1bban l\u00e9trej\u00f6tt Egzotikus \u00c1llat- \u00e9s Vadeg\u00e9szs\u00e9g\u00fcgyi Oszt\u00e1ly \u00e9s a Belgy\u00f3gy\u00e1szati Tansz\u00e9k<\/p>\n","protected":false},"author":3837,"featured_media":0,"parent":3316,"menu_order":0,"comment_status":"open","ping_status":"open","template":"","meta":{"_acf_changed":false,"footnotes":""},"categories":[],"tags":[],"class_list":["post-92353","page","type-page","status-publish","hentry"],"acf":[],"_links":{"self":[{"href":"https:\/\/univet.hu\/hu\/wp-json\/wp\/v2\/pages\/92353","targetHints":{"allow":["GET"]}}],"collection":[{"href":"https:\/\/univet.hu\/hu\/wp-json\/wp\/v2\/pages"}],"about":[{"href":"https:\/\/univet.hu\/hu\/wp-json\/wp\/v2\/types\/page"}],"author":[{"embeddable":true,"href":"https:\/\/univet.hu\/hu\/wp-json\/wp\/v2\/users\/3837"}],"replies":[{"embeddable":true,"href":"https:\/\/univet.hu\/hu\/wp-json\/wp\/v2\/comments?post=92353"}],"version-history":[{"count":2,"href":"https:\/\/univet.hu\/hu\/wp-json\/wp\/v2\/pages\/92353\/revisions"}],"predecessor-version":[{"id":178777,"href":"https:\/\/univet.hu\/hu\/wp-json\/wp\/v2\/pages\/92353\/revisions\/178777"}],"up":[{"embeddable":true,"href":"https:\/\/univet.hu\/hu\/wp-json\/wp\/v2\/pages\/3316"}],"wp:attachment":[{"href":"https:\/\/univet.hu\/hu\/wp-json\/wp\/v2\/media?parent=92353"}],"wp:term":[{"taxonomy":"category","embeddable":true,"href":"https:\/\/univet.hu\/hu\/wp-json\/wp\/v2\/categories?post=92353"},{"taxonomy":"post_tag","embeddable":true,"href":"https:\/\/univet.hu\/hu\/wp-json\/wp\/v2\/tags?post=92353"}],"curies":[{"name":"wp","href":"https:\/\/api.w.org\/{rel}","templated":true}]}}