{"id":924,"date":"2017-06-27T13:49:00","date_gmt":"2017-06-27T11:49:00","guid":{"rendered":"http:\/\/univet.hu\/egyetem\/kutatas\/kutatocsoportok\/kisallat-sebeszeti-klinikai-kutatocsoport\/"},"modified":"2018-02-22T09:44:20","modified_gmt":"2018-02-22T08:44:20","slug":"kisallat-sebeszeti-klinikai-kutatocsoport","status":"publish","type":"page","link":"https:\/\/univet.hu\/hu\/kutatas\/kutatocsoportok\/kisallat-sebeszeti-klinikai-kutatocsoport\/","title":{"rendered":"Kis\u00e1llat-Seb\u00e9szeti Klinikai Kutat\u00f3csoport"},"content":{"rendered":"<p><strong>KUTAT&Oacute;CSOPORT-VEZET\u0150:<\/strong> Prof. Dr. N&eacute;meth Tibor PhD, Diplomate ECVS<\/p> <p><strong>EL&Eacute;RHET\u0150S&Eacute;G:<\/strong> <a class=\"decrypt\" rel=\"ofnfui\/ujcpsAvojwfu\/iv\" href=\"javascript:void(0);\">[Kattintson az emailc\u00edmhez]<\/a><\/p> <p><strong>A KUTAT&Oacute;CSOPORT TAGJAI:<\/strong><\/p> <p>Egyetemi tan&aacute;r: Dr. N&eacute;meth Tibor<\/p> <p>Adjunktus: Dr. Arany-T&oacute;th Attila, Dr. Dunay Mikl&oacute;s P&aacute;l<\/p> <p>Tudom&aacute;nyos seg&eacute;dmunkat&aacute;rs: Dr. Moln&aacute;r P&eacute;ter<\/p> <p>Klinikai &aacute;llatorvos: Dr. Gy\u0151ri Panna, Dr. Simon Csilla, Dr. Z&oacute;lyomi Dorottya<\/p> <p>&nbsp;<\/p> <p><strong>KUTAT&Aacute;SI TER&Uuml;LETEK:<\/strong><\/p> <p>&Aacute;llatdiagnosztika, &Aacute;llateg&eacute;szs&eacute;g, &Aacute;llatseb&eacute;szet, M\u0171szeres anal&iacute;zis, Kis&aacute;llat seb&eacute;szet, Klinikai diagnosztika, kis&aacute;llat-ortop&eacute;dia, kis&aacute;llat-neurol&oacute;gia, kis&aacute;llat-l&aacute;gyszervi seb&eacute;szet, plasztikai seb&eacute;szet, k&iacute;s&eacute;rleti seb&eacute;szet<\/p> <p><strong>SZAKMAI SZERVEZETI TAGS&Aacute;G:<\/strong><\/p> <p>European College of Veterinary Surgeons<\/p> <p>Hungarian Small Animal Veterinary Association<\/p> <p>Magyar Kis&aacute;llat Ortop&eacute;d T&aacute;rsas&aacute;g&nbsp;&nbsp;&nbsp;&nbsp;&nbsp;&nbsp;&nbsp;&nbsp;&nbsp;&nbsp;&nbsp;&nbsp;&nbsp;&nbsp;&nbsp;&nbsp;&nbsp;&nbsp;&nbsp;&nbsp;&nbsp;&nbsp;&nbsp;&nbsp;&nbsp;&nbsp;&nbsp;<\/p> <p>Magyar &Aacute;llatorvos Onkol&oacute;gus T&aacute;rsas&aacute;g<\/p> <p>&nbsp;<\/p> <p><strong>HOSSZ&Uacute;T&Aacute;V&Uacute; EGY&Uuml;TTM\u0170K&Ouml;D&Eacute;SEK:<\/strong><\/p> <p>Orsz&aacute;gos Idegseb&eacute;szeti Tudom&aacute;nyos Int&eacute;zet<\/p> <p>Semmelweis Egyetem I.sz. Seb&eacute;szeti Klinika<\/p> <p>&nbsp;<\/p> <p><strong>IG&Eacute;NYELHET\u0150 SZOLG&Aacute;LTAT&Aacute;SOK:<\/strong><\/p> <p>Kis&aacute;llat seb&eacute;szeti diagnosztika<\/p> <p>Komparat&iacute;v k&iacute;s&eacute;rleti seb&eacute;szet<\/p> <p><strong>MEGB&Iacute;Z&Aacute;SOK:<\/strong><\/p> <p>Orsz&aacute;gos Idegseb&eacute;szeti Tudom&aacute;nyos Int&eacute;zet: endovascularis stenting workshop<\/p> <p><a href=\"http:\/\/kutatocsoportok.szie.hu\/sites\/default\/files\/styles\/large\/public\/Kep17c.jpg?itok=98iOGrly\" rel=\"lightbox[field_image][]\" title=\"\"><img decoding=\"async\" src=\"http:\/\/kutatocsoportok.szie.hu\/sites\/default\/files\/styles\/thumbnail\/public\/Kep17c.jpg?itok=rK0z1tNy\" data-replaced=\"true\" style=\"height:67px; width:100px\" \/><\/a><\/p> <p><a href=\"http:\/\/kutatocsoportok.szie.hu\/sites\/default\/files\/styles\/large\/public\/Kep17a.jpg?itok=R1f7oxHQ\" rel=\"lightbox[field_image][]\" title=\"\"><img decoding=\"async\" src=\"http:\/\/kutatocsoportok.szie.hu\/sites\/default\/files\/styles\/thumbnail\/public\/Kep17a.jpg?itok=Y7BTtrMW\" data-replaced=\"true\" style=\"height:72px; width:100px\" \/><\/a><\/p> <p><a href=\"http:\/\/kutatocsoportok.szie.hu\/sites\/default\/files\/styles\/large\/public\/Kep17b.jpg?itok=XNkyNE8L\" rel=\"lightbox[field_image][]\" title=\"\"><img decoding=\"async\" src=\"http:\/\/kutatocsoportok.szie.hu\/sites\/default\/files\/styles\/thumbnail\/public\/Kep17b.jpg?itok=F0t2l9Hj\" data-replaced=\"true\" style=\"height:100px; width:86px\" \/><\/a><\/p>","protected":false},"excerpt":{"rendered":"<p>KUTAT&Oacute;CSOPORT-VEZET\u0150: Prof. Dr. N&eacute;meth Tibor PhD, Diplomate ECVS EL&Eacute;RHET\u0150S&Eacute;G: [Kattintson az emailc\u00edmhez] A KUTAT&Oacute;CSOPORT TAGJAI: Egyetemi tan&aacute;r: Dr. N&eacute;meth Tibor Adjunktus: Dr. Arany-T&oacute;th Attila, Dr. Dunay Mikl&oacute;s P&aacute;l Tudom&aacute;nyos seg&eacute;dmunkat&aacute;rs: Dr. Moln&aacute;r P&eacute;ter Klinikai &aacute;llatorvos: Dr. Gy\u0151ri Panna, Dr. Simon Csilla, Dr. Z&oacute;lyomi Dorottya &nbsp; KUTAT&Aacute;SI TER&Uuml;LETEK: &Aacute;llatdiagnosztika, &Aacute;llateg&eacute;szs&eacute;g, &Aacute;llatseb&eacute;szet, M\u0171szeres anal&iacute;zis, Kis&aacute;llat seb&eacute;szet, Klinikai<\/p>\n","protected":false},"author":1,"featured_media":0,"parent":870,"menu_order":228,"comment_status":"closed","ping_status":"closed","template":"","meta":{"_acf_changed":false,"footnotes":""},"categories":[],"tags":[],"class_list":["post-924","page","type-page","status-publish","hentry"],"acf":[],"_links":{"self":[{"href":"https:\/\/univet.hu\/hu\/wp-json\/wp\/v2\/pages\/924","targetHints":{"allow":["GET"]}}],"collection":[{"href":"https:\/\/univet.hu\/hu\/wp-json\/wp\/v2\/pages"}],"about":[{"href":"https:\/\/univet.hu\/hu\/wp-json\/wp\/v2\/types\/page"}],"author":[{"embeddable":true,"href":"https:\/\/univet.hu\/hu\/wp-json\/wp\/v2\/users\/1"}],"replies":[{"embeddable":true,"href":"https:\/\/univet.hu\/hu\/wp-json\/wp\/v2\/comments?post=924"}],"version-history":[{"count":0,"href":"https:\/\/univet.hu\/hu\/wp-json\/wp\/v2\/pages\/924\/revisions"}],"up":[{"embeddable":true,"href":"https:\/\/univet.hu\/hu\/wp-json\/wp\/v2\/pages\/870"}],"wp:attachment":[{"href":"https:\/\/univet.hu\/hu\/wp-json\/wp\/v2\/media?parent=924"}],"wp:term":[{"taxonomy":"category","embeddable":true,"href":"https:\/\/univet.hu\/hu\/wp-json\/wp\/v2\/categories?post=924"},{"taxonomy":"post_tag","embeddable":true,"href":"https:\/\/univet.hu\/hu\/wp-json\/wp\/v2\/tags?post=924"}],"curies":[{"name":"wp","href":"https:\/\/api.w.org\/{rel}","templated":true}]}}