{"id":926,"date":"2016-10-17T09:37:00","date_gmt":"2016-10-17T07:37:00","guid":{"rendered":"http:\/\/univet.hu\/egyetem\/kutatas\/kutatocsoportok\/klinikai-laboratoriumi-es-onkologiai-kutatocsoport\/"},"modified":"2018-02-22T09:44:23","modified_gmt":"2018-02-22T08:44:23","slug":"klinikai-laboratoriumi-es-onkologiai-kutatocsoport","status":"publish","type":"page","link":"https:\/\/univet.hu\/hu\/kutatas\/kutatocsoportok\/klinikai-laboratoriumi-es-onkologiai-kutatocsoport\/","title":{"rendered":"Klinikai Laborat\u00f3riumi \u00e9s Onkol\u00f3giai Kutat\u00f3csoport"},"content":{"rendered":"<p><strong>KUTAT&Oacute;CSOPORT-VEZET\u0150:<\/strong>&nbsp;Dr. Vajdovich P&eacute;ter, egyetemi docens<\/p> <p><strong>EL&Eacute;RHET\u0150S&Eacute;G:<\/strong>&nbsp;<a class=\"decrypt\" rel=\"Wbkepwjdi\/QfufsAbpul\/t{jf\/iv\" href=\"javascript:void(0);\">[Kattintson az emailc\u00edmhez]<\/a><\/p> <p><strong>A KUTAT&Oacute;CSOPORTBAN DOLGOZ&Oacute;K SZ&Aacute;MA:<\/strong><br \/>  Egyetemi docens: 1 f\u0151<br \/>  Klinikai &aacute;llatorvos: 2 f\u0151<br \/>  Tudom&aacute;nyos seg&eacute;dszem&eacute;lyzet: 1 f\u0151<br \/>  Laborat&oacute;riumi m&eacute;rn&ouml;k: 1 f\u0151<br \/>  Asszisztens: 4 f\u0151<br \/>  PhD hallgat&oacute;: 1 f\u0151<\/p> <p><strong>KUTAT&Aacute;SI TER&Uuml;LETEK:<\/strong><br \/>  Klinikai laborat&oacute;riumi diagnosztikai fejleszt&eacute;sek (a v&eacute;r lakt&aacute;tszintj&eacute;nek v&aacute;ltoz&aacute;sai, a v&eacute;ralvad&aacute;s vizsg&aacute;lata), Onkol&oacute;giai prognosztikai kutat&aacute;sok, Ter&aacute;piarezisztencia vizsg&aacute;lata &eacute;s elemz&eacute;se, Tirozin kin&aacute;zok vizsg&aacute;lata kuty&aacute;k daganataiban, COX2 expresszi&oacute; vizsg&aacute;lata kuty&aacute;k daganataiban, Fotodinamikus ter&aacute;pia hat&eacute;konys&aacute;g&aacute;nak vizsg&aacute;lata daganatos k&oacute;rk&eacute;pekben, Szabadgy&ouml;k kutat&aacute;sok<\/p> <p><strong>SZAKMAI SZERVEZETI TAGS&Aacute;G:<\/strong><br \/>  Magyar Szabadgy&ouml;k-kutat&oacute; T&aacute;rsas&aacute;g<br \/>  Magyar Kis&aacute;llatgy&oacute;gy&aacute;sz &Aacute;llatorvosok Egyes&uuml;lete<br \/>  Magyar &Aacute;llatorvosi Onkol&oacute;giai T&aacute;rsas&aacute;g<br \/>  European Society of Veterinary Oncology<br \/>  European Society of Veterinary Clinical Pathology<br \/>  European College of Veterinary Clinical Pathology<\/p> <p><strong>HOSSZ&Uacute;T&Aacute;V&Uacute; EGY&Uuml;TTM\u0170K&Ouml;D&Eacute;SEK:<\/strong><br \/>  MTA Term&eacute;szettudom&aacute;nyi Kutat&oacute;k&ouml;zpont, Szerves K&eacute;miai Int&eacute;zet<br \/>  MTA Term&eacute;szettudom&aacute;nyi Kutat&oacute;k&ouml;zpont, Molekul&aacute;ris Farmakol&oacute;giai Int&eacute;zet<br \/>  Orsz&aacute;gos Onkol&oacute;giai Int&eacute;zet<br \/>  Diagon Kft.<\/p> <p><strong>IG&Eacute;NYELHET\u0150 SZOLG&Aacute;LTAT&Aacute;SOK:<\/strong><br \/>  klinikai rutin laborat&oacute;riumi diagnosztikai param&eacute;terek<br \/>  szabadgy&ouml;k- &eacute;s antioxid&aacute;ns param&eacute;terek<br \/>  daganatok flowcytometri&aacute;s immunfenotipiz&aacute;l&aacute;sa<br \/>  ABC-Membr&aacute;ntranszporter param&eacute;terek (western blot, immunhisztok&eacute;mia, PCR, flow cytometria)<br \/>  COX2 vizsg&aacute;latok sz&ouml;vetekben (immunhisztok&eacute;mia, PCR)<br \/>  tirozin kin&aacute;zok &eacute;s tirozin-kin&aacute;z receptorok (PCR)<br \/>  klinikai citol&oacute;gia<br \/>  k&eacute;panalitikai m&eacute;r&eacute;sek<\/p> <p><strong>P&Aacute;LY&Aacute;ZATOK:<\/strong><\/p> <table border=\"0\" cellpadding=\"0\" cellspacing=\"0\" style=\"width:643px\"> <tbody> <tr> <td> <p>OTKA<\/p> <\/td> <td> <p>Az antioxid&aacute;ns rendszert befoly&aacute;sol&oacute; t&eacute;nyez\u0151k vizsg&aacute;lata eml\u0151s &aacute;llatfajokban (2007)<\/p> <\/td> <\/tr> <tr> <td> <p>OTKA<\/p> <\/td> <td> <p>A ter&aacute;piarezisztencia vizsg&aacute;lata kuty&aacute;k daganatos, immunol&oacute;giai &eacute;s sz&iacute;vel&eacute;gtelens&eacute;ggel j&aacute;r&oacute; k&oacute;rk&eacute;peiben (2007)<\/p> <\/td> <\/tr> <tr> <td> <p>OTKA<\/p> <\/td> <td> <p>Ter&aacute;piarezisztens feh&eacute;rj&eacute;k, szabadgy&ouml;k&ouml;k &eacute;s antioxid&aacute;nsok szerepe kutya limf&oacute;m&aacute;j&aacute;ban (2006)<\/p> <\/td> <\/tr> <\/tbody> <\/table> <p>&nbsp;<\/p>","protected":false},"excerpt":{"rendered":"<p>KUTAT&Oacute;CSOPORT-VEZET\u0150:&nbsp;Dr. Vajdovich P&eacute;ter, egyetemi docens EL&Eacute;RHET\u0150S&Eacute;G:&nbsp;[Kattintson az emailc\u00edmhez] A KUTAT&Oacute;CSOPORTBAN DOLGOZ&Oacute;K SZ&Aacute;MA: Egyetemi docens: 1 f\u0151 Klinikai &aacute;llatorvos: 2 f\u0151 Tudom&aacute;nyos seg&eacute;dszem&eacute;lyzet: 1 f\u0151 Laborat&oacute;riumi m&eacute;rn&ouml;k: 1 f\u0151 Asszisztens: 4 f\u0151 PhD hallgat&oacute;: 1 f\u0151 KUTAT&Aacute;SI TER&Uuml;LETEK: Klinikai laborat&oacute;riumi diagnosztikai fejleszt&eacute;sek (a v&eacute;r lakt&aacute;tszintj&eacute;nek v&aacute;ltoz&aacute;sai, a v&eacute;ralvad&aacute;s vizsg&aacute;lata), Onkol&oacute;giai prognosztikai kutat&aacute;sok, Ter&aacute;piarezisztencia vizsg&aacute;lata &eacute;s elemz&eacute;se,<\/p>\n","protected":false},"author":1,"featured_media":0,"parent":870,"menu_order":228,"comment_status":"closed","ping_status":"closed","template":"","meta":{"_acf_changed":false,"footnotes":""},"categories":[],"tags":[],"class_list":["post-926","page","type-page","status-publish","hentry"],"acf":[],"_links":{"self":[{"href":"https:\/\/univet.hu\/hu\/wp-json\/wp\/v2\/pages\/926","targetHints":{"allow":["GET"]}}],"collection":[{"href":"https:\/\/univet.hu\/hu\/wp-json\/wp\/v2\/pages"}],"about":[{"href":"https:\/\/univet.hu\/hu\/wp-json\/wp\/v2\/types\/page"}],"author":[{"embeddable":true,"href":"https:\/\/univet.hu\/hu\/wp-json\/wp\/v2\/users\/1"}],"replies":[{"embeddable":true,"href":"https:\/\/univet.hu\/hu\/wp-json\/wp\/v2\/comments?post=926"}],"version-history":[{"count":0,"href":"https:\/\/univet.hu\/hu\/wp-json\/wp\/v2\/pages\/926\/revisions"}],"up":[{"embeddable":true,"href":"https:\/\/univet.hu\/hu\/wp-json\/wp\/v2\/pages\/870"}],"wp:attachment":[{"href":"https:\/\/univet.hu\/hu\/wp-json\/wp\/v2\/media?parent=926"}],"wp:term":[{"taxonomy":"category","embeddable":true,"href":"https:\/\/univet.hu\/hu\/wp-json\/wp\/v2\/categories?post=926"},{"taxonomy":"post_tag","embeddable":true,"href":"https:\/\/univet.hu\/hu\/wp-json\/wp\/v2\/tags?post=926"}],"curies":[{"name":"wp","href":"https:\/\/api.w.org\/{rel}","templated":true}]}}