{"id":928,"date":"2017-06-27T14:09:00","date_gmt":"2017-06-27T12:09:00","guid":{"rendered":"http:\/\/univet.hu\/egyetem\/kutatas\/kutatocsoportok\/konzervacio-genetikai-kutatocsoport\/"},"modified":"2026-03-12T14:57:32","modified_gmt":"2026-03-12T13:57:32","slug":"molekularis-okologiai-kutatocsoport","status":"publish","type":"page","link":"https:\/\/univet.hu\/hu\/kutatas\/kutatocsoportok\/molekularis-okologiai-kutatocsoport\/","title":{"rendered":"Molekul\u00e1ris \u00d6kol\u00f3gia"},"content":{"rendered":"<p><strong>KUTAT\u00d3CSOPORT-VEZET\u0150:<\/strong> Dr. K\u00f6v\u00e9r Szilvia, tudom\u00e1nyos munkat\u00e1rs<\/p> <p><strong>EL\u00c9RHET\u0150S\u00c9G:<\/strong> <a class=\"decrypt\" rel=\"lpwfs\/t{jmwjbAvojwfu\/iv\" href=\"javascript:void(0);\">[Kattintson az emailc\u00edmhez]<\/a><\/p> <p><strong>A KUTAT\u00d3CSOPORT TAGJAI:<\/strong><\/p> <p>Tudom\u00e1nyos munkat\u00e1rs: Dr. K\u00f6v\u00e9r Szilvia, Dr. P\u00e1sztory-Kov\u00e1cs Szilvia, Dr. Vili N\u00f3ra, Dr. Szab\u00f3 Kriszti\u00e1n<\/p> <p>PhD hallgat\u00f3: Balogh Emese, Tisza \u00c1d\u00e1m<\/p> <p>&nbsp;<\/p> <p><strong>KUTAT\u00c1SI TER\u00dcLETEK:<\/strong><\/p> <p>1. A K\u00e1rp\u00e1t-medencei parlagi sas (Aquila heliaca) popul\u00e1ci\u00f3 popul\u00e1ci\u00f3szerkezet\u00e9nek, diszperzi\u00f3j\u00e1nak \u00e9s popul\u00e1ci\u00f3dinamik\u00e1j\u00e1nak vizsg\u00e1lata molekul\u00e1ris markerek alapj\u00e1n, a popul\u00e1ci\u00f3 j\u00f6v\u0151beli demogr\u00e1fiai v\u00e1ltoz\u00e1sainak modellez\u00e9se popul\u00e1ci\u00f3 \u00e9letk\u00e9pess\u00e9gi anal\u00edzis (PVA) seg\u00edts\u00e9g\u00e9vel. Rehabilit\u00e1lt \u00e9s norm\u00e1l parlagi sasok t\u00fal\u00e9l\u00e9s\u00e9nek becsl\u00e9se GPS-jelad\u00f3s egyedek alapj\u00e1n<br \/> 2. Egyedi azonos\u00edt\u00e1s\u00e1ra \u00e9s rokons\u00e1gbecsl\u00e9sre alkalmas mikroszatellita markerk\u00e9szletek \u00f6ssze\u00e1ll\u00edt\u00e1sa a K\u00e1rp\u00e1t-medencei kerecsens\u00f3lyom (Falco cherrug) popul\u00e1ci\u00f3ra<br \/> 3. A h\u0151t\u0171r\u00e9st befoly\u00e1sol\u00f3 t\u00e9nyez\u0151k \u00e9s a k\u00f6rnyezeti stresszorok \u00e1ltal induk\u00e1lt ivarv\u00e1lt\u00e1s evol\u00faci\u00f3s-\u00f6kol\u00f3giai k\u00f6vetkezm\u00e9nyeinek \u00e9s molekul\u00e1ris (transzkriptomikai \u00e9s epigenetikai) h\u00e1tter\u00e9nek vizsg\u00e1lata egy v\u00e9dett k\u00e9t\u00e9lt\u0171fajra, az erdei b\u00e9k\u00e1ra f\u00f3kusz\u00e1lva<br \/> 4. A k\u00e9t\u00e9lt\u0171eket fert\u0151z\u0151 betegs\u00e9gek (kitridomik\u00f3zis, ranid herpesz) molekul\u00e1ris h\u00e1tter\u00e9nek \u00e9s k\u00f6vetkezm\u00e9nyeinek vizsg\u00e1lata<br \/> 5. Ivarmarkerek fejleszt\u00e9se k\u00fcl\u00f6nb\u00f6z\u0151 k\u00e9t\u00e9lt\u0171- \u00e9s h\u00fcll\u0151fajokban in silico \u00e9s genomikai m\u00f3dszerek felhaszn\u00e1l\u00e1s\u00e1val<br \/> 6. Pusztai \u00e9s eger\u00e9sz\u00f6lyvek (Buteo buteo \u00e9s Buteo rufinus) hibridiz\u00e1ci\u00f3j\u00e1nak vizsg\u00e1lata<br \/> 7. Alpesig\u0151te popul\u00e1ci\u00f3k strukt\u00far\u00e1j\u00e1nak \u00e9s idegenhonoss\u00e1g\u00e1nak vizsg\u00e1lata<br \/> 8. K\u00e1rp\u00e1t-medencei r\u00e1kosivipera \u00e1llom\u00e1nyok popul\u00e1ci\u00f3genetikai vizsg\u00e1lata a \u201eA r\u00e1kosi vipera term\u00e9szetv\u00e9delmi helyzet\u00e9nek jav\u00edt\u00e1sa a Pannon r\u00e9gi\u00f3ban\u201d (LIFE HUNVIPHAB &#8211; LIFE18 NAT\/HU\/000799) p\u00e1ly\u00e1zathoz kapcsol\u00f3d\u00f3an.<\/p> <p>&nbsp;<\/p> <p><strong>HOSSZ\u00daT\u00c1V\u00da EGY\u00dcTTM\u0170K\u00d6D\u00c9SEK:<\/strong><\/p> <p>LIFE11\/NAT\/HU\/000926, Conservation of the Red-footed Falcon in the Carpathian Basin<\/p> <p>LIFE15 NAT\/HU\/000902, Conservation of the eastern imperial eagle by decreasing human- caused mortality in the Pannonian Region.\u00a0 2017-2021<\/p> <p>Magyar Mad\u00e1rtani \u00e9s Term\u00e9szetv\u00e9delmi Egyes\u00fclet, Ragadoz\u00f3mad\u00e1r-v\u00e9delmi Szakoszt\u00e1ly<\/p> <p>\u00c1TE Biomatematikai \u00e9s Sz\u00e1m\u00edt\u00e1stechnikai Tansz\u00e9k<\/p> <p>Magyar Term\u00e9szettudom\u00e1nyi M\u00fazeum, Molekul\u00e1ris Taxon\u00f3miai Laborat\u00f3rium<\/p> <p>Pannon Egyetem, Limnol\u00f3gia Tansz\u00e9k<\/p> <p>Duna-Dr\u00e1va Nemzeti Park<\/p> <p>Hortob\u00e1gyi Nemzeti Park<\/p> <p>\u00d3csai Mad\u00e1rv\u00e1rta Egyes\u00fclet<\/p> <p>National Museum of Natural Sciences (Spanyolorsz\u00e1g)<\/p> <p><strong>IG\u00c9NYELHET\u0150 SZOLG\u00c1LTAT\u00c1SOK:<\/strong><\/p> <p>Madarak genetikai m\u00f3dszerekkel t\u00f6rt\u00e9n\u0151 ivar-meghat\u00e1roz\u00e1sa, faji azonos\u00edt\u00e1s, genetikai alap\u00fa egyedei \u00e9s faji meghat\u00e1roz\u00e1s ragadoz\u00f3madarakra. (AQUILABOR, nyilv\u00e1ntart\u00e1si sz\u00e1m: 130\/2016\/Lab\/N\u00c9BIH)<\/p> <p>&nbsp;<\/p> <p><strong>P\u00c1LY\u00c1ZATOK:<\/strong><\/p> <p>&nbsp;<\/p> <table border=\"1\" cellspacing=\"0\" cellpadding=\"0\"> <tbody> <tr> <td style=\"height: 63px;width: 128px\"><strong>T\u00e1mogat\u00f3 szervezet \/forr\u00e1s megnevez\u00e9se<\/strong><\/td> <td style=\"height: 63px;width: 345px\"><strong>P\u00e1ly\u00e1zati projekt c\u00edme \u00e9s t\u00e9m\u00e1ja <\/strong><\/td> <td style=\"height: 63px;width: 128px\"><strong>T\u00e1mogat\u00e1s \u00f6sszege (Ft-ban)<\/strong><\/td> <\/tr> <tr> <td style=\"height: 63px;width: 128px\">NKFIH<br \/> K, 115402<\/td> <td style=\"height: 63px;width: 345px\">A k\u00f6rnyezeti \u00e1rtalmak ivari hat\u00e1sai v\u00e1ltozatos ivarmeghat\u00e1roz\u00e1s\u00fa gerincesekn\u00e9l<br \/> <em>(r\u00e9sztvev\u0151k: Dr K\u00f6v\u00e9r Szilvia, Szab\u00f3 Kriszti\u00e1n)<\/em><\/td> <td style=\"height: 63px;width: 128px\">43.978.000<\/td> <\/tr> <\/tbody> <\/table> <p>&nbsp;<\/p> <p>&nbsp;<\/p> <p><strong>MEGB\u00cdZ\u00c1SOK:<\/strong><\/p> <p>Magyar Mad\u00e1rtani Egyes\u00fclet (szerz\u0151d\u00e9s: Kutszerz_Kongencso_MME_kekvercse.pdf)<\/p> <p>&nbsp;<\/p> <p>&nbsp;<\/p>","protected":false},"excerpt":{"rendered":"<p>KUTAT\u00d3CSOPORT-VEZET\u0150: Dr. K\u00f6v\u00e9r Szilvia, tudom\u00e1nyos munkat\u00e1rs EL\u00c9RHET\u0150S\u00c9G: [Kattintson az emailc\u00edmhez] A KUTAT\u00d3CSOPORT TAGJAI: Tudom\u00e1nyos munkat\u00e1rs: Dr. K\u00f6v\u00e9r Szilvia, Dr. P\u00e1sztory-Kov\u00e1cs Szilvia, Dr. Vili N\u00f3ra, Dr. Szab\u00f3 Kriszti\u00e1n PhD hallgat\u00f3: Balogh Emese, Tisza \u00c1d\u00e1m &nbsp; KUTAT\u00c1SI TER\u00dcLETEK: 1. A K\u00e1rp\u00e1t-medencei parlagi sas (Aquila heliaca) popul\u00e1ci\u00f3 popul\u00e1ci\u00f3szerkezet\u00e9nek, diszperzi\u00f3j\u00e1nak \u00e9s popul\u00e1ci\u00f3dinamik\u00e1j\u00e1nak vizsg\u00e1lata molekul\u00e1ris markerek alapj\u00e1n, a popul\u00e1ci\u00f3 j\u00f6v\u0151beli<\/p>\n","protected":false},"author":1,"featured_media":0,"parent":870,"menu_order":228,"comment_status":"closed","ping_status":"closed","template":"","meta":{"_acf_changed":false,"footnotes":""},"categories":[],"tags":[],"class_list":["post-928","page","type-page","status-publish","hentry"],"acf":[],"_links":{"self":[{"href":"https:\/\/univet.hu\/hu\/wp-json\/wp\/v2\/pages\/928","targetHints":{"allow":["GET"]}}],"collection":[{"href":"https:\/\/univet.hu\/hu\/wp-json\/wp\/v2\/pages"}],"about":[{"href":"https:\/\/univet.hu\/hu\/wp-json\/wp\/v2\/types\/page"}],"author":[{"embeddable":true,"href":"https:\/\/univet.hu\/hu\/wp-json\/wp\/v2\/users\/1"}],"replies":[{"embeddable":true,"href":"https:\/\/univet.hu\/hu\/wp-json\/wp\/v2\/comments?post=928"}],"version-history":[{"count":3,"href":"https:\/\/univet.hu\/hu\/wp-json\/wp\/v2\/pages\/928\/revisions"}],"predecessor-version":[{"id":191423,"href":"https:\/\/univet.hu\/hu\/wp-json\/wp\/v2\/pages\/928\/revisions\/191423"}],"up":[{"embeddable":true,"href":"https:\/\/univet.hu\/hu\/wp-json\/wp\/v2\/pages\/870"}],"wp:attachment":[{"href":"https:\/\/univet.hu\/hu\/wp-json\/wp\/v2\/media?parent=928"}],"wp:term":[{"taxonomy":"category","embeddable":true,"href":"https:\/\/univet.hu\/hu\/wp-json\/wp\/v2\/categories?post=928"},{"taxonomy":"post_tag","embeddable":true,"href":"https:\/\/univet.hu\/hu\/wp-json\/wp\/v2\/tags?post=928"}],"curies":[{"name":"wp","href":"https:\/\/api.w.org\/{rel}","templated":true}]}}