{"id":930,"date":"2017-06-27T14:11:00","date_gmt":"2017-06-27T12:11:00","guid":{"rendered":"http:\/\/univet.hu\/egyetem\/kutatas\/kutatocsoportok\/logyogyaszati-kutatocsoport\/"},"modified":"2018-02-22T09:44:30","modified_gmt":"2018-02-22T08:44:30","slug":"logyogyaszati-kutatocsoport","status":"publish","type":"page","link":"https:\/\/univet.hu\/hu\/kutatas\/kutatocsoportok\/logyogyaszati-kutatocsoport\/","title":{"rendered":"L\u00f3gy\u00f3gy\u00e1szati Kutat\u00f3csoport"},"content":{"rendered":"<p><strong>KUTAT&Oacute;CSOPORT-VEZET\u0150:<\/strong> Dr. Bod&oacute; G&aacute;bor Dipl. ECS<\/p> <p><strong>EL&Eacute;RHET\u0150S&Eacute;G:<\/strong> <a class=\"decrypt\" rel=\"cpep\/hbcpsAvojwfu\/iv\" href=\"javascript:void(0);\">[Kattintson az emailc\u00edmhez]<\/a><\/p> <p>&nbsp;<\/p> <p><strong>A KUTAT&Oacute;CSOPORT TAGJAI:<\/strong><\/p> <p>Egyetemi tan&aacute;r: Dr..Bod&oacute; G&aacute;bor<\/p> <p>Egyetemi docens: Dr. Bakos Zolt&aacute;n<\/p> <p>Egyetemi adjunktus: Dr. Makra Zita, Dr. T&oacute;th P&eacute;ter&nbsp;&nbsp;&nbsp;&nbsp;&nbsp;&nbsp;&nbsp;&nbsp;&nbsp;&nbsp;&nbsp;&nbsp;&nbsp;&nbsp;&nbsp;&nbsp;&nbsp;&nbsp;&nbsp;&nbsp;&nbsp;&nbsp;&nbsp;&nbsp;&nbsp;&nbsp;&nbsp;&nbsp;&nbsp;&nbsp;&nbsp;&nbsp;&nbsp;&nbsp;&nbsp;&nbsp;&nbsp;&nbsp;&nbsp;&nbsp;&nbsp;&nbsp;&nbsp;&nbsp;&nbsp;&nbsp;&nbsp;&nbsp;&nbsp;&nbsp;&nbsp;&nbsp;&nbsp;&nbsp;&nbsp;&nbsp;&nbsp;&nbsp;&nbsp;&nbsp;&nbsp;&nbsp;&nbsp;&nbsp;&nbsp;&nbsp;&nbsp;&nbsp;&nbsp;<\/p> <p>Asszisztens: Dr. Kojer Judit, Dr Mik&oacute; P&eacute;ter, Dr. B&eacute;ni D&aacute;niel<\/p> <p>PhD hallgat&oacute;: Dr. Tuska P&aacute;l<\/p> <p>&nbsp;<\/p> <p><strong>KUTAT&Aacute;SI TER&Uuml;LETEK: &nbsp;&nbsp;&nbsp;&nbsp;&nbsp;&nbsp;&nbsp; <\/strong><\/p> <p>L&oacute;-seb&eacute;szet<\/p> <p>L&oacute;-szem&eacute;szet<\/p> <p>L&oacute;-belgy&oacute;gy&aacute;szat<\/p> <p>L&oacute;-aneszteziol&oacute;gia<\/p> <p>&nbsp;<\/p> <p><strong>SZAKMAI SZERVEZETI TAGS&Aacute;G: <\/strong><\/p> <p>European College of Veterinary Medicine (ECVS)<\/p> <p>European College of Equine Internal Medicine (ECEIM)<\/p> <p>Magyar L&oacute;gy&oacute;gy&aacute;sz &Aacute;llatorvoswok Egyes&uuml;lete (ML&Aacute;E, HAEP)<\/p> <p>&nbsp;<\/p> <p><strong>HOSSZ&Uacute;T&Aacute;V&Uacute; EGY&Uuml;TTM\u0170K&Ouml;D&Eacute;SEK:<\/strong><\/p> <p>Universit&auml;t Bern, ISME Pferdeklinik &ndash; Prof. Vincent Gerber, Prof. Christoph Koch<\/p> <p>Royal Veterinary College London &ndash; Anesthesiology department &ndash; Dr Veres-Ny&eacute;ki Kata<\/p> <p>&nbsp;<\/p> <p><strong>P&Aacute;LY&Aacute;ZATOK:<\/strong><\/p> <table border=\"0\" cellpadding=\"0\" cellspacing=\"0\" style=\"width:602px\"> <tbody> <tr> <td style=\"height:63px; width:128px\"> <p><strong>T&aacute;mogat&oacute; szervezet \/forr&aacute;s megnevez&eacute;se<\/strong><\/p> <\/td> <td style=\"height:63px; width:346px\"> <p><strong>P&aacute;ly&aacute;zati projekt c&iacute;me &eacute;s t&eacute;m&aacute;ja <\/strong><\/p> <\/td> <td style=\"height:63px; width:128px\"> <p><strong>T&aacute;mogat&aacute;s &ouml;sszege (Ft-ban)<\/strong><\/p> <\/td> <\/tr> <tr> <td style=\"height:63px; width:128px\"> <p>EMMI Kutat&oacute;kar<\/p> <p>&Uacute;j kutat&aacute;si t&eacute;ma<\/p> <\/td> <td style=\"height:63px; width:346px\"> <p>A bursa podotrochlearis vizsg&aacute;lata t\u0171bursoscopi&aacute;s k&eacute;sz&uuml;l&eacute;kkel &aacute;ll&oacute; helyzet\u0171 lovakon (2016)<\/p> <\/td> <td style=\"height:63px; width:128px\"> <p>2.000.000<\/p> <\/td> <\/tr> <tr> <td style=\"height:42px; width:128px\"> <p>EMMI Kutat&oacute;kar<\/p> <p>&Uacute;j kutat&aacute;si t&eacute;ma<\/p> <\/td> <td style=\"height:42px; width:346px\"> <p>A dembrexin ny&aacute;lkaold&oacute; hat&aacute;s&aacute;nak vizsg&aacute;lata gyullad&aacute;sos l&eacute;g&uacute;ti betegs&eacute;gben szenved\u0151 lovakban<\/p> <p>Evaluation (2016)<\/p> <\/td> <td style=\"height:42px; width:128px\"> <p>1.500.000<\/p> <\/td> <\/tr> <tr> <td style=\"height:21px; width:128px\"> <p>EMMI Kutat&oacute;kar<\/p> <p>&Uacute;j kutat&aacute;si t&eacute;ma<\/p> <\/td> <td style=\"height:21px; width:346px\"> <p>A szemf&aacute;jdalom meg&iacute;t&eacute;l&eacute;se &eacute;s az akupunkt&uacute;ra, flunixin meglumin &eacute;s fenilbutazon f&aacute;jdalomcsillap&iacute;t&oacute; hat&aacute;s&aacute;nak felm&eacute;r&eacute;se lovakban (2015)<\/p> <\/td> <td style=\"height:21px; width:128px\"> <p>1.400.000<\/p> <\/td> <\/tr> <\/tbody> <\/table> <p>&nbsp;<\/p> <p>&nbsp;<\/p> <p>&nbsp;<\/p>","protected":false},"excerpt":{"rendered":"<p>KUTAT&Oacute;CSOPORT-VEZET\u0150: Dr. Bod&oacute; G&aacute;bor Dipl. ECS EL&Eacute;RHET\u0150S&Eacute;G: [Kattintson az emailc\u00edmhez] &nbsp; A KUTAT&Oacute;CSOPORT TAGJAI: Egyetemi tan&aacute;r: Dr..Bod&oacute; G&aacute;bor Egyetemi docens: Dr. Bakos Zolt&aacute;n Egyetemi adjunktus: Dr. Makra Zita, Dr. T&oacute;th P&eacute;ter&nbsp;&nbsp;&nbsp;&nbsp;&nbsp;&nbsp;&nbsp;&nbsp;&nbsp;&nbsp;&nbsp;&nbsp;&nbsp;&nbsp;&nbsp;&nbsp;&nbsp;&nbsp;&nbsp;&nbsp;&nbsp;&nbsp;&nbsp;&nbsp;&nbsp;&nbsp;&nbsp;&nbsp;&nbsp;&nbsp;&nbsp;&nbsp;&nbsp;&nbsp;&nbsp;&nbsp;&nbsp;&nbsp;&nbsp;&nbsp;&nbsp;&nbsp;&nbsp;&nbsp;&nbsp;&nbsp;&nbsp;&nbsp;&nbsp;&nbsp;&nbsp;&nbsp;&nbsp;&nbsp;&nbsp;&nbsp;&nbsp;&nbsp;&nbsp;&nbsp;&nbsp;&nbsp;&nbsp;&nbsp;&nbsp;&nbsp;&nbsp;&nbsp;&nbsp; Asszisztens: Dr. Kojer Judit, Dr Mik&oacute; P&eacute;ter, Dr. B&eacute;ni D&aacute;niel PhD hallgat&oacute;: Dr. Tuska P&aacute;l &nbsp; KUTAT&Aacute;SI TER&Uuml;LETEK: &nbsp;&nbsp;&nbsp;&nbsp;&nbsp;&nbsp;&nbsp; L&oacute;-seb&eacute;szet L&oacute;-szem&eacute;szet L&oacute;-belgy&oacute;gy&aacute;szat L&oacute;-aneszteziol&oacute;gia &nbsp;<\/p>\n","protected":false},"author":1,"featured_media":0,"parent":870,"menu_order":228,"comment_status":"closed","ping_status":"closed","template":"","meta":{"_acf_changed":false,"footnotes":""},"categories":[],"tags":[],"class_list":["post-930","page","type-page","status-publish","hentry"],"acf":[],"_links":{"self":[{"href":"https:\/\/univet.hu\/hu\/wp-json\/wp\/v2\/pages\/930","targetHints":{"allow":["GET"]}}],"collection":[{"href":"https:\/\/univet.hu\/hu\/wp-json\/wp\/v2\/pages"}],"about":[{"href":"https:\/\/univet.hu\/hu\/wp-json\/wp\/v2\/types\/page"}],"author":[{"embeddable":true,"href":"https:\/\/univet.hu\/hu\/wp-json\/wp\/v2\/users\/1"}],"replies":[{"embeddable":true,"href":"https:\/\/univet.hu\/hu\/wp-json\/wp\/v2\/comments?post=930"}],"version-history":[{"count":0,"href":"https:\/\/univet.hu\/hu\/wp-json\/wp\/v2\/pages\/930\/revisions"}],"up":[{"embeddable":true,"href":"https:\/\/univet.hu\/hu\/wp-json\/wp\/v2\/pages\/870"}],"wp:attachment":[{"href":"https:\/\/univet.hu\/hu\/wp-json\/wp\/v2\/media?parent=930"}],"wp:term":[{"taxonomy":"category","embeddable":true,"href":"https:\/\/univet.hu\/hu\/wp-json\/wp\/v2\/categories?post=930"},{"taxonomy":"post_tag","embeddable":true,"href":"https:\/\/univet.hu\/hu\/wp-json\/wp\/v2\/tags?post=930"}],"curies":[{"name":"wp","href":"https:\/\/api.w.org\/{rel}","templated":true}]}}