{"id":934,"date":"2017-06-27T14:16:00","date_gmt":"2017-06-27T12:16:00","guid":{"rendered":"http:\/\/univet.hu\/egyetem\/kutatas\/kutatocsoportok\/molekularis-biologiai-kutatocsoport\/"},"modified":"2018-10-01T11:14:12","modified_gmt":"2018-10-01T09:14:12","slug":"molekularis-biologiai-kutatocsoport","status":"publish","type":"page","link":"https:\/\/univet.hu\/hu\/kutatas\/kutatocsoportok\/molekularis-biologiai-kutatocsoport\/","title":{"rendered":"Molekul\u00e1ris Biol\u00f3giai Kutat\u00f3csoport"},"content":{"rendered":"<p><strong>KUTAT\u00d3CSOPORT-VEZET\u0150:<\/strong> Dr. Balka Gyula<\/p> <p><strong>EL\u00c9RHET\u0150S\u00c9G:<\/strong> <a class=\"decrypt\" rel=\"cbmlb\/hzvmbAvojwfu\/iv\" href=\"javascript:void(0);\">[Kattintson az emailc\u00edmhez]<\/a><\/p> <p><strong>A KUTAT\u00d3CSOPORTBAN DOLGOZ\u00d3K SZ\u00c1MA:<\/strong><\/p> <p>Egyetemi docens: Dr. Balka Gyula<\/p> <p>Tansz\u00e9ki munkat\u00e1rs: Lefler G\u00e1born\u00e9<\/p> <p>PhD hallgat\u00f3: D\u00e9nes Lilla<\/p> <p>Egyetemi tan\u00e1rseg\u00e9d: Dr. Szilasi Anna<\/p> <p>Asszisztens: Sch\u00f6nhardt Kitti<\/p> <p>&nbsp;<\/p> <p><strong>KUTAT\u00c1SI TER\u00dcLETEK:<\/strong><\/p> <p>H\u00e1zi\u00e1llatok (sert\u00e9s, baromfi, h\u00fasev\u0151k) v\u00edrusos megbeteged\u00e9sei<\/p> <p><strong>SZAKMAI SZERVEZETI TAGS\u00c1G:<\/strong><\/p> <p>European Association of Porcine Health Management<\/p> <p>American Association of Swine Veterinarians<\/p> <p><strong>HOSSZ\u00daT\u00c1V\u00da EGY\u00dcTTM\u0170K\u00d6D\u00c9SEK:<\/strong><\/p> <p>N\u00c9BIH \u00c1DI<\/p> <p>MTA \u00c1llatorvos-tudom\u00e1nyi Kutat\u00f3int\u00e9zete<\/p> <p>University of Life Sciences, Vars\u00f3, Lengyelorsz\u00e1g<\/p> <p>National Veterinary Institute, Pulawy, Lengyelorsz\u00e1g<\/p> <p>University of Minnesota, MN, USA<\/p> <p>Boehringer Ingelheim Vetmedica GmBH<\/p> <p><strong>IG\u00c9NYELHET\u0150 SZOLG\u00c1LTAT\u00c1SOK:<\/strong><\/p> <p>PCR<\/p> <p>Real-time PCR<\/p> <p>Szekvenciameghat\u00e1roz\u00e1s<\/p> <p>\u00d6sszehasonl\u00edt\u00f3 genetikai vizsg\u00e1latok<\/p> <p>&nbsp;<\/p> <p><strong>P\u00c1LY\u00c1ZATOK:<\/strong><\/p> <table style=\"width: 602px;\" border=\"0\" cellspacing=\"0\" cellpadding=\"0\"> <tbody> <tr> <td style=\"height: 63px; width: 128px;\"><strong>T\u00e1mogat\u00f3 szervezet \/forr\u00e1s megnevez\u00e9se<\/strong><\/td> <td style=\"height: 63px; width: 346px;\"><strong>P\u00e1ly\u00e1zati projekt c\u00edme \u00e9s t\u00e9m\u00e1ja <\/strong><\/td> <td style=\"height: 63px; width: 128px;\"><strong>T\u00e1mogat\u00e1s \u00f6sszege (Ft-ban)<\/strong><\/td> <\/tr> <tr> <td style=\"height: 63px; width: 128px;\"> <p>EMMI Kutat\u00f3kar<\/p> <p>\u00daj kutat\u00e1si t\u00e9ma<\/td> <td style=\"height: 63px; width: 346px;\">Atipikus sert\u00e9s-pestiv\u00edrus kimutat\u00e1sa, elterjedts\u00e9g\u00e9nek felt\u00e9rk\u00e9pez\u00e9se \u00e9s genetikai jellemz\u00e9se Magyarorsz\u00e1gon (2016)<\/td> <td style=\"height: 63px; width: 128px;\">\u00a02.000.000<\/td> <\/tr> <tr> <td style=\"height: 42px; width: 128px;\">NKFI<\/td> <td style=\"height: 42px; width: 346px;\">Magyarorsz\u00e1gi PRRSV t\u00f6rzsek genetikai v\u00e1ltoz\u00e1sainak vizsg\u00e1lata t\u00e9rben \u00e9s id\u0151ben \u00e9s az RfRp hat\u00e1sa a v\u00edrus evol\u00faci\u00f3j\u00e1ra<\/td> <td style=\"height: 42px; width: 128px;\">\u00a0t\u00e1rskutat\u00e1s<\/td> <\/tr> <tr> <td style=\"height: 21px; width: 128px;\">NKFI<\/td> <td style=\"height: 21px; width: 346px;\">L\u00e1tens <em>Mycobacterium tuberculosis<\/em> fert\u0151z\u00f6tts\u00e9g kimutat\u00e1sa \u00e9s antituberkulotikus hat\u00e1s\u00fa vegy\u00fcletek gazdasejt specifikus c\u00e9lbajuttat\u00e1sa<\/td> <td style=\"height: 21px; width: 128px;\">\u00a0t\u00e1rskutat\u00e1s<\/td> <\/tr> <\/tbody> <\/table> <p>&nbsp;<\/p> <p><strong>MEGB\u00cdZ\u00c1SOK: <\/strong><\/p> <p>PRRSV-t\u00f6rzsek ORF5 szekvenciameghat\u00e1roz\u00e1sa \u00e9s \u00f6sszehasonl\u00edt\u00f3 genetikai vizsg\u00e1lata<\/p> <p>&nbsp;<\/p> <p>&nbsp;<\/p>","protected":false},"excerpt":{"rendered":"<p>KUTAT\u00d3CSOPORT-VEZET\u0150: Dr. Balka Gyula EL\u00c9RHET\u0150S\u00c9G: [Kattintson az emailc\u00edmhez] A KUTAT\u00d3CSOPORTBAN DOLGOZ\u00d3K SZ\u00c1MA: Egyetemi docens: Dr. Balka Gyula Tansz\u00e9ki munkat\u00e1rs: Lefler G\u00e1born\u00e9 PhD hallgat\u00f3: D\u00e9nes Lilla Egyetemi tan\u00e1rseg\u00e9d: Dr. Szilasi Anna Asszisztens: Sch\u00f6nhardt Kitti &nbsp; KUTAT\u00c1SI TER\u00dcLETEK: H\u00e1zi\u00e1llatok (sert\u00e9s, baromfi, h\u00fasev\u0151k) v\u00edrusos megbeteged\u00e9sei SZAKMAI SZERVEZETI TAGS\u00c1G: European Association of Porcine Health Management American Association of Swine<\/p>\n","protected":false},"author":1,"featured_media":0,"parent":870,"menu_order":228,"comment_status":"closed","ping_status":"closed","template":"","meta":{"_acf_changed":false,"footnotes":""},"categories":[],"tags":[],"class_list":["post-934","page","type-page","status-publish","hentry"],"acf":[],"_links":{"self":[{"href":"https:\/\/univet.hu\/hu\/wp-json\/wp\/v2\/pages\/934","targetHints":{"allow":["GET"]}}],"collection":[{"href":"https:\/\/univet.hu\/hu\/wp-json\/wp\/v2\/pages"}],"about":[{"href":"https:\/\/univet.hu\/hu\/wp-json\/wp\/v2\/types\/page"}],"author":[{"embeddable":true,"href":"https:\/\/univet.hu\/hu\/wp-json\/wp\/v2\/users\/1"}],"replies":[{"embeddable":true,"href":"https:\/\/univet.hu\/hu\/wp-json\/wp\/v2\/comments?post=934"}],"version-history":[{"count":0,"href":"https:\/\/univet.hu\/hu\/wp-json\/wp\/v2\/pages\/934\/revisions"}],"up":[{"embeddable":true,"href":"https:\/\/univet.hu\/hu\/wp-json\/wp\/v2\/pages\/870"}],"wp:attachment":[{"href":"https:\/\/univet.hu\/hu\/wp-json\/wp\/v2\/media?parent=934"}],"wp:term":[{"taxonomy":"category","embeddable":true,"href":"https:\/\/univet.hu\/hu\/wp-json\/wp\/v2\/categories?post=934"},{"taxonomy":"post_tag","embeddable":true,"href":"https:\/\/univet.hu\/hu\/wp-json\/wp\/v2\/tags?post=934"}],"curies":[{"name":"wp","href":"https:\/\/api.w.org\/{rel}","templated":true}]}}