{"id":93516,"date":"2023-09-14T11:50:00","date_gmt":"2023-09-14T09:50:00","guid":{"rendered":"https:\/\/univet.hu\/?page_id=93516"},"modified":"2026-03-30T13:01:09","modified_gmt":"2026-03-30T11:01:09","slug":"mcdonald-grant","status":"publish","type":"page","link":"https:\/\/univet.hu\/hu\/egyetem\/munkatarsak\/mcdonald-grant\/","title":{"rendered":"McDonald Grant C."},"content":{"rendered":"<p><strong>Bemutatkoz\u00e1s<\/strong><\/p> <p>Grant C. McDonald vagyok, \u00e9s evol\u00faci\u00f3\u00f6kol\u00f3gusk\u00e9nt azt kutatom, hogy az \u00e1llati t\u00e1rsadalmak szoci\u00e1lis fel\u00e9p\u00edt\u00e9se hogyan szab\u00e1lyozza a h\u00edm \u00e9s n\u0151st\u00e9ny szaporod\u00e1si strat\u00e9gi\u00e1kat. PhD fokozatomat az University of Oxfordon szereztem, ahol a szoci\u00e1lis \u00e9s szexu\u00e1lis h\u00e1lozatok szexu\u00e1lis szelekci\u00f3ra \u00e9s nemi konfliktusokra gyakorolt hat\u00e1saib\u00f3l doktor\u00e1ltam. Jelenleg szoci\u00e1lis viselked\u00e9s \u00e9s \u00f6kol\u00f3giai v\u00e1ltozatoss\u00e1g hat\u00e1s\u00e1t vizsg\u00e1lom vizimadarak p\u00e1rz\u00f3 \u00e9s ut\u00f3dgondoz\u00f3 rendszereire.<\/p> <p>&nbsp;<\/p> <p><strong>F\u0151bb kutat\u00e1si ter\u00fcletek<\/strong><\/p> <ul> <li>Szexu\u00e1lis szelekci\u00f3<\/li> <li>Szexu\u00e1lis konfliktusok<\/li> <li>P\u00e1rz\u00f3rendszerek evol\u00faci\u00f3ja<\/li> <li>Szocialit\u00e1s<\/li> <li>Szexu\u00e1lis \u00e9s szoci\u00e1lis h\u00e1l\u00f3zatok<\/li> <\/ul> <p>&nbsp;<\/p> <p><strong>El\u0151rehalad\u00e1s<\/strong><br \/> 2024- \u00a0\u00a0\u00a0\u00a0\u00a0\u00a0Egyetemi docens, \u00c1llatorvostudom\u00e1nyi egyetem, Zool\u00f3giai tansz\u00e9k<\/p> <p>2020-2023\u00a0\u00a0\u00a0\u00a0\u00a0\u00a0Tudom\u00e1nyos munkat\u00e1rs,\u00a0&#8222;OTKA&#8221; fiatal kutat\u00f3i kiv\u00e1l\u00f3s\u00e1gi program\u00a0\u00c1llatorvostudom\u00e1nyi egyetem, \u00d6kol\u00f3giai tansz\u00e9k<\/p> <p>2019-2020\u00a0\u00a0\u00a0\u00a0\u00a0\u00a0 Posztdoktor kutat\u00f3, \u00c1llatorvostudom\u00e1nyi egyetem, \u00d6kol\u00f3giai tansz\u00e9k<\/p> <p>2017- 2019\u00a0\u00a0\u00a0\u00a0\u00a0\u00a0 \u00d3raad\u00f3 oktat\u00f3, Keble College, University of Oxford<\/p> <p>2016- 2017\u00a0 \u00a0 \u00a0 \u00d3raad\u00f3 oktat\u00f3, St. Catherine\u2019s College, University of Oxford<\/p> <p>2014-2019\u00a0\u00a0\u00a0\u00a0\u00a0\u00a0 Posztdoktor kutat\u00f3, Dept of Zoology, University of Oxford<\/p> <p>2010-2015\u00a0\u00a0\u00a0\u00a0\u00a0\u00a0 University of Oxford, Doctor of Philosophy in Zoology<\/p> <p>2008-2009\u00a0\u00a0\u00a0\u00a0\u00a0\u00a0 Imperial College London, Master of Science in Ecology, Evolution &amp; Conservation<\/p> <p>2002-2006\u00a0\u00a0\u00a0\u00a0\u00a0\u00a0 University of Glasgow, Bachelor of Science in Zoology with Honours,<\/p> <p>&nbsp;<\/p> <p><strong>Publik\u00e1ci\u00f3s lista <\/strong><a href=\"https:\/\/m2.mtmt.hu\/gui2\/?type=authors&amp;mode=browse&amp;sel=10068618\"><strong>MTMT<\/strong><\/a> | <a href=\"https:\/\/scholar.google.co.uk\/citations?user=iloxTQsAAAAJ&amp;hl=en\"><strong>Google Scholar<\/strong><\/a> | <a href=\"https:\/\/orcid.org\/0000-0002-2864-9608\"><strong>ORCID<\/strong><\/a><\/p> <p><strong>*(joint first author)<\/strong><\/p> <ol> <li><strong>McDonald*, G.C.<\/strong>, \u00c1. Bede-Fazekas<strong>*<\/strong>, A. Ivanov, L. Crecco, T. Sz\u00e9kely and A. Kosztol\u00e1nyi (2022) Landscape and climatic predictors of Kentish plover (<em>Charadrius alexandrinus<\/em>) distributions throughout Kazakhstan.\u00a0<strong><em>IBIS<\/em>.<\/strong><\/li> <li>Roth, A.M., N. Dingemanse, S. Nakagawa, <strong>G.C. McDonald<\/strong>, H. L\u00f8vlie, D. Robledo-Ruiz, and T. Pizzari (2021) Sexual selection and personality: individual and group-level effects on mating behaviour in red junglefowl.\u00a0<strong><em>J. Anim. Ecol.<\/em><\/strong>\u00a090:1288-1306.<\/li> <li>Carleial<strong>*<\/strong>, R., <strong>G.C. McDonald*<\/strong>, L.G. Spurgin, E.A. Fairfield, Y. Wang, D.S. Richardson and T. Pizzari (2020) Temporal dynamics of competitive fertilisation in social groups of red junglefowl (<em>Gallus gallus<\/em>) shed new light on avian sperm competition<em>.<\/em>\u00a0<strong><em>Philos. Trans. R. Soc. B Biol. Sci.<\/em><\/strong>\u00a0375:20200081.<\/li> <li>Halimubieke, N., K. Kup\u00e1n, J.O. Valdebenito, [\u2026] <strong>G.C. McDonald<\/strong>, Y. Liu, A. Kosztol\u00e1nyi and T. Sz\u00e9kely (2020) Successful breeding predicts divorce in plovers.\u00a0<strong><em>Sci. Rep.<\/em><\/strong>\u00a010:15576.<\/li> <li><strong>McDonald, G.C.<\/strong>, N. Engel, S.S. Rat\u00e3o, T. Sz\u00e9kely and A. Kosztol\u00e1nyi (2020) The impact of social structure on breeding strategies in an island bird.\u00a0<strong><em>Rep.<\/em><\/strong>\u00a010:1387210.<\/li> <li><strong>McDonald, G.C.<\/strong>, L.G. Spurgin, E.A. Fairfield, D.S. Richardson and T. Pizzari (2019) Differential female sociality is linked with the fine-scale structure of sexual interactions in replicate groups of red junglefowl,\u00a0<em>Gallus gallus.<\/em>\u00a0<strong><em>R. Soc. B Biol. Sci.<\/em><\/strong>\u00a0286:20191734.<\/li> <li>Carleial<strong>*<\/strong>, R.,\u00a0<strong>G.C. McDonald*<\/strong>\u00a0and T. Pizzari (2019) Dynamic phenotypic correlates of social status and mating effort in male and female red junglefowl,\u00a0<em>Gallus gallus.<\/em>\u00a0<strong><em>J. Evol. Biol.<\/em><\/strong>\u00a033:22-40.<\/li> <li>Alvarez-Fernandez<strong>*<\/strong>, A., K. Borziak<strong>*<\/strong>,\u00a0<strong>G.C. McDonald<\/strong>, S. Dorus and T. Pizzari (2019) Female novelty and male status dynamically modulate ejaculate expenditure and seminal fluid proteome over successive matings in red junglefowl.\u00a0<strong><em>Sci. Rep.\u00a0<\/em><\/strong>9:5852.<\/li> <li><strong>McDonald, G.C.<\/strong>, A. Gardner and T. Pizzari (2019) Sexual selection in complex communities: integrating interspecific reproductive interference in structured populations. 73:1025-1036.<\/li> <li>Pizzari, T. and <strong>G.C. McDonald<\/strong>\u00a0(2019) Sexual selection in socially-structured, polyandrous populations: some insights from the fowl.\u00a0<strong><em>Adv. Study Behav.<\/em><\/strong>\u00a051:77-141.<\/li> <li>Morimoto, J., <strong>G.C. McDonald<\/strong>, E. Smith, D. Smith, J. Perry, T. Chapman, T. Pizzari and S. Wigby (2019) Sex peptide receptor-regulated polyandry modulates the balance of pre- and post-copulatory sexual selection in Drosophila.\u00a0<strong><em>Nat. Commun.<\/em><\/strong>\u00a010:283.<\/li> <li><strong>McDonald, G.C.<\/strong>\u00a0and T. Pizzari (2018) Structure of sexual networks determines the operation of sexual selection.\u00a0<strong><em>Natl Acad. Sci. U. S. A.<\/em><\/strong>\u00a0115:E53-E61.<\/li> <li><strong>McDonald, G.C.<\/strong>, D.R. Farine, K.R. Foster and J.M. Biernaskie (2017) Assortment and the analysis of natural selection on social traits. 71:2693\u20132702.<\/li> <li><strong>McDonald, G.C.<\/strong>, L.G. Spurgin, E.A. Fairfield, D.R. Richardson and T. Pizzari (2017) Pre- and postcopulatory sexual selection favour aggressive, young males in polyandrous groups of red junglefowl. 71:1653\u20131669.<\/li> <li>Miller, C.W., <strong>G.C. McDonald<\/strong>, and A.J. Moore (2016) The tale of the shrinking weapon: seasonal changes in nutrition affect weapon size and sexual dimorphism, but not contemporary evolution.\u00a0<strong><em>J. Evol. Biol.<\/em><\/strong>\u00a029:2266\u20132275.<\/li> <li><strong>McDonald, G.C.<\/strong>\u00a0and T. Pizzari (2016) 162. Sexual networks.\u00a0<strong><em>Encyclopedia of Evolutionary Biology.<\/em><\/strong><\/li> <li><strong>McDonald, G.C.<\/strong>\u00a0and T. Pizzari (2016) Why patterns of assortative mating are key to study sexual selection and how to measure them.\u00a0<strong><em>Ecol. Sociobiol.<\/em><\/strong>\u00a070:209\u2013220.<\/li> <li><strong>McDonald, G.C.<\/strong>\u00a0and T. Pizzari (2015) Mating behaviour: sexual networks and sexual selection. Pp. 24\u201337\u00a0<em>in<\/em>\u00a0<strong><em>Animal social networks: Perspectives and challenges<\/em><\/strong>. Oxford University Press, Oxford.<\/li> <li><strong>McDonald, G.C.<\/strong>, R. James, J. Krause and T. Pizzari (2013) Sexual networks: measuring sexual selection in structured, polyandrous populations.\u00a0<strong><em>Trans. R. Soc. B Biol. Sci.<\/em><\/strong>\u00a0368:20120356.<\/li> <\/ol>","protected":false},"excerpt":{"rendered":"<p>Bemutatkoz\u00e1s Grant C. McDonald vagyok, \u00e9s evol\u00faci\u00f3\u00f6kol\u00f3gusk\u00e9nt azt kutatom, hogy az \u00e1llati t\u00e1rsadalmak szoci\u00e1lis fel\u00e9p\u00edt\u00e9se hogyan szab\u00e1lyozza a h\u00edm \u00e9s n\u0151st\u00e9ny szaporod\u00e1si strat\u00e9gi\u00e1kat. PhD fokozatomat az University of Oxfordon szereztem, ahol a szoci\u00e1lis \u00e9s szexu\u00e1lis h\u00e1lozatok szexu\u00e1lis szelekci\u00f3ra \u00e9s nemi konfliktusokra gyakorolt hat\u00e1saib\u00f3l doktor\u00e1ltam. Jelenleg szoci\u00e1lis viselked\u00e9s \u00e9s \u00f6kol\u00f3giai v\u00e1ltozatoss\u00e1g hat\u00e1s\u00e1t vizsg\u00e1lom vizimadarak p\u00e1rz\u00f3 \u00e9s<\/p>\n","protected":false},"author":5824,"featured_media":0,"parent":858,"menu_order":207,"comment_status":"closed","ping_status":"closed","template":"","meta":{"_acf_changed":false,"footnotes":""},"categories":[56],"tags":[],"class_list":["post-93516","page","type-page","status-publish","hentry","category-munkatarsak"],"acf":[],"_links":{"self":[{"href":"https:\/\/univet.hu\/hu\/wp-json\/wp\/v2\/pages\/93516","targetHints":{"allow":["GET"]}}],"collection":[{"href":"https:\/\/univet.hu\/hu\/wp-json\/wp\/v2\/pages"}],"about":[{"href":"https:\/\/univet.hu\/hu\/wp-json\/wp\/v2\/types\/page"}],"author":[{"embeddable":true,"href":"https:\/\/univet.hu\/hu\/wp-json\/wp\/v2\/users\/5824"}],"replies":[{"embeddable":true,"href":"https:\/\/univet.hu\/hu\/wp-json\/wp\/v2\/comments?post=93516"}],"version-history":[{"count":1,"href":"https:\/\/univet.hu\/hu\/wp-json\/wp\/v2\/pages\/93516\/revisions"}],"predecessor-version":[{"id":199519,"href":"https:\/\/univet.hu\/hu\/wp-json\/wp\/v2\/pages\/93516\/revisions\/199519"}],"up":[{"embeddable":true,"href":"https:\/\/univet.hu\/hu\/wp-json\/wp\/v2\/pages\/858"}],"wp:attachment":[{"href":"https:\/\/univet.hu\/hu\/wp-json\/wp\/v2\/media?parent=93516"}],"wp:term":[{"taxonomy":"category","embeddable":true,"href":"https:\/\/univet.hu\/hu\/wp-json\/wp\/v2\/categories?post=93516"},{"taxonomy":"post_tag","embeddable":true,"href":"https:\/\/univet.hu\/hu\/wp-json\/wp\/v2\/tags?post=93516"}],"curies":[{"name":"wp","href":"https:\/\/api.w.org\/{rel}","templated":true}]}}