{"id":936,"date":"2017-06-27T14:21:00","date_gmt":"2017-06-27T12:21:00","guid":{"rendered":"http:\/\/univet.hu\/egyetem\/kutatas\/kutatocsoportok\/molekularis-farmakologiai-es-toxikologiai-kutatocsoport\/"},"modified":"2018-02-22T09:44:42","modified_gmt":"2018-02-22T08:44:42","slug":"molekularis-farmakologiai-es-toxikologiai-kutatocsoport","status":"publish","type":"page","link":"https:\/\/univet.hu\/hu\/kutatas\/kutatocsoportok\/molekularis-farmakologiai-es-toxikologiai-kutatocsoport\/","title":{"rendered":"Molekul\u00e1ris Farmakol\u00f3giai \u00e9s Toxikol\u00f3giai Kutat\u00f3csoport"},"content":{"rendered":"<p><strong>KUTAT&Oacute;CSOPORT-VEZET\u0150:<\/strong> Dr. G&aacute;lfi P&eacute;ter, egyetemi tan&aacute;r, az MTA Doktora<\/p> <p><strong>EL&Eacute;RHET\u0150S&Eacute;G:<\/strong> <a class=\"decrypt\" rel=\"&31Hbmgj\/QfufsAvojwfu\/iv\" href=\"javascript:void(0);\">[Kattintson az emailc\u00edmhez]<\/a><\/p> <p><strong>A KUTAT&Oacute;CSOPORTBAN DOLGOZ&Oacute;K SZ&Aacute;MA:<\/strong><\/p> <p>Egyetemi tan&aacute;r: Dr. G&aacute;lfi P&eacute;ter<\/p> <p>Egyetemi docens: Dr. Csik&oacute; Gy&ouml;rgy<\/p> <p>Tudom&aacute;nyos munkat&aacute;rs: Dr. Farkas Orsolya<\/p> <p>Asszisztens: 1 f\u0151<\/p> <p>PhD hallgat&oacute;: Dr. Karancsi Zita<\/p> <p>&nbsp;<\/p> <p><strong>KUTAT&Aacute;SI TER&Uuml;LETEK:<\/strong><\/p> <p>Gy&oacute;gyszer&eacute;szeti tudom&aacute;nyok, Klinikai gy&oacute;gyszertan, Gy&oacute;gyszerk&eacute;mia, Takarm&aacute;nyadal&eacute;kok, &Aacute;llatorvosi gy&oacute;gyszertan, Gy&oacute;gyszertoxicit&aacute;s, Oxidat&iacute;v stressz megel\u0151z&eacute;se, Hozamfokoz&aacute;s<\/p> <p><strong>SZAKMAI SZERVEZETI TAGS&Aacute;G:<\/strong><\/p> <p>Magyar Mikrobiol&oacute;giai T&aacute;rsas&aacute;g<\/p> <p>Magyar Szabadgy&ouml;k-kutat&oacute; T&aacute;rsas&aacute;g<\/p> <p>Magyar &Aacute;llatorvosi Kamara<\/p> <p>Labor&aacute;llat-tudom&aacute;nyi T&aacute;rsas&aacute;g<\/p> <p>European Association for Veterinary Pharmacology and Toxicology<\/p> <p>European Society of Veterinary Dermatology<\/p> <p><strong>HOSSZ&Uacute;T&Aacute;V&Uacute; EGY&Uuml;TTM\u0170K&Ouml;D&Eacute;SEK:<\/strong><\/p> <p>MTA Term&eacute;szettudom&aacute;nyi Kutat&oacute;k&ouml;zpont<\/p> <p>Analkrom Kft.<\/p> <p>University of Innsbruck (Ausztria)<\/p> <p>NorelAnimalNutrition (Spanyolorsz&aacute;g)<\/p> <p>Alpha-Vet &Aacute;llatgy&oacute;gy&aacute;szati Kft.<\/p> <p>TolnAgro &Aacute;llatgy&oacute;gy&aacute;szati Kft.<\/p> <p>Nemzeti Agr&aacute;rkutat&aacute;si &eacute;s Innov&aacute;ci&oacute;s K&ouml;zpont, &Eacute;lelmiszer-tudom&aacute;nyi Kutat&oacute;int&eacute;zet<\/p> <p>&nbsp;<\/p> <p><strong>IG&Eacute;NYELHET\u0150 SZOLG&Aacute;LTAT&Aacute;SOK:<\/strong><\/p> <p>oxidat&iacute;v stressz &eacute;s b&eacute;lgyullad&aacute;s modellez&eacute;se inzerten szapor&iacute;tott sert&eacute;sjejunum sejteken, hat&oacute;anyagok oxidat&iacute;v stressz ellenes illetve gyullad&aacute;scs&ouml;kkent\u0151 hat&aacute;s&aacute;nak tesztel&eacute;se (g&eacute;nexpresszi&oacute;s vizsg&aacute;latok, feh&eacute;rje meghat&aacute;roz&aacute;s)<\/p> <p>citotoxicit&aacute;si vizsg&aacute;latok<\/p> <p>membr&aacute;n permeabilit&aacute;s m&eacute;r&eacute;sek inzerten szapor&iacute;tott sert&eacute;sjejunum sejtek &aacute;tereszt\u0151k&eacute;pess&eacute;g&eacute;nek vizsg&aacute;lat&aacute;val<\/p> <p>&nbsp;<\/p> <p><strong>P&Aacute;LY&Aacute;ZATOK:<\/strong><\/p> <table border=\"0\" cellpadding=\"0\" cellspacing=\"0\" style=\"width:602px\"> <tbody> <tr> <td style=\"height:63px; width:128px\"> <p><strong>T&aacute;mogat&oacute; szervezet \/forr&aacute;s megnevez&eacute;se<\/strong><\/p> <\/td> <td style=\"height:63px; width:346px\"> <p><strong>P&aacute;ly&aacute;zati projekt c&iacute;me &eacute;s t&eacute;m&aacute;ja <\/strong><\/p> <\/td> <td style=\"height:63px; width:128px\"> <p><strong>T&aacute;mogat&aacute;s &ouml;sszege (Ft-ban)<\/strong><\/p> <\/td> <\/tr> <tr> <td style=\"height:63px; width:128px\"> <p>OTKA 49756<\/p> <\/td> <td style=\"height:63px; width:346px\"> <p>Szab&aacute;lyoz&aacute;si mechanizmusok az &aacute;llatorvosi alapkutat&aacute;sban: a molekul&aacute;t&oacute;l a szervrendszerekig<\/p> <\/td> <td style=\"height:63px; width:128px\"> <p>59.800.000<\/p> <\/td> <\/tr> <tr> <td style=\"height:42px; width:128px\"> <p>OTKA 76133<\/p> <\/td> <td style=\"height:42px; width:346px\"> <p>A b&eacute;lh&aacute;msejtek oxidat&iacute;v stressz okozta gyullad&aacute;s&aacute;nak g&aacute;tl&aacute;sa probiotikus tejsavbakt&eacute;riumokkal: hat&aacute;smechanizmus &eacute;s alkalmazhat&oacute;s&aacute;g antibiotikum-helyettes&iacute;t\u0151 hozamfokoz&aacute;sra v&aacute;laszt&aacute;si malacokon<\/p> <\/td> <td style=\"height:42px; width:128px\"> <p>11.986.000<\/p> <\/td> <\/tr> <tr> <td style=\"height:21px; width:128px\"> <p>OTKA 100701<\/p> <\/td> <td style=\"height:21px; width:346px\"> <p>A xenobiotikum anyagcsere oxidat&iacute;v stressz okozta megv&aacute;ltoz&aacute;s&aacute;nak megel\u0151z&eacute;se sert&eacute;s b&eacute;l- &eacute;s m&aacute;jsejt ko-kult&uacute;ra modellen<\/p> <\/td> <td style=\"height:21px; width:128px\"> <p>17.796.000<\/p> <\/td> <\/tr> <\/tbody> <\/table> <p>&nbsp;<\/p> <p><strong>MEGB&Iacute;Z&Aacute;SOK:<\/strong><\/p> <p>A Na-butir&aacute;t &eacute;s a B. amyloliquefaciens antibakteri&aacute;lis &eacute;s immunstimul&aacute;ns hat&aacute;sa C. perfringens A-val fert\u0151z&ouml;tt k&iacute;s&eacute;rletes modellen Norel&amp;Nature S.A. (Spanyolorsz&aacute;g)<\/p> <p>K&uuml;l&ouml;nb&ouml;z\u0151 szerves savak &eacute;s probiotikumok biocid hat&aacute;s&aacute;nak vizsg&aacute;lata Norel&amp;Nature S.A. (Spanyolorsz&aacute;g)<\/p> <p>Az enrofloxacin &eacute;s colistin kombin&aacute;ci&oacute;j&aacute;nak vizsg&aacute;lata Escherichia coli &eacute;s egyes Salmonella t&ouml;rzsek anitibiotikum-&eacute;rz&eacute;kenys&eacute;g&eacute;re illetve a gy&oacute;gyszer-rezisztencia kifejl\u0151d&eacute;s&eacute;re. (Ceva-Phylaxia Olt&oacute;anyagtermel\u0151 Zrt.)<\/p> <p><img decoding=\"async\" alt=\"\" src=\"https:\/\/univet.hu\/files\/subpages\/348\/images\/molekularis_farmakologia.jpg\" data-replaced=\"true\" style=\"height:512px; width:518px\" \/><\/p> <p>&nbsp;<\/p> <p>&nbsp;<\/p>","protected":false},"excerpt":{"rendered":"<p>KUTAT&Oacute;CSOPORT-VEZET\u0150: Dr. G&aacute;lfi P&eacute;ter, egyetemi tan&aacute;r, az MTA Doktora EL&Eacute;RHET\u0150S&Eacute;G: [Kattintson az emailc\u00edmhez] A KUTAT&Oacute;CSOPORTBAN DOLGOZ&Oacute;K SZ&Aacute;MA: Egyetemi tan&aacute;r: Dr. G&aacute;lfi P&eacute;ter Egyetemi docens: Dr. Csik&oacute; Gy&ouml;rgy Tudom&aacute;nyos munkat&aacute;rs: Dr. Farkas Orsolya Asszisztens: 1 f\u0151 PhD hallgat&oacute;: Dr. Karancsi Zita &nbsp; KUTAT&Aacute;SI TER&Uuml;LETEK: Gy&oacute;gyszer&eacute;szeti tudom&aacute;nyok, Klinikai gy&oacute;gyszertan, Gy&oacute;gyszerk&eacute;mia, Takarm&aacute;nyadal&eacute;kok, &Aacute;llatorvosi gy&oacute;gyszertan, Gy&oacute;gyszertoxicit&aacute;s, Oxidat&iacute;v stressz megel\u0151z&eacute;se,<\/p>\n","protected":false},"author":1,"featured_media":0,"parent":870,"menu_order":228,"comment_status":"closed","ping_status":"closed","template":"","meta":{"_acf_changed":false,"footnotes":""},"categories":[],"tags":[],"class_list":["post-936","page","type-page","status-publish","hentry"],"acf":[],"_links":{"self":[{"href":"https:\/\/univet.hu\/hu\/wp-json\/wp\/v2\/pages\/936","targetHints":{"allow":["GET"]}}],"collection":[{"href":"https:\/\/univet.hu\/hu\/wp-json\/wp\/v2\/pages"}],"about":[{"href":"https:\/\/univet.hu\/hu\/wp-json\/wp\/v2\/types\/page"}],"author":[{"embeddable":true,"href":"https:\/\/univet.hu\/hu\/wp-json\/wp\/v2\/users\/1"}],"replies":[{"embeddable":true,"href":"https:\/\/univet.hu\/hu\/wp-json\/wp\/v2\/comments?post=936"}],"version-history":[{"count":0,"href":"https:\/\/univet.hu\/hu\/wp-json\/wp\/v2\/pages\/936\/revisions"}],"up":[{"embeddable":true,"href":"https:\/\/univet.hu\/hu\/wp-json\/wp\/v2\/pages\/870"}],"wp:attachment":[{"href":"https:\/\/univet.hu\/hu\/wp-json\/wp\/v2\/media?parent=936"}],"wp:term":[{"taxonomy":"category","embeddable":true,"href":"https:\/\/univet.hu\/hu\/wp-json\/wp\/v2\/categories?post=936"},{"taxonomy":"post_tag","embeddable":true,"href":"https:\/\/univet.hu\/hu\/wp-json\/wp\/v2\/tags?post=936"}],"curies":[{"name":"wp","href":"https:\/\/api.w.org\/{rel}","templated":true}]}}