{"id":93766,"date":"2023-09-15T09:25:31","date_gmt":"2023-09-15T07:25:31","guid":{"rendered":"https:\/\/univet.hu\/?page_id=93766"},"modified":"2023-10-16T10:18:52","modified_gmt":"2023-10-16T08:18:52","slug":"oktatoi-munka-hallgatoi-velemenyezese","status":"publish","type":"page","link":"https:\/\/univet.hu\/hu\/oktatas\/tanulmanyi-osztaly\/oktatoi-munka-hallgatoi-velemenyezese\/","title":{"rendered":"Oktat\u00f3i munka hallgat\u00f3i v\u00e9lem\u00e9nyez\u00e9se"},"content":{"rendered":"<p><a href=\"https:\/\/univet.hu\/wp-content\/uploads\/2023\/09\/OMHV_20230915.pdf\">Ki\u00e9rt\u00e9kel\u00e9s 2023.09.15<\/a><\/p> <p><a href=\"https:\/\/univet.hu\/wp-content\/uploads\/2023\/10\/\u00e9rt\u00e9kel\u00e9s2022-23-1.pdf\">Ki\u00e9rt\u00e9kel\u00e9s 2022\/23\/1-es f\u00e9l\u00e9v<\/a><\/p> <p><a href=\"https:\/\/univet.hu\/wp-content\/uploads\/2023\/10\/\u00e9rt\u00e9kel\u00e9s2022-23-2.pdf\">Ki\u00e9rt\u00e9kel\u00e9s 2022\/23\/2-es f\u00e9l\u00e9v<\/a><\/p>","protected":false},"excerpt":{"rendered":"<p>Ki\u00e9rt\u00e9kel\u00e9s 2023.09.15 Ki\u00e9rt\u00e9kel\u00e9s 2022\/23\/1-es f\u00e9l\u00e9v Ki\u00e9rt\u00e9kel\u00e9s 2022\/23\/2-es f\u00e9l\u00e9v<\/p>\n","protected":false},"author":2961,"featured_media":0,"parent":615,"menu_order":26,"comment_status":"closed","ping_status":"closed","template":"","meta":{"_acf_changed":false,"footnotes":""},"categories":[],"tags":[],"class_list":["post-93766","page","type-page","status-publish","hentry"],"acf":[],"_links":{"self":[{"href":"https:\/\/univet.hu\/hu\/wp-json\/wp\/v2\/pages\/93766","targetHints":{"allow":["GET"]}}],"collection":[{"href":"https:\/\/univet.hu\/hu\/wp-json\/wp\/v2\/pages"}],"about":[{"href":"https:\/\/univet.hu\/hu\/wp-json\/wp\/v2\/types\/page"}],"author":[{"embeddable":true,"href":"https:\/\/univet.hu\/hu\/wp-json\/wp\/v2\/users\/2961"}],"replies":[{"embeddable":true,"href":"https:\/\/univet.hu\/hu\/wp-json\/wp\/v2\/comments?post=93766"}],"version-history":[{"count":0,"href":"https:\/\/univet.hu\/hu\/wp-json\/wp\/v2\/pages\/93766\/revisions"}],"up":[{"embeddable":true,"href":"https:\/\/univet.hu\/hu\/wp-json\/wp\/v2\/pages\/615"}],"wp:attachment":[{"href":"https:\/\/univet.hu\/hu\/wp-json\/wp\/v2\/media?parent=93766"}],"wp:term":[{"taxonomy":"category","embeddable":true,"href":"https:\/\/univet.hu\/hu\/wp-json\/wp\/v2\/categories?post=93766"},{"taxonomy":"post_tag","embeddable":true,"href":"https:\/\/univet.hu\/hu\/wp-json\/wp\/v2\/tags?post=93766"}],"curies":[{"name":"wp","href":"https:\/\/api.w.org\/{rel}","templated":true}]}}