{"id":938,"date":"2017-06-27T14:23:00","date_gmt":"2017-06-27T12:23:00","guid":{"rendered":"http:\/\/univet.hu\/egyetem\/kutatas\/kutatocsoportok\/morfologiai-kutatocsoport\/"},"modified":"2018-10-01T11:28:32","modified_gmt":"2018-10-01T09:28:32","slug":"morfologiai-kutatocsoport","status":"publish","type":"page","link":"https:\/\/univet.hu\/hu\/kutatas\/kutatocsoportok\/morfologiai-kutatocsoport\/","title":{"rendered":"Morfol\u00f3giai Kutat\u00f3csoport"},"content":{"rendered":"<p><strong>KUTAT\u00d3CSOPORT-VEZET\u0150:<\/strong> Dr. M\u00e1ndoki M\u00edra<\/p> <p><strong>EL\u00c9RHET\u0150S\u00c9G:<\/strong>\u00a0<a class=\"decrypt\" rel=\"nboeplj\/njsbAvojwfu\/iv\" href=\"javascript:void(0);\">[Kattintson az emailc\u00edmhez]<\/a><\/p> <p><strong>A KUTAT\u00d3CSOPORT TAGJAI:<\/strong><\/p> <p>Egyetemi docens: Dr. M\u00e1ndoki M\u00edra<\/p> <p>Tansz\u00e9ki munkat\u00e1rs: Dr. Dobra P\u00e9ter<\/p> <p>Tudom\u00e1nyos munkat\u00e1rs: Dr. Erd\u00e9lyi Ildik\u00f3<\/p> <p>Egyetemi tan\u00e1rseg\u00e9d: Dr. Szilasi Anna<\/p> <p>Asszisztens: Pop Ren\u00e1ta,\u00a0Sch\u00f6nhardt Kitti<\/p> <p>PhD hallgat\u00f3: Dr. B\u00f3na M\u00e1rta<\/p> <p><strong>KUTAT\u00c1SI TER\u00dcLETEK:<\/strong><\/p> <p>H\u00e1zi\u00e1llatok makroszk\u00f3pos r\u00e9szletes k\u00f3rbonctana, k\u00f3rsz\u00f6vettana, immun-hisztok\u00e9mi\u00e1ja, elektronmikroszk\u00f3pos vizsg\u00e1latok.<\/p> <p>Prepar\u00e1tumok k\u00e9sz\u00edt\u00e9se a Patol\u00f3giai m\u00fazeum sz\u00e1m\u00e1ra.<\/p> <p>&nbsp;<\/p> <p><strong>SZAKMAI SZERVEZETI TAGS\u00c1G:<\/strong><\/p> <p>Magyar Patol\u00f3gusok t\u00e1rsas\u00e1ga<\/p> <p>Magyar Parazitol\u00f3gusok t\u00e1rsas\u00e1ga<\/p> <p><strong>HOSSZ\u00daT\u00c1V\u00da EGY\u00dcTTM\u0170K\u00d6D\u00c9SEK:<\/strong><\/p> <p>N\u00c9BIH \u00c1DI<\/p> <p>MTA \u00c1llatorvos-tudom\u00e1nyi Kutat\u00f3int\u00e9zete<\/p> <p>NAIK, G\u00f6d\u00f6ll\u0151<\/p> <p>&nbsp;<\/p> <p><strong>IG\u00c9NYELHET\u0150 SZOLG\u00c1LTAT\u00c1SOK:<\/strong><\/p> <p>necropsia, k\u00f3rsz\u00f6vettani \u00e9s elektronmikroszk\u00f3pos diagnosztika, halpatol\u00f3gia, szakv\u00e9lem\u00e9nyek<\/p> <p>&nbsp;<\/p> <p><strong>P\u00c1LY\u00c1ZATOK:<\/strong><\/p> <table style=\"width: 602px;\" border=\"0\" cellspacing=\"0\" cellpadding=\"0\"> <tbody> <tr> <td style=\"height: 63px; width: 128px;\"><strong>T\u00e1mogat\u00f3 szervezet \/forr\u00e1s megnevez\u00e9se<\/strong><\/td> <td style=\"height: 63px; width: 346px;\"><strong>P\u00e1ly\u00e1zati projekt c\u00edme \u00e9s t\u00e9m\u00e1ja <\/strong><\/td> <td style=\"height: 63px; width: 128px;\"><strong>T\u00e1mogat\u00e1s \u00f6sszege (Ft-ban)<\/strong><\/td> <\/tr> <tr> <td style=\"height: 63px; width: 128px;\"><\/td> <td style=\"height: 63px; width: 346px;\">Alacsony patogenit\u00e1s\u00fa mad\u00e1rinfluenza t\u00f6rzsek vizsg\u00e1lata (PhD \u2013 Dr. B\u00f3na M\u00e1rta)<\/td> <td style=\"height: 63px; width: 128px;\">\u00a0500.000<\/td> <\/tr> <tr> <td style=\"height: 42px; width: 128px;\"> <p>EMMI Kutat\u00f3kar<\/p> <p>\u00daj kutat\u00e1si t\u00e9ma<\/td> <td style=\"height: 42px; width: 346px;\">Lovak \u00fan. f\u0171betegs\u00e9g\u00e9nek k\u00f3rsz\u00f6vettani \u00e9s elektronmikroszk\u00f3pos vizsg\u00e1lata (2016)<\/td> <td style=\"height: 42px; width: 128px;\">\u00a01.400.000<\/td> <\/tr> <\/tbody> <\/table> <p><strong>MEGB\u00cdZ\u00c1SOK:<\/strong><\/p> <p>\u201eKoi sleepy disease\u201d mint\u00e1k (kopolty\u00fak) gy\u0171jt\u00e9se a TiHo (Hannover) halk\u00f3rtani kutat\u00f3csoportja sz\u00e1m\u00e1ra.<\/p> <p>&nbsp;<\/p> <p>&nbsp;<\/p>","protected":false},"excerpt":{"rendered":"<p>KUTAT\u00d3CSOPORT-VEZET\u0150: Dr. M\u00e1ndoki M\u00edra EL\u00c9RHET\u0150S\u00c9G:\u00a0[Kattintson az emailc\u00edmhez] A KUTAT\u00d3CSOPORT TAGJAI: Egyetemi docens: Dr. M\u00e1ndoki M\u00edra Tansz\u00e9ki munkat\u00e1rs: Dr. Dobra P\u00e9ter Tudom\u00e1nyos munkat\u00e1rs: Dr. Erd\u00e9lyi Ildik\u00f3 Egyetemi tan\u00e1rseg\u00e9d: Dr. Szilasi Anna Asszisztens: Pop Ren\u00e1ta,\u00a0Sch\u00f6nhardt Kitti PhD hallgat\u00f3: Dr. B\u00f3na M\u00e1rta KUTAT\u00c1SI TER\u00dcLETEK: H\u00e1zi\u00e1llatok makroszk\u00f3pos r\u00e9szletes k\u00f3rbonctana, k\u00f3rsz\u00f6vettana, immun-hisztok\u00e9mi\u00e1ja, elektronmikroszk\u00f3pos vizsg\u00e1latok. Prepar\u00e1tumok k\u00e9sz\u00edt\u00e9se a Patol\u00f3giai m\u00fazeum sz\u00e1m\u00e1ra.<\/p>\n","protected":false},"author":1,"featured_media":0,"parent":870,"menu_order":228,"comment_status":"closed","ping_status":"closed","template":"","meta":{"_acf_changed":false,"footnotes":""},"categories":[],"tags":[],"class_list":["post-938","page","type-page","status-publish","hentry"],"acf":[],"_links":{"self":[{"href":"https:\/\/univet.hu\/hu\/wp-json\/wp\/v2\/pages\/938","targetHints":{"allow":["GET"]}}],"collection":[{"href":"https:\/\/univet.hu\/hu\/wp-json\/wp\/v2\/pages"}],"about":[{"href":"https:\/\/univet.hu\/hu\/wp-json\/wp\/v2\/types\/page"}],"author":[{"embeddable":true,"href":"https:\/\/univet.hu\/hu\/wp-json\/wp\/v2\/users\/1"}],"replies":[{"embeddable":true,"href":"https:\/\/univet.hu\/hu\/wp-json\/wp\/v2\/comments?post=938"}],"version-history":[{"count":0,"href":"https:\/\/univet.hu\/hu\/wp-json\/wp\/v2\/pages\/938\/revisions"}],"up":[{"embeddable":true,"href":"https:\/\/univet.hu\/hu\/wp-json\/wp\/v2\/pages\/870"}],"wp:attachment":[{"href":"https:\/\/univet.hu\/hu\/wp-json\/wp\/v2\/media?parent=938"}],"wp:term":[{"taxonomy":"category","embeddable":true,"href":"https:\/\/univet.hu\/hu\/wp-json\/wp\/v2\/categories?post=938"},{"taxonomy":"post_tag","embeddable":true,"href":"https:\/\/univet.hu\/hu\/wp-json\/wp\/v2\/tags?post=938"}],"curies":[{"name":"wp","href":"https:\/\/api.w.org\/{rel}","templated":true}]}}