{"id":942,"date":"2017-06-27T14:30:00","date_gmt":"2017-06-27T12:30:00","guid":{"rendered":"http:\/\/univet.hu\/egyetem\/kutatas\/kutatocsoportok\/neuroendokrin-kutatocsoport\/"},"modified":"2025-03-25T15:50:25","modified_gmt":"2025-03-25T14:50:25","slug":"neuroendokrin-kutatocsoport","status":"publish","type":"page","link":"https:\/\/univet.hu\/hu\/kutatas\/kutatocsoportok\/neuroendokrin-kutatocsoport\/","title":{"rendered":"Neurofiziol\u00f3giai \u00e9s Neuroendokrinol\u00f3giai Kutat\u00f3csoport"},"content":{"rendered":"<p><strong>KUTAT\u00d3CSOPORT-VEZET\u0150:<\/strong> <a href=\"https:\/\/univet.hu\/hu\/egyetem\/munkatarsak\/bartha-tibor\/\">Dr. Bartha Tibor<\/a>, DVM, DSc<\/p> <p><strong>EL\u00c9RHET\u0150S\u00c9G: <\/strong><a class=\"decrypt\" rel=\"cbsuib\/ujcpsAvojwfu\/iv\" href=\"javascript:void(0);\">[Kattintson az emailc\u00edmhez]<\/a><\/p> <p><strong>A KUTAT\u00d3CSOPORT TAGJAI:<\/strong><\/p> <p>Egyetemi docensek: <a href=\"https:\/\/univet.hu\/hu\/egyetem\/munkatarsak\/kiss-david-sandor\/\">Dr. Kiss D\u00e1vid S\u00e1ndor<\/a>; <a href=\"https:\/\/univet.hu\/hu\/egyetem\/munkatarsak\/toth-istvan\/\">Dr. T\u00f3th Istv\u00e1n<\/a><\/p> <p>Tudom\u00e1nyos munkat\u00e1rs: <a href=\"https:\/\/univet.hu\/hu\/egyetem\/munkatarsak\/jocsak-gergely\/\">Dr. J\u00f3cs\u00e1k Gergely<\/a><\/p> <p>PhD-hallgat\u00f3k: <a href=\"https:\/\/univet.hu\/hu\/egyetem\/munkatarsak\/nemeth-krisztian\/\">Dr. N\u00e9meth Kriszti\u00e1n<\/a>, <a href=\"https:\/\/univet.hu\/hu\/egyetem\/munkatarsak\/alymbaeva-daiana\/\">Dr. Daiana Alymbaeva<\/a><\/p> <p>Asszisztensek: <a href=\"https:\/\/univet.hu\/hu\/egyetem\/munkatarsak\/kinalne-szikora-zsuzsanna\/\">Kin\u00e1ln\u00e9 Szikora Zsuzsanna<\/a>, <a href=\"https:\/\/univet.hu\/hu\/egyetem\/munkatarsak\/hizsnyai-julianna\/\">Hizsnyai Julianna<\/a><\/p> <p>&nbsp;<\/p> <p><strong>KUTAT\u00c1SI TER\u00dcLETEK:<\/strong><\/p> <p>Kutat\u00e1sunk f\u0151 vonal\u00e1t a homeosztatikus folyamatok k\u00f6zponti ir\u00e1ny\u00edt\u00e1s\u00e1t mag\u00e1ba foglal\u00f3 mechanizmusok, jelens\u00e9gek vizsg\u00e1lata alkotja. Ennek keret\u00e9n bel\u00fcl vizsg\u00e1ljuk az endokrin, a neuroendokrin szab\u00e1lyz\u00f3folyamatoknak a perif\u00e9ri\u00e1s t\u00e9nyez\u0151k \u00e9s a fels\u0151bb agyter\u00fcleti bementek f\u00fcggv\u00e9ny\u00e9ben t\u00f6rt\u00e9n\u0151 hypothalamicus integr\u00e1l\u00e1s\u00e1t. Az eml\u00edtett endokrin\/homeosztatikus folyamatok k\u00f6z\u00fcl els\u0151sorban reprodukt\u00edv mechanizmusok, az anyagcserefolyamatok \u00e9s a cirkadi\u00e1n ritmus hypothalamicus regul\u00e1ci\u00f3j\u00e1nak rendes, \u00e9lettani m\u0171k\u00f6d\u00e9s\u00e9vel foglalkozunk. A fiziol\u00f3gi\u00e1s jelens\u00e9gek meg\u00e9rt\u00e9s\u00e9n t\u00fal, k\u00fcls\u0151 k\u00e1ros\u00edt\u00f3 t\u00e9nyez\u0151k (endokrin diszruptorok) \u00e9s k\u00f3ros elv\u00e1ltoz\u00e1sok (hepaticus encephalopathia, Azlheimer-k\u00f3r, obesitas, stb.) okozta patol\u00f3gi\u00e1s folyamatok mik\u00e9ntj\u00e1t is vizsg\u00e1ljuk.<br \/> A vizsg\u00e1lt folyamatokat (mind a k\u00f6zponti idegrendszer, mind pedig m\u00e1s vizsg\u00e1lt sz\u00f6vetek tekintet\u00e9ben) els\u0151sorban sejtpopul\u00e1ci\u00f3, valamint sejtszint\u0171 \u00e9s intracellul\u00e1ris folyamatokon (mitokondri\u00e1lis folyamatok, receptorexpresszi\u00f3, proteomika, inflammatorikus folyamtok, sejt- sejt interakci\u00f3k, sz\u00f6veti integrit\u00e1s, stb.) kereszt\u00fcl f\u0151leg molekul\u00e1ris \u00e9s k\u00e9palkot\u00f3 elj\u00e1r\u00e1sokkal tanulm\u00e1nyozzuk.<\/p> <p>&nbsp;<\/p> <p><strong>A rendelkez\u00e9s\u00fckre \u00e1ll\u00f3 felszerel\u00e9sek list\u00e1ja:<\/strong><\/p> <p>Nanodrop RNS, DNS \u00e9s feh\u00e9rjevizsg\u00e1latokhoz<\/p> <p>Termoszt\u00e1t \u00e9s lamin\u00e1ris box sejtkult\u00far\u00e1n v\u00e9gzett vizsg\u00e1latokhoz<\/p> <p>ELISA-olvas\u00f3 kvantitat\u00edv feh\u00e9rje, enzim, hormonszint, stb. m\u00e9r\u00e9s\u00e9hez<\/p> <p>Oxig\u00e9nelektr\u00f3da a mitokondri\u00e1lis vizsg\u00e1latokhoz<\/p> <p>R\u00e1gcs\u00e1l\u00f3k \u00e9s nyulak tart\u00e1s\u00e1ra alkalmas \u00e1llath\u00e1z<\/p> <p><strong>SZAKMAI SZERVEZETI TAGS\u00c1G:<\/strong><\/p> <p>Magyar \u00c9lettani T\u00e1rsas\u00e1g (M\u00c9T)<\/p> <p>Magyar \u00c1llatv\u00e9delmi \u00e9s \u00c1llatj\u00f3l\u00e9ti T\u00e1rsas\u00e1g (M\u00c1TT)<\/p> <p>Magyar Idegtudom\u00e1nyi T\u00e1rsas\u00e1g (MITT)<\/p> <p>Kutat\u00e1si \u00e9s Technol\u00f3giai Innov\u00e1ci\u00f3s Tan\u00e1cs<\/p> <p>&nbsp;<\/p> <p><strong>HOSSZ\u00daT\u00c1V\u00da EGY\u00dcTTM\u0170K\u00d6D\u00c9SEK:<\/strong><\/p> <ul> <li>Horv\u00e1th L. Tam\u00e1s: Yale University (School of Medicine, Section of Comparative Medicine, Dep. Neurob.) New Haven CT, USA (Kiss DS., Toth I., Jocsak G., Barany Z., Barha T., Frenyo VL., Horvath TL., Zsarnovszky A..: Functional aspects of hypothalamic asymmetry. Brain Sci., 10(6): 389, DOI: 10.3390\/brainsci10060389, 2020.)<\/li> <li>Ondra\u0161ovi\u010dov\u00e1 Silvia: University of Veterinary Medicine and Pharmacy in Ko\u0161ice (Department of Anatomy, Histology and Physiology), Ko\u0161ice, Slovakia (Zigo F., Farka\u0161ov\u00e1 Z., V\u00fdrostkov\u00e1 J., Regecov\u00e1 I., Ondra\u0161ovi\u010dov\u00e1 S., Vargov\u00e1 M., Sas\u00e1kov\u00e1 N., Pecka-Kielb E., Bursov\u00e1 \u0160., Kiss DS.: Dairy cows\u2019 udder pathogens and occurrence of virulence factors in Staphylococci, Animals 12(4): 470, DOI:10.3390\/ani12040470, 2022.)<\/li> <li>Susana Cardoso: University of Coimbra (Center for Neuroscience and Cell Biology), Coimbra, Portugal (applied grant: EFSD and Lilly European Diabetes Research Programme Research Grant, 2022)<\/li> <\/ul> <p>&nbsp;<\/p> <p><img loading=\"lazy\" decoding=\"async\" class=\"wp-image-177730 aligncenter\" src=\"https:\/\/univet.hu\/wp-content\/uploads\/2025\/03\/Kepernyokep-2025-03-25-154656-1-320x288.png\" alt=\"\" width=\"704\" height=\"634\" srcset=\"https:\/\/univet.hu\/wp-content\/uploads\/2025\/03\/Kepernyokep-2025-03-25-154656-1-320x288.png 320w, https:\/\/univet.hu\/wp-content\/uploads\/2025\/03\/Kepernyokep-2025-03-25-154656-1-960x863.png 960w, https:\/\/univet.hu\/wp-content\/uploads\/2025\/03\/Kepernyokep-2025-03-25-154656-1-768x690.png 768w, https:\/\/univet.hu\/wp-content\/uploads\/2025\/03\/Kepernyokep-2025-03-25-154656-1.png 970w\" sizes=\"auto, (max-width: 704px) 100vw, 704px\" \/><\/p> <p>&nbsp;<\/p> <p>&nbsp;<\/p>","protected":false},"excerpt":{"rendered":"<p>KUTAT\u00d3CSOPORT-VEZET\u0150: Dr. Bartha Tibor, DVM, DSc EL\u00c9RHET\u0150S\u00c9G: [Kattintson az emailc\u00edmhez] A KUTAT\u00d3CSOPORT TAGJAI: Egyetemi docensek: Dr. Kiss D\u00e1vid S\u00e1ndor; Dr. T\u00f3th Istv\u00e1n Tudom\u00e1nyos munkat\u00e1rs: Dr. J\u00f3cs\u00e1k Gergely PhD-hallgat\u00f3k: Dr. N\u00e9meth Kriszti\u00e1n, Dr. Daiana Alymbaeva Asszisztensek: Kin\u00e1ln\u00e9 Szikora Zsuzsanna, Hizsnyai Julianna &nbsp; KUTAT\u00c1SI TER\u00dcLETEK: Kutat\u00e1sunk f\u0151 vonal\u00e1t a homeosztatikus folyamatok k\u00f6zponti ir\u00e1ny\u00edt\u00e1s\u00e1t mag\u00e1ba foglal\u00f3 mechanizmusok, jelens\u00e9gek<\/p>\n","protected":false},"author":1,"featured_media":0,"parent":870,"menu_order":228,"comment_status":"closed","ping_status":"closed","template":"","meta":{"_acf_changed":false,"footnotes":""},"categories":[],"tags":[],"class_list":["post-942","page","type-page","status-publish","hentry"],"acf":[],"_links":{"self":[{"href":"https:\/\/univet.hu\/hu\/wp-json\/wp\/v2\/pages\/942","targetHints":{"allow":["GET"]}}],"collection":[{"href":"https:\/\/univet.hu\/hu\/wp-json\/wp\/v2\/pages"}],"about":[{"href":"https:\/\/univet.hu\/hu\/wp-json\/wp\/v2\/types\/page"}],"author":[{"embeddable":true,"href":"https:\/\/univet.hu\/hu\/wp-json\/wp\/v2\/users\/1"}],"replies":[{"embeddable":true,"href":"https:\/\/univet.hu\/hu\/wp-json\/wp\/v2\/comments?post=942"}],"version-history":[{"count":5,"href":"https:\/\/univet.hu\/hu\/wp-json\/wp\/v2\/pages\/942\/revisions"}],"predecessor-version":[{"id":177733,"href":"https:\/\/univet.hu\/hu\/wp-json\/wp\/v2\/pages\/942\/revisions\/177733"}],"up":[{"embeddable":true,"href":"https:\/\/univet.hu\/hu\/wp-json\/wp\/v2\/pages\/870"}],"wp:attachment":[{"href":"https:\/\/univet.hu\/hu\/wp-json\/wp\/v2\/media?parent=942"}],"wp:term":[{"taxonomy":"category","embeddable":true,"href":"https:\/\/univet.hu\/hu\/wp-json\/wp\/v2\/categories?post=942"},{"taxonomy":"post_tag","embeddable":true,"href":"https:\/\/univet.hu\/hu\/wp-json\/wp\/v2\/tags?post=942"}],"curies":[{"name":"wp","href":"https:\/\/api.w.org\/{rel}","templated":true}]}}