{"id":94777,"date":"2023-09-18T11:39:11","date_gmt":"2023-09-18T09:39:11","guid":{"rendered":"https:\/\/univet.hu\/?page_id=94777"},"modified":"2023-09-18T11:41:42","modified_gmt":"2023-09-18T09:41:42","slug":"tagok","status":"publish","type":"page","link":"https:\/\/univet.hu\/hu\/egyetem\/szervezeti-egysegek\/tudomanyos-kutatasi-bizottsag__trashed\/tagok\/","title":{"rendered":"Tagok"},"content":{"rendered":"<table> <tbody> <tr> <td><strong>Eln\u00f6k:<\/strong><\/td> <td><\/td> <\/tr> <tr> <td>kutat\u00e1si \u00e9s innov\u00e1ci\u00f3s rektorhelyettes<\/td> <td>Dr. \u00c1kos Jerzsele<\/td> <\/tr> <tr> <td><strong>Titk\u00e1r:<\/strong><\/td> <td><\/td> <\/tr> <tr> <td>kutat\u00e1sszervez\u00e9si titk\u00e1r<\/td> <td>Dr. Orsolya Farkas<\/td> <\/tr> <tr> <td><strong>Tagok:<\/strong><\/td> <td><\/td> <\/tr> <tr> <td>a Doktori \u00e9s Habilit\u00e1ci\u00f3s Tan\u00e1cs eln\u00f6ke<\/td> <td>Dr. P\u00e9ter G\u00e1lfi<\/td> <\/tr> <tr> <td>nemzetk\u00f6zi \u00fcgyek\u00e9rt felel\u0151s rektorhelyettes, a doktori iskola vezet\u0151je<\/td> <td>Dr. Tibor Bartha<\/td> <\/tr> <tr> <td>klinikai rektorhelyettes, doktori program igazgat\u00f3<\/td> <td>Dr. Tibor N\u00e9meth<\/td> <\/tr> <tr> <td>tanulm\u00e1nyi rektorhelyettes<\/td> <td>Dr. L\u00e1szl\u00f3 \u00d3zsv\u00e1ri<\/td> <\/tr> <tr> <td>doktori program igazgat\u00f3ja<\/td> <td>Dr. R\u00f3bert Farkas<\/td> <\/tr> <tr> <td>professzor<\/td> <td>Dr. Bence R\u00e1cz<\/td> <\/tr> <tr> <td>k\u00f6nyvt\u00e1r igazgat\u00f3ja<\/td> <td>Bea Winkler<\/td> <\/tr> <tr> <td>PhD hallgat\u00f3<\/td> <td>Dr. Borb\u00e1la M\u00f3zes<\/td> <\/tr> <\/tbody> <\/table> <p>&nbsp;<\/p>","protected":false},"excerpt":{"rendered":"<p>Eln\u00f6k: kutat\u00e1si \u00e9s innov\u00e1ci\u00f3s rektorhelyettes Dr. \u00c1kos Jerzsele Titk\u00e1r: kutat\u00e1sszervez\u00e9si titk\u00e1r Dr. Orsolya Farkas Tagok: a Doktori \u00e9s Habilit\u00e1ci\u00f3s Tan\u00e1cs eln\u00f6ke Dr. P\u00e9ter G\u00e1lfi nemzetk\u00f6zi \u00fcgyek\u00e9rt felel\u0151s rektorhelyettes, a doktori iskola vezet\u0151je Dr. Tibor Bartha klinikai rektorhelyettes, doktori program igazgat\u00f3 Dr. Tibor N\u00e9meth tanulm\u00e1nyi rektorhelyettes Dr. L\u00e1szl\u00f3 \u00d3zsv\u00e1ri doktori program igazgat\u00f3ja Dr. R\u00f3bert Farkas professzor<\/p>\n","protected":false},"author":3837,"featured_media":0,"parent":3472,"menu_order":0,"comment_status":"open","ping_status":"open","template":"","meta":{"_acf_changed":false,"footnotes":""},"categories":[],"tags":[],"class_list":["post-94777","page","type-page","status-publish","hentry"],"acf":[],"_links":{"self":[{"href":"https:\/\/univet.hu\/hu\/wp-json\/wp\/v2\/pages\/94777","targetHints":{"allow":["GET"]}}],"collection":[{"href":"https:\/\/univet.hu\/hu\/wp-json\/wp\/v2\/pages"}],"about":[{"href":"https:\/\/univet.hu\/hu\/wp-json\/wp\/v2\/types\/page"}],"author":[{"embeddable":true,"href":"https:\/\/univet.hu\/hu\/wp-json\/wp\/v2\/users\/3837"}],"replies":[{"embeddable":true,"href":"https:\/\/univet.hu\/hu\/wp-json\/wp\/v2\/comments?post=94777"}],"version-history":[{"count":0,"href":"https:\/\/univet.hu\/hu\/wp-json\/wp\/v2\/pages\/94777\/revisions"}],"up":[{"embeddable":true,"href":"https:\/\/univet.hu\/hu\/wp-json\/wp\/v2\/pages\/3472"}],"wp:attachment":[{"href":"https:\/\/univet.hu\/hu\/wp-json\/wp\/v2\/media?parent=94777"}],"wp:term":[{"taxonomy":"category","embeddable":true,"href":"https:\/\/univet.hu\/hu\/wp-json\/wp\/v2\/categories?post=94777"},{"taxonomy":"post_tag","embeddable":true,"href":"https:\/\/univet.hu\/hu\/wp-json\/wp\/v2\/tags?post=94777"}],"curies":[{"name":"wp","href":"https:\/\/api.w.org\/{rel}","templated":true}]}}