{"id":948,"date":"2017-10-12T11:14:00","date_gmt":"2017-10-12T09:14:00","guid":{"rendered":"http:\/\/univet.hu\/egyetem\/kutatas\/kutatocsoportok\/parazitologiai-kutatocsoport\/"},"modified":"2018-02-22T09:45:02","modified_gmt":"2018-02-22T08:45:02","slug":"parazitologiai-kutatocsoport","status":"publish","type":"page","link":"https:\/\/univet.hu\/hu\/kutatas\/kutatocsoportok\/parazitologiai-kutatocsoport\/","title":{"rendered":"Parazitol\u00f3giai Kutat\u00f3csoport"},"content":{"rendered":"<p><strong>KUTAT&Oacute;CSOPORT-VEZET\u0150:&nbsp;<\/strong>Dr. Farkas R&oacute;bert, egyetemi tan&aacute;r, MTA Doktora<\/p> <p><strong>EL&Eacute;RHET\u0150S&Eacute;G: <\/strong>f<a class=\"decrypt\" rel=\"bslbt\/spcfsuAvojwfu\/iv\" href=\"javascript:void(0);\">[Kattintson az emailc\u00edmhez]<\/a><\/p> <p><strong>A KUTAT&Oacute;CSOPORT TAGJAI:<\/strong><br \/>  Egyetemi tan&aacute;r: Dr. Farkas R&oacute;bert<br \/>  Egyetemi docens: Dr. Hornok S&aacute;ndor, Dr. F&ouml;ldv&aacute;ri G&aacute;bor<br \/>  Tudom&aacute;nyos f\u0151munkat&aacute;rs: Dr. Majoros G&aacute;bor<\/p> <p>Tansz&eacute;ki m&eacute;rn&ouml;k: Tak&aacute;cs N&oacute;ra, Dr. Flaisz Barbara<br \/>  Tansz&eacute;ko &aacute;llatorvos: Dr. Juh&aacute;sz Alexandra<\/p> <p>PhD-hallgat&oacute;: Sz\u0151ke Krisztina<\/p> <p>Asszisztens: Gyurkovszky M&oacute;nika<br \/>  &nbsp;<\/p> <p><strong>KUTAT&Aacute;SI TER&Uuml;LETEK:<\/strong><br \/>  H&aacute;zi &eacute;s vadon &eacute;l\u0151 &aacute;llatok parazit&aacute;s b&aacute;ntalmai, ezek hagyom&aacute;nyos, molekul&aacute;ris biol&oacute;giai &eacute;s szerol&oacute;giai diagnosztik&aacute;ja. &Iacute;zeltl&aacute;b&uacute; vektorok (pl. kullancs, sz&uacute;nyog, bolha, tet\u0171) &ouml;kol&oacute;giai vizsg&aacute;lata &eacute;s az &aacute;ltaluk terjesztett k&oacute;rokoz&oacute;k j&aacute;rv&aacute;nytana. Parazita fon&aacute;lf&eacute;rgek, laposf&eacute;rgek, valamint puhatest\u0171 k&ouml;ztigazd&aacute;k vizsg&aacute;lata.<\/p> <p><strong>SZAKMAI SZERVEZETI TAGS&Aacute;G:<\/strong><br \/>  Magyar Mikrobiol&oacute;giai T&aacute;rsas&aacute;g<br \/>  Magyar Parazitol&oacute;gusok T&aacute;rsas&aacute;ga<br \/>  Magyar Zoon&oacute;zis T&aacute;rsas&aacute;g<br \/>  Society for Zoonotic Ecology and Epidemiology<br \/>  International Society for Infectious Diseases<br \/>  European Veterinary Parasitology College<br \/>  European Society of Clinical Microbiology and Infectious Diseases<br \/>  European Society of Dirofilariosis and Angiostrongylosis<br \/>  World Association for the Advancement of Veterinary Parasitology<br \/>  European Scientific Counsel Companion Animal Parasites<\/p> <p>&nbsp;<\/p> <p><strong>HOSSZ&Uacute;T&Aacute;V&Uacute; EGY&Uuml;TTM\u0170K&Ouml;D&Eacute;SEK:<\/strong><\/p> <p>E&ouml;tv&ouml;s Lor&aacute;nd Tudom&aacute;nyegyetem, Term&eacute;szettudom&aacute;nyi Kar<\/p> <p>MTA Agr&aacute;rtudom&aacute;nyi Kutat&oacute;k&ouml;zpont, &Aacute;llatorvos- tudom&aacute;nyi Int&eacute;zet<\/p> <p>MTA Agr&aacute;rtudom&aacute;nyi Kutat&oacute;k&ouml;zpont, N&ouml;v&eacute;nyv&eacute;delmi Int&eacute;zet<\/p> <p>University of Veterinary Medicine Vienna (Ausztria)<br \/>  Natural History Museum (Egyes&uuml;lt Kir&aacute;lys&aacute;g)<br \/>  USDA Center for Medical, Agricultural and Veterinary Entomology (USA)<\/p> <p>IREC, National Wildlife Research Institute (Spanyolorsz&aacute;g)<br \/>  University of Zurich, Vetsuisse Faculty (Sv&aacute;jc)<\/p> <p>University of Veterinary and Pharmaceutical Sciences Brno (Cseh K&ouml;zt&aacute;rsas&aacute;g)<\/p> <p>National Institute of Public Health and Environment (Hollandia)<br \/>  Kingston University London, School of Life Sciences (Egyes&uuml;lt Kir&aacute;lys&aacute;g)<\/p> <p>University of Agricultural Sciences and Veterinary Medicine, Cluj-Napoca, Romania<\/p> <p>School of Medicine, Shihezi University, Shihezi, China<\/p> <p>&nbsp;<\/p> <p><strong>IG&Eacute;NYELHET\u0150 SZOLG&Aacute;LTAT&Aacute;SOK:<\/strong><\/p> <p>Parazit&aacute;s fert\u0151z&ouml;tts&eacute;gek hagyom&aacute;nyos, szerol&oacute;giai &eacute;s molekul&aacute;ris biol&oacute;giai vizsg&aacute;lata<\/p> <p>&Aacute;llatorvosi &eacute;s orvosi jelent\u0151s&eacute;g\u0171 bels\u0151 &eacute;s k&uuml;ls\u0151 &eacute;l\u0151sk&ouml;d\u0151k azonos&iacute;t&aacute;sa, parazitaellenes szerek (inszekticidek, acaricidek &eacute;s anthelmintikumok)&nbsp;<em>in vitro<\/em>&nbsp;&eacute;s&nbsp;<em>in vivo<\/em>&nbsp;laborat&oacute;riumi &eacute;s &uuml;zemi vizsg&aacute;lata &aacute;llatokkal &eacute;s zoon&oacute;zisokkal kapcsolatos parazitol&oacute;giai szaktan&aacute;csad&aacute;s, vektorok &aacute;ltal terjesztett k&oacute;rokoz&oacute;k kimutat&aacute;sa, &iacute;zeltl&aacute;b&uacute;ak teny&eacute;szt&eacute;se &eacute;s faji identifik&aacute;ci&oacute;ja, &eacute;lelmiszer alapanyagok (&aacute;llati &eacute;s n&ouml;v&eacute;nyi) parazit&aacute;k okozata fert\u0151z&ouml;tts&eacute;g&eacute;nek a vizsg&aacute;lata, talajok, iszapok, szennyvizek parazita k&eacute;pleteinek azonos&iacute;t&aacute;sa, fert\u0151tlen&iacute;t&eacute;sek antiparazitikus hat&aacute;s&aacute;nak vizsg&aacute;lata&nbsp;<\/p> <p>&nbsp;<\/p> <p><strong>P&Aacute;LY&Aacute;ZATOK:<\/strong><\/p> <p>&nbsp;&nbsp;&nbsp;&nbsp;&nbsp;&nbsp;&nbsp;&nbsp;&nbsp;&nbsp;&nbsp;<\/p> <table border=\"0\" cellpadding=\"0\" cellspacing=\"0\" style=\"width:568px\"> <tbody> <tr> <td style=\"height:63px; width:128px\"> <p><strong>T&aacute;mogat&oacute; szervezet \/forr&aacute;s megnevez&eacute;se<\/strong><\/p> <\/td> <td style=\"height:63px; width:440px\"> <p><strong>P&aacute;ly&aacute;zati projekt c&iacute;me &eacute;s t&eacute;m&aacute;ja <\/strong><\/p> <\/td> <\/tr> <tr> <td style=\"height:42px; width:128px\"> <p>OTKA<\/p> <\/td> <td style=\"height:42px; width:440px\"> <p>A l&eacute;gi &eacute;s f&ouml;ldi &uacute;ton val&oacute; terjed&eacute;s szerepe a kullancs k&ouml;zvet&iacute;tette k&oacute;rokoz&oacute;k j&aacute;rv&aacute;nytan&aacute;ban (115854)<\/p> <\/td> <\/tr> <\/tbody> <\/table> <p><strong>MEGB&Iacute;Z&Aacute;SOK:&nbsp;<\/strong><\/p> <p>K&uuml;lf&ouml;ldi &eacute;s hazai gy&oacute;gyszergy&aacute;rak &eacute;s forgalmaz&oacute;k. &Aacute;llattart&oacute; telepek &eacute;s mez\u0151gazdas&aacute;gi v&aacute;llalatok.<\/p> <p><img decoding=\"async\" alt=\"\" src=\"https:\/\/univet.hu\/files\/subpages\/352\/images\/PhD%20labor.JPG\" data-replaced=\"true\" style=\"height:450px; width:600px\" \/><\/p> <p><img decoding=\"async\" alt=\"\" src=\"https:\/\/univet.hu\/files\/subpages\/352\/images\/kullancsok%20eg%C3%A9ren.jpg\" data-replaced=\"true\" style=\"height:225px; width:300px\" \/>&nbsp;&nbsp;<img decoding=\"async\" alt=\"\" src=\"https:\/\/univet.hu\/files\/subpages\/352\/images\/kullancsos%20denev%C3%A9r.jpg\" data-replaced=\"true\" style=\"height:400px; width:300px\" \/><\/p> <p>&nbsp;<\/p>","protected":false},"excerpt":{"rendered":"<p>KUTAT&Oacute;CSOPORT-VEZET\u0150:&nbsp;Dr. Farkas R&oacute;bert, egyetemi tan&aacute;r, MTA Doktora EL&Eacute;RHET\u0150S&Eacute;G: f[Kattintson az emailc\u00edmhez] A KUTAT&Oacute;CSOPORT TAGJAI: Egyetemi tan&aacute;r: Dr. Farkas R&oacute;bert Egyetemi docens: Dr. Hornok S&aacute;ndor, Dr. F&ouml;ldv&aacute;ri G&aacute;bor Tudom&aacute;nyos f\u0151munkat&aacute;rs: Dr. Majoros G&aacute;bor Tansz&eacute;ki m&eacute;rn&ouml;k: Tak&aacute;cs N&oacute;ra, Dr. Flaisz Barbara Tansz&eacute;ko &aacute;llatorvos: Dr. Juh&aacute;sz Alexandra PhD-hallgat&oacute;: Sz\u0151ke Krisztina Asszisztens: Gyurkovszky M&oacute;nika &nbsp; KUTAT&Aacute;SI TER&Uuml;LETEK: H&aacute;zi &eacute;s<\/p>\n","protected":false},"author":1,"featured_media":0,"parent":870,"menu_order":228,"comment_status":"closed","ping_status":"closed","template":"","meta":{"_acf_changed":false,"footnotes":""},"categories":[],"tags":[],"class_list":["post-948","page","type-page","status-publish","hentry"],"acf":[],"_links":{"self":[{"href":"https:\/\/univet.hu\/hu\/wp-json\/wp\/v2\/pages\/948","targetHints":{"allow":["GET"]}}],"collection":[{"href":"https:\/\/univet.hu\/hu\/wp-json\/wp\/v2\/pages"}],"about":[{"href":"https:\/\/univet.hu\/hu\/wp-json\/wp\/v2\/types\/page"}],"author":[{"embeddable":true,"href":"https:\/\/univet.hu\/hu\/wp-json\/wp\/v2\/users\/1"}],"replies":[{"embeddable":true,"href":"https:\/\/univet.hu\/hu\/wp-json\/wp\/v2\/comments?post=948"}],"version-history":[{"count":0,"href":"https:\/\/univet.hu\/hu\/wp-json\/wp\/v2\/pages\/948\/revisions"}],"up":[{"embeddable":true,"href":"https:\/\/univet.hu\/hu\/wp-json\/wp\/v2\/pages\/870"}],"wp:attachment":[{"href":"https:\/\/univet.hu\/hu\/wp-json\/wp\/v2\/media?parent=948"}],"wp:term":[{"taxonomy":"category","embeddable":true,"href":"https:\/\/univet.hu\/hu\/wp-json\/wp\/v2\/categories?post=948"},{"taxonomy":"post_tag","embeddable":true,"href":"https:\/\/univet.hu\/hu\/wp-json\/wp\/v2\/tags?post=948"}],"curies":[{"name":"wp","href":"https:\/\/api.w.org\/{rel}","templated":true}]}}