{"id":950,"date":"2017-06-27T15:51:00","date_gmt":"2017-06-27T13:51:00","guid":{"rendered":"http:\/\/univet.hu\/egyetem\/kutatas\/kutatocsoportok\/plurigenomikai-kutatocsoport\/"},"modified":"2018-02-22T09:45:07","modified_gmt":"2018-02-22T08:45:07","slug":"plurigenomikai-kutatocsoport","status":"publish","type":"page","link":"https:\/\/univet.hu\/hu\/kutatas\/kutatocsoportok\/plurigenomikai-kutatocsoport\/","title":{"rendered":"Plurigenomikai Kutat\u00f3csoport"},"content":{"rendered":"<p><strong>KUTAT&Oacute;CSOPORT-VEZET\u0150:<\/strong> Prof. Dr. Fekete S&aacute;ndor Gy&ouml;rgy, egyetemi tan&aacute;r, az MTA doktora<\/p> <p><strong>EL&Eacute;RHET\u0150S&Eacute;G:<\/strong> <a class=\"decrypt\" rel=\"gflfuf\/tboeps\/hzpshzAvojwfu\/iv\" href=\"javascript:void(0);\">[Kattintson az emailc\u00edmhez]<\/a><\/p> <p><strong>A KUTAT&Oacute;CSOPORTBAN DOLGOZ&Oacute;K SZ&Aacute;MA:<\/strong><\/p> <p>Egyetemi tan&aacute;r: Dr. Fekete S&aacute;ndor Gy&ouml;rgy<\/p> <p>Egyetemi adjunktus: Dr. Bers&eacute;nyi Andr&aacute;s<\/p> <p>Asszisztens: S&eacute;nyi Krisztina<\/p> <p>PhD hallgat&oacute;: Dr. Kors&oacute;s Gabriella<\/p> <p>TDK hallgat&oacute;: Dud&aacute;s Krisztina Dominika, Varga Judit Zs&oacute;fia, Leoni Moira Beltram, Elif Kideys<\/p> <p><strong>KUTAT&Aacute;SI TER&Uuml;LETEK:<\/strong><\/p> <p>Labor&aacute;llat-tudom&aacute;ny<\/p> <p>&Aacute;llatv&eacute;delem &eacute;s bioetika<\/p> <p>T&ouml;k&eacute;letes&iacute;t&eacute;s a labor&aacute;llat-tudom&aacute;nyban<\/p> <p>K&ouml;rnyezetgazdag&iacute;t&aacute;s<\/p> <p>Epigenetika<\/p> <p>Epigenetikai &ouml;r&ouml;kl\u0151d&eacute;s<\/p> <p>Velesz&uuml;letett f&eacute;lelem<\/p> <p>Velesz&uuml;letett preferencia<\/p> <p>Zoomuzikol&oacute;gia<\/p> <p>Feromonok, egy&eacute;b illatanyagok hat&aacute;sa az &aacute;llatokra<\/p> <p>Biomodellek<\/p> <p>&nbsp;<\/p> <p><strong>SZAKMAI SZERVEZETI TAGS&Aacute;G:<\/strong><\/p> <p>Magyar Labor&aacute;llat-tudom&aacute;nyi Egyes&uuml;let<\/p> <p>Federation for Laboratory Animal Science Associations<\/p> <p>European Society of Veterinary and Comparative Nutrition<\/p> <p>The European College of Veterinary and Comparative Nutrition<\/p> <p>European Society for Laboratory Animal Veterinarians<\/p> <p>International Council for Laboratory Animal Science<\/p> <p><strong>HOSSZ&Uacute;T&Aacute;V&Uacute; EGY&Uuml;TTM\u0170K&Ouml;D&Eacute;SEK:<\/strong><\/p> <p>ELTE Etol&oacute;giai Tansz&eacute;k<\/p> <p><strong>IG&Eacute;NYELHET\u0150 SZOLG&Aacute;LTAT&Aacute;SOK:<\/strong><\/p> <p>Szaktan&aacute;csad&aacute;s a labor&aacute;llat-tudom&aacute;ny ter&uuml;let&eacute;n (tart&aacute;s, takarm&aacute;nyoz&aacute;s, szabv&aacute;nyos m\u0171veleti el\u0151&iacute;r&aacute;sok megfogalmaz&aacute;sa, &aacute;llattart&oacute; l&eacute;tes&iacute;tm&eacute;nyek menedzsmentje, stb.)<\/p> <p><img decoding=\"async\" alt=\"\" src=\"https:\/\/univet.hu\/files\/subpages\/425\/images\/Dnamouse.jpg\" data-replaced=\"true\" style=\"height:456px; width:300px\" \/><\/p>","protected":false},"excerpt":{"rendered":"<p>KUTAT&Oacute;CSOPORT-VEZET\u0150: Prof. Dr. Fekete S&aacute;ndor Gy&ouml;rgy, egyetemi tan&aacute;r, az MTA doktora EL&Eacute;RHET\u0150S&Eacute;G: [Kattintson az emailc\u00edmhez] A KUTAT&Oacute;CSOPORTBAN DOLGOZ&Oacute;K SZ&Aacute;MA: Egyetemi tan&aacute;r: Dr. Fekete S&aacute;ndor Gy&ouml;rgy Egyetemi adjunktus: Dr. Bers&eacute;nyi Andr&aacute;s Asszisztens: S&eacute;nyi Krisztina PhD hallgat&oacute;: Dr. Kors&oacute;s Gabriella TDK hallgat&oacute;: Dud&aacute;s Krisztina Dominika, Varga Judit Zs&oacute;fia, Leoni Moira Beltram, Elif Kideys KUTAT&Aacute;SI TER&Uuml;LETEK: Labor&aacute;llat-tudom&aacute;ny &Aacute;llatv&eacute;delem<\/p>\n","protected":false},"author":1,"featured_media":0,"parent":870,"menu_order":228,"comment_status":"closed","ping_status":"closed","template":"","meta":{"_acf_changed":false,"footnotes":""},"categories":[],"tags":[],"class_list":["post-950","page","type-page","status-publish","hentry"],"acf":[],"_links":{"self":[{"href":"https:\/\/univet.hu\/hu\/wp-json\/wp\/v2\/pages\/950","targetHints":{"allow":["GET"]}}],"collection":[{"href":"https:\/\/univet.hu\/hu\/wp-json\/wp\/v2\/pages"}],"about":[{"href":"https:\/\/univet.hu\/hu\/wp-json\/wp\/v2\/types\/page"}],"author":[{"embeddable":true,"href":"https:\/\/univet.hu\/hu\/wp-json\/wp\/v2\/users\/1"}],"replies":[{"embeddable":true,"href":"https:\/\/univet.hu\/hu\/wp-json\/wp\/v2\/comments?post=950"}],"version-history":[{"count":0,"href":"https:\/\/univet.hu\/hu\/wp-json\/wp\/v2\/pages\/950\/revisions"}],"up":[{"embeddable":true,"href":"https:\/\/univet.hu\/hu\/wp-json\/wp\/v2\/pages\/870"}],"wp:attachment":[{"href":"https:\/\/univet.hu\/hu\/wp-json\/wp\/v2\/media?parent=950"}],"wp:term":[{"taxonomy":"category","embeddable":true,"href":"https:\/\/univet.hu\/hu\/wp-json\/wp\/v2\/categories?post=950"},{"taxonomy":"post_tag","embeddable":true,"href":"https:\/\/univet.hu\/hu\/wp-json\/wp\/v2\/tags?post=950"}],"curies":[{"name":"wp","href":"https:\/\/api.w.org\/{rel}","templated":true}]}}