{"id":952,"date":"2017-06-27T15:54:00","date_gmt":"2017-06-27T13:54:00","guid":{"rendered":"http:\/\/univet.hu\/egyetem\/kutatas\/kutatocsoportok\/preklinikai-gyogyszer-fejlesztesi-kutatocsoport\/"},"modified":"2018-02-22T09:45:11","modified_gmt":"2018-02-22T08:45:11","slug":"preklinikai-gyogyszer-fejlesztesi-kutatocsoport","status":"publish","type":"page","link":"https:\/\/univet.hu\/hu\/kutatas\/kutatocsoportok\/preklinikai-gyogyszer-fejlesztesi-kutatocsoport\/","title":{"rendered":"Preklinikai gy\u00f3gyszer-fejleszt\u00e9si Kutat\u00f3csoport"},"content":{"rendered":"<p><strong>KUTAT&Oacute;CSOPORT-VEZET\u0150:<\/strong> P&aacute;sztin&eacute; Dr. Gere Erzs&eacute;bet<\/p> <p><strong>EL&Eacute;RHET\u0150S&Eacute;G: <\/strong><a class=\"decrypt\" rel=\"hfsf\/fs{tfcfuAvojwfu\/iv\" href=\"javascript:void(0);\">[Kattintson az emailc\u00edmhez]<\/a><\/p> <p><strong>A KUTAT&Oacute;CSOPORT TAGJAI:<\/strong><\/p> <p>Tudom&aacute;nyos munkat&aacute;rs: P&aacute;sztin&eacute; dr. Gere Erzs&eacute;bet, Dr. Farkas Orsolya<\/p> <p>PhD hallgat&oacute;: Dr. Barna R&eacute;ka Fanni, Pomothy Judit Merc&eacute;desz<\/p> <p>Asszisztens: Heged\u0171sn&eacute; Balogh Kata<\/p> <p><strong>KUTAT&Aacute;SI TER&Uuml;LETEK:<\/strong><\/p> <p>Gy&oacute;gyszer&eacute;szeti tudom&aacute;nyok<\/p> <p>Farmakol&oacute;giai kutat&aacute;sok<\/p> <p>Gy&oacute;gyszerfejleszt&eacute;s<\/p> <p>Gy&oacute;gyszer-toxicit&aacute;s<\/p> <p>&Uacute;j potenci&aacute;lis gy&oacute;gyszerhat&oacute;anyagok tesztel&eacute;se<\/p> <p>Mell&eacute;khat&aacute;s profil meghat&aacute;roz&aacute;sa<\/p> <p>Gy&oacute;gyszer preformul&aacute;ci&oacute; &eacute;s formul&aacute;ci&oacute;<\/p> <p>3D sejtteny&eacute;szt&eacute;s<\/p> <p>Szferoidok alkalmaz&aacute;sa a gy&oacute;gyszerkutat&aacute;sban<\/p> <p>&nbsp;<\/p> <p><strong>SZAKMAI SZERVEZETI TAGS&Aacute;G:<\/strong><\/p> <p>Magyar Mikrobiol&oacute;giai T&aacute;rsas&aacute;g<\/p> <p>&nbsp;<\/p> <p><strong>HOSSZ&Uacute;T&Aacute;V&Uacute; EGY&Uuml;TTM\u0170K&Ouml;D&Eacute;SEK:<\/strong><\/p> <p>MTA Term&eacute;szettudom&aacute;nyi Kutat&oacute;k&ouml;zpont, Budapest<\/p> <p>Analkrom Kft., Budapest<\/p> <p>Alpha-Vet &Aacute;llatgy&oacute;gy&aacute;szati Kft., Budapest<\/p> <p>Nemzeti Agr&aacute;rkutat&aacute;si &eacute;s Innov&aacute;ci&oacute;s K&ouml;zpont, &Eacute;lelmiszer-tudom&aacute;nyi Kutat&oacute;int&eacute;zet, Budapest<\/p> <p>Philipps Egyetem Marburg, Gy&oacute;gyszer&eacute;sz-tudom&aacute;nyi Kar, Gy&oacute;gyszer&eacute;szk&eacute;miai Int&eacute;zet, Marburg, N&eacute;metorsz&aacute;g<\/p> <p>&nbsp;<\/p> <p><strong>IG&Eacute;NYELHET\u0150 SZOLG&Aacute;LTAT&Aacute;SOK:<\/strong><\/p> <p>B&eacute;lbarrier integrit&aacute;s vizsg&aacute;lata a b&eacute;lgyullad&aacute;sban szerepet j&aacute;tsz&oacute; rizik&oacute;t&eacute;nyez\u0151k meghat&aacute;roz&aacute;s&aacute;val<\/p> <p>&Uacute;jonnan szintetiz&aacute;lt gy&oacute;gyszerjel&ouml;lt vegy&uuml;letek hat&aacute;s&aacute;nak el\u0151jelz&eacute;se a gasztrointesztin&aacute;lis, hepatikus mell&eacute;khat&aacute;sok vizsg&aacute;lat&aacute;val<br \/>  A matript&aacute;z inhibitorok farmakol&oacute;giai profilj&aacute;nak tanulm&aacute;nyoz&aacute;sa a hepatikus &eacute;s enter&aacute;lis szab&aacute;lyoz&aacute;si folyamatokban<\/p> <p><em>In vitro<\/em> modellrendszer alkalmaz&aacute;sa a szerin-prote&aacute;z aktivit&aacute;s m&eacute;r&eacute;s&eacute;re<br \/>  szferoidok alkalmazhat&oacute;s&aacute;ga az &aacute;tt&eacute;t k&eacute;pz\u0151d&eacute;sek &nbsp;&nbsp;<em>in vitro<\/em>&nbsp;modellez&eacute;s&eacute;re<br \/>  J&oacute;t&eacute;kony hat&aacute;s&uacute; n&ouml;v&eacute;nyi &eacute;trend- &eacute;s takarm&aacute;ny-kieg&eacute;sz&iacute;t\u0151k sz\u0171r&eacute;se a b&eacute;lrendszer eg&eacute;szs&eacute;g&eacute;nek meg\u0151rz&eacute;se c&eacute;lj&aacute;b&oacute;l<\/p> <p>A vasanyagcsere szab&aacute;lyoz&aacute;sa potenci&aacute;lis gy&oacute;gyszervegy&uuml;letekkel<\/p> <p>A b&eacute;l &aacute;tereszt\u0151k&eacute;pess&eacute;g&eacute;nek&nbsp;<em>in vitro<\/em>&nbsp;m&eacute;r&eacute;se &eacute;p &eacute;s k&aacute;rosodott b&eacute;lh&aacute;mr&eacute;teg eset&eacute;n<\/p> <p>&nbsp;<\/p> <p><strong>P&Aacute;LY&Aacute;ZATOK:<\/strong><\/p> <table border=\"0\" cellpadding=\"0\" cellspacing=\"0\"> <tbody> <tr> <td style=\"width:128px\"> <p><strong>T&aacute;mogat&oacute; szervezet \/forr&aacute;s megnevez&eacute;se<\/strong><\/p> <\/td> <td style=\"width:345px\"> <p><strong>P&aacute;ly&aacute;zati projekt c&iacute;me &eacute;s t&eacute;m&aacute;ja <\/strong><\/p> <\/td> <td style=\"width:128px\"> <p><strong>T&aacute;mogat&aacute;s &ouml;sszege (Ft-ban)<\/strong><\/p> <\/td> <\/tr> <tr> <td style=\"width:128px\"> <p>OTKA<\/p> <\/td> <td style=\"width:345px\"> <p>&Aacute;llatgy&oacute;gy&aacute;szati &eacute;s mez\u0151gazdas&aacute;gi fel&uuml;letakt&iacute;v anyagok mechanizmusf&uuml;gg\u0151 teratog&eacute;n, hormonmodul&aacute;ns &eacute;s egy&eacute;b toxikus hat&aacute;sai<\/p> <\/td> <td style=\"width:128px\"> <p>35.467.000<\/p> <\/td> <\/tr> <tr> <td style=\"width:128px\"> <p>OTKA<\/p> <\/td> <td style=\"width:345px\"> <p>Xenobiotikumok &aacute;ltal okozott b&eacute;lk&aacute;rosod&aacute;sok sert&eacute;sekben<\/p> <\/td> <td style=\"width:128px\"> <p>8.976.000<\/p> <\/td> <\/tr> <tr> <td style=\"width:128px\"> <p>EMMI Kutat&oacute;kar<\/p> <p>Kiv&aacute;l&oacute; kutat&oacute;csoport<\/p> <\/td> <td style=\"width:345px\"> <p>Preklinikai-gy&oacute;gyszerfejleszt&eacute;s<\/p> <\/td> <td style=\"width:128px\"> <p>5.000.000<\/p> <\/td> <\/tr> <\/tbody> <\/table> <p>&nbsp;<\/p> <p>Fot&oacute;: Oxidat&iacute;v stressz &aacute;ltal induk&aacute;lt v&aacute;ltoz&aacute;sok a TMPRSS2 elhelyezked&eacute;s&eacute;ben IPEC-J2 b&eacute;lh&aacute;msejtek eset&eacute;n<\/p> <p><img decoding=\"async\" alt=\"\" src=\"https:\/\/univet.hu\/files\/subpages\/353\/images\/Klinikai_gyogyszer_preclinical_drug_1.jpg\" data-replaced=\"true\" style=\"height:219px; width:300px\" \/>&nbsp;<\/p> <p>&nbsp;<\/p>","protected":false},"excerpt":{"rendered":"<p>KUTAT&Oacute;CSOPORT-VEZET\u0150: P&aacute;sztin&eacute; Dr. Gere Erzs&eacute;bet EL&Eacute;RHET\u0150S&Eacute;G: [Kattintson az emailc\u00edmhez] A KUTAT&Oacute;CSOPORT TAGJAI: Tudom&aacute;nyos munkat&aacute;rs: P&aacute;sztin&eacute; dr. Gere Erzs&eacute;bet, Dr. Farkas Orsolya PhD hallgat&oacute;: Dr. Barna R&eacute;ka Fanni, Pomothy Judit Merc&eacute;desz Asszisztens: Heged\u0171sn&eacute; Balogh Kata KUTAT&Aacute;SI TER&Uuml;LETEK: Gy&oacute;gyszer&eacute;szeti tudom&aacute;nyok Farmakol&oacute;giai kutat&aacute;sok Gy&oacute;gyszerfejleszt&eacute;s Gy&oacute;gyszer-toxicit&aacute;s &Uacute;j potenci&aacute;lis gy&oacute;gyszerhat&oacute;anyagok tesztel&eacute;se Mell&eacute;khat&aacute;s profil meghat&aacute;roz&aacute;sa Gy&oacute;gyszer preformul&aacute;ci&oacute; &eacute;s formul&aacute;ci&oacute; 3D sejtteny&eacute;szt&eacute;s<\/p>\n","protected":false},"author":1,"featured_media":0,"parent":870,"menu_order":228,"comment_status":"closed","ping_status":"closed","template":"","meta":{"_acf_changed":false,"footnotes":""},"categories":[],"tags":[],"class_list":["post-952","page","type-page","status-publish","hentry"],"acf":[],"_links":{"self":[{"href":"https:\/\/univet.hu\/hu\/wp-json\/wp\/v2\/pages\/952","targetHints":{"allow":["GET"]}}],"collection":[{"href":"https:\/\/univet.hu\/hu\/wp-json\/wp\/v2\/pages"}],"about":[{"href":"https:\/\/univet.hu\/hu\/wp-json\/wp\/v2\/types\/page"}],"author":[{"embeddable":true,"href":"https:\/\/univet.hu\/hu\/wp-json\/wp\/v2\/users\/1"}],"replies":[{"embeddable":true,"href":"https:\/\/univet.hu\/hu\/wp-json\/wp\/v2\/comments?post=952"}],"version-history":[{"count":0,"href":"https:\/\/univet.hu\/hu\/wp-json\/wp\/v2\/pages\/952\/revisions"}],"up":[{"embeddable":true,"href":"https:\/\/univet.hu\/hu\/wp-json\/wp\/v2\/pages\/870"}],"wp:attachment":[{"href":"https:\/\/univet.hu\/hu\/wp-json\/wp\/v2\/media?parent=952"}],"wp:term":[{"taxonomy":"category","embeddable":true,"href":"https:\/\/univet.hu\/hu\/wp-json\/wp\/v2\/categories?post=952"},{"taxonomy":"post_tag","embeddable":true,"href":"https:\/\/univet.hu\/hu\/wp-json\/wp\/v2\/tags?post=952"}],"curies":[{"name":"wp","href":"https:\/\/api.w.org\/{rel}","templated":true}]}}