{"id":954,"date":"2017-06-27T15:56:00","date_gmt":"2017-06-27T13:56:00","guid":{"rendered":"http:\/\/univet.hu\/egyetem\/kutatas\/kutatocsoportok\/statisztikai-modszertani-kutatocsoport\/"},"modified":"2018-02-22T09:45:14","modified_gmt":"2018-02-22T08:45:14","slug":"statisztikai-modszertani-kutatocsoport","status":"publish","type":"page","link":"https:\/\/univet.hu\/hu\/kutatas\/kutatocsoportok\/statisztikai-modszertani-kutatocsoport\/","title":{"rendered":"Statisztikai M\u00f3dszertani Kutat\u00f3csoport"},"content":{"rendered":"<p><strong>KUTAT&Oacute;CSOPORT-VEZET\u0150:<\/strong> Dr. Reiczigel Jen\u0151, egyetemi tan&aacute;r, az MTA doktora<\/p> <p><strong>EL&Eacute;RHET\u0150S&Eacute;G:<\/strong> <a class=\"decrypt\" rel=\"sfjd{jhfm\/kfopAvojwfu\/iv\" href=\"javascript:void(0);\">[Kattintson az emailc\u00edmhez]<\/a><\/p> <p><strong>A KUTAT&Oacute;CSOPORT TAGJAI:<\/strong><\/p> <p>Egytemi tan&aacute;r: Dr. Reiczigel Jen\u0151<\/p> <p>Egyetemi docens: Dr. Harnos Andrea<\/p> <p>Tansz&eacute;ki munkat&aacute;rs: Dr. Lang Zsolt, Abonyi-T&oacute;th Zsolt, Bajcsayn&eacute; F&aacute;bi&aacute;n Ibolya, Feh&eacute;rv&aacute;ri P&eacute;ter<\/p> <p>PhD hallgat&oacute;: Czikkelyn&eacute; &Aacute;gh N&oacute;ra, Piros Imre S&aacute;ndor<\/p> <p>&nbsp;<\/p> <p><strong>KUTAT&Aacute;SI TER&Uuml;LETEK:<\/strong><\/p> <p>Alkalmazott statisztika, ezen bel&uuml;l statisztikai m&oacute;dszerek fejleszt&eacute;se &eacute;s alkalmaz&aacute;sa a parazitol&oacute;gi&aacute;ban &eacute;s az &ouml;kol&oacute;gi&aacute;ban; klasszifik&aacute;ci&oacute;s &eacute;s regresszi&oacute;s m&oacute;dszerek, bayesi statisztika, resampling elj&aacute;r&aacute;sok; zs&uacute;folts&aacute;g &eacute;s diverzit&aacute;s vizsg&aacute;lata; diagnosztikai elj&aacute;r&aacute;sok vizsg&aacute;lata<\/p> <p>&nbsp;<\/p> <p><strong>SZAKMAI SZERVEZETI TAGS&Aacute;G:<\/strong><\/p> <p>Klinikai Biostatisztikai T&aacute;rsas&aacute;g<\/p> <p>International Biometric Society<\/p> <p>International Society for Clinical Biostatistics<\/p> <p>International Association for Statistical Education<\/p> <p>&nbsp;<\/p> <p><strong>HOSSZ&Uacute;T&Aacute;V&Uacute; EGY&Uuml;TTM\u0170K&Ouml;D&Eacute;SEK:<\/strong><\/p> <p>MTA-MTM &Aacute;llat&ouml;kol&oacute;giai Kutat&oacute;csoport<\/p> <p>Tier&auml;rztliche Hochschule Hannover, Institut f&uuml;r Biometrie, Epidemiologie und Informationsverarbeitung<\/p> <p>MTA R&eacute;nyi Alfr&eacute;d Matematikai Kutat&oacute;int&eacute;zet<\/p> <p>&nbsp;<\/p> <p>&nbsp;<\/p>","protected":false},"excerpt":{"rendered":"<p>KUTAT&Oacute;CSOPORT-VEZET\u0150: Dr. Reiczigel Jen\u0151, egyetemi tan&aacute;r, az MTA doktora EL&Eacute;RHET\u0150S&Eacute;G: [Kattintson az emailc\u00edmhez] A KUTAT&Oacute;CSOPORT TAGJAI: Egytemi tan&aacute;r: Dr. Reiczigel Jen\u0151 Egyetemi docens: Dr. Harnos Andrea Tansz&eacute;ki munkat&aacute;rs: Dr. Lang Zsolt, Abonyi-T&oacute;th Zsolt, Bajcsayn&eacute; F&aacute;bi&aacute;n Ibolya, Feh&eacute;rv&aacute;ri P&eacute;ter PhD hallgat&oacute;: Czikkelyn&eacute; &Aacute;gh N&oacute;ra, Piros Imre S&aacute;ndor &nbsp; KUTAT&Aacute;SI TER&Uuml;LETEK: Alkalmazott statisztika, ezen bel&uuml;l statisztikai m&oacute;dszerek<\/p>\n","protected":false},"author":1,"featured_media":0,"parent":870,"menu_order":228,"comment_status":"closed","ping_status":"closed","template":"","meta":{"_acf_changed":false,"footnotes":""},"categories":[],"tags":[],"class_list":["post-954","page","type-page","status-publish","hentry"],"acf":[],"_links":{"self":[{"href":"https:\/\/univet.hu\/hu\/wp-json\/wp\/v2\/pages\/954","targetHints":{"allow":["GET"]}}],"collection":[{"href":"https:\/\/univet.hu\/hu\/wp-json\/wp\/v2\/pages"}],"about":[{"href":"https:\/\/univet.hu\/hu\/wp-json\/wp\/v2\/types\/page"}],"author":[{"embeddable":true,"href":"https:\/\/univet.hu\/hu\/wp-json\/wp\/v2\/users\/1"}],"replies":[{"embeddable":true,"href":"https:\/\/univet.hu\/hu\/wp-json\/wp\/v2\/comments?post=954"}],"version-history":[{"count":0,"href":"https:\/\/univet.hu\/hu\/wp-json\/wp\/v2\/pages\/954\/revisions"}],"up":[{"embeddable":true,"href":"https:\/\/univet.hu\/hu\/wp-json\/wp\/v2\/pages\/870"}],"wp:attachment":[{"href":"https:\/\/univet.hu\/hu\/wp-json\/wp\/v2\/media?parent=954"}],"wp:term":[{"taxonomy":"category","embeddable":true,"href":"https:\/\/univet.hu\/hu\/wp-json\/wp\/v2\/categories?post=954"},{"taxonomy":"post_tag","embeddable":true,"href":"https:\/\/univet.hu\/hu\/wp-json\/wp\/v2\/tags?post=954"}],"curies":[{"name":"wp","href":"https:\/\/api.w.org\/{rel}","templated":true}]}}